{"id":7072,"date":"2024-01-30T22:32:46","date_gmt":"2024-01-30T14:32:46","guid":{"rendered":"https:\/\/www.stvvalves.com\/?post_type=product&#038;p=7072"},"modified":"2024-01-30T22:32:47","modified_gmt":"2024-01-30T14:32:47","slug":"extension-stem-forged-gate-valveastm-a351-f304-3-4-inch800-lbsw","status":"publish","type":"product","link":"https:\/\/www.stvvalves.com\/de\/products\/extension-stem-forged-gate-valveastm-a351-f304-3-4-inch800-lbsw\/","title":{"rendered":"Extension Stem Forged Gate Valve,ASTM A351 F304, 3\/4 Inch,800 LB,SW"},"content":{"rendered":"<p>API 602 \/ ASME B16.34<br \/>\nSpiraldichtung mit SS304\/Graphit oder SS316\/Graphit<br \/>\nSolider Keil<br \/>\nAu\u00dfenschraube und Joch (OS&amp;Y)<br \/>\nZweiteilige selbstausrichtende Stopfbuchse<br \/>\nKompakte und robuste Konstruktion f\u00fcr den Einsatz bei hohem Druck und Temperatur<br \/>\nAustausch des Handrads ohne Beeintr\u00e4chtigung der Torposition.<\/p>\n<p>Material des Geh\u00e4uses\/der Haube: ASTM A105\/F316\/F316L\/F304\/F304L\/F11\/F22\/<br \/>\nVentilleistung: KLASSE 800 (PN130) und KLASSE 1500 (PN260)<br \/>\nPortgr\u00f6\u00dfe: Standardport \/ Vollport<br \/>\nSize Range : 1\/4\u2033 \u2013 2\u2033 (8mm \u2013 50mm)<br \/>\nEndanschl\u00fcsse: Gewinde (NPT\/BSPT\/DIN), Muffenschwei\u00dfen<br \/>\nArbeitstemperatur: (F\u00fcr A105) -29\u00b0C~425\u00b0C;<br \/>\nServiceanwendung: Hydraulik, Dampf, Chemie, \u00d6l\/Gas<br \/>\nEnergie, Petrochemie, Marine, Bergbau<br \/>\nKonstruktion<\/p>\n<table>\n<tbody>\n<tr>\n<td width=\"200\"><strong><b>Produktname<\/b><\/strong><\/td>\n<td width=\"481\">Extension Stem Forged Gate Valve,ASTM A351 F304, 3\/4 Inch,800 LB,SW<\/td>\n<\/tr>\n<tr>\n<td width=\"200\">1. Material<\/td>\n<td width=\"481\">F304<\/td>\n<\/tr>\n<tr>\n<td width=\"200\">2. Gr\u00f6\u00dfe<\/td>\n<td width=\"481\">3\/4&quot;<\/td>\n<\/tr>\n<tr>\n<td width=\"200\">4. Hafen<\/td>\n<td width=\"481\">Reduzieranschluss<\/td>\n<\/tr>\n<tr>\n<td width=\"200\">5. Arbeitsdruck<\/td>\n<td width=\"481\">800 Pfund<\/td>\n<\/tr>\n<tr>\n<td width=\"200\">6. Verbindung endet<\/td>\n<td width=\"481\">Muffenschwei\u00dfende<\/td>\n<\/tr>\n<tr>\n<td width=\"200\">7. Arbeitstemperatur.<\/td>\n<td width=\"481\">-29~600 \u00b0C,<\/td>\n<\/tr>\n<tr>\n<td width=\"200\">8. Geeignetes Medium<\/td>\n<td width=\"481\">Wasser, Erdgas, \u00d6l und einige \u00e4tzende Fl\u00fcssigkeiten<\/td>\n<\/tr>\n<tr>\n<td width=\"200\">9. Betrieben<\/td>\n<td width=\"481\">Handrad<\/td>\n<\/tr>\n<tr>\n<td width=\"200\">10. Inspektion und Pr\u00fcfung<\/td>\n<td width=\"481\">Gem\u00e4\u00df API 598<\/td>\n<\/tr>\n<tr>\n<td width=\"200\"><strong><b>Sendung<\/b><\/strong><\/td>\n<td width=\"481\"><\/td>\n<\/tr>\n<tr>\n<td width=\"200\">Lieferzeit<\/td>\n<td width=\"481\">30 Tage<\/td>\n<\/tr>\n<tr>\n<td width=\"200\">Paket<\/td>\n<td width=\"481\">Standard-Export-Sperrholzkiste<\/td>\n<\/tr>\n<tr>\n<td width=\"200\">Hafen<\/td>\n<td width=\"481\">Ningbo\/Shanghai, China<\/td>\n<\/tr>\n<tr>\n<td width=\"200\">Versandbedingungen<\/td>\n<td width=\"481\">Exw, FOB, CFR, CIF usw.<\/td>\n<\/tr>\n<tr>\n<td width=\"200\">Zahlungsbedingungen<\/td>\n<td width=\"481\">T\/T, Western Union, PayPal usw.<\/td>\n<\/tr>\n<tr>\n<td width=\"200\"><\/td>\n<td width=\"481\">30% Vorauszahlung, 70% Restbetrag vor dem Versand bezahlt<\/td>\n<\/tr>\n<tr>\n<td width=\"200\">Herkunftsland<\/td>\n<td width=\"481\">Stadt Wenzhou, China<\/td>\n<\/tr>\n<tr>\n<td width=\"200\">Produktionskapazit\u00e4t<\/td>\n<td width=\"481\">6000 Tonnen\/Jahr<\/td>\n<\/tr>\n<tr>\n<td width=\"200\">Mindestbestellmenge<\/td>\n<td width=\"481\">10 St\u00fcck\/Gr\u00f6\u00dfe<\/td>\n<\/tr>\n<\/tbody>\n<\/table>","protected":false},"excerpt":{"rendered":"<p>STV Valve Technology Group Co., Ltd is a professional leader China Extension Stem Forged Gate Valve,ASTM A351 F304 Extension Stem\u00a0 Gate Valve, 3\/4 Inch Extension Stem\u00a0 Gate Valve,800 LB Extension Stem\u00a0 Gate Valve,SW Extension Stem\u00a0 Gate Valve Manufacturer with high quality and competitive price.<\/p>","protected":false},"featured_media":7073,"template":"","meta":[],"product_brand":[],"product_cat":[44,59],"product_tag":[2204,2205,2203,2202,2206],"class_list":{"0":"post-7072","1":"product","2":"type-product","3":"status-publish","4":"has-post-thumbnail","6":"product_cat-gate-valve","7":"product_cat-forged-steel-gate-valve","8":"product_tag-3-4-inch-extension-stem-gate-valve","9":"product_tag-800-lb-extension-stem-gate-valve","10":"product_tag-astm-a351-f304-extension-stem-gate-valve","11":"product_tag-china-extension-stem-forged-gate-valve","12":"product_tag-sw-extension-stem-gate-valve-manufacturer","14":"first","15":"instock","16":"shipping-taxable","17":"product-type-simple"},"_links":{"self":[{"href":"https:\/\/www.stvvalves.com\/de\/wp-json\/wp\/v2\/product\/7072","targetHints":{"allow":["GET"]}}],"collection":[{"href":"https:\/\/www.stvvalves.com\/de\/wp-json\/wp\/v2\/product"}],"about":[{"href":"https:\/\/www.stvvalves.com\/de\/wp-json\/wp\/v2\/types\/product"}],"wp:featuredmedia":[{"embeddable":true,"href":"https:\/\/www.stvvalves.com\/de\/wp-json\/wp\/v2\/media\/7073"}],"wp:attachment":[{"href":"https:\/\/www.stvvalves.com\/de\/wp-json\/wp\/v2\/media?parent=7072"}],"wp:term":[{"taxonomy":"product_brand","embeddable":true,"href":"https:\/\/www.stvvalves.com\/de\/wp-json\/wp\/v2\/product_brand?post=7072"},{"taxonomy":"product_cat","embeddable":true,"href":"https:\/\/www.stvvalves.com\/de\/wp-json\/wp\/v2\/product_cat?post=7072"},{"taxonomy":"product_tag","embeddable":true,"href":"https:\/\/www.stvvalves.com\/de\/wp-json\/wp\/v2\/product_tag?post=7072"}],"curies":[{"name":"wp","href":"https:\/\/api.w.org\/{rel}","templated":true}]}}