{"id":7074,"date":"2024-01-30T22:46:30","date_gmt":"2024-01-30T14:46:30","guid":{"rendered":"https:\/\/www.stvvalves.com\/?post_type=product&#038;p=7074"},"modified":"2024-12-24T15:36:36","modified_gmt":"2024-12-24T07:36:36","slug":"extension-stem-forged-steel-globe-valve-f304-2-inch-800-lb-bw-end","status":"publish","type":"product","link":"https:\/\/www.stvvalves.com\/de\/products\/extension-stem-forged-steel-globe-valve-f304-2-inch-800-lb-bw-end\/","title":{"rendered":"Extension Stem Forged Steel Globe Valve,F304,2 Inch,800 LB,BW End"},"content":{"rendered":"<p>Geltenden Norm<br \/>\nDesignstandard: API 602, ASME B16.34, BS 5352, DIN3352<br \/>\nVon Angesicht zu Angesicht: ASME B16.10, EN 558, DIN3202<br \/>\nEndflansch: ASME B16.5, DIN2533<br \/>\nStumpfschwei\u00dfenden: ASME B16.25, DIN3239<br \/>\nGeschwei\u00dfte Muffenenden: ASME B16.11<br \/>\nGewindeenden: ASME B1.20.1<br \/>\nInspektion und Test: API 598, DIN 3202<\/p>\n<p>Geh\u00e4usematerialien: A105, LF2, F9, F11, F22, F304, F304L, F316, F316L, F321, F51, legierter Stahl usw.<br \/>\nBeschnitt: Gem\u00e4\u00df API 602<br \/>\nBedienung: Handrad<\/p>\n<p>Produktpalette<br \/>\nSize: 1\/2\u2033 ~ 2\u2033 (DN15 ~ DN50)<br \/>\nBewertung: ANSI 150lb ~ 2500lb (PN 1,0 ~ PN 320)<\/p>\n<table>\n<tbody>\n<tr>\n<td width=\"200\"><strong>Produktname<\/strong><\/td>\n<td width=\"481\">\u00a0Extension Stem Forged Steel Globe Valve,F304,2 Inch,800 LB,BW End<\/td>\n<\/tr>\n<tr>\n<td width=\"200\">1. Material<\/td>\n<td width=\"481\">F303<\/td>\n<\/tr>\n<tr>\n<td width=\"200\">2. Gr\u00f6\u00dfe<\/td>\n<td width=\"481\">2&quot;<\/td>\n<\/tr>\n<tr>\n<td width=\"200\">4. Hafen<\/td>\n<td width=\"481\">Reduzieranschluss<\/td>\n<\/tr>\n<tr>\n<td width=\"200\">5. Arbeitsdruck<\/td>\n<td width=\"481\">800 Pfund<\/td>\n<\/tr>\n<tr>\n<td width=\"200\">6. Verbindung endet<\/td>\n<td width=\"481\">BW<\/td>\n<\/tr>\n<tr>\n<td width=\"200\">7. Arbeitstemperatur.<\/td>\n<td width=\"481\">-29~425 \u00b0C,<\/td>\n<\/tr>\n<tr>\n<td width=\"200\">8. Geeignetes Medium<\/td>\n<td width=\"481\">Wasser, Erdgas, \u00d6l und einige \u00e4tzende Fl\u00fcssigkeiten<\/td>\n<\/tr>\n<tr>\n<td width=\"200\">9. Betrieben<\/td>\n<td width=\"481\">Handrad<\/td>\n<\/tr>\n<tr>\n<td width=\"200\">10. Inspektion und Pr\u00fcfung<\/td>\n<td width=\"481\">Gem\u00e4\u00df API598<\/td>\n<\/tr>\n<tr>\n<td width=\"200\"><strong>Sendung<\/strong><\/td>\n<td width=\"481\"><\/td>\n<\/tr>\n<tr>\n<td width=\"200\">Lieferzeit<\/td>\n<td width=\"481\">30 Tage<\/td>\n<\/tr>\n<tr>\n<td width=\"200\">Paket<\/td>\n<td width=\"481\">Standard-Export-Sperrholzkiste<\/td>\n<\/tr>\n<tr>\n<td width=\"200\">Hafen<\/td>\n<td width=\"481\">Ningbo\/Shanghai, China<\/td>\n<\/tr>\n<tr>\n<td width=\"200\">Versandbedingungen<\/td>\n<td width=\"481\">Exw, FOB, CFR, CIF usw.<\/td>\n<\/tr>\n<tr>\n<td width=\"200\">Zahlungsbedingungen<\/td>\n<td width=\"481\">T\/T, Western Union, PayPal usw.<\/td>\n<\/tr>\n<tr>\n<td width=\"200\"><\/td>\n<td width=\"481\">30% Vorauszahlung, 70% Restbetrag vor dem Versand bezahlt<\/td>\n<\/tr>\n<tr>\n<td width=\"200\">Herkunftsland<\/td>\n<td width=\"481\">Stadt Wenzhou, China<\/td>\n<\/tr>\n<tr>\n<td width=\"200\">Produktionskapazit\u00e4t<\/td>\n<td width=\"481\">6000 Tonnen\/Jahr<\/td>\n<\/tr>\n<\/tbody>\n<\/table>","protected":false},"excerpt":{"rendered":"<p>STV Valve Technology Group Co., Ltd is a professional leader China Extension Stem F304 Globe Valve ,Forged Carbon Steel Globe Valve,API 602 Globe Valve, Extension Stem\u00a0 Globe Valve,F304,2 Inch Extension Stem Globe Valve,,800 LB Extension Stem Globe Valve,,BW End Extension Stem Globe Valve,, 1 Inch Extension Stem Globe Valve manufacturer with high quality and competitive price.<\/p>","protected":false},"featured_media":7075,"template":"","meta":[],"product_brand":[],"product_cat":[45,64],"product_tag":[2212,2209,2210,212,2211,2207,2208,96,439],"class_list":{"0":"post-7074","1":"product","2":"type-product","3":"status-publish","4":"has-post-thumbnail","6":"product_cat-globe-valve","7":"product_cat-foreged-steel-globe-valve","8":"product_tag-1-inch-extension-stem-globe-valve-manufacturer","9":"product_tag-2-inch-extension-stem-globe-valve","10":"product_tag-800-lb-extension-stem-globe-valve","11":"product_tag-api-602-globe-valve","12":"product_tag-bw-end-extension-stem-globe-valve","13":"product_tag-china-extension-stem-f304-globe-valve","14":"product_tag-extension-stem-globe-valve","15":"product_tag-f304","16":"product_tag-forged-carbon-steel-globe-valve","18":"first","19":"instock","20":"shipping-taxable","21":"product-type-simple"},"_links":{"self":[{"href":"https:\/\/www.stvvalves.com\/de\/wp-json\/wp\/v2\/product\/7074","targetHints":{"allow":["GET"]}}],"collection":[{"href":"https:\/\/www.stvvalves.com\/de\/wp-json\/wp\/v2\/product"}],"about":[{"href":"https:\/\/www.stvvalves.com\/de\/wp-json\/wp\/v2\/types\/product"}],"wp:featuredmedia":[{"embeddable":true,"href":"https:\/\/www.stvvalves.com\/de\/wp-json\/wp\/v2\/media\/7075"}],"wp:attachment":[{"href":"https:\/\/www.stvvalves.com\/de\/wp-json\/wp\/v2\/media?parent=7074"}],"wp:term":[{"taxonomy":"product_brand","embeddable":true,"href":"https:\/\/www.stvvalves.com\/de\/wp-json\/wp\/v2\/product_brand?post=7074"},{"taxonomy":"product_cat","embeddable":true,"href":"https:\/\/www.stvvalves.com\/de\/wp-json\/wp\/v2\/product_cat?post=7074"},{"taxonomy":"product_tag","embeddable":true,"href":"https:\/\/www.stvvalves.com\/de\/wp-json\/wp\/v2\/product_tag?post=7074"}],"curies":[{"name":"wp","href":"https:\/\/api.w.org\/{rel}","templated":true}]}}