{"id":7085,"date":"2024-02-01T21:38:31","date_gmt":"2024-02-01T13:38:31","guid":{"rendered":"https:\/\/www.stvvalves.com\/?post_type=product&#038;p=7085"},"modified":"2024-12-07T09:25:43","modified_gmt":"2024-12-07T01:25:43","slug":"astm-b148-c95500-globe-valve-bs1878-14-inch-150-lb-rf","status":"publish","type":"product","link":"https:\/\/www.stvvalves.com\/de\/products\/astm-b148-c95500-globe-valve-bs1878-14-inch-150-lb-rf\/","title":{"rendered":"ASTM B148 C95500 Globe Valve,BS1878,14 Inch,150 LB,RF"},"content":{"rendered":"<div class=\"summary entry-summary\"><\/div>\n<div class=\"woocommerce-tabs wc-tabs-wrapper\">\n<div id=\"tab-description\" class=\"woocommerce-Tabs-panel woocommerce-Tabs-panel--description panel entry-content wc-tab\" role=\"tabpanel\" aria-labelledby=\"tab-title-description\">\n<p><strong>Anwendbare Standards:\u00a0\u00a0\u00a0\u00a0\u00a0\u00a0<\/strong><br \/>\nDurchgangsventil, BS1878\/ASME B16.34<br \/>\nStahlventile, ASME B16.34<br \/>\nPers\u00f6nlich ASME B16.10<br \/>\nEndflansche ASME B16.5\/ASME B16.47<br \/>\nStumpfschwei\u00dfende endet ASME B16.25<br \/>\nInspektion und Test API 598<\/p>\n<p><strong>Material:\u00a0<\/strong>C95800,C95400,C95500,C83600,<br \/>\n<strong>Gr\u00f6\u00dfenbereich:<\/strong>\u00a02\u2033~36\u2033<br \/>\n<strong>Druckrate:\u00a0<\/strong>ASME CL, 150, 300, 600, 900, 1500, 2500<br \/>\n<strong>Temperaturbereich:<\/strong>\u00a0-196\u2103~650\u2103<\/p>\n<p><strong>Design Beschreibung:<\/strong><br \/>\n\u2013 Au\u00dfenschraube und Joch<br \/>\n\u2013 Verschraubte Haube und Druckdichtung<br \/>\n\u2013 Steigender Stiel<br \/>\n\u2013 Erh\u00e4ltlich mit Getriebeantrieb<br \/>\n\u2013 Flanschenden und Stumpfschwei\u00dfenden<br \/>\n\u2013 Design mit geringem Drehmoment, Schaft mit glatter Oberfl\u00e4che.<\/p>\n<p>Bedienung: Handrad, Getriebe, elektrisch usw.<\/p>\n<table>\n<tbody>\n<tr>\n<td width=\"200\"><strong>Produktname<\/strong><\/td>\n<td width=\"481\">ASTM B148 C95500 Globe Valve,BS1878,14 Inch,150 LB,RF<\/td>\n<\/tr>\n<tr>\n<td width=\"200\">1. Material<\/td>\n<td width=\"481\">C95500<\/td>\n<\/tr>\n<tr>\n<td width=\"200\">2. Gr\u00f6\u00dfe<\/td>\n<td width=\"481\">14 Zoll<\/td>\n<\/tr>\n<tr>\n<td width=\"200\">4. Hafen<\/td>\n<td width=\"481\">Vollst\u00e4ndiger Port<\/td>\n<\/tr>\n<tr>\n<td width=\"200\">5. Arbeitsdruck<\/td>\n<td width=\"481\">150 Pfund<\/td>\n<\/tr>\n<tr>\n<td width=\"200\">6. Verbindung endet<\/td>\n<td width=\"481\">RF<\/td>\n<\/tr>\n<tr>\n<td width=\"200\">7. Arbeitstemperatur.<\/td>\n<td width=\"481\">-29~300 \u00b0C,<\/td>\n<\/tr>\n<tr>\n<td width=\"200\">8. Geeignetes Medium<\/td>\n<td width=\"481\">Wasser, Erdgas, \u00d6l und einige \u00e4tzende Fl\u00fcssigkeiten<\/td>\n<\/tr>\n<tr>\n<td width=\"200\">9. Betrieben<\/td>\n<td width=\"481\">Getriebe<\/td>\n<\/tr>\n<tr>\n<td width=\"200\">10. Inspektion und Pr\u00fcfung<\/td>\n<td width=\"481\">Gem\u00e4\u00df API598<\/td>\n<\/tr>\n<tr>\n<td width=\"200\"><strong>Sendung<\/strong><\/td>\n<td width=\"481\"><\/td>\n<\/tr>\n<tr>\n<td width=\"200\">Lieferzeit<\/td>\n<td width=\"481\">30 Tage<\/td>\n<\/tr>\n<tr>\n<td width=\"200\">Paket<\/td>\n<td width=\"481\">Standard-Export-Sperrholzkiste<\/td>\n<\/tr>\n<tr>\n<td width=\"200\">Hafen<\/td>\n<td width=\"481\">Ningbo\/Shanghai, China<\/td>\n<\/tr>\n<tr>\n<td width=\"200\">Versandbedingungen<\/td>\n<td width=\"481\">Exw, FOB, CFR, CIF usw.<\/td>\n<\/tr>\n<tr>\n<td width=\"200\">Zahlungsbedingungen<\/td>\n<td width=\"481\">T\/T, Western Union, PayPal usw.<\/td>\n<\/tr>\n<tr>\n<td width=\"200\"><\/td>\n<td width=\"481\">30% Vorauszahlung, 70% Restbetrag vor dem Versand bezahlt<\/td>\n<\/tr>\n<tr>\n<td width=\"200\">Herkunftsland<\/td>\n<td width=\"481\">Stadt Wenzhou, China<\/td>\n<\/tr>\n<tr>\n<td width=\"200\">Produktionskapazit\u00e4t<\/td>\n<td width=\"481\">6000 Tonnen\/Jahr<\/td>\n<\/tr>\n<tr>\n<td width=\"200\">Mindestbestellmenge<\/td>\n<td width=\"481\">1 St\u00fcck\/Gr\u00f6\u00dfe<\/td>\n<\/tr>\n<\/tbody>\n<\/table>\n<\/div>\n<\/div>","protected":false},"excerpt":{"rendered":"<p>STV Valve Technology Group Co., Ltd is a professional leader China ASTM B148 C95500 Globe Valve, BS1878 C95500 Globe Valve, 14 Inch C95500 Globe Valve, 150 LB C95500 Globe Valve, RF C95500 Globe Valve Manufacturer with high quality and competitive price<\/p>","protected":false},"featured_media":7086,"template":"","meta":[],"product_brand":[],"product_cat":[45,63],"product_tag":[2241,2242,2240,2239,2243],"class_list":{"0":"post-7085","1":"product","2":"type-product","3":"status-publish","4":"has-post-thumbnail","6":"product_cat-globe-valve","7":"product_cat-cast-steel-globe-valve","8":"product_tag-14-inch-c95500-globe-valve","9":"product_tag-150-lb-c95500-globe-valve","10":"product_tag-bs1878-c95500-globe-valve","11":"product_tag-china-astm-b148-c95500-globe-valve","12":"product_tag-rf-c95500-globe-valve-manufacturer","14":"first","15":"instock","16":"shipping-taxable","17":"product-type-simple"},"_links":{"self":[{"href":"https:\/\/www.stvvalves.com\/de\/wp-json\/wp\/v2\/product\/7085","targetHints":{"allow":["GET"]}}],"collection":[{"href":"https:\/\/www.stvvalves.com\/de\/wp-json\/wp\/v2\/product"}],"about":[{"href":"https:\/\/www.stvvalves.com\/de\/wp-json\/wp\/v2\/types\/product"}],"wp:featuredmedia":[{"embeddable":true,"href":"https:\/\/www.stvvalves.com\/de\/wp-json\/wp\/v2\/media\/7086"}],"wp:attachment":[{"href":"https:\/\/www.stvvalves.com\/de\/wp-json\/wp\/v2\/media?parent=7085"}],"wp:term":[{"taxonomy":"product_brand","embeddable":true,"href":"https:\/\/www.stvvalves.com\/de\/wp-json\/wp\/v2\/product_brand?post=7085"},{"taxonomy":"product_cat","embeddable":true,"href":"https:\/\/www.stvvalves.com\/de\/wp-json\/wp\/v2\/product_cat?post=7085"},{"taxonomy":"product_tag","embeddable":true,"href":"https:\/\/www.stvvalves.com\/de\/wp-json\/wp\/v2\/product_tag?post=7085"}],"curies":[{"name":"wp","href":"https:\/\/api.w.org\/{rel}","templated":true}]}}