{"id":7096,"date":"2024-02-04T11:20:24","date_gmt":"2024-02-04T03:20:24","guid":{"rendered":"https:\/\/www.stvvalves.com\/?post_type=product&#038;p=7096"},"modified":"2024-02-04T11:27:19","modified_gmt":"2024-02-04T03:27:19","slug":"din-3352-y-type-strainer-wcb-dn100-pn40-rf-ends","status":"publish","type":"product","link":"https:\/\/www.stvvalves.com\/de\/products\/din-3352-y-type-strainer-wcb-dn100-pn40-rf-ends\/","title":{"rendered":"DIN 3352 Y Type Strainer, WCB, DN100, PN40, RF Ends"},"content":{"rendered":"<p>Product name: DIN 3352 Y Type Strainer, WCB, DN100, PN40, RF Ends<br \/>\nAusf\u00fchrung: DIN 3352.<br \/>\nMaterial: ASTM A216 WCB.<br \/>\nNenngr\u00f6\u00dfe: 4 Zoll.<br \/>\nNominal pressure: PN40.<br \/>\nEndverbindung: RF.<br \/>\nVon Angesicht zu Angesicht: EN558-1\/Zeile 1.<br \/>\nPr\u00fcfung und Inspektion: EN12266-1.<\/p>\n<p>Produktauswahl:<br \/>\nBody material: GS-C25\u30011.7363\u30011.4308\u30011.4408\u30011.4306\u30011.4301\u3001WCB\u3001LCB\u3001WC6\u3001WC9\u3001CF8\u3001CF8M\u3001CF3\u3001CF3M.<br \/>\nNormaler Durchmesser: 1\/2 \u2013 48 Zoll (DN15 \u2013 DN1200).<br \/>\nEndanschluss: BW, Flansch.<br \/>\nDruckbereich: 150 \u2013 2500 LB (PN16 \u2013 PN420).<br \/>\nArbeitstemperatur: -196\u2103 \u2013 +573\u2103.<\/p>\n<table>\n<tbody>\n<tr>\n<td width=\"200\"><strong>Produktname<\/strong><\/td>\n<td width=\"481\">DIN 3352 Y Type Strainer, WCB, DN100, PN40, RF Ends End<\/td>\n<\/tr>\n<tr>\n<td width=\"200\">1. Material<\/td>\n<td width=\"481\">WCB<\/td>\n<\/tr>\n<tr>\n<td width=\"200\">2. Gr\u00f6\u00dfe<\/td>\n<td width=\"481\">4&quot;<\/td>\n<\/tr>\n<tr>\n<td width=\"200\">4. Hafen<\/td>\n<td width=\"481\">Vollst\u00e4ndiger Port<\/td>\n<\/tr>\n<tr>\n<td width=\"200\">5. Arbeitsdruck<\/td>\n<td width=\"481\">PN40<\/td>\n<\/tr>\n<tr>\n<td width=\"200\">6. Verbindung endet<\/td>\n<td width=\"481\">RF<\/td>\n<\/tr>\n<tr>\n<td width=\"200\">7. Arbeitstemperatur.<\/td>\n<td width=\"481\">-29~425 \u00b0C,<\/td>\n<\/tr>\n<tr>\n<td width=\"200\">8. Geeignetes Medium<\/td>\n<td width=\"481\">Wasser, Erdgas, \u00d6l und einige \u00e4tzende Fl\u00fcssigkeiten<\/td>\n<\/tr>\n<tr>\n<td width=\"200\">9. Betrieben<\/td>\n<td width=\"481\">\/<\/td>\n<\/tr>\n<tr>\n<td width=\"200\">10. Inspektion und Pr\u00fcfung<\/td>\n<td width=\"481\">API 598<\/td>\n<\/tr>\n<tr>\n<td width=\"200\"><strong>Sendung<\/strong><\/td>\n<td width=\"481\"><\/td>\n<\/tr>\n<tr>\n<td width=\"200\">Lieferzeit<\/td>\n<td width=\"481\">30 Tage<\/td>\n<\/tr>\n<tr>\n<td width=\"200\">Paket<\/td>\n<td width=\"481\">Standard-Export-Sperrholzkiste<\/td>\n<\/tr>\n<tr>\n<td width=\"200\">Hafen<\/td>\n<td width=\"481\">Ningbo\/Shanghai, China<\/td>\n<\/tr>\n<tr>\n<td width=\"200\">Versandbedingungen<\/td>\n<td width=\"481\">Exw, FOB, CFR, CIF usw.<\/td>\n<\/tr>\n<tr>\n<td width=\"200\">Zahlungsbedingungen<\/td>\n<td width=\"481\">T\/T, Western Union, PayPal usw.<\/td>\n<\/tr>\n<tr>\n<td width=\"200\"><\/td>\n<td width=\"481\">30% Vorauszahlung, 70% Restbetrag vor dem Versand bezahlt<\/td>\n<\/tr>\n<tr>\n<td width=\"200\">Herkunftsland<\/td>\n<td width=\"481\">Stadt Wenzhou, China<\/td>\n<\/tr>\n<tr>\n<td width=\"200\">Produktionskapazit\u00e4t<\/td>\n<td width=\"481\">6000 Tonnen\/Jahr<\/td>\n<\/tr>\n<tr>\n<td width=\"200\">Mindestbestellmenge<\/td>\n<td width=\"481\">1 St\u00fcck\/Gr\u00f6\u00dfe<\/td>\n<\/tr>\n<\/tbody>\n<\/table>","protected":false},"excerpt":{"rendered":"<p>STV Valve Technology Group C o., Ltd is a professional leader China DIN 3352 Y Type Strainer ,Flange Y Type Strainer,ASTM A216 WCB Flanged End Y Strainer,4 Inch Y Type Strainer. 40 MESH Y Type Strainer,SS304 Screen Y Type Strainer, PN40Y Type Strainer,RF Ends Y Type Strainer manufacturer with high quality and competitive price.<\/p>","protected":false},"featured_media":7097,"template":"","meta":[],"product_brand":[],"product_cat":[48,72],"product_tag":[2259,1545,1556,940,2260,1558,1548],"class_list":{"0":"post-7096","1":"product","2":"type-product","3":"status-publish","4":"has-post-thumbnail","6":"product_cat-y-strainer","7":"product_cat-cast-steel-y-type-strainer","8":"product_tag-4-inch-y-type-strainer-40-mesh-y-type-strainer","9":"product_tag-astm-a216-wcb-flanged-end-y-strainer","10":"product_tag-china-din-3352-y-type-strainer","11":"product_tag-flange-y-type-strainer","12":"product_tag-pn40y-type-strainer","13":"product_tag-rf-ends-y-type-strainer-manufacturer","14":"product_tag-ss304-screen-y-type-strainer","16":"first","17":"instock","18":"shipping-taxable","19":"product-type-simple"},"_links":{"self":[{"href":"https:\/\/www.stvvalves.com\/de\/wp-json\/wp\/v2\/product\/7096","targetHints":{"allow":["GET"]}}],"collection":[{"href":"https:\/\/www.stvvalves.com\/de\/wp-json\/wp\/v2\/product"}],"about":[{"href":"https:\/\/www.stvvalves.com\/de\/wp-json\/wp\/v2\/types\/product"}],"wp:featuredmedia":[{"embeddable":true,"href":"https:\/\/www.stvvalves.com\/de\/wp-json\/wp\/v2\/media\/7097"}],"wp:attachment":[{"href":"https:\/\/www.stvvalves.com\/de\/wp-json\/wp\/v2\/media?parent=7096"}],"wp:term":[{"taxonomy":"product_brand","embeddable":true,"href":"https:\/\/www.stvvalves.com\/de\/wp-json\/wp\/v2\/product_brand?post=7096"},{"taxonomy":"product_cat","embeddable":true,"href":"https:\/\/www.stvvalves.com\/de\/wp-json\/wp\/v2\/product_cat?post=7096"},{"taxonomy":"product_tag","embeddable":true,"href":"https:\/\/www.stvvalves.com\/de\/wp-json\/wp\/v2\/product_tag?post=7096"}],"curies":[{"name":"wp","href":"https:\/\/api.w.org\/{rel}","templated":true}]}}