{"id":7103,"date":"2024-02-04T16:01:51","date_gmt":"2024-02-04T08:01:51","guid":{"rendered":"https:\/\/www.stvvalves.com\/?post_type=product&#038;p=7103"},"modified":"2024-02-04T16:01:52","modified_gmt":"2024-02-04T08:01:52","slug":"astm-a216-wcb-y-type-strainer-18-inch-150lb-flange-end","status":"publish","type":"product","link":"https:\/\/www.stvvalves.com\/de\/products\/astm-a216-wcb-y-type-strainer-18-inch-150lb-flange-end\/","title":{"rendered":"ASTM A216 WCB Y Type Strainer,18 Inch,150LB,Flange End"},"content":{"rendered":"<p>STV Valves has very extended experience in manufacturing of Y type Flanged Strainers<\/p>\n<p>Size: \u00bd\u201d up to 24\u201c(DN 15 up to DN 600)<\/p>\n<p>Pressure Rating: ASME 150# 300# 600# 900#<\/p>\n<p>Materials: GS-C25\u30011.7363\u30011.4308\u30011.4408\u30011.4306\u30011.4301\u3001WCB\u3001LCB\u3001WC6\u3001WC9\u3001CF8\u3001CF8M\u3001CF3\u3001CF3M, Etc.<\/p>\n<p>End Connection: Flanged RF, RTJ, FF<\/p>\n<p>Specification &amp; Standards:<\/p>\n<p>Design \u2013 ASME \/ANSI B16.34 &amp; API 602<br \/>\nMaterial Pre-Temp Rating\u2013 ASME \/ ANSI B16.10<br \/>\nEnd Flange \u2013 ASME \/ ANSI B16.5<br \/>\nTest \u2013 API598\/API6D<br \/>\nScrewed Ends : ASME B1.20.1<\/p>\n<table>\n<tbody>\n<tr>\n<td width=\"200\"><strong>Produktname<\/strong><\/td>\n<td width=\"481\">A216 WCB Y Type Strainer,18 Inch,150LB,Flange End<\/td>\n<\/tr>\n<tr>\n<td width=\"200\">1. Material<\/td>\n<td width=\"481\">WCB<\/td>\n<\/tr>\n<tr>\n<td width=\"200\">2. Gr\u00f6\u00dfe<\/td>\n<td width=\"481\">18 Zoll<\/td>\n<\/tr>\n<tr>\n<td width=\"200\">4. Hafen<\/td>\n<td width=\"481\">Vollst\u00e4ndiger Port<\/td>\n<\/tr>\n<tr>\n<td width=\"200\">5. Arbeitsdruck<\/td>\n<td width=\"481\">150 Pfund<\/td>\n<\/tr>\n<tr>\n<td width=\"200\">6. Verbindung endet<\/td>\n<td width=\"481\">RF<\/td>\n<\/tr>\n<tr>\n<td width=\"200\">7. Arbeitstemperatur.<\/td>\n<td width=\"481\">-29~425 \u00b0C,<\/td>\n<\/tr>\n<tr>\n<td width=\"200\">8. Geeignetes Medium<\/td>\n<td width=\"481\">Wasser, Erdgas, \u00d6l und einige \u00e4tzende Fl\u00fcssigkeiten<\/td>\n<\/tr>\n<tr>\n<td width=\"200\">9. Betrieben<\/td>\n<td width=\"481\">\/<\/td>\n<\/tr>\n<tr>\n<td width=\"200\">10. Inspektion und Pr\u00fcfung<\/td>\n<td width=\"481\">Gem\u00e4\u00df API598<\/td>\n<\/tr>\n<tr>\n<td width=\"200\"><strong>Sendung<\/strong><\/td>\n<td width=\"481\"><\/td>\n<\/tr>\n<tr>\n<td width=\"200\">Lieferzeit<\/td>\n<td width=\"481\">30 Tage<\/td>\n<\/tr>\n<tr>\n<td width=\"200\">Paket<\/td>\n<td width=\"481\">Standard-Export-Sperrholzkiste<\/td>\n<\/tr>\n<tr>\n<td width=\"200\">Hafen<\/td>\n<td width=\"481\">Ningbo\/Shanghai, China<\/td>\n<\/tr>\n<tr>\n<td width=\"200\">Versandbedingungen<\/td>\n<td width=\"481\">Exw, FOB, CFR, CIF usw.<\/td>\n<\/tr>\n<tr>\n<td width=\"200\">Zahlungsbedingungen<\/td>\n<td width=\"481\">T\/T, Western Union, PayPal usw.<\/td>\n<\/tr>\n<tr>\n<td width=\"200\"><\/td>\n<td width=\"481\">30% Vorauszahlung, 70% Restbetrag vor dem Versand bezahlt<\/td>\n<\/tr>\n<tr>\n<td width=\"200\">Herkunftsland<\/td>\n<td width=\"481\">Stadt Wenzhou, China<\/td>\n<\/tr>\n<tr>\n<td width=\"200\">Produktionskapazit\u00e4t<\/td>\n<td width=\"481\">6000 Tonnen\/Jahr<\/td>\n<\/tr>\n<tr>\n<td width=\"200\">Mindestbestellmenge<\/td>\n<td width=\"481\">1 St\u00fcck\/Gr\u00f6\u00dfe<\/td>\n<\/tr>\n<\/tbody>\n<\/table>","protected":false},"excerpt":{"rendered":"<p>STV Valve Technology Group Co., Ltd is a professional leader ChinaAnsi 150 flanged strainer,ANSI flange Filter,cast steel y type strainer,flanged strainer,Y-type strainer,150LB flange y-strainer, 18 Inch cast steel y type strainer,Carbon Steel Y Strainer Manufacturer with high quality and competitive price.<\/p>","protected":false},"featured_media":7104,"template":"","meta":[],"product_brand":[],"product_cat":[72,48],"product_tag":[2265,2266,235,2267,233,2264,232,236],"class_list":{"0":"post-7103","1":"product","2":"type-product","3":"status-publish","4":"has-post-thumbnail","6":"product_cat-cast-steel-y-type-strainer","7":"product_cat-y-strainer","8":"product_tag-150lb-flange-y-strainer","9":"product_tag-18-inch-cast-steel-y-type-strainer","10":"product_tag-ansi-flange-filter","11":"product_tag-carbon-steel-y-strainer-manufacturer","12":"product_tag-cast-steel-y-type-strainer","13":"product_tag-chinaansi-150-flanged-strainer","14":"product_tag-flanged-strainer","15":"product_tag-y-type-strainer","17":"first","18":"instock","19":"shipping-taxable","20":"product-type-simple"},"_links":{"self":[{"href":"https:\/\/www.stvvalves.com\/de\/wp-json\/wp\/v2\/product\/7103","targetHints":{"allow":["GET"]}}],"collection":[{"href":"https:\/\/www.stvvalves.com\/de\/wp-json\/wp\/v2\/product"}],"about":[{"href":"https:\/\/www.stvvalves.com\/de\/wp-json\/wp\/v2\/types\/product"}],"wp:featuredmedia":[{"embeddable":true,"href":"https:\/\/www.stvvalves.com\/de\/wp-json\/wp\/v2\/media\/7104"}],"wp:attachment":[{"href":"https:\/\/www.stvvalves.com\/de\/wp-json\/wp\/v2\/media?parent=7103"}],"wp:term":[{"taxonomy":"product_brand","embeddable":true,"href":"https:\/\/www.stvvalves.com\/de\/wp-json\/wp\/v2\/product_brand?post=7103"},{"taxonomy":"product_cat","embeddable":true,"href":"https:\/\/www.stvvalves.com\/de\/wp-json\/wp\/v2\/product_cat?post=7103"},{"taxonomy":"product_tag","embeddable":true,"href":"https:\/\/www.stvvalves.com\/de\/wp-json\/wp\/v2\/product_tag?post=7103"}],"curies":[{"name":"wp","href":"https:\/\/api.w.org\/{rel}","templated":true}]}}