{"id":7116,"date":"2024-02-06T18:07:47","date_gmt":"2024-02-06T10:07:47","guid":{"rendered":"https:\/\/www.stvvalves.com\/?post_type=product&#038;p=7116"},"modified":"2024-12-24T19:32:36","modified_gmt":"2024-12-24T11:32:36","slug":"three-eccentric-butterfly-valve-16k-200a-cf8m-metal-seat","status":"publish","type":"product","link":"https:\/\/www.stvvalves.com\/de\/products\/three-eccentric-butterfly-valve-16k-200a-cf8m-metal-seat\/","title":{"rendered":"Three Eccentric Butterfly Valve,16K,200A,CF8M,Metal Seat"},"content":{"rendered":"<p>Design and Manufacture\uff1aJIS B2071<\/p>\n<p>Face to Face Dimension\uff1aJIS B2002<\/p>\n<p>Flange Connection Dimension\uff1aJIS B2220<\/p>\n<p>Test and Inspection\uff1aJIS B2003<\/p>\n<p>Druck-Temperatur-Bewertung: API 609, ASME B16.34<br \/>\nProduktauswahl<\/p>\n<p>Geh\u00e4usematerial: Gussstahl, Edelstahl, Monel<\/p>\n<p>Nenndurchmesser: 2\u2033\uff5e120\u2033\uff08DN50~DN3000\uff09<\/p>\n<p>Endverbindung: Doppelflansch, Wafer, Kabelschuh usw<\/p>\n<p>Druckbereich: Klasse 150 ~ 600 (PN16 ~ PN100)<\/p>\n<p>Arbeitstemperatur: -46\u2103 ~ +550\u2103<\/p>\n<p>Bedienung: Griff, Getriebe, elektrischer Antrieb usw<\/p>\n<table>\n<tbody>\n<tr>\n<td width=\"200\"><strong><b>Produktname<\/b><\/strong><\/td>\n<td width=\"481\">\u00a0Three Eccentric Butterfly Valve,16K,200A,CF8M,Metal Seat<\/td>\n<\/tr>\n<tr>\n<td width=\"200\">1. Material<\/td>\n<td width=\"481\">CF8M<\/td>\n<\/tr>\n<tr>\n<td width=\"200\">2. Gr\u00f6\u00dfe<\/td>\n<td width=\"481\">8&quot;<\/td>\n<\/tr>\n<tr>\n<td width=\"200\">4. Hafen<\/td>\n<td width=\"481\">Vollst\u00e4ndiger Port<\/td>\n<\/tr>\n<tr>\n<td width=\"200\">5. Arbeitsdruck<\/td>\n<td width=\"481\">16K<\/td>\n<\/tr>\n<tr>\n<td width=\"200\">6. Verbindung endet<\/td>\n<td width=\"481\">WAFER<\/td>\n<\/tr>\n<tr>\n<td width=\"200\">7. Arbeitstemperatur.<\/td>\n<td width=\"481\">-29~425 \u00b0C,<\/td>\n<\/tr>\n<tr>\n<td width=\"200\">8. Geeignetes Medium<\/td>\n<td width=\"481\">Wasser, Erdgas, \u00d6l und einige \u00e4tzende Fl\u00fcssigkeiten<\/td>\n<\/tr>\n<tr>\n<td width=\"200\">9. Betrieben<\/td>\n<td width=\"481\">Chain Operator<\/td>\n<\/tr>\n<tr>\n<td width=\"200\">10. Inspektion und Pr\u00fcfung<\/td>\n<td width=\"481\">Gem\u00e4\u00df API 598<\/td>\n<\/tr>\n<tr>\n<td width=\"200\">Sendung<\/td>\n<td width=\"481\"><\/td>\n<\/tr>\n<tr>\n<td width=\"200\">Lieferzeit<\/td>\n<td width=\"481\">30 Tage<\/td>\n<\/tr>\n<tr>\n<td width=\"200\">Paket<\/td>\n<td width=\"481\">Standard-Export-Sperrholzkiste<\/td>\n<\/tr>\n<tr>\n<td width=\"200\">Hafen<\/td>\n<td width=\"481\">Ningbo\/Shanghai, China<\/td>\n<\/tr>\n<tr>\n<td width=\"200\">Versandbedingungen<\/td>\n<td width=\"481\">Exw, FOB, CFR, CIF usw.<\/td>\n<\/tr>\n<tr>\n<td width=\"200\">Zahlungsbedingungen<\/td>\n<td width=\"481\">T\/T, Western Union, PayPal usw.<\/td>\n<\/tr>\n<tr>\n<td width=\"200\"><\/td>\n<td width=\"481\">30% Vorauszahlung, 70% Restbetrag vor dem Versand bezahlt<\/td>\n<\/tr>\n<tr>\n<td width=\"200\">Herkunftsland<\/td>\n<td width=\"481\">Stadt Wenzhou, China<\/td>\n<\/tr>\n<tr>\n<td width=\"200\">Produktionskapazit\u00e4t<\/td>\n<td width=\"481\">6000 Tonnen\/Jahr<\/td>\n<\/tr>\n<tr>\n<td width=\"200\">Mindestbestellmenge<\/td>\n<td width=\"481\">10 St\u00fcck\/Gr\u00f6\u00dfe<\/td>\n<\/tr>\n<\/tbody>\n<\/table>","protected":false},"excerpt":{"rendered":"<p>STV Valve Technology Group Co., Ltd is a professional leader China Three Eccentric Butterfly Valve,High performance Butterfly Valves,200A Wafer Butterfly Valves,16K Three Eccentric Butterfly Valve,CF8M Wafer Butterfly Valve,China Wafer Type Metal Seal Butterfly Valve,\u00a0 Metal Seat Three Eccentric Butterfly Valve With Gearbox Manufacture with high quality and competitive price.<\/p>","protected":false},"featured_media":7117,"template":"","meta":[],"product_brand":[],"product_cat":[965,971],"product_tag":[2283,2282,2284,2281,2280,732,2285],"class_list":{"0":"post-7116","1":"product","2":"type-product","3":"status-publish","4":"has-post-thumbnail","6":"product_cat-butterfly-valve","7":"product_cat-wafer-butterfly-valve","8":"product_tag-16k-three-eccentric-butterfly-valve","9":"product_tag-200a-wafer-butterfly-valves","10":"product_tag-cf8m-wafer-butterfly-valve","11":"product_tag-china-three-eccentric-butterfly-valve","12":"product_tag-china-wafer-type-metal-seal-butterfly-valve","13":"product_tag-high-performance-butterfly-valves","14":"product_tag-metal-seat-three-eccentric-butterfly-valve-with-gearbox","16":"first","17":"instock","18":"shipping-taxable","19":"product-type-simple"},"_links":{"self":[{"href":"https:\/\/www.stvvalves.com\/de\/wp-json\/wp\/v2\/product\/7116","targetHints":{"allow":["GET"]}}],"collection":[{"href":"https:\/\/www.stvvalves.com\/de\/wp-json\/wp\/v2\/product"}],"about":[{"href":"https:\/\/www.stvvalves.com\/de\/wp-json\/wp\/v2\/types\/product"}],"wp:featuredmedia":[{"embeddable":true,"href":"https:\/\/www.stvvalves.com\/de\/wp-json\/wp\/v2\/media\/7117"}],"wp:attachment":[{"href":"https:\/\/www.stvvalves.com\/de\/wp-json\/wp\/v2\/media?parent=7116"}],"wp:term":[{"taxonomy":"product_brand","embeddable":true,"href":"https:\/\/www.stvvalves.com\/de\/wp-json\/wp\/v2\/product_brand?post=7116"},{"taxonomy":"product_cat","embeddable":true,"href":"https:\/\/www.stvvalves.com\/de\/wp-json\/wp\/v2\/product_cat?post=7116"},{"taxonomy":"product_tag","embeddable":true,"href":"https:\/\/www.stvvalves.com\/de\/wp-json\/wp\/v2\/product_tag?post=7116"}],"curies":[{"name":"wp","href":"https:\/\/api.w.org\/{rel}","templated":true}]}}