{"id":7133,"date":"2024-03-02T22:21:30","date_gmt":"2024-03-02T14:21:30","guid":{"rendered":"https:\/\/www.stvvalves.com\/?post_type=product&#038;p=7133"},"modified":"2024-03-02T22:21:31","modified_gmt":"2024-03-02T14:21:31","slug":"astm-a995-4a-duplex-globe-valve-14-inch-150-lb-rf-end","status":"publish","type":"product","link":"https:\/\/www.stvvalves.com\/de\/products\/astm-a995-4a-duplex-globe-valve-14-inch-150-lb-rf-end\/","title":{"rendered":"ASTM A995 4A Duplex Globe Valve,14 Inch,150 LB,RF End"},"content":{"rendered":"<p>Products Name: ASTM A995 4A Duplex Globe Valve,14 Inch,150 LB,RF End<\/p>\n<div class=\"row\">\n<div class=\"col-md-12\">Design: ASME B16.34<br \/>\nBody: ASTM A995 4A<br \/>\nNominal Size: 14 Inch<br \/>\nNennklasse: 150 LB<br \/>\nEndverbindung: RF-Enden<br \/>\nVon Angesicht zu Angesicht: ASME B16.10<\/div>\n<\/div>\n<p>Gr\u00f6\u00dfe: von 2\u2033 bis 36\u2033<br \/>\nDruck: 150 \u2013 2500LB<br \/>\nMaterial: Duplex S31803, Super Duplex S32750, Super Duplex S32760<br \/>\n1A, 2A, 3A, 4A, 5A, 6A, 1B, 1C<br \/>\nCD4MCu, CD4MCuN, CD3MCuN, CE8MN, CD6MN, CD3MN, CE3MN, CD3MWCuN<br \/>\nF51, F53, F55, F6Design- und Produktionsstandard: API 600, API6D und ASME B16.34<br \/>\nAbstand zwischen den Flanschen: API 6D, ASME B16.10<br \/>\nAnschluss gem\u00e4\u00df Norm: ANSI B16.5, ASME B16.47, ANSI B16.25<br \/>\nTeststandard: API598<br \/>\nMedium: Das Ventil ist f\u00fcr verschiedene Medien geeignet, darunter Wasser, Dampf, \u00d6l, Gas, Benzinprodukte, Salpeters\u00e4ure, Essigs\u00e4ure usw.<br \/>\nArbeitstemperatur: von -46 \u00b0C oder -50 \u00b0C (Edelstahlkonstruktionen) und -29 \u00b0C oder -46 \u00b0C (Kohlenstoffstahlkonstruktionen) bis 600 \u00b0C<\/p>\n<table>\n<tbody>\n<tr>\n<td width=\"200\"><strong><b>Produktname<\/b><\/strong><\/td>\n<td width=\"481\">ASTM A995 4A Duplex Globe Valve,14 Inch,150 LB,RF End<\/td>\n<\/tr>\n<tr>\n<td width=\"200\">1. Material<\/td>\n<td width=\"481\">A995 4A<\/td>\n<\/tr>\n<tr>\n<td width=\"200\">2. Gr\u00f6\u00dfe<\/td>\n<td width=\"481\">14 Zoll<\/td>\n<\/tr>\n<tr>\n<td width=\"200\">4. Hafen<\/td>\n<td width=\"481\">Vollst\u00e4ndiger Port<\/td>\n<\/tr>\n<tr>\n<td width=\"200\">5. Arbeitsdruck<\/td>\n<td width=\"481\">150 Pfund<\/td>\n<\/tr>\n<tr>\n<td width=\"200\">6. Verbindung endet<\/td>\n<td width=\"481\">RF<\/td>\n<\/tr>\n<tr>\n<td width=\"200\">7. Arbeitstemperatur.<\/td>\n<td width=\"481\">-29~250 \u00b0C,<\/td>\n<\/tr>\n<tr>\n<td width=\"200\">8. Geeignetes Medium<\/td>\n<td width=\"481\">Wasser, Erdgas, \u00d6l und einige \u00e4tzende Fl\u00fcssigkeiten<\/td>\n<\/tr>\n<tr>\n<td width=\"200\">9. Betrieben<\/td>\n<td width=\"481\">Handrad<\/td>\n<\/tr>\n<tr>\n<td width=\"200\">10. Inspektion und Pr\u00fcfung<\/td>\n<td width=\"481\">Gem\u00e4\u00df API 598<\/td>\n<\/tr>\n<tr>\n<td width=\"200\"><strong><b>Sendung<\/b><\/strong><\/td>\n<td width=\"481\"><\/td>\n<\/tr>\n<tr>\n<td width=\"200\">Lieferzeit<\/td>\n<td width=\"481\">30 Tage<\/td>\n<\/tr>\n<tr>\n<td width=\"200\">Paket<\/td>\n<td width=\"481\">Standard-Export-Sperrholzkiste<\/td>\n<\/tr>\n<tr>\n<td width=\"200\">Hafen<\/td>\n<td width=\"481\">Ningbo\/Shanghai, China<\/td>\n<\/tr>\n<tr>\n<td width=\"200\">Versandbedingungen<\/td>\n<td width=\"481\">Exw, FOB, CFR, CIF usw.<\/td>\n<\/tr>\n<tr>\n<td width=\"200\">Zahlungsbedingungen<\/td>\n<td width=\"481\">T\/T, Western Union, PayPal usw.<\/td>\n<\/tr>\n<tr>\n<td width=\"200\"><\/td>\n<td width=\"481\">30% Vorauszahlung, 70% Restbetrag vor dem Versand bezahlt<\/td>\n<\/tr>\n<tr>\n<td width=\"200\">Herkunftsland<\/td>\n<td width=\"481\">Stadt Wenzhou, China<\/td>\n<\/tr>\n<tr>\n<td width=\"200\">Produktionskapazit\u00e4t<\/td>\n<td width=\"481\">6000 Tonnen\/Jahr<\/td>\n<\/tr>\n<tr>\n<td width=\"200\">Mindestbestellmenge<\/td>\n<td width=\"481\">10 St\u00fcck\/Gr\u00f6\u00dfe<\/td>\n<\/tr>\n<\/tbody>\n<\/table>","protected":false},"excerpt":{"rendered":"<p>STV Valve Technology Group Co., Ltd is a professional leader 4A Duplex Globe Valve ,150LB 4A Duplex Globe Valve,Bolt Bonnet Globe Valve,16 Inch Duplex Globe Valve,\u00a0 Gear Box Globe Valve .<\/p>","protected":false},"featured_media":7134,"template":"","meta":[],"product_brand":[],"product_cat":[45,189],"product_tag":[2308,2309,2307,2310,1110,1064],"class_list":{"0":"post-7133","1":"product","2":"type-product","3":"status-publish","4":"has-post-thumbnail","6":"product_cat-globe-valve","7":"product_cat-stainless-steel-globe-valve","8":"product_tag-150lb-4a-duplex-globe-valve","9":"product_tag-16-inch-duplex-globe-valve","10":"product_tag-4a-duplex-globe-valve","11":"product_tag-4a-duplex-globe-valve-manufacture","12":"product_tag-bolt-bonnet-globe-valve","13":"product_tag-gear-box-globe-valve","15":"first","16":"instock","17":"shipping-taxable","18":"product-type-simple"},"_links":{"self":[{"href":"https:\/\/www.stvvalves.com\/de\/wp-json\/wp\/v2\/product\/7133","targetHints":{"allow":["GET"]}}],"collection":[{"href":"https:\/\/www.stvvalves.com\/de\/wp-json\/wp\/v2\/product"}],"about":[{"href":"https:\/\/www.stvvalves.com\/de\/wp-json\/wp\/v2\/types\/product"}],"wp:featuredmedia":[{"embeddable":true,"href":"https:\/\/www.stvvalves.com\/de\/wp-json\/wp\/v2\/media\/7134"}],"wp:attachment":[{"href":"https:\/\/www.stvvalves.com\/de\/wp-json\/wp\/v2\/media?parent=7133"}],"wp:term":[{"taxonomy":"product_brand","embeddable":true,"href":"https:\/\/www.stvvalves.com\/de\/wp-json\/wp\/v2\/product_brand?post=7133"},{"taxonomy":"product_cat","embeddable":true,"href":"https:\/\/www.stvvalves.com\/de\/wp-json\/wp\/v2\/product_cat?post=7133"},{"taxonomy":"product_tag","embeddable":true,"href":"https:\/\/www.stvvalves.com\/de\/wp-json\/wp\/v2\/product_tag?post=7133"}],"curies":[{"name":"wp","href":"https:\/\/api.w.org\/{rel}","templated":true}]}}