{"id":7137,"date":"2024-03-02T23:46:42","date_gmt":"2024-03-02T15:46:42","guid":{"rendered":"https:\/\/www.stvvalves.com\/?post_type=product&#038;p=7137"},"modified":"2024-12-24T18:55:40","modified_gmt":"2024-12-24T10:55:40","slug":"c95800-2pc-ball-valve-800lb-dn25-npt-end","status":"publish","type":"product","link":"https:\/\/www.stvvalves.com\/de\/products\/c95800-2pc-ball-valve-800lb-dn25-npt-end\/","title":{"rendered":"C95800 2PC Ball Valve,800LB,DN25,NPT End"},"content":{"rendered":"<p>C95800 2PC Ball Valve,800LB,DN25,NPT End<\/p>\n<p>Merkmale:<\/p>\n<p>Size:1\/2\u2033-2\u2033<\/p>\n<p>Normaldruck: 800-2500LB<\/p>\n<p>FP. Vollst\u00e4ndiges Portdesign \/ RP. Regul\u00e4rer Port \/ Reduzierter Port<\/p>\n<p>Zweiteiliger \/ geteilter K\u00f6rper, schwimmende Kugel<\/p>\n<p>Ausblassicherer Schaft<\/p>\n<p>Flanschende, erhabene Fl\u00e4che<\/p>\n<p>CAPI \/ ISO5211 Montagepad<\/p>\n<p>Wasserwaage oder Schneckengetriebe<\/p>\n<p>Spezifikationen<\/p>\n<p>Design- und Herstellungsstandard: API 608, API 607, API 6D, BS 5351<\/p>\n<p>Face-to-Face-Standard: API B16.10, API 6D, DIN 3202<br \/>\nEndverbindungsstandard: NPT, BSP, BSPT, DIN259\/2999<\/p>\n<p>Teststandard: ISO5208, API 6D, BS 6755, API598<br \/>\nGeh\u00e4usematerial: A105, F304, F316<\/p>\n<p>Sitz: RPTFE, PPL, Nylon<\/p>\n<p>Arbeitstemperatur: -40\u2013180 \u00b0C<\/p>\n<p>Geeignet: Wasser, \u00d6l, Gas<\/p>\n<table>\n<tbody>\n<tr>\n<td width=\"200\"><strong>Produktname<\/strong><\/td>\n<td width=\"481\">C95800 2PC Ball Valve,800LB,DN25,NPT End<\/td>\n<\/tr>\n<tr>\n<td width=\"200\">1. Material<\/td>\n<td width=\"481\">C95800<\/td>\n<\/tr>\n<tr>\n<td width=\"200\">2. Gr\u00f6\u00dfe<\/td>\n<td width=\"481\">1&quot;<\/td>\n<\/tr>\n<tr>\n<td width=\"200\">4. Hafen<\/td>\n<td width=\"481\">Vollst\u00e4ndiger Port<\/td>\n<\/tr>\n<tr>\n<td width=\"200\">5. Arbeitsdruck<\/td>\n<td width=\"481\">800 Pfund<\/td>\n<\/tr>\n<tr>\n<td width=\"200\">6. Verbindung endet<\/td>\n<td width=\"481\">NVV<\/td>\n<\/tr>\n<tr>\n<td width=\"200\">7. Arbeitstemperatur.<\/td>\n<td width=\"481\">-29~120 \u00b0C,<\/td>\n<\/tr>\n<tr>\n<td width=\"200\">8. Geeignetes Medium<\/td>\n<td width=\"481\">Wasser, Erdgas, \u00d6l und einige \u00e4tzende Fl\u00fcssigkeiten<\/td>\n<\/tr>\n<tr>\n<td width=\"200\">9. Betrieben<\/td>\n<td width=\"481\">Handrad<\/td>\n<\/tr>\n<tr>\n<td width=\"200\">10. Inspektion und Pr\u00fcfung<\/td>\n<td width=\"481\">Gem\u00e4\u00df API598<\/td>\n<\/tr>\n<tr>\n<td width=\"200\"><strong>Sendung<\/strong><\/td>\n<td width=\"481\"><\/td>\n<\/tr>\n<tr>\n<td width=\"200\">Lieferzeit<\/td>\n<td width=\"481\">30 Tage<\/td>\n<\/tr>\n<tr>\n<td width=\"200\">Paket<\/td>\n<td width=\"481\">Standard-Export-Sperrholzkiste<\/td>\n<\/tr>\n<tr>\n<td width=\"200\">Hafen<\/td>\n<td width=\"481\">Ningbo\/Shanghai, China<\/td>\n<\/tr>\n<tr>\n<td width=\"200\">Versandbedingungen<\/td>\n<td width=\"481\">Exw, FOB, CFR, CIF usw.<\/td>\n<\/tr>\n<tr>\n<td width=\"200\">Zahlungsbedingungen<\/td>\n<td width=\"481\">T\/T, Western Union, PayPal usw.<\/td>\n<\/tr>\n<tr>\n<td width=\"200\"><\/td>\n<td width=\"481\">30% Vorauszahlung, 70% Restbetrag vor dem Versand bezahlt<\/td>\n<\/tr>\n<tr>\n<td width=\"200\">Herkunftsland<\/td>\n<td width=\"481\">Stadt Wenzhou, China<\/td>\n<\/tr>\n<tr>\n<td width=\"200\">Produktionskapazit\u00e4t<\/td>\n<td width=\"481\">6000 Tonnen\/Jahr<\/td>\n<\/tr>\n<tr>\n<td width=\"200\">Mindestbestellmenge<\/td>\n<td width=\"481\">1 St\u00fcck\/Gr\u00f6\u00dfe<\/td>\n<\/tr>\n<\/tbody>\n<\/table>\n<p>.<\/p>","protected":false},"excerpt":{"rendered":"<p>STV Valve Technology Group Co., Ltd is a professional leader China ASTM B 148 C95800 Ball Valve,800lb C95800 Ball Valve ,2 piece C95800 ball valve,High pressure C95800 Ball Valve,Thread \u00a0C95800 Ball Valve, 1 Inch C95800 Ball Valve, China Forged C95800 Ball Valve Manufacturer with high quality and competitive price.<\/p>","protected":false},"featured_media":7138,"template":"","meta":[],"product_brand":[],"product_cat":[43,55],"product_tag":[2316,2315,896,2314,2317,898,899],"class_list":{"0":"post-7137","1":"product","2":"type-product","3":"status-publish","4":"has-post-thumbnail","6":"product_cat-ball-valve","7":"product_cat-forged-steel-ball-valve","8":"product_tag-1-inch-c95800-ball-valve","9":"product_tag-2-piece-c95800-ball-valve","10":"product_tag-800lb-c95800-ball-valve","11":"product_tag-china-astm-b-148-c95800-ball-valve","12":"product_tag-china-forged-c95800-ball-valve-manufacturer","13":"product_tag-high-pressure-c95800-ball-valve","14":"product_tag-thread-c95800-ball-valve","16":"first","17":"instock","18":"shipping-taxable","19":"product-type-simple"},"_links":{"self":[{"href":"https:\/\/www.stvvalves.com\/de\/wp-json\/wp\/v2\/product\/7137","targetHints":{"allow":["GET"]}}],"collection":[{"href":"https:\/\/www.stvvalves.com\/de\/wp-json\/wp\/v2\/product"}],"about":[{"href":"https:\/\/www.stvvalves.com\/de\/wp-json\/wp\/v2\/types\/product"}],"wp:featuredmedia":[{"embeddable":true,"href":"https:\/\/www.stvvalves.com\/de\/wp-json\/wp\/v2\/media\/7138"}],"wp:attachment":[{"href":"https:\/\/www.stvvalves.com\/de\/wp-json\/wp\/v2\/media?parent=7137"}],"wp:term":[{"taxonomy":"product_brand","embeddable":true,"href":"https:\/\/www.stvvalves.com\/de\/wp-json\/wp\/v2\/product_brand?post=7137"},{"taxonomy":"product_cat","embeddable":true,"href":"https:\/\/www.stvvalves.com\/de\/wp-json\/wp\/v2\/product_cat?post=7137"},{"taxonomy":"product_tag","embeddable":true,"href":"https:\/\/www.stvvalves.com\/de\/wp-json\/wp\/v2\/product_tag?post=7137"}],"curies":[{"name":"wp","href":"https:\/\/api.w.org\/{rel}","templated":true}]}}