{"id":7145,"date":"2024-03-18T17:00:05","date_gmt":"2024-03-18T09:00:05","guid":{"rendered":"https:\/\/www.stvvalves.com\/?post_type=product&#038;p=7145"},"modified":"2024-12-24T19:30:42","modified_gmt":"2024-12-24T11:30:42","slug":"c95800-lug-type-butterfly-valve-24-inch-150lb-gear-box","status":"publish","type":"product","link":"https:\/\/www.stvvalves.com\/de\/products\/c95800-lug-type-butterfly-valve-24-inch-150lb-gear-box\/","title":{"rendered":"C95800 Lug Type Butterfly Valve,24 Inch,150LB,Gear Box"},"content":{"rendered":"<p>Designstandard:<\/p>\n<p>EN 593, MSS SP67, API 609, BS5155<\/p>\n<p>Face-to-Face-Abmessung:<\/p>\n<p>ISO 5752, EN 558, MSS SP67, API 609, DIN3202<\/p>\n<p>Endstandard:<\/p>\n<p>ANSI B16.1 Klasse 125LB und B16.5 Klasse 150LB<\/p>\n<p>AS 2129 Tabelle D und E BS 10 Tabelle D und E<\/p>\n<p>DIN 2501 PN6, PN10 und PN16<\/p>\n<p>EN 1092 PN6, PN10 und PN16<\/p>\n<p>KS B 1511 \/ JIS B 2210 5K &amp; 10K<\/p>\n<p>MSS SP44 CL. 150LB AWWA C207<\/p>\n<p>SABS 1123 Tisch 1000\/3 und Tisch 1600\/3<\/p>\n<p>Oberer Flansch: ISO5211<\/p>\n<p>Pr\u00fcfstandard: API 598, ISO 5208, EN 12266<\/p>\n<p>Anwendungsbereich:<\/p>\n<p>Betriebstemperatur:<\/p>\n<p>NBR: 0\u2103~+90\u2103<\/p>\n<p>EPDM: \u2013 20\u2103~+120\u2103<\/p>\n<p>PTFE: -10\u2103~+150\u2103<\/p>\n<p>Gr\u00f6\u00dfenbereich: DN32-DN2000 Druck: 5K\/10K\/150LB\/PN10\/PN16 Geh\u00e4usematerialien: Gusseisen, Sph\u00e4roguss, WCB, SS304, SS316, Bronze, Aluminiumlegierung Sitzmaterialien: EPDM, NBR, PTFE, VITON, Gummischeibenmaterialien : Sph\u00e4roguss, CF8, CF8M, WCB, Bronze, Aluminiumlegierung. Schaftmaterialien: 45#, 420, 431, 304, 304L, 316, 316L, Bronze, Monel, Hartlegierung<\/p>\n<p>Optionale Bedienung: Hebel, Schneckengetriebe, pneumatisch, elektromotorisch<\/p>\n<p>Anwendung: Chemische Verarbeitung, Entsalzungsanlagen, Trinkwasser, Trockenpulver, Lebensmittel und Getr\u00e4nke, Gasanlagen, HAVC-Bergbauindustrie, Papierindustrie, Sandverarbeitung, Meerwasser, Zuckerindustrie, thermotechnische Wasseraufbereitung, Abwasser, K\u00fchlwasserzirkulation, Druckluft<\/p>\n<p>Design-Merkmale:<\/p>\n<p>1. Absperrklappe mit fester R\u00fcckseite, der Ventilsitz kann nicht ausgetauscht werden, normalerweise mit einer Stiftventilplatte ausgestattet, der Preis ist relativ g\u00fcnstig und das Preis-Leistungs-Verh\u00e4ltnis ist relativ hoch.<\/p>\n<p>2. Beim Einbau der Absperrklappe und der Rohrleitung werden die Flansche auf beiden Seiten separat mit Schrauben montiert, so dass der Ventilk\u00f6rper und die Dichtfl\u00e4che des Ventilk\u00f6rpers nicht durch die Schrauben gequetscht werden, was sich positiv auf die Abdichtung auswirkt Leben.<\/p>\n<p>3. Die Laschenklappe kann einfach in der Auslassposition installiert werden.<\/p>\n<p>4. Wenn die Absperrklappe durch ein Klemmenpaar verbunden ist und die Schraube in der Rohrleitung installiert wird, dr\u00fcckt die Schraube den gesamten Absperrklappenk\u00f6rper zwischen den beiden Flanschen zusammen. Der Bolzen ist relativ lang und das erzeugte Kriechen ist ebenfalls gro\u00df. Bei der Verbindungsmethode der Laschen-Absperrklappe ist der Bolzen relativ kurz, muss nicht durch den gesamten Ventilk\u00f6rper gef\u00fchrt werden und ist stabiler und zuverl\u00e4ssiger.<\/p>\n<p>Der Unterschied zwischen Laschen-Absperrklappe und Flansch-Absperrklappe<\/p>\n<p>Bei Absperrklappen vom Flanschtyp handelt es sich bei den Schraubenl\u00f6chern im Allgemeinen um Durchgangsl\u00f6cher, die etwas gr\u00f6\u00dfer als Schrauben sind und durch Flansche festgeklemmt werden. Die Schraubenl\u00f6cher der Absperrklappen mit Laschen passen zu den Gewinden und werden mit Stehbolzen mit Vollgewinde montiert.<\/p>\n<p>Einbau einer Laschen-Absperrklappe<\/p>\n<p>Um die Laschenklappe zu installieren, muss eine Seite der Mutter entfernt werden, die Schraube wird in das Schraubenloch der Klappe gedreht und dann wird die Mutter festgezogen.<\/p>","protected":false},"excerpt":{"rendered":"<p>China Cast Iron Lug Type Butterfly ValveManufacture,STV Offers C95800 Lug Type Butterfly Valve with Gear Box, C95800 Body, DN600 Lug Type Butterfly Valve, 150LB Lug Type Butterfly Valve, API 609 .<\/p>","protected":false},"featured_media":7146,"template":"","meta":[],"product_brand":[],"product_cat":[965,971],"product_tag":[2321,2320,1997,2319],"class_list":{"0":"post-7145","1":"product","2":"type-product","3":"status-publish","4":"has-post-thumbnail","6":"product_cat-butterfly-valve","7":"product_cat-wafer-butterfly-valve","8":"product_tag-150lb-lug-type-butterfly-valve","9":"product_tag-24-inch-butterfly-valve","10":"product_tag-api-609-lug-type-butterfly-valve","11":"product_tag-c95800-lug-type-butterfly-valve","13":"first","14":"instock","15":"shipping-taxable","16":"product-type-simple"},"_links":{"self":[{"href":"https:\/\/www.stvvalves.com\/de\/wp-json\/wp\/v2\/product\/7145","targetHints":{"allow":["GET"]}}],"collection":[{"href":"https:\/\/www.stvvalves.com\/de\/wp-json\/wp\/v2\/product"}],"about":[{"href":"https:\/\/www.stvvalves.com\/de\/wp-json\/wp\/v2\/types\/product"}],"wp:featuredmedia":[{"embeddable":true,"href":"https:\/\/www.stvvalves.com\/de\/wp-json\/wp\/v2\/media\/7146"}],"wp:attachment":[{"href":"https:\/\/www.stvvalves.com\/de\/wp-json\/wp\/v2\/media?parent=7145"}],"wp:term":[{"taxonomy":"product_brand","embeddable":true,"href":"https:\/\/www.stvvalves.com\/de\/wp-json\/wp\/v2\/product_brand?post=7145"},{"taxonomy":"product_cat","embeddable":true,"href":"https:\/\/www.stvvalves.com\/de\/wp-json\/wp\/v2\/product_cat?post=7145"},{"taxonomy":"product_tag","embeddable":true,"href":"https:\/\/www.stvvalves.com\/de\/wp-json\/wp\/v2\/product_tag?post=7145"}],"curies":[{"name":"wp","href":"https:\/\/api.w.org\/{rel}","templated":true}]}}