{"id":7155,"date":"2024-03-19T10:49:47","date_gmt":"2024-03-19T02:49:47","guid":{"rendered":"https:\/\/www.stvvalves.com\/?post_type=product&#038;p=7155"},"modified":"2024-03-19T10:49:49","modified_gmt":"2024-03-19T02:49:49","slug":"butt-weld-globe-valve-a216-wcb-600lb-6-inch-handwheel-op","status":"publish","type":"product","link":"https:\/\/www.stvvalves.com\/de\/products\/butt-weld-globe-valve-a216-wcb-600lb-6-inch-handwheel-op\/","title":{"rendered":"Butt weld Globe Valve,A216 WCB,600LB,6 Inch,Handwheel Op"},"content":{"rendered":"<p>Design nach ASME B16.34<br \/>\nFace-to-Face\/End-to-End: ASME B16.10<br \/>\nFlanschabmessungen: ASME B16.5<br \/>\nSchwei\u00dfende: ASME B.16.25<br \/>\nGrundentwurf: BS 1873<br \/>\nTests nach API 598<\/p>\n<p>Gr\u00f6\u00dfe: 2\u2033~60\u2033<\/p>\n<p>Druckstufe: Klasse 150\u20132500 LB<\/p>\n<p>Geh\u00e4usematerial: ASTM A216 WCB, A217 WC6, A351 CF8, A351 CF8M,<\/p>\n<p>A351 CF3, A351 CF3M, A351 CN7M usw.<\/p>\n<p>Endanschluss: RF, RTJ, BW<\/p>\n<p>Arbeitstemperatur: -29\u2103~650\u2103<\/p>\n<p>Bedienung: Handrad, Getriebe, elektrisch usw<\/p>\n<table>\n<tbody>\n<tr>\n<td width=\"200\"><strong>Produktname<\/strong><\/td>\n<td width=\"481\">Butt weld Globe Valve,A216 WCB,600LB,6 Inch,Handwheel Op<\/td>\n<\/tr>\n<tr>\n<td width=\"200\">1. Material<\/td>\n<td width=\"481\">WCB<\/td>\n<\/tr>\n<tr>\n<td width=\"200\">2. Gr\u00f6\u00dfe<\/td>\n<td width=\"481\">6&quot;<\/td>\n<\/tr>\n<tr>\n<td width=\"200\">4. Hafen<\/td>\n<td width=\"481\">Vollst\u00e4ndiger Port<\/td>\n<\/tr>\n<tr>\n<td width=\"200\">5. Arbeitsdruck<\/td>\n<td width=\"481\">600 Pfund<\/td>\n<\/tr>\n<tr>\n<td width=\"200\">6. Verbindung endet<\/td>\n<td width=\"481\">BW<\/td>\n<\/tr>\n<tr>\n<td width=\"200\">7. Arbeitstemperatur.<\/td>\n<td width=\"481\">-29~425 \u00b0C,<\/td>\n<\/tr>\n<tr>\n<td width=\"200\">8. Geeignetes Medium<\/td>\n<td width=\"481\">Wasser, Erdgas, \u00d6l und einige \u00e4tzende Fl\u00fcssigkeiten<\/td>\n<\/tr>\n<tr>\n<td width=\"200\">9. Betrieben<\/td>\n<td width=\"481\">Handrad<\/td>\n<\/tr>\n<tr>\n<td width=\"200\">10. Inspektion und Pr\u00fcfung<\/td>\n<td width=\"481\">Gem\u00e4\u00df API598<\/td>\n<\/tr>\n<tr>\n<td width=\"200\"><strong>Sendung<\/strong><\/td>\n<td width=\"481\"><\/td>\n<\/tr>\n<tr>\n<td width=\"200\">Lieferzeit<\/td>\n<td width=\"481\">30 Tage<\/td>\n<\/tr>\n<tr>\n<td width=\"200\">Paket<\/td>\n<td width=\"481\">Standard-Export-Sperrholzkiste<\/td>\n<\/tr>\n<tr>\n<td width=\"200\">Hafen<\/td>\n<td width=\"481\">Ningbo\/Shanghai, China<\/td>\n<\/tr>\n<tr>\n<td width=\"200\">Versandbedingungen<\/td>\n<td width=\"481\">Exw, FOB, CFR, CIF usw.<\/td>\n<\/tr>\n<tr>\n<td width=\"200\">Zahlungsbedingungen<\/td>\n<td width=\"481\">T\/T, Western Union, PayPal usw.<\/td>\n<\/tr>\n<tr>\n<td width=\"200\"><\/td>\n<td width=\"481\">30% Vorauszahlung, 70% Restbetrag vor dem Versand bezahlt<\/td>\n<\/tr>\n<tr>\n<td width=\"200\">Herkunftsland<\/td>\n<td width=\"481\">Stadt Wenzhou, China<\/td>\n<\/tr>\n<tr>\n<td width=\"200\">Produktionskapazit\u00e4t<\/td>\n<td width=\"481\">6000 Tonnen\/Jahr<\/td>\n<\/tr>\n<tr>\n<td width=\"200\">Mindestbestellmenge<\/td>\n<td width=\"481\">1 St\u00fcck\/Gr\u00f6\u00dfe<\/td>\n<\/tr>\n<\/tbody>\n<\/table>","protected":false},"excerpt":{"rendered":"<p>STV Valve Technology Group Co., Ltd is a professional leader China Bolted Bonnet Globe Valve,Cast Steel Globe Valve,Flanged Globe Valve,Butt weld Globe Valve,A216 WCB Globe Valve,600LB Globe Valve,6 Inch Globe Valve,Handwheel Op Globe Valve.<\/p>","protected":false},"featured_media":7156,"template":"","meta":[],"product_brand":[],"product_cat":[45,63],"product_tag":[2355,2354,2353,2352,323,2351,322,2356],"class_list":{"0":"post-7155","1":"product","2":"type-product","3":"status-publish","4":"has-post-thumbnail","6":"product_cat-globe-valve","7":"product_cat-cast-steel-globe-valve","8":"product_tag-6-inch-globe-valve","9":"product_tag-600lb-globe-valve","10":"product_tag-a216-wcb-globe-valve","11":"product_tag-butt-weld-globe-valve","12":"product_tag-cast-steel-globe-valve","13":"product_tag-china-bolted-bonnet-globe-valve","14":"product_tag-flanged-globe-valve","15":"product_tag-handwheel-op-globe-valve","17":"first","18":"instock","19":"shipping-taxable","20":"product-type-simple"},"_links":{"self":[{"href":"https:\/\/www.stvvalves.com\/de\/wp-json\/wp\/v2\/product\/7155","targetHints":{"allow":["GET"]}}],"collection":[{"href":"https:\/\/www.stvvalves.com\/de\/wp-json\/wp\/v2\/product"}],"about":[{"href":"https:\/\/www.stvvalves.com\/de\/wp-json\/wp\/v2\/types\/product"}],"wp:featuredmedia":[{"embeddable":true,"href":"https:\/\/www.stvvalves.com\/de\/wp-json\/wp\/v2\/media\/7156"}],"wp:attachment":[{"href":"https:\/\/www.stvvalves.com\/de\/wp-json\/wp\/v2\/media?parent=7155"}],"wp:term":[{"taxonomy":"product_brand","embeddable":true,"href":"https:\/\/www.stvvalves.com\/de\/wp-json\/wp\/v2\/product_brand?post=7155"},{"taxonomy":"product_cat","embeddable":true,"href":"https:\/\/www.stvvalves.com\/de\/wp-json\/wp\/v2\/product_cat?post=7155"},{"taxonomy":"product_tag","embeddable":true,"href":"https:\/\/www.stvvalves.com\/de\/wp-json\/wp\/v2\/product_tag?post=7155"}],"curies":[{"name":"wp","href":"https:\/\/api.w.org\/{rel}","templated":true}]}}