{"id":7157,"date":"2024-03-19T11:09:32","date_gmt":"2024-03-19T03:09:32","guid":{"rendered":"https:\/\/www.stvvalves.com\/?post_type=product&#038;p=7157"},"modified":"2024-12-25T10:30:35","modified_gmt":"2024-12-25T02:30:35","slug":"c95800-dual-plate-check-valves-16-inch-rf-type-150lb-api594","status":"publish","type":"product","link":"https:\/\/www.stvvalves.com\/de\/products\/c95800-dual-plate-check-valves-16-inch-rf-type-150lb-api594\/","title":{"rendered":"C95800 Dual Plate Check Valves,16 Inch,RF Type,150LB,API594"},"content":{"rendered":"<p>China C95800 Dual Plate Check Valves,16 Inch,RF Type,150LB,API594<br \/>\nGr\u00f6\u00dfe: von 2\u2033 bis 48\u2033<br \/>\nDruck: 150 \u2013 1500LB<br \/>\nMaterial: we can offer valves carried out in C95800,C95400,C92200,C95500<br \/>\nDesign- und Produktionsstandard: API 594 oder DIN<br \/>\nAbstand zwischen den Flanschen: ASME B16.10, EN558, DIN3202<br \/>\nAnschluss nach Norm: ANSI, API, DIN<br \/>\nTeststandard: API598, API 600, ISO5208<br \/>\nMedium: Das Ventil ist f\u00fcr verschiedene Medien geeignet, darunter Wasser, Dampf, \u00d6l, Gas, Benzinprodukte, Salpeters\u00e4ure, Essigs\u00e4ure usw.<br \/>\nArbeitstemperatur: von -46 \u00b0C oder -50 \u00b0C (Edelstahlkonstruktionen) und -29 \u00b0C oder -46 \u00b0C (Kohlenstoffstahlkonstruktionen) bis 600 \u00b0C<\/p>\n<table>\n<tbody>\n<tr>\n<td width=\"200\"><strong>Produktname<\/strong><\/td>\n<td width=\"481\">\u00a024-Zoll-C95800-Wafer-R\u00fcckschlagventil, 300 LB, RF-Flansch<\/td>\n<\/tr>\n<tr>\n<td width=\"200\">1. Material<\/td>\n<td width=\"481\">C95800<\/td>\n<\/tr>\n<tr>\n<td width=\"200\">2. Gr\u00f6\u00dfe<\/td>\n<td width=\"481\">24 Zoll<\/td>\n<\/tr>\n<tr>\n<td width=\"200\">4. Hafen<\/td>\n<td width=\"481\">Vollst\u00e4ndiger Port<\/td>\n<\/tr>\n<tr>\n<td width=\"200\">5. Arbeitsdruck<\/td>\n<td width=\"481\">300 Pfund<\/td>\n<\/tr>\n<tr>\n<td width=\"200\">6. Verbindung endet<\/td>\n<td width=\"481\">RF<\/td>\n<\/tr>\n<tr>\n<td width=\"200\">7. Arbeitstemperatur.<\/td>\n<td width=\"481\">-29~200 \u00b0C,<\/td>\n<\/tr>\n<tr>\n<td width=\"200\">8. Geeignetes Medium<\/td>\n<td width=\"481\">Wasser, Erdgas, \u00d6l und einige \u00e4tzende Fl\u00fcssigkeiten<\/td>\n<\/tr>\n<tr>\n<td width=\"200\">9. Betrieben<\/td>\n<td width=\"481\">\/<\/td>\n<\/tr>\n<tr>\n<td width=\"200\">10. Inspektion und Pr\u00fcfung<\/td>\n<td width=\"481\">Gem\u00e4\u00df API598<\/td>\n<\/tr>\n<tr>\n<td width=\"200\"><strong>Sendung<\/strong><\/td>\n<td width=\"481\"><\/td>\n<\/tr>\n<tr>\n<td width=\"200\">Lieferzeit<\/td>\n<td width=\"481\">30 Tage<\/td>\n<\/tr>\n<tr>\n<td width=\"200\">Paket<\/td>\n<td width=\"481\">Standard-Export-Sperrholzkiste<\/td>\n<\/tr>\n<tr>\n<td width=\"200\">Hafen<\/td>\n<td width=\"481\">Ningbo\/Shanghai, China<\/td>\n<\/tr>\n<tr>\n<td width=\"200\">Versandbedingungen<\/td>\n<td width=\"481\">Exw, FOB, CFR, CIF usw.<\/td>\n<\/tr>\n<tr>\n<td width=\"200\">Zahlungsbedingungen<\/td>\n<td width=\"481\">T\/T, Western Union, PayPal usw.<\/td>\n<\/tr>\n<tr>\n<td width=\"200\"><\/td>\n<td width=\"481\">30% Vorauszahlung, 70% Restbetrag vor dem Versand bezahlt<\/td>\n<\/tr>\n<tr>\n<td width=\"200\">Herkunftsland<\/td>\n<td width=\"481\">Stadt Wenzhou, China<\/td>\n<\/tr>\n<tr>\n<td width=\"200\">Produktionskapazit\u00e4t<\/td>\n<td width=\"481\">6000 Tonnen\/Jahr<\/td>\n<\/tr>\n<tr>\n<td width=\"200\">Mindestbestellmenge<\/td>\n<td width=\"481\">1 St\u00fcck\/Gr\u00f6\u00dfe<\/td>\n<\/tr>\n<\/tbody>\n<\/table>\n<p>Das Ventildichtungspaar aus Bronze ist angemessen aufeinander abgestimmt, und die Ventilscheibe und die Ventilsitzdichtfl\u00e4che bestehen aus einer Oberfl\u00e4che aus einer Legierung auf Eisenbasis, die eine gute Verschlei\u00dffestigkeit, Temperaturbest\u00e4ndigkeit, Korrosionsbest\u00e4ndigkeit, Kratzfestigkeit und eine lange Lebensdauer aufweist. Bronze-R\u00fcckschlagventilprodukte werden gem\u00e4\u00df der Norm API594 entwickelt und hergestellt. Verschiedene Rohrleitungsflanschnormen und Flanschdichtungstypen k\u00f6nnen verwendet werden, um unterschiedlichen technischen Anforderungen und Benutzeranforderungen gerecht zu werden. Der Ventilk\u00f6rper besteht aus verschiedenen Materialien, und die Flanschdichtung kann je nach den tats\u00e4chlichen Arbeitsbedingungen oder Benutzeranforderungen angemessen ausgew\u00e4hlt werden und kann f\u00fcr verschiedene Druck-, Temperatur- und mittlere Arbeitsbedingungen geeignet sein.<\/p>\n<p>&nbsp;<\/p>","protected":false},"excerpt":{"rendered":"<p>Discover the benefits of C95800 Dual Plate Check Valves for your fluid control systems. Designed for optimal reliability and efficiency, these valves prevent backflow and ensure smooth operation in various applications. Ideal for industries requiring durable and corrosion-resistant solutions, the C95800 series boasts impressive performance and longevity. Learn more about specifications, installation, and maintenance to enhance your project&#8217;s success.<\/p>\n<p>STV Valve Technology Group Co., Ltd is a professional leader China Dual Plate Check Valves,16 Inch Dual Plate Check Valves, C95800 Check Valve,150lb\u00a0 Dual Plate Check Valves,RF End Dual Plate Check Valves,C95800 Check Valve Manufacturer with high quality and competitive price .C95800 wafer check valve, C95800 duo check valve, C95800 non return valve, C95800 double disc check valve, C95800 folding Disc Check Valves.<\/p>\n<p>&nbsp;<\/p>","protected":false},"featured_media":7158,"template":"","meta":[],"product_brand":[],"product_cat":[46,84],"product_tag":[2357,2361,2359,2362,2360,2358],"class_list":{"0":"post-7157","1":"product","2":"type-product","3":"status-publish","4":"has-post-thumbnail","6":"product_cat-check-valves","7":"product_cat-wafer-check-valve","8":"product_tag-b148-c95800-dual-check-valve","9":"product_tag-c95800-double-disc-check-valve","10":"product_tag-c95800-duo-check-valve","11":"product_tag-c95800-folding-disc-check-valves","12":"product_tag-c95800-non-return-valve","13":"product_tag-c95800-wafer-check-valve","15":"first","16":"instock","17":"shipping-taxable","18":"product-type-simple"},"_links":{"self":[{"href":"https:\/\/www.stvvalves.com\/de\/wp-json\/wp\/v2\/product\/7157","targetHints":{"allow":["GET"]}}],"collection":[{"href":"https:\/\/www.stvvalves.com\/de\/wp-json\/wp\/v2\/product"}],"about":[{"href":"https:\/\/www.stvvalves.com\/de\/wp-json\/wp\/v2\/types\/product"}],"wp:featuredmedia":[{"embeddable":true,"href":"https:\/\/www.stvvalves.com\/de\/wp-json\/wp\/v2\/media\/7158"}],"wp:attachment":[{"href":"https:\/\/www.stvvalves.com\/de\/wp-json\/wp\/v2\/media?parent=7157"}],"wp:term":[{"taxonomy":"product_brand","embeddable":true,"href":"https:\/\/www.stvvalves.com\/de\/wp-json\/wp\/v2\/product_brand?post=7157"},{"taxonomy":"product_cat","embeddable":true,"href":"https:\/\/www.stvvalves.com\/de\/wp-json\/wp\/v2\/product_cat?post=7157"},{"taxonomy":"product_tag","embeddable":true,"href":"https:\/\/www.stvvalves.com\/de\/wp-json\/wp\/v2\/product_tag?post=7157"}],"curies":[{"name":"wp","href":"https:\/\/api.w.org\/{rel}","templated":true}]}}