{"id":7176,"date":"2024-03-20T22:02:38","date_gmt":"2024-03-20T14:02:38","guid":{"rendered":"https:\/\/www.stvvalves.com\/?post_type=product&#038;p=7176"},"modified":"2025-09-05T10:17:47","modified_gmt":"2025-09-05T02:17:47","slug":"1500-lb-swing-check-valve-10-inch-a216-wcb-api-6d-psb-bw","status":"publish","type":"product","link":"https:\/\/www.stvvalves.com\/de\/products\/1500-lb-swing-check-valve-10-inch-a216-wcb-api-6d-psb-bw\/","title":{"rendered":"1500 LB Swing Check Valve,10 Inch,A216 WCB, API 6D, PSB, BW"},"content":{"rendered":"<p><strong>R\u00fcckschlagventil<\/strong>, Ansi Class 1500Lbs, Api 6d, Bolted, Pressure Sealing Bonnet, Flanged, Rf, Rtj, Bw Ends, Carbon Steel, Stainless Steel, Duplex Steel Swing Check Valves, Non Return Valve, Industrial Cast Steel Swing Check Valve Supplier, Exporter.<\/p>\n<p>Spezifikationen f\u00fcr\u00a0<strong>Swing Check Valve 1500LBS (Flanged, Bw Ends)<\/strong><\/p>\n<p>1. Design und Herstellung: API6D, ANSI B16.34, BS1868<br \/>\n2. Verschraubte Haube, Druckdichtungshaube, Schwingscheibe,<br \/>\n3. Gr\u00f6\u00dfenbereich: 2\u2033 bis 24\u2033.<br \/>\n4. Pressure Ratings: ANSI 1500Lbs<br \/>\n5. Endanschl\u00fcsse: Flansch, Stumpfschwei\u00dfung.<br \/>\n6. Materialien: WCB, LCB, CF8, CF8M, CF3, CF3M, WC6, WC9, C5, C12, 4A oder gleichwertig,<br \/>\n7. Je nach Einsatzbedingungen stehen verschiedene Verkleidungsmaterialien zur Verf\u00fcgung<br \/>\n8. NACE MR 0175 auf Anfrage<\/p>\n<table>\n<tbody>\n<tr>\n<td width=\"200\"><strong>Produktname<\/strong><\/td>\n<td width=\"481\">1500 LB Swing Check Valve,10 Inch,A216 WCB, API 6D, PSB, BW<\/td>\n<\/tr>\n<tr>\n<td width=\"200\">1. Material<\/td>\n<td width=\"481\">WCB<\/td>\n<\/tr>\n<tr>\n<td width=\"200\">2. Gr\u00f6\u00dfe<\/td>\n<td width=\"481\">10&quot;<\/td>\n<\/tr>\n<tr>\n<td width=\"200\">4. Hafen<\/td>\n<td width=\"481\">Vollst\u00e4ndiger Port<\/td>\n<\/tr>\n<tr>\n<td width=\"200\">5. Arbeitsdruck<\/td>\n<td width=\"481\">1500 Pfund<\/td>\n<\/tr>\n<tr>\n<td width=\"200\">6. Verbindung endet<\/td>\n<td width=\"481\">RF<\/td>\n<\/tr>\n<tr>\n<td width=\"200\">7. Arbeitstemperatur.<\/td>\n<td width=\"481\">-29~425 \u00b0C,<\/td>\n<\/tr>\n<tr>\n<td width=\"200\">8. Geeignetes Medium<\/td>\n<td width=\"481\">Wasser, Erdgas, \u00d6l und einige \u00e4tzende Fl\u00fcssigkeiten<\/td>\n<\/tr>\n<tr>\n<td width=\"200\">9. Betrieben<\/td>\n<td width=\"481\">\/<\/td>\n<\/tr>\n<tr>\n<td width=\"200\">10. Inspektion und Pr\u00fcfung<\/td>\n<td width=\"481\">Gem\u00e4\u00df API 598<\/td>\n<\/tr>\n<tr>\n<td width=\"200\"><strong>Sendung<\/strong><\/td>\n<td width=\"481\"><\/td>\n<\/tr>\n<tr>\n<td width=\"200\">Lieferzeit<\/td>\n<td width=\"481\">30 Tage<\/td>\n<\/tr>\n<tr>\n<td width=\"200\">Paket<\/td>\n<td width=\"481\">Standard-Export-Sperrholzkiste<\/td>\n<\/tr>\n<tr>\n<td width=\"200\">Hafen<\/td>\n<td width=\"481\">Ningbo\/Shanghai, China<\/td>\n<\/tr>\n<tr>\n<td width=\"200\">Versandbedingungen<\/td>\n<td width=\"481\">Exw, FOB, CFR, CIF usw.<\/td>\n<\/tr>\n<tr>\n<td width=\"200\">Zahlungsbedingungen<\/td>\n<td width=\"481\">T\/T, Western Union, PayPal usw.<\/td>\n<\/tr>\n<tr>\n<td width=\"200\"><\/td>\n<td width=\"481\">30% Vorauszahlung, 70% Restbetrag vor dem Versand bezahlt<\/td>\n<\/tr>\n<tr>\n<td width=\"200\">Herkunftsland<\/td>\n<td width=\"481\">Stadt Wenzhou, China<\/td>\n<\/tr>\n<tr>\n<td width=\"200\">Produktionskapazit\u00e4t<\/td>\n<td width=\"481\">6000 Tonnen\/Jahr<\/td>\n<\/tr>\n<tr>\n<td width=\"200\">Mindestbestellmenge<\/td>\n<td width=\"481\">10 St\u00fcck\/Gr\u00f6\u00dfe<\/td>\n<\/tr>\n<\/tbody>\n<\/table>","protected":false},"excerpt":{"rendered":"<p>STV Valve Technology Group Co., Ltd specializes in the 1500 lb swing check valve, including the ANSI Class 1500, API 6D, and A216 WCB models. Our range features high-quality options such as the industrial swing check valve, carbon steel swing check valve, and pressure seal variants.<\/p>","protected":false},"featured_media":7494,"template":"","meta":[],"product_brand":[],"product_cat":[46,83],"product_tag":[2793,2384,2381,1034,2386,2383,300,2382,2385,486,2387],"class_list":{"0":"post-7176","1":"product","2":"type-product","3":"status-publish","4":"has-post-thumbnail","6":"product_cat-check-valves","7":"product_cat-cast-steel-check-valve","8":"product_tag-10-inch-swing-check-valve","9":"product_tag-a216-wcb-swing-check-valve","10":"product_tag-ansi-class-1500lbs-swing-check-valve","11":"product_tag-api-6d-swing-check-valve","12":"product_tag-bw-swing-check-valve","13":"product_tag-carbon-steel-swing-check-valve","14":"product_tag-high-pressure-swing-check-valve","15":"product_tag-industrial-swing-check-valve","16":"product_tag-nace-mr0175-swing-check-valve","17":"product_tag-pressure-seal-swing-check-valve","18":"product_tag-self-sealing-cast-steel-swing-check-manufacturer","20":"first","21":"instock","22":"shipping-taxable","23":"product-type-simple"},"_links":{"self":[{"href":"https:\/\/www.stvvalves.com\/de\/wp-json\/wp\/v2\/product\/7176","targetHints":{"allow":["GET"]}}],"collection":[{"href":"https:\/\/www.stvvalves.com\/de\/wp-json\/wp\/v2\/product"}],"about":[{"href":"https:\/\/www.stvvalves.com\/de\/wp-json\/wp\/v2\/types\/product"}],"wp:featuredmedia":[{"embeddable":true,"href":"https:\/\/www.stvvalves.com\/de\/wp-json\/wp\/v2\/media\/7494"}],"wp:attachment":[{"href":"https:\/\/www.stvvalves.com\/de\/wp-json\/wp\/v2\/media?parent=7176"}],"wp:term":[{"taxonomy":"product_brand","embeddable":true,"href":"https:\/\/www.stvvalves.com\/de\/wp-json\/wp\/v2\/product_brand?post=7176"},{"taxonomy":"product_cat","embeddable":true,"href":"https:\/\/www.stvvalves.com\/de\/wp-json\/wp\/v2\/product_cat?post=7176"},{"taxonomy":"product_tag","embeddable":true,"href":"https:\/\/www.stvvalves.com\/de\/wp-json\/wp\/v2\/product_tag?post=7176"}],"curies":[{"name":"wp","href":"https:\/\/api.w.org\/{rel}","templated":true}]}}