{"id":7189,"date":"2024-03-20T23:26:47","date_gmt":"2024-03-20T15:26:47","guid":{"rendered":"https:\/\/www.stvvalves.com\/?post_type=product&#038;p=7189"},"modified":"2024-03-21T11:01:54","modified_gmt":"2024-03-21T03:01:54","slug":"600lb-basket-strainer-wcb-16-inch-rf-end","status":"publish","type":"product","link":"https:\/\/www.stvvalves.com\/de\/products\/600lb-basket-strainer-wcb-16-inch-rf-end\/","title":{"rendered":"600LB Basket Strainer,WCB,16 Inch,RF End"},"content":{"rendered":"<p><strong><u>Maintenance of\u00a0 Basket <\/u><\/strong><strong><u>Filter \u00a0 \u00a0 \u00a0 \u00a0 \u00a0 \u00a0 \u00a0 \u00a0 \u00a0 \u00a0 \u00a0 \u00a0 \u00a0 \u00a0 \u00a0 \u00a0 \u00a0 \u00a0 \u00a0 \u00a0 \u00a0 \u00a0 \u00a0 \u00a0 \u00a0 \u00a0 \u00a0 \u00a0 \u00a0 \u00a0 \u00a0\u00a0<\/u><\/strong><\/p>\n<ul>\n<li>Der Kernbestandteil dieses Filtertyps ist der Filterkern. Der Filterkern besteht aus dem Filterrahmen und einem Edelstahldrahtgeflecht. Das SS-Drahtgeflecht geh\u00f6rt zu den Verschlei\u00dfteilen. Es ben\u00f6tigt einen besonderen Schutz.<\/li>\n<li>Nachdem der Filter einige Zeit lang gearbeitet hat, f\u00e4llt eine bestimmte Menge an Verunreinigungen im Filterkern aus. Anschlie\u00dfend wird der Druck erh\u00f6ht und die Str\u00f6mungsgeschwindigkeit verringert. Daher sollten wir die Verunreinigungen im Filterkern rechtzeitig reinigen.<\/li>\n<li>Wenn wir die Verunreinigungen reinigen, sollten wir darauf achten, sicherzustellen, dass das SS-Drahtgeflecht im Filterkern nicht verformt oder besch\u00e4digt wird. Andernfalls erreichen die Verunreinigungen der gefilterten Fl\u00fcssigkeit bei der Wiederverwendung des Filters nicht die vorgesehenen Anforderungen. Und Die Kompressoren, die Pumpe oder die Instrumente werden zerst\u00f6rt.<\/li>\n<li>Sobald sich herausstellt, dass das SS-Drahtgeflecht verformt oder besch\u00e4digt ist, sollten wir es sofort ersetzen.<\/li>\n<\/ul>\n<p>Siebkorb<br \/>\nKurze Einleitung:<br \/>\nDer Schmutzf\u00e4nger kann an allen Arten von Rohrleitungen eingesetzt werden, um granulierte Fremdstoffe und gesammelte Verunreinigungen aufzufangen. Es kann den Abstand im Medium verbessern und die Lebensdauer von Ventilen und anderen Ger\u00e4ten verl\u00e4ngern. Es ist f\u00fcr Wasser, Erd\u00f6l und Dampf geeignet.<br \/>\nHauptteil &amp; Material<br \/>\nK\u00f6rper: Kohlenstoffstahl<br \/>\nNetz: Edelstahl<br \/>\nTechnische Spezifikation<br \/>\nNenndurchmesser: 15 ~ 500 mm<br \/>\nNenndruck: 0,6\u20135,0 MPa<br \/>\nWir liefern gegossene und geschwei\u00dfte Siebk\u00f6rbe<br \/>\n1) Gr\u00f6\u00dfen: 1\/2 \u2013 24\u2033<br \/>\n2) Nenndruck: 150 lb, 300 lb, 600 lb<br \/>\n3) Geeignete Temperatur: -196 \u00b0C \u2013 600 \u00b0C<br \/>\n4) Geeignetes Medium: Wasser, Gas, \u00d6l, Dampf usw.<br \/>\n5) Geh\u00e4usematerial: A106\/WCB, WCC, WC6, WC9, LCB, LCC, SS304\/CF8, SS316\/CF8M, 304L\/CF3, SS316L\/CF3M<br \/>\n6) Sieb: Edelstahl (SS304\/SS316)<br \/>\n7) Endanschluss: FF, RF, THD, BW<br \/>\n8, Form des Einlasses\/Auslasses: Flansch\/Innendraht\/Au\u00dfendraht\/Schnelle Installation<br \/>\n9, Form der Abdeckungskompression: Bolzen\/Schnellbolzen<br \/>\n10, geeignete Viskosit\u00e4t (cp): 1-30000<br \/>\n11, Form des Korbes: Stanzmasche\/Einschichtmasche\/Verbundmasche<\/p>\n<p><strong>High Pressure CL600 Flanged Simplex Basket Strainer Cast Steel Single Basket<\/strong><\/p>\n<p>&nbsp;<\/p>\n<p><strong>Strainer Applicable Medium<\/strong><br \/>\nA) Weak corrosively medium for petrochemical production such as water, ammonia, oil and hydrocarbon products etc.<\/p>\n<p>B) Corrosive medium for chemical products such as sodium hydrate, caustic soda, metric acid, acetic acid etc.<\/p>\n<p>C) Low temperature medium for refrigeration, the refrigerant such as liquefied methane, liquefied ammonia, oxygen etc.<\/p>\n<p>D) Industry hygiene medium in light industry, foodstuff and pharmacy such as beer, drink, beverage, dairy products etc.<\/p>\n<p>&nbsp;<\/p>\n<p>&nbsp;<\/p>","protected":false},"excerpt":{"rendered":"<p>STV Valve Technology Group Co., Ltd is a professional leader\u00a0 600LB Basket Strainer ,16 Inch Basket Strainer,WCB Basket Strainer,150LB Basket Strainer , RF End Basket Strainer , ASMEB16.34 Basket Strainer .<\/p>","protected":false},"featured_media":7224,"template":"","meta":[],"product_brand":[],"product_cat":[48,72],"product_tag":[2404,2463,2462,2405,2076,2403],"class_list":{"0":"post-7189","1":"product","2":"type-product","3":"status-publish","4":"has-post-thumbnail","6":"product_cat-y-strainer","7":"product_cat-cast-steel-y-type-strainer","8":"product_tag-150lb-basket-strainer","9":"product_tag-16-inch-basket-strainer","10":"product_tag-600lb-basket-strainer","11":"product_tag-asmeb16-34-basket-strainer","12":"product_tag-rf-end-basket-strainer","13":"product_tag-wcb-basket-strainer","15":"first","16":"instock","17":"shipping-taxable","18":"product-type-simple"},"_links":{"self":[{"href":"https:\/\/www.stvvalves.com\/de\/wp-json\/wp\/v2\/product\/7189","targetHints":{"allow":["GET"]}}],"collection":[{"href":"https:\/\/www.stvvalves.com\/de\/wp-json\/wp\/v2\/product"}],"about":[{"href":"https:\/\/www.stvvalves.com\/de\/wp-json\/wp\/v2\/types\/product"}],"wp:featuredmedia":[{"embeddable":true,"href":"https:\/\/www.stvvalves.com\/de\/wp-json\/wp\/v2\/media\/7224"}],"wp:attachment":[{"href":"https:\/\/www.stvvalves.com\/de\/wp-json\/wp\/v2\/media?parent=7189"}],"wp:term":[{"taxonomy":"product_brand","embeddable":true,"href":"https:\/\/www.stvvalves.com\/de\/wp-json\/wp\/v2\/product_brand?post=7189"},{"taxonomy":"product_cat","embeddable":true,"href":"https:\/\/www.stvvalves.com\/de\/wp-json\/wp\/v2\/product_cat?post=7189"},{"taxonomy":"product_tag","embeddable":true,"href":"https:\/\/www.stvvalves.com\/de\/wp-json\/wp\/v2\/product_tag?post=7189"}],"curies":[{"name":"wp","href":"https:\/\/api.w.org\/{rel}","templated":true}]}}