{"id":7229,"date":"2024-03-21T11:35:47","date_gmt":"2024-03-21T03:35:47","guid":{"rendered":"https:\/\/www.stvvalves.com\/?post_type=product&#038;p=7229"},"modified":"2024-03-21T11:46:53","modified_gmt":"2024-03-21T03:46:53","slug":"astm-b148-c95800-gate-valve-21-2-150-lb-ff-end","status":"publish","type":"product","link":"https:\/\/www.stvvalves.com\/de\/products\/astm-b148-c95800-gate-valve-21-2-150-lb-ff-end\/","title":{"rendered":"ASTM B148 C95800 Gate Valve,21\/2&#8243;,150 LB, FF End"},"content":{"rendered":"<p><strong>Anwendung:<\/strong><\/p>\n<p>Design&amp;Manucture:API6D\/ASME B16.34<\/p>\n<p>Face-to-Face-Abmessung: ASME B16.10<\/p>\n<p>End Flange Dimension:ASME B16.5<\/p>\n<p>Stumpfgeschwei\u00dfte Abmessungen: ASME B16.25<\/p>\n<p>Test&amp;Inespection:API598<\/p>\n<p>&nbsp;<\/p>\n<p><strong>Spezifikation:<\/strong><\/p>\n<p>Size:2-32&#8243;<\/p>\n<p>Druck: 150\u2013300 Pfund<\/p>\n<p>Material:C95800,C95400,C83600<\/p>\n<p>Temperature:-29\u00b0C+260\u00b0C<\/p>\n<p>Service:Sea Water<\/p>\n<p>&nbsp;<\/p>\n<p>Gate Valve full port design OS&amp;Y ,Outside screw and yoke,bolted bonnet.<\/p>\n<p>Flexiable wedge, Fully guided<\/p>\n<p>Choice of solid or split wedge<\/p>\n<p>Renewable seat rings<\/p>\n<p>Forged T-head stem<\/p>\n<p>Rising stem and non-rising handwheel<\/p>\n<p>Flanged or Butt welding ends<\/p>\n<p>Available with BG operator.<\/p>\n<p>ASTM B148 C95800\u00a0 Corrosion resisting ,High Strength,Abrasive resistance.<\/p>\n<p>&nbsp;<\/p>\n<p>&nbsp;<\/p>\n<table width=\"751\">\n<tbody>\n<tr>\n<td>Produktname:<\/td>\n<td>ASTM B148 C95800 Gate Valve,21\/2&#8243;,150 LB, FF End<\/td>\n<\/tr>\n<tr>\n<td>1.Material:<\/td>\n<td>C95800<\/td>\n<\/tr>\n<tr>\n<td>2.Gr\u00f6\u00dfe:<\/td>\n<td>21\/2\u2033<\/td>\n<\/tr>\n<tr>\n<td>3.Port:<\/td>\n<td>VOLL<\/td>\n<\/tr>\n<tr>\n<td>4. Arbeitstemperatur:<\/td>\n<td>-29 \u00b0C-260 \u00b0C<\/td>\n<\/tr>\n<tr>\n<td>5. Verbindungsende:<\/td>\n<td>FF<\/td>\n<\/tr>\n<tr>\n<td>6.Arbeitsdruck:<\/td>\n<td>150 Pfund<\/td>\n<\/tr>\n<tr>\n<td>7. Geeignetes Medium:<\/td>\n<td>Wasser, Erdgas, \u00d6l und einige \u00e4tzende Fl\u00fcssigkeiten<\/td>\n<\/tr>\n<tr>\n<td>8.Bedienung:<\/td>\n<td>\/<\/td>\n<\/tr>\n<tr>\n<td>9. Inspektion und Pr\u00fcfung<\/td>\n<td>Gem\u00e4\u00df API 598<\/td>\n<\/tr>\n<tr>\n<td>Zertifikat:<\/td>\n<td>ISO, CE\/API 6D<\/td>\n<\/tr>\n<tr>\n<td><strong>Sendung<\/strong><\/td>\n<td><\/td>\n<\/tr>\n<tr>\n<td>Lieferzeit<\/td>\n<td>30 Tage<\/td>\n<\/tr>\n<tr>\n<td>Paket<\/td>\n<td>Standard-Export-Sperrholzkiste<\/td>\n<\/tr>\n<tr>\n<td>Hafen<\/td>\n<td>Ningbo\/Shanghai, China<\/td>\n<\/tr>\n<tr>\n<td>Versandbedingungen<\/td>\n<td>Exw, FOB, CFR, CIF usw.<\/td>\n<\/tr>\n<tr>\n<td>Zahlungsbedingungen<\/td>\n<td>T\/T, Western Union, PayPal usw.<\/td>\n<\/tr>\n<tr>\n<td><\/td>\n<td>30% Vorauszahlung, 70% Restbetrag vor dem Versand bezahlt<\/td>\n<\/tr>\n<tr>\n<td>Herkunftsland<\/td>\n<td>Stadt Wenzhou, China<\/td>\n<\/tr>\n<tr>\n<td>Produktionskapazit\u00e4t<\/td>\n<td>6000 Tonnen\/Jahr<\/td>\n<\/tr>\n<tr>\n<td>Mindestbestellmenge<\/td>\n<td>10 St\u00fcck\/Gr\u00f6\u00dfe<\/td>\n<\/tr>\n<\/tbody>\n<\/table>","protected":false},"excerpt":{"rendered":"<p>STV Valve Technology Group Co., Ltd is China C95800 Gate Valve , B148 Gate Valve , 150LB B148 Gate Valve, Bolt Bonnet B148 Gate Valve, RF Flange B148 Gate Valve, 21\/2 Inch C95800 Gate Valve manufacturer with high quality and low price.<\/p>\n<p>&nbsp;<\/p>","protected":false},"featured_media":7230,"template":"","meta":[],"product_brand":[],"product_cat":[44,58],"product_tag":[2477,2480,2476,2478,2475,2479],"class_list":{"0":"post-7229","1":"product","2":"type-product","3":"status-publish","4":"has-post-thumbnail","6":"product_cat-gate-valve","7":"product_cat-cast-steel-gate-valve","8":"product_tag-150lb-b148-gate-valve","9":"product_tag-21-2-inch-c95800-gate-valve-manufacturer","10":"product_tag-b148-gate-valve","11":"product_tag-bolt-bonnet-b148-gate-valve","12":"product_tag-china-c95800-gate-valve","13":"product_tag-rf-flange-b148-gate-valve","15":"first","16":"instock","17":"shipping-taxable","18":"product-type-simple"},"_links":{"self":[{"href":"https:\/\/www.stvvalves.com\/de\/wp-json\/wp\/v2\/product\/7229","targetHints":{"allow":["GET"]}}],"collection":[{"href":"https:\/\/www.stvvalves.com\/de\/wp-json\/wp\/v2\/product"}],"about":[{"href":"https:\/\/www.stvvalves.com\/de\/wp-json\/wp\/v2\/types\/product"}],"wp:featuredmedia":[{"embeddable":true,"href":"https:\/\/www.stvvalves.com\/de\/wp-json\/wp\/v2\/media\/7230"}],"wp:attachment":[{"href":"https:\/\/www.stvvalves.com\/de\/wp-json\/wp\/v2\/media?parent=7229"}],"wp:term":[{"taxonomy":"product_brand","embeddable":true,"href":"https:\/\/www.stvvalves.com\/de\/wp-json\/wp\/v2\/product_brand?post=7229"},{"taxonomy":"product_cat","embeddable":true,"href":"https:\/\/www.stvvalves.com\/de\/wp-json\/wp\/v2\/product_cat?post=7229"},{"taxonomy":"product_tag","embeddable":true,"href":"https:\/\/www.stvvalves.com\/de\/wp-json\/wp\/v2\/product_tag?post=7229"}],"curies":[{"name":"wp","href":"https:\/\/api.w.org\/{rel}","templated":true}]}}