{"id":7280,"date":"2024-04-20T00:06:07","date_gmt":"2024-04-19T16:06:07","guid":{"rendered":"https:\/\/www.stvvalves.com\/?post_type=product&#038;p=7280"},"modified":"2025-02-17T17:50:30","modified_gmt":"2025-02-17T09:50:30","slug":"bolt-bonnet-gate-valve-600lb-16-inch-api-600-flanged-end","status":"publish","type":"product","link":"https:\/\/www.stvvalves.com\/de\/products\/bolt-bonnet-gate-valve-600lb-16-inch-api-600-flanged-end\/","title":{"rendered":"Bolt Bonnet Gate Valve 600LB,16 Inch,API 600,Flanged End"},"content":{"rendered":"<p>Absperrschieber aus Stahlguss, Klasse 150\u20131500<br \/>\nOS&amp;Y, steigender Vorbau, flexibler Keil<br \/>\nVerschraubte Motorhaube, mit Gewinde versehener oder geschwei\u00dfter Sitzring<br \/>\nASTM A216 WCB, A217 WC6, A351 CF8, A351 CF8M,<br \/>\nA351 CF3, A351 CF3M, A351 CN7M<\/p>\n<p>Einhaltung von Standards<br \/>\nDesign und Herstellung: ANSIB16.34, API600 API6D, API603, BS1414<br \/>\nVon Angesicht zu Angesicht (Ende zu Ende): ANSIB16.10, API6D<br \/>\nFlanschverbindung: 2\u2033~24\u2033zu ANSIB16.5,22\u2033,26\u2033~36\u2033zu MSS-SP-44 zu API605 auf Anfrage<br \/>\nTest und Inspektion: API598, API6D<br \/>\nStumpfgeschwei\u00dftes Ende: ANSIB16.5<\/p>\n<table>\n<tbody>\n<tr>\n<td width=\"200\"><strong>Produktname<\/strong><\/td>\n<td width=\"481\">Bolt Bonnet Gate Valve 600LB,16 Inch,API 600,Flanged End<\/td>\n<\/tr>\n<tr>\n<td width=\"200\">1. Material<\/td>\n<td width=\"481\">WCB<\/td>\n<\/tr>\n<tr>\n<td width=\"200\">2. Gr\u00f6\u00dfe<\/td>\n<td width=\"481\">3&quot;<\/td>\n<\/tr>\n<tr>\n<td width=\"200\">4. Hafen<\/td>\n<td width=\"481\">Vollst\u00e4ndiger Port<\/td>\n<\/tr>\n<tr>\n<td width=\"200\">5. Arbeitsdruck<\/td>\n<td width=\"481\">600 Pfund<\/td>\n<\/tr>\n<tr>\n<td width=\"200\">6. Verbindung endet<\/td>\n<td width=\"481\">RF<\/td>\n<\/tr>\n<tr>\n<td width=\"200\">7. Arbeitstemperatur.<\/td>\n<td width=\"481\">-29~425 \u00b0C,<\/td>\n<\/tr>\n<tr>\n<td width=\"200\">8. Geeignetes Medium<\/td>\n<td width=\"481\">Wasser, Erdgas, \u00d6l und einige \u00e4tzende Fl\u00fcssigkeiten<\/td>\n<\/tr>\n<tr>\n<td width=\"200\">9. Betrieben<\/td>\n<td width=\"481\">Handrad<\/td>\n<\/tr>\n<tr>\n<td width=\"200\">10. Inspektion und Pr\u00fcfung<\/td>\n<td width=\"481\">Gem\u00e4\u00df API598<\/td>\n<\/tr>\n<tr>\n<td width=\"200\"><strong>Sendung<\/strong><\/td>\n<td width=\"481\"><\/td>\n<\/tr>\n<tr>\n<td width=\"200\">Lieferzeit<\/td>\n<td width=\"481\">30 Tage<\/td>\n<\/tr>\n<tr>\n<td width=\"200\">Paket<\/td>\n<td width=\"481\">Standard-Export-Sperrholzkiste<\/td>\n<\/tr>\n<tr>\n<td width=\"200\">Hafen<\/td>\n<td width=\"481\">Ningbo\/Shanghai, China<\/td>\n<\/tr>\n<tr>\n<td width=\"200\">Versandbedingungen<\/td>\n<td width=\"481\">Exw, FOB, CFR, CIF usw.<\/td>\n<\/tr>\n<tr>\n<td width=\"200\">Zahlungsbedingungen<\/td>\n<td width=\"481\">T\/T, Western Union, PayPal usw.<\/td>\n<\/tr>\n<tr>\n<td width=\"200\"><\/td>\n<td width=\"481\">30% Vorauszahlung, 70% Restbetrag vor dem Versand bezahlt<\/td>\n<\/tr>\n<tr>\n<td width=\"200\">Herkunftsland<\/td>\n<td width=\"481\">Stadt Wenzhou, China<\/td>\n<\/tr>\n<tr>\n<td width=\"200\">Produktionskapazit\u00e4t<\/td>\n<td width=\"481\">6000 Tonnen\/Jahr<\/td>\n<\/tr>\n<tr>\n<td width=\"200\">Mindestbestellmenge<\/td>\n<td width=\"481\">1 St\u00fcck\/Gr\u00f6\u00dfe<\/td>\n<\/tr>\n<\/tbody>\n<\/table>","protected":false},"excerpt":{"rendered":"<p>Model:STV-Z541Y-600LB-16&#8243;-WCB<\/p>\n<p>STV Valve Technology Group Co., Ltd is a professional leader China Cast steel gate valve 600Lb,API 600 Cast Steel Gate Valves,Cast Steel Gate Valve,16 Inch\u00a0Bolt Bonnet Gate Valve Asme B16.34 Class 600 Lb Cast Steel Gate Valve,China Cast Steel Gate Valves Manufacturer with high quality and competitive price.<\/p>\n<p>&nbsp;<\/p>","protected":false},"featured_media":7281,"template":"","meta":[],"product_brand":[],"product_cat":[58,44],"product_tag":[2527,615,613,616,614,617],"class_list":{"0":"post-7280","1":"product","2":"type-product","3":"status-publish","4":"has-post-thumbnail","6":"product_cat-cast-steel-gate-valve","7":"product_cat-gate-valve","8":"product_tag-16-inch-bolt-bonnet-gate-valve","9":"product_tag-api-600-cast-steel-gate-valves","10":"product_tag-asme-b16-34-class-600-lb-cast-steel-gate-valve","11":"product_tag-cast-steel-gate-valve","12":"product_tag-cast-steel-gate-valve-600lb","13":"product_tag-china-cast-steel-gate-valves-manufacturer","15":"first","16":"instock","17":"shipping-taxable","18":"product-type-simple"},"_links":{"self":[{"href":"https:\/\/www.stvvalves.com\/de\/wp-json\/wp\/v2\/product\/7280","targetHints":{"allow":["GET"]}}],"collection":[{"href":"https:\/\/www.stvvalves.com\/de\/wp-json\/wp\/v2\/product"}],"about":[{"href":"https:\/\/www.stvvalves.com\/de\/wp-json\/wp\/v2\/types\/product"}],"wp:featuredmedia":[{"embeddable":true,"href":"https:\/\/www.stvvalves.com\/de\/wp-json\/wp\/v2\/media\/7281"}],"wp:attachment":[{"href":"https:\/\/www.stvvalves.com\/de\/wp-json\/wp\/v2\/media?parent=7280"}],"wp:term":[{"taxonomy":"product_brand","embeddable":true,"href":"https:\/\/www.stvvalves.com\/de\/wp-json\/wp\/v2\/product_brand?post=7280"},{"taxonomy":"product_cat","embeddable":true,"href":"https:\/\/www.stvvalves.com\/de\/wp-json\/wp\/v2\/product_cat?post=7280"},{"taxonomy":"product_tag","embeddable":true,"href":"https:\/\/www.stvvalves.com\/de\/wp-json\/wp\/v2\/product_tag?post=7280"}],"curies":[{"name":"wp","href":"https:\/\/api.w.org\/{rel}","templated":true}]}}