{"id":7309,"date":"2024-04-29T11:40:51","date_gmt":"2024-04-29T03:40:51","guid":{"rendered":"https:\/\/www.stvvalves.com\/?post_type=product&#038;p=7309"},"modified":"2024-12-25T14:55:53","modified_gmt":"2024-12-25T06:55:53","slug":"900lb-cast-steel-gate-valve-12-inch-api600-rf-end","status":"publish","type":"product","link":"https:\/\/www.stvvalves.com\/de\/products\/900lb-cast-steel-gate-valve-12-inch-api600-rf-end\/","title":{"rendered":"900LB Cast Steel Gate Valve,12 Inch,API600,RF End"},"content":{"rendered":"<p>Design und Herstellung: Absperrschieber aus Stahlguss nach API 600 (ISO 10434) und API 6D; Absperrschieber aus Edelstahlguss nach API 603 und API 600<\/p>\n<p>Inspektion und Test: API598, API600 oder API 6D<\/p>\n<p>Endflanschabmessungen: ASME B16.5 (f\u00fcr NPS \u2264 24, ASME B 16.47 Serie B, API 605, ASME B16.47 A-Serie, MSS SP-44 (f\u00fcr NPS &gt; 24)<\/p>\n<p>BW-Endabmessung: ASME B16.25<\/p>\n<p>Face-to-Face und End-to-End: ASME B16.10<\/p>\n<p>Druck-Temperatur-Bewertungen: ASME B16.34<\/p>\n<p>Produktauswahl<\/p>\n<p>Geh\u00e4usematerial: Kohlenstoffstahl, Edelstahl, legierter Stahl<\/p>\n<p>Nenndurchmesser: 2\u2033~36\u2033(DN50~DN900)<\/p>\n<p>Endverbindung: RF, RTJ, BW<\/p>\n<p>Druckbereich: Klasse 150\u2013900 (PN16\u2013PN150).<\/p>\n<p>Arbeitstemperatur: -29\u2103~+560\u2103<\/p>\n<p>Bedienung: Handrad, Getriebe, elektrischer Stellantrieb usw.<\/p>\n<p>&nbsp;<\/p>\n<table>\n<tbody>\n<tr>\n<td width=\"200\"><strong>Produktname<\/strong><\/td>\n<td width=\"481\">900LB Cast Steel Gate Valve,12 Inch,API600,RF End<\/td>\n<\/tr>\n<tr>\n<td width=\"200\">1. Material<\/td>\n<td width=\"481\">WCB<\/td>\n<\/tr>\n<tr>\n<td width=\"200\">2. Gr\u00f6\u00dfe<\/td>\n<td width=\"481\">12&quot;<\/td>\n<\/tr>\n<tr>\n<td width=\"200\">4. Hafen<\/td>\n<td width=\"481\">Vollst\u00e4ndiger Port<\/td>\n<\/tr>\n<tr>\n<td width=\"200\">5. Arbeitsdruck<\/td>\n<td width=\"481\">900 Pfund<\/td>\n<\/tr>\n<tr>\n<td width=\"200\">6. Verbindung endet<\/td>\n<td width=\"481\">RF<\/td>\n<\/tr>\n<tr>\n<td width=\"200\">7. Arbeitstemperatur.<\/td>\n<td width=\"481\">-29~425 \u00b0C,<\/td>\n<\/tr>\n<tr>\n<td width=\"200\">8. Geeignetes Medium<\/td>\n<td width=\"481\">Wasser, Erdgas, \u00d6l und einige \u00e4tzende Fl\u00fcssigkeiten<\/td>\n<\/tr>\n<tr>\n<td width=\"200\">9. Betrieben<\/td>\n<td width=\"481\">Getriebe<\/td>\n<\/tr>\n<tr>\n<td width=\"200\">10. Inspektion und Pr\u00fcfung<\/td>\n<td width=\"481\">Gem\u00e4\u00df API598<\/td>\n<\/tr>\n<tr>\n<td width=\"200\"><strong>Sendung<\/strong><\/td>\n<td width=\"481\"><\/td>\n<\/tr>\n<tr>\n<td width=\"200\">Lieferzeit<\/td>\n<td width=\"481\">30 Tage<\/td>\n<\/tr>\n<tr>\n<td width=\"200\">Paket<\/td>\n<td width=\"481\">Standard-Export-Sperrholzkiste<\/td>\n<\/tr>\n<tr>\n<td width=\"200\">Hafen<\/td>\n<td width=\"481\">Ningbo\/Shanghai, China<\/td>\n<\/tr>\n<tr>\n<td width=\"200\">Versandbedingungen<\/td>\n<td width=\"481\">Exw, FOB, CFR, CIF usw.<\/td>\n<\/tr>\n<tr>\n<td width=\"200\">Zahlungsbedingungen<\/td>\n<td width=\"481\">T\/T, Western Union, PayPal usw.<\/td>\n<\/tr>\n<tr>\n<td width=\"200\"><\/td>\n<td width=\"481\">30% Vorauszahlung, 70% Restbetrag vor dem Versand bezahlt<\/td>\n<\/tr>\n<tr>\n<td width=\"200\">Herkunftsland<\/td>\n<td width=\"481\">Stadt Wenzhou, China<\/td>\n<\/tr>\n<tr>\n<td width=\"200\">Produktionskapazit\u00e4t<\/td>\n<td width=\"481\">6000 Tonnen\/Jahr<\/td>\n<\/tr>\n<tr>\n<td width=\"200\">Mindestbestellmenge<\/td>\n<td width=\"481\">1 St\u00fcck\/Gr\u00f6\u00dfe<\/td>\n<\/tr>\n<\/tbody>\n<\/table>","protected":false},"excerpt":{"rendered":"<p>Model:STV-Z541Y-900LB-WCB-12Inch<\/p>\n<p>Der Flanschschieber API 600 hat einen geringen Fl\u00fcssigkeitswiderstand, eine geringe Erosion der Dichtfl\u00e4che, keine \u00c4nderung der Str\u00f6mungsrichtung des Mediums, keine St\u00f6rung, einen geringen Druckabfall, ein kleines \u00d6ffnungs- und Schlie\u00dfdrehmoment, eine kurze Strukturl\u00e4nge, eine gute Prozessleistung, einen anwendbaren Druck und einen gro\u00dfen Temperaturbereich. usw. Die Bewegungsrichtung des \u00d6ffnungs- und Schlie\u00dforgans ist senkrecht zur Str\u00f6mungsrichtung des Mediums (nicht bei der Drosselklappe). Es ist das gebr\u00e4uchlichste Absperrventil, das zum Absperren oder Einschalten des Mediums in der Rohrleitung verwendet wird.<\/p>\n<p>STV Valve Technology Group Co., Ltd is a professional leader China 900LB Cast Steel Gate Valve,12 Inch Cast Steel Gate Valve,API600 Cast Steel Gate Valve,RF End Cast Steel Gate Valve \u00a0Manufacturer with high quality and competitive price.<\/p>\n<p>F\u00fcr weitere Materialien und Details wenden Sie sich bitte an sales@stvvalve.com.<\/p>\n<p>&nbsp;<\/p>","protected":false},"featured_media":7310,"template":"","meta":[],"product_brand":[],"product_cat":[58,44],"product_tag":[2562,2563,2561,2564],"class_list":{"0":"post-7309","1":"product","2":"type-product","3":"status-publish","4":"has-post-thumbnail","6":"product_cat-cast-steel-gate-valve","7":"product_cat-gate-valve","8":"product_tag-12-inch-cast-steel-gate-valve","9":"product_tag-api600-cast-steel-gate-valve","10":"product_tag-china-900lb-cast-steel-gate-valve","11":"product_tag-rf-end-cast-steel-gate-valve-manufacturer","13":"first","14":"instock","15":"shipping-taxable","16":"product-type-simple"},"_links":{"self":[{"href":"https:\/\/www.stvvalves.com\/de\/wp-json\/wp\/v2\/product\/7309","targetHints":{"allow":["GET"]}}],"collection":[{"href":"https:\/\/www.stvvalves.com\/de\/wp-json\/wp\/v2\/product"}],"about":[{"href":"https:\/\/www.stvvalves.com\/de\/wp-json\/wp\/v2\/types\/product"}],"wp:featuredmedia":[{"embeddable":true,"href":"https:\/\/www.stvvalves.com\/de\/wp-json\/wp\/v2\/media\/7310"}],"wp:attachment":[{"href":"https:\/\/www.stvvalves.com\/de\/wp-json\/wp\/v2\/media?parent=7309"}],"wp:term":[{"taxonomy":"product_brand","embeddable":true,"href":"https:\/\/www.stvvalves.com\/de\/wp-json\/wp\/v2\/product_brand?post=7309"},{"taxonomy":"product_cat","embeddable":true,"href":"https:\/\/www.stvvalves.com\/de\/wp-json\/wp\/v2\/product_cat?post=7309"},{"taxonomy":"product_tag","embeddable":true,"href":"https:\/\/www.stvvalves.com\/de\/wp-json\/wp\/v2\/product_tag?post=7309"}],"curies":[{"name":"wp","href":"https:\/\/api.w.org\/{rel}","templated":true}]}}