{"id":7318,"date":"2024-04-30T11:45:15","date_gmt":"2024-04-30T03:45:15","guid":{"rendered":"https:\/\/www.stvvalves.com\/?post_type=product&#038;p=7318"},"modified":"2025-02-17T17:50:10","modified_gmt":"2025-02-17T09:50:10","slug":"24-inch-flange-butterfly-valve-di-body-304-disc-epdm-seat","status":"publish","type":"product","link":"https:\/\/www.stvvalves.com\/de\/products\/24-inch-flange-butterfly-valve-di-body-304-disc-epdm-seat\/","title":{"rendered":"24 Inch Flange Butterfly Valve ,DI Body,304 Disc,EPDM Seat"},"content":{"rendered":"<p>Die Absperrklappe mit elastischem Sitz ist eine Doppelflanschkonstruktion, die f\u00fcr den Dead-End-Betrieb verwendet werden kann. Diese Absperrklappenserie verf\u00fcgt \u00fcber viele der Konstruktionsmerkmale und Vorteile, wie z. B. hohe Cv-Werte, minimale Teile, die den Leitungsmedien ausgesetzt sind, h\u00f6here Zuverl\u00e4ssigkeit und eine nachweislich lange Lebensdauer. Ein wesentlicher Designvorteil dieser Ventilproduktlinien ist die internationale Kompatibilit\u00e4t.<\/p>\n<p>Hauptparameterspezifikation<\/p>\n<p>Design und Herstellung: API 609<\/p>\n<p>Face-to-Face-Abmessungen: API609, ISO5752, ASME B16.10<\/p>\n<p>Abmessungen der Flanschverbindung: ASME B16.5, ASME B16.47<\/p>\n<p>Test und Inspektion: API 598<\/p>\n<p>Druck-Temperatur-Bewertung: API 609, ASME B16.34<br \/>\nProduktauswahl<\/p>\n<p>Geh\u00e4usematerial: Gusseisen, Gussstahl, Edelstahl, Monel<br \/>\nScheibenmaterial: Sph\u00e4roguss, Kohlenstoffstahl, Edelstahl, AL-Bronze<\/p>\n<p>Nenndurchmesser: 2\u2033\uff5e120\u2033\uff08DN50~DN3000\uff09<\/p>\n<p>Endverbindung: Doppelflansch, Wafer, Kabelschuh usw<\/p>\n<p>Druckbereich: Klasse 150 ~ 600 (PN16 ~ PN100)<\/p>\n<p>Arbeitstemperatur: -46\u2103 ~ +550\u2103<\/p>\n<p>Bedienung: Griff, Getriebe, elektrischer Antrieb usw<\/p>\n<table>\n<tbody>\n<tr>\n<td width=\"200\"><strong><b>Produktname<\/b><\/strong><\/td>\n<td width=\"481\">24 Inch Flange Butterfly Valve ,DI Body,304 Disc,EPDM Seat<\/td>\n<\/tr>\n<tr>\n<td width=\"200\">1. Material<\/td>\n<td width=\"481\">DI<\/td>\n<\/tr>\n<tr>\n<td width=\"200\">2. Gr\u00f6\u00dfe<\/td>\n<td width=\"481\">24 Zoll<\/td>\n<\/tr>\n<tr>\n<td width=\"200\">4. Hafen<\/td>\n<td width=\"481\">Vollst\u00e4ndiger Port<\/td>\n<\/tr>\n<tr>\n<td width=\"200\">5. Arbeitsdruck<\/td>\n<td width=\"481\">150 Pfund<\/td>\n<\/tr>\n<tr>\n<td width=\"200\">6. Verbindung endet<\/td>\n<td width=\"481\">Flansch<\/td>\n<\/tr>\n<tr>\n<td width=\"200\">7. Arbeitstemperatur.<\/td>\n<td width=\"481\">-29~120 \u00b0C,<\/td>\n<\/tr>\n<tr>\n<td width=\"200\">8. Geeignetes Medium<\/td>\n<td width=\"481\">Wasser, Erdgas, \u00d6l und einige \u00e4tzende Fl\u00fcssigkeiten<\/td>\n<\/tr>\n<tr>\n<td width=\"200\">9. Betrieben<\/td>\n<td width=\"481\">Getriebe<\/td>\n<\/tr>\n<tr>\n<td width=\"200\">10. Inspektion und Pr\u00fcfung<\/td>\n<td width=\"481\">Gem\u00e4\u00df API 598<\/td>\n<\/tr>\n<tr>\n<td width=\"200\">Sendung<\/td>\n<td width=\"481\"><\/td>\n<\/tr>\n<tr>\n<td width=\"200\">Lieferzeit<\/td>\n<td width=\"481\">30 Tage<\/td>\n<\/tr>\n<tr>\n<td width=\"200\">Paket<\/td>\n<td width=\"481\">Standard-Export-Sperrholzkiste<\/td>\n<\/tr>\n<tr>\n<td width=\"200\">Hafen<\/td>\n<td width=\"481\">Ningbo\/Shanghai, China<\/td>\n<\/tr>\n<tr>\n<td width=\"200\">Versandbedingungen<\/td>\n<td width=\"481\">Exw, FOB, CFR, CIF usw.<\/td>\n<\/tr>\n<tr>\n<td width=\"200\">Zahlungsbedingungen<\/td>\n<td width=\"481\">T\/T, Western Union, PayPal usw.<\/td>\n<\/tr>\n<tr>\n<td width=\"200\"><\/td>\n<td width=\"481\">30% Vorauszahlung, 70% Restbetrag vor dem Versand bezahlt<\/td>\n<\/tr>\n<tr>\n<td width=\"200\">Herkunftsland<\/td>\n<td width=\"481\">Stadt Wenzhou, China<\/td>\n<\/tr>\n<tr>\n<td width=\"200\">Produktionskapazit\u00e4t<\/td>\n<td width=\"481\">6000 Tonnen\/Jahr<\/td>\n<\/tr>\n<tr>\n<td width=\"200\">Mindestbestellmenge<\/td>\n<td width=\"481\">10 St\u00fcck\/Gr\u00f6\u00dfe<\/td>\n<\/tr>\n<\/tbody>\n<\/table>","protected":false},"excerpt":{"rendered":"<p>STV Valve Technology Group Co., Ltd is a professional leader China Butterfly Valve for seawater,flange ductile iron butterfly valve,Epdm Seat Butterfly Valve,304 Disc Butterfly Valve,24 Inch Butterfly Valve,150LB Double Eccentric Butterfly Valve Manufacture with high quality and competitive price.<\/p>","protected":false},"featured_media":7319,"template":"","meta":[],"product_brand":[],"product_cat":[965,972],"product_tag":[2574,2320,2573,2572,1783,1782],"class_list":{"0":"post-7318","1":"product","2":"type-product","3":"status-publish","4":"has-post-thumbnail","6":"product_cat-butterfly-valve","7":"product_cat-flange-butterfly-valve","8":"product_tag-150lb-double-eccentric-butterfly-valve-manufacture","9":"product_tag-24-inch-butterfly-valve","10":"product_tag-304-disc-butterfly-valve","11":"product_tag-china-butterfly-valve-for-seawater","12":"product_tag-epdm-seat-butterfly-valve","13":"product_tag-flange-ductile-iron-butterfly-valve","15":"first","16":"instock","17":"shipping-taxable","18":"product-type-simple"},"_links":{"self":[{"href":"https:\/\/www.stvvalves.com\/de\/wp-json\/wp\/v2\/product\/7318","targetHints":{"allow":["GET"]}}],"collection":[{"href":"https:\/\/www.stvvalves.com\/de\/wp-json\/wp\/v2\/product"}],"about":[{"href":"https:\/\/www.stvvalves.com\/de\/wp-json\/wp\/v2\/types\/product"}],"wp:featuredmedia":[{"embeddable":true,"href":"https:\/\/www.stvvalves.com\/de\/wp-json\/wp\/v2\/media\/7319"}],"wp:attachment":[{"href":"https:\/\/www.stvvalves.com\/de\/wp-json\/wp\/v2\/media?parent=7318"}],"wp:term":[{"taxonomy":"product_brand","embeddable":true,"href":"https:\/\/www.stvvalves.com\/de\/wp-json\/wp\/v2\/product_brand?post=7318"},{"taxonomy":"product_cat","embeddable":true,"href":"https:\/\/www.stvvalves.com\/de\/wp-json\/wp\/v2\/product_cat?post=7318"},{"taxonomy":"product_tag","embeddable":true,"href":"https:\/\/www.stvvalves.com\/de\/wp-json\/wp\/v2\/product_tag?post=7318"}],"curies":[{"name":"wp","href":"https:\/\/api.w.org\/{rel}","templated":true}]}}