{"id":7338,"date":"2024-04-30T21:33:54","date_gmt":"2024-04-30T13:33:54","guid":{"rendered":"https:\/\/www.stvvalves.com\/?post_type=product&#038;p=7338"},"modified":"2024-12-25T14:55:49","modified_gmt":"2024-12-25T06:55:49","slug":"32-inch-api-600-flanged-gate-valve-wcb-ansi-150lb-gear-box-op","status":"publish","type":"product","link":"https:\/\/www.stvvalves.com\/de\/products\/32-inch-api-600-flanged-gate-valve-wcb-ansi-150lb-gear-box-op\/","title":{"rendered":"32 Inch API 600 Flanged Gate Valve, WCB,ANSI 150lb,Gear Box OP"},"content":{"rendered":"<p>Technische Spezifikationen<br \/>\n-Design: ASME 16.34\/ API 6D\/ API 600\/ BS 1414<br \/>\n-Von Angesicht zu Angesicht: ASME B16.10<br \/>\n-Endflansch: ASME B16.5, ASME B16.47<br \/>\n-BW-Ende: ASME B16.25<br \/>\n-Test: API 598\/ API 6D\/ BS 6755<br \/>\n-Spezial: NACE MR-01-75<\/p>\n<p>Design-Merkmale<br \/>\n-OS &amp; Y, steigender Stiel<br \/>\n\u2013 Verschraubte Motorhaube mit Spiraldichtung<br \/>\n-Flexibler Keil<br \/>\n-Auf dem R\u00fccksitz verschwei\u00dft<br \/>\n-Sitzring mit Gewinde oder geschwei\u00dft<br \/>\n-Erneuerbare Sitzringe<br \/>\n-Verl\u00e4ngerte Motorhaube f\u00fcr den kryogenen Einsatz<br \/>\n-Geflanschte oder stumpfgeschwei\u00dfte Enden.<br \/>\n-By Pass auf Anfrage<br \/>\n-Sperrvorrichtung optional<\/p>\n<p>Produktauswahl<br \/>\n-Ventilgr\u00f6\u00dfe:<br \/>\n2\u2033 ~ 48\u2033 (DN50-DN1200)<br \/>\n-Druck:<br \/>\nANSI-Klasse 150~2500 (PN16-PN420)<br \/>\n-Temperatur:<br \/>\n-196 \u00b0C ~ 500 \u00b0C<br \/>\n-K\u00f6rpermaterialien:<br \/>\nKohlenstoffstahl, Edelstahl, legierter Stahl, Duplexstahl<br \/>\n-Besatz (Scheibe\/Vorbau):<br \/>\nKohlenstoffstahl, Edelstahl, Duplexstahl, legierter Stahl<\/p>\n<p>&nbsp;<\/p>\n<table>\n<tbody>\n<tr>\n<td width=\"200\"><strong>Produktname<\/strong><\/td>\n<td width=\"481\">\u00a032 Inch API 600 Carbon Steel Flanged Gate Valve,ANSI 150lb,Gear Box OP<\/td>\n<\/tr>\n<tr>\n<td width=\"200\">1. Material<\/td>\n<td width=\"481\">WCB<\/td>\n<\/tr>\n<tr>\n<td width=\"200\">2. Gr\u00f6\u00dfe<\/td>\n<td width=\"481\">32 Zoll<\/td>\n<\/tr>\n<tr>\n<td width=\"200\">4. Hafen<\/td>\n<td width=\"481\">Vollst\u00e4ndiger Port<\/td>\n<\/tr>\n<tr>\n<td width=\"200\">5. Arbeitsdruck<\/td>\n<td width=\"481\">150 Pfund<\/td>\n<\/tr>\n<tr>\n<td width=\"200\">6. Verbindung endet<\/td>\n<td width=\"481\">RF<\/td>\n<\/tr>\n<tr>\n<td width=\"200\">7. Arbeitstemperatur.<\/td>\n<td width=\"481\">-29~425 \u00b0C,<\/td>\n<\/tr>\n<tr>\n<td width=\"200\">8. Geeignetes Medium<\/td>\n<td width=\"481\">Wasser, Erdgas, \u00d6l und einige \u00e4tzende Fl\u00fcssigkeiten<\/td>\n<\/tr>\n<tr>\n<td width=\"200\">9. Betrieben<\/td>\n<td width=\"481\">Getriebe OP<\/td>\n<\/tr>\n<tr>\n<td width=\"200\">10. Inspektion und Pr\u00fcfung<\/td>\n<td width=\"481\">Gem\u00e4\u00df API598<\/td>\n<\/tr>\n<tr>\n<td width=\"200\"><strong>Sendung<\/strong><\/td>\n<td width=\"481\"><\/td>\n<\/tr>\n<tr>\n<td width=\"200\">Lieferzeit<\/td>\n<td width=\"481\">30 Tage<\/td>\n<\/tr>\n<tr>\n<td width=\"200\">Paket<\/td>\n<td width=\"481\">Standard-Export-Sperrholzkiste<\/td>\n<\/tr>\n<tr>\n<td width=\"200\">Hafen<\/td>\n<td width=\"481\">Ningbo\/Shanghai, China<\/td>\n<\/tr>\n<tr>\n<td width=\"200\">Versandbedingungen<\/td>\n<td width=\"481\">Exw, FOB, CFR, CIF usw.<\/td>\n<\/tr>\n<tr>\n<td width=\"200\">Zahlungsbedingungen<\/td>\n<td width=\"481\">T\/T, Western Union, PayPal usw.<\/td>\n<\/tr>\n<tr>\n<td width=\"200\"><\/td>\n<td width=\"481\">30% Vorauszahlung, 70% Restbetrag vor dem Versand bezahlt<\/td>\n<\/tr>\n<tr>\n<td width=\"200\">Herkunftsland<\/td>\n<td width=\"481\">Stadt Wenzhou, China<\/td>\n<\/tr>\n<tr>\n<td width=\"200\">Produktionskapazit\u00e4t<\/td>\n<td width=\"481\">6000 Tonnen\/Jahr<\/td>\n<\/tr>\n<tr>\n<td width=\"200\">Mindestbestellmenge<\/td>\n<td width=\"481\">1 St\u00fcck\/Gr\u00f6\u00dfe<\/td>\n<\/tr>\n<\/tbody>\n<\/table>","protected":false},"excerpt":{"rendered":"<p>Modell: STV-Z541H-150LB-24\u2033-WCB<br \/>\n24-Zoll-Flanschschieber aus API 600-Kohlenstoffstahl, der sich durch Anheben eines runden oder rechteckigen Schiebers\/Keils aus dem Fl\u00fcssigkeitsweg \u00f6ffnet. Das besondere Merkmal eines Absperrschiebers besteht darin, dass die Dichtfl\u00e4chen zwischen dem Absperrschieber und den Sitzen eben sind. Die Anschnittfl\u00e4chen k\u00f6nnen keilf\u00f6rmig oder parallel sein. Herk\u00f6mmliche Absperrschieber sollten niemals zur Durchflussregulierung verwendet werden, es sei denn, sie sind speziell f\u00fcr diesen Zweck konzipiert. Beim \u00d6ffnen des Absperrschiebers vergr\u00f6\u00dfert sich der Str\u00f6mungsweg auf stark nichtlineare Weise in Bezug auf den \u00d6ffnungsgrad.<\/p>\n<p>STV Valve Technology Group Co., Ltd is a professional leader China Class150 32 inch Carbon Steel Flange Gate Valve,ASTM A216 150LB WCB Gate valve to API 600,astm a216 wcb flanged gate valve, carbon steel wedge gate valve,Flexible Wedge Cast Steel Gate Valve,API 600 Cast Steel Gate Valves,China Flanged Bolted Bonnet Gate Valve Manufacturer with high quality and competitive price.<\/p>\n<p>&nbsp;<\/p>\n<p>&nbsp;<\/p>","protected":false},"featured_media":7339,"template":"","meta":[],"product_brand":[],"product_cat":[58,44],"product_tag":[615,623,624,2598,2597,2599,625],"class_list":{"0":"post-7338","1":"product","2":"type-product","3":"status-publish","4":"has-post-thumbnail","6":"product_cat-cast-steel-gate-valve","7":"product_cat-gate-valve","8":"product_tag-api-600-cast-steel-gate-valves","9":"product_tag-astm-a216-150lb-wcb-gate-valve-to-api-600","10":"product_tag-astm-a216-wcb-flanged-gate-valve","11":"product_tag-carbon-steel-wedge-gate-valve","12":"product_tag-china-class150-32-inch-carbon-steel-flange-gate-valve","13":"product_tag-china-flanged-bolted-bonnet-gate-valve-manufacturer","14":"product_tag-flexible-wedge-cast-steel-gate-valve","16":"first","17":"instock","18":"shipping-taxable","19":"product-type-simple"},"_links":{"self":[{"href":"https:\/\/www.stvvalves.com\/de\/wp-json\/wp\/v2\/product\/7338","targetHints":{"allow":["GET"]}}],"collection":[{"href":"https:\/\/www.stvvalves.com\/de\/wp-json\/wp\/v2\/product"}],"about":[{"href":"https:\/\/www.stvvalves.com\/de\/wp-json\/wp\/v2\/types\/product"}],"wp:featuredmedia":[{"embeddable":true,"href":"https:\/\/www.stvvalves.com\/de\/wp-json\/wp\/v2\/media\/7339"}],"wp:attachment":[{"href":"https:\/\/www.stvvalves.com\/de\/wp-json\/wp\/v2\/media?parent=7338"}],"wp:term":[{"taxonomy":"product_brand","embeddable":true,"href":"https:\/\/www.stvvalves.com\/de\/wp-json\/wp\/v2\/product_brand?post=7338"},{"taxonomy":"product_cat","embeddable":true,"href":"https:\/\/www.stvvalves.com\/de\/wp-json\/wp\/v2\/product_cat?post=7338"},{"taxonomy":"product_tag","embeddable":true,"href":"https:\/\/www.stvvalves.com\/de\/wp-json\/wp\/v2\/product_tag?post=7338"}],"curies":[{"name":"wp","href":"https:\/\/api.w.org\/{rel}","templated":true}]}}