{"id":7357,"date":"2024-05-13T14:13:53","date_gmt":"2024-05-13T06:13:53","guid":{"rendered":"https:\/\/www.stvvalves.com\/?post_type=product&#038;p=7357"},"modified":"2024-12-24T15:35:20","modified_gmt":"2024-12-24T07:35:20","slug":"3pc-high-pressure-ball-valve-600lb-f316-10-8-peek-seat-rf-end","status":"publish","type":"product","link":"https:\/\/www.stvvalves.com\/de\/products\/3pc-high-pressure-ball-valve-600lb-f316-10-8-peek-seat-rf-end\/","title":{"rendered":"3PC high Pressure Ball Valve,600LB,F316,10&#8243;X8&#8243;,PEEK Seat,RF End"},"content":{"rendered":"<h2>Beschreibung<\/h2>\n<p>1. Gr\u00f6\u00dfe: 1\/2\u20132 Zoll (DN15\u2013DN50)<\/p>\n<p>2. Nennleistung: 150~2500LB (PN16~PN420)<\/p>\n<p>3. Geh\u00e4usematerial: A105, F304, F316;LF2;304L;316L;F347;F321<\/p>\n<p>4. Sitz: PTFE, RPTFE<\/p>\n<p>5. F\u00fcr Bohrung und Bohrung reduzieren.<\/p>\n<p>6. Ausblassicherer Schaft<\/p>\n<p>7. ISO5211-Montagepad<\/p>\n<p>8. Wasserwaage, Schneckengetriebe, Stellantrieb<\/p>\n<p>Design confirms: BS 5352 or API 6D<\/p>\n<p>Muffenschwei\u00dfenden:ANSI B16.11;<\/p>\n<p>Schraubenenden:ANSI B 1.20.1;<\/p>\n<p>Stumpfgeschwei\u00dfte Enden:ANSI B16.25;<\/p>\n<p>Flanschenden:ANSI B 16.5;<\/p>\n<p>Test und Inspektion best\u00e4tigen: API598;<\/p>\n<table>\n<tbody>\n<tr>\n<td width=\"200\"><strong>Produktname<\/strong><\/td>\n<td width=\"481\">3PC high Pressure Ball Valve,600LB,F316,10&#8243;X8&#8243;,PEEK Seat,RF End<\/td>\n<\/tr>\n<tr>\n<td width=\"200\">1. Material<\/td>\n<td width=\"481\">F316<\/td>\n<\/tr>\n<tr>\n<td width=\"200\">2. Gr\u00f6\u00dfe<\/td>\n<td width=\"481\">10&#8243;X8&#8243;<\/td>\n<\/tr>\n<tr>\n<td width=\"200\">4. Hafen<\/td>\n<td width=\"481\">Reduzieranschluss<\/td>\n<\/tr>\n<tr>\n<td width=\"200\">5. Arbeitsdruck<\/td>\n<td width=\"481\">600 Pfund<\/td>\n<\/tr>\n<tr>\n<td width=\"200\">6. Verbindung endet<\/td>\n<td width=\"481\">RF<\/td>\n<\/tr>\n<tr>\n<td width=\"200\">7. Arbeitstemperatur.<\/td>\n<td width=\"481\">-29~120 \u00b0C,<\/td>\n<\/tr>\n<tr>\n<td width=\"200\">8. Geeignetes Medium<\/td>\n<td width=\"481\">Wasser, Erdgas, \u00d6l und einige \u00e4tzende Fl\u00fcssigkeiten<\/td>\n<\/tr>\n<tr>\n<td width=\"200\">9. Betrieben<\/td>\n<td width=\"481\">HANDRAD<\/td>\n<\/tr>\n<tr>\n<td width=\"200\">10. Inspektion und Pr\u00fcfung<\/td>\n<td width=\"481\">Gem\u00e4\u00df API 598<\/td>\n<\/tr>\n<tr>\n<td width=\"200\"><strong>Sendung<\/strong><\/td>\n<td width=\"481\"><\/td>\n<\/tr>\n<tr>\n<td width=\"200\">Lieferzeit<\/td>\n<td width=\"481\">30 Tage<\/td>\n<\/tr>\n<tr>\n<td width=\"200\">Paket<\/td>\n<td width=\"481\">Standard-Export-Sperrholzkiste<\/td>\n<\/tr>\n<tr>\n<td width=\"200\">Hafen<\/td>\n<td width=\"481\">Ningbo\/Shanghai, China<\/td>\n<\/tr>\n<tr>\n<td width=\"200\">Versandbedingungen<\/td>\n<td width=\"481\">Exw, FOB, CFR, CIF usw.<\/td>\n<\/tr>\n<tr>\n<td width=\"200\">Zahlungsbedingungen<\/td>\n<td width=\"481\">T\/T, Western Union, PayPal usw.<\/td>\n<\/tr>\n<tr>\n<td width=\"200\"><\/td>\n<td width=\"481\">30% Vorauszahlung, 70% Restbetrag vor dem Versand bezahlt<\/td>\n<\/tr>\n<tr>\n<td width=\"200\">Herkunftsland<\/td>\n<td width=\"481\">Stadt Wenzhou, China<\/td>\n<\/tr>\n<tr>\n<td width=\"200\">Produktionskapazit\u00e4t<\/td>\n<td width=\"481\">6000 Tonnen\/Jahr<\/td>\n<\/tr>\n<tr>\n<td width=\"200\">Mindestbestellmenge<\/td>\n<td width=\"481\">1 St\u00fcck\/Gr\u00f6\u00dfe<\/td>\n<\/tr>\n<\/tbody>\n<\/table>\n<p>&nbsp;<\/p>","protected":false},"excerpt":{"rendered":"<p>STV Valve Technology Group Co., Ltd is China 3PC high Pressure Ball Valve, F316 3PC high Pressure Ball Valve,Reducer 3PC high Pressure Ball Valve,600LB 3PC high Pressure Ball Valve,10 Inch 3PC high Pressure Ball Valve manufacturer with high quality and low price<\/p>","protected":false},"featured_media":7465,"template":"","meta":[],"product_brand":[],"product_cat":[43,55],"product_tag":[2761,2760,2757,2758,2759],"class_list":{"0":"post-7357","1":"product","2":"type-product","3":"status-publish","4":"has-post-thumbnail","6":"product_cat-ball-valve","7":"product_cat-forged-steel-ball-valve","8":"product_tag-10-inch-3pc-high-pressure-ball-valve-manufacturer","9":"product_tag-600lb-3pc-high-pressure-ball-valve","10":"product_tag-china-3pc-high-pressure-ball-valve","11":"product_tag-f316-3pc-high-pressure-ball-valve","12":"product_tag-reducer-3pc-high-pressure-ball-valve","14":"first","15":"instock","16":"shipping-taxable","17":"product-type-simple"},"_links":{"self":[{"href":"https:\/\/www.stvvalves.com\/de\/wp-json\/wp\/v2\/product\/7357","targetHints":{"allow":["GET"]}}],"collection":[{"href":"https:\/\/www.stvvalves.com\/de\/wp-json\/wp\/v2\/product"}],"about":[{"href":"https:\/\/www.stvvalves.com\/de\/wp-json\/wp\/v2\/types\/product"}],"wp:featuredmedia":[{"embeddable":true,"href":"https:\/\/www.stvvalves.com\/de\/wp-json\/wp\/v2\/media\/7465"}],"wp:attachment":[{"href":"https:\/\/www.stvvalves.com\/de\/wp-json\/wp\/v2\/media?parent=7357"}],"wp:term":[{"taxonomy":"product_brand","embeddable":true,"href":"https:\/\/www.stvvalves.com\/de\/wp-json\/wp\/v2\/product_brand?post=7357"},{"taxonomy":"product_cat","embeddable":true,"href":"https:\/\/www.stvvalves.com\/de\/wp-json\/wp\/v2\/product_cat?post=7357"},{"taxonomy":"product_tag","embeddable":true,"href":"https:\/\/www.stvvalves.com\/de\/wp-json\/wp\/v2\/product_tag?post=7357"}],"curies":[{"name":"wp","href":"https:\/\/api.w.org\/{rel}","templated":true}]}}