{"id":7390,"date":"2024-05-22T16:15:55","date_gmt":"2024-05-22T08:15:55","guid":{"rendered":"https:\/\/www.stvvalves.com\/?post_type=product&#038;p=7390"},"modified":"2024-05-22T16:22:02","modified_gmt":"2024-05-22T08:22:02","slug":"2500lb-pressure-seal-gate-valve-f304l-1-inch-bw-end","status":"publish","type":"product","link":"https:\/\/www.stvvalves.com\/de\/products\/2500lb-pressure-seal-gate-valve-f304l-1-inch-bw-end\/","title":{"rendered":"2500LB Pressure Seal Gate Valve,F304L,1 Inch,BW End"},"content":{"rendered":"<p>Design-Merkmale<br \/>\n1. Voller Port oder konventioneller Port<br \/>\n2. Au\u00dfenschraube und Joch (OS&amp;Y)<br \/>\n3. Zweiteilige selbstausrichtende Stopfbuchse<br \/>\n4. Verschraubte Motorhaube mit Spiraldichtung, geschwei\u00dfte Motorhaube mit Gewinde und Dichtung oder Motorhaube mit Gewinde und Druckdichtung<br \/>\n5. Integrierter R\u00fccksitz<br \/>\n6.Available in ANSI 150-2500LB, sizes: 1\/4\u2033 to 4\u2033.<br \/>\n7.Materialien: A105N, LF2, F304, F316, F11, F22, F5, F91, legierter Stahl usw.<br \/>\n8. Temperaturbereich: 0 \u00b0C bis 600 \u00b0C.<br \/>\n9.Port: Reduzierer-Port und Voll-Port.<br \/>\n10.Endverbindung: NPT, BW, SW, RF, RTJ.<\/p>\n<table>\n<tbody>\n<tr>\n<td width=\"200\"><strong><b>Produktname<\/b><\/strong><\/td>\n<td width=\"481\">2500LB Pressure Seal Gate Valve,F304L,1 Inch,BW End<\/td>\n<\/tr>\n<tr>\n<td width=\"200\">1. Material<\/td>\n<td width=\"481\">F304L<\/td>\n<\/tr>\n<tr>\n<td width=\"200\">2. Gr\u00f6\u00dfe<\/td>\n<td width=\"481\">1&quot;<\/td>\n<\/tr>\n<tr>\n<td width=\"200\">4. Hafen<\/td>\n<td width=\"481\">Reduzieranschluss<\/td>\n<\/tr>\n<tr>\n<td width=\"200\">5. Arbeitsdruck<\/td>\n<td width=\"481\">2500 Pfund<\/td>\n<\/tr>\n<tr>\n<td width=\"200\">6. Verbindung endet<\/td>\n<td width=\"481\">Muffenschwei\u00dfende<\/td>\n<\/tr>\n<tr>\n<td width=\"200\">7. Arbeitstemperatur.<\/td>\n<td width=\"481\">-29~425 \u00b0C,<\/td>\n<\/tr>\n<tr>\n<td width=\"200\">8. Geeignetes Medium<\/td>\n<td width=\"481\">Wasser, Erdgas, \u00d6l und einige \u00e4tzende Fl\u00fcssigkeiten<\/td>\n<\/tr>\n<tr>\n<td width=\"200\">9. Betrieben<\/td>\n<td width=\"481\">Handrad<\/td>\n<\/tr>\n<tr>\n<td width=\"200\">10. Inspektion und Pr\u00fcfung<\/td>\n<td width=\"481\">Gem\u00e4\u00df API 598<\/td>\n<\/tr>\n<tr>\n<td width=\"200\"><strong><b>Sendung<\/b><\/strong><\/td>\n<td width=\"481\"><\/td>\n<\/tr>\n<tr>\n<td width=\"200\">Lieferzeit<\/td>\n<td width=\"481\">30 Tage<\/td>\n<\/tr>\n<tr>\n<td width=\"200\">Paket<\/td>\n<td width=\"481\">Standard-Export-Sperrholzkiste<\/td>\n<\/tr>\n<tr>\n<td width=\"200\">Hafen<\/td>\n<td width=\"481\">Ningbo\/Shanghai, China<\/td>\n<\/tr>\n<tr>\n<td width=\"200\">Versandbedingungen<\/td>\n<td width=\"481\">Exw, FOB, CFR, CIF usw.<\/td>\n<\/tr>\n<tr>\n<td width=\"200\">Zahlungsbedingungen<\/td>\n<td width=\"481\">T\/T, Western Union, PayPal usw.<\/td>\n<\/tr>\n<tr>\n<td width=\"200\"><\/td>\n<td width=\"481\">30% Vorauszahlung, 70% Restbetrag vor dem Versand bezahlt<\/td>\n<\/tr>\n<tr>\n<td width=\"200\">Herkunftsland<\/td>\n<td width=\"481\">Stadt Wenzhou, China<\/td>\n<\/tr>\n<tr>\n<td width=\"200\">Produktionskapazit\u00e4t<\/td>\n<td width=\"481\">6000 Tonnen\/Jahr<\/td>\n<\/tr>\n<tr>\n<td width=\"200\">Mindestbestellmenge<\/td>\n<td width=\"481\">10 St\u00fcck\/Gr\u00f6\u00dfe<\/td>\n<\/tr>\n<\/tbody>\n<\/table>","protected":false},"excerpt":{"rendered":"<p>STV Valve Technology Group Co., Ltd is a professional leader China A105 Gate Valve,2500LB\u00a0 Forged Gate Valve Supplier in china, 1 Inch 2500 LB Gate Valve,\u00a0 API 602 2500 LB Gate Valve, Class 2500 LB Gate Valve,Bolt Bonnet 2500 LB Gate Valve,F304L Forged Gate Valve Manufacturer with high quality and competitive price.<\/p>","protected":false},"featured_media":7391,"template":"","meta":[],"product_brand":[],"product_cat":[44,59],"product_tag":[2646,2511,2513,2647,2649,1590,2648],"class_list":{"0":"post-7390","1":"product","2":"type-product","3":"status-publish","4":"has-post-thumbnail","6":"product_cat-gate-valve","7":"product_cat-forged-steel-gate-valve","8":"product_tag-1-inch-2500-lb-gate-valve","9":"product_tag-2500lb-forged-gate-valve-supplier-in-china","10":"product_tag-api-602-2500-lb-gate-valve","11":"product_tag-bolt-bonnet-2500-lb-gate-valve","12":"product_tag-bw-end-pressure-steel-gate-valves","13":"product_tag-class-2500-lb-gate-valve","14":"product_tag-f304l-forged-gate-valve-manufacturer","16":"first","17":"instock","18":"shipping-taxable","19":"product-type-simple"},"_links":{"self":[{"href":"https:\/\/www.stvvalves.com\/de\/wp-json\/wp\/v2\/product\/7390","targetHints":{"allow":["GET"]}}],"collection":[{"href":"https:\/\/www.stvvalves.com\/de\/wp-json\/wp\/v2\/product"}],"about":[{"href":"https:\/\/www.stvvalves.com\/de\/wp-json\/wp\/v2\/types\/product"}],"wp:featuredmedia":[{"embeddable":true,"href":"https:\/\/www.stvvalves.com\/de\/wp-json\/wp\/v2\/media\/7391"}],"wp:attachment":[{"href":"https:\/\/www.stvvalves.com\/de\/wp-json\/wp\/v2\/media?parent=7390"}],"wp:term":[{"taxonomy":"product_brand","embeddable":true,"href":"https:\/\/www.stvvalves.com\/de\/wp-json\/wp\/v2\/product_brand?post=7390"},{"taxonomy":"product_cat","embeddable":true,"href":"https:\/\/www.stvvalves.com\/de\/wp-json\/wp\/v2\/product_cat?post=7390"},{"taxonomy":"product_tag","embeddable":true,"href":"https:\/\/www.stvvalves.com\/de\/wp-json\/wp\/v2\/product_tag?post=7390"}],"curies":[{"name":"wp","href":"https:\/\/api.w.org\/{rel}","templated":true}]}}