{"id":7412,"date":"2024-05-28T20:10:20","date_gmt":"2024-05-28T12:10:20","guid":{"rendered":"https:\/\/www.stvvalves.com\/?post_type=product&#038;p=7412"},"modified":"2025-03-04T20:51:01","modified_gmt":"2025-03-04T12:51:01","slug":"600lb-cast-steel-ball-valve-2-inch-rf-end","status":"publish","type":"product","link":"https:\/\/www.stvvalves.com\/de\/products\/600lb-cast-steel-ball-valve-2-inch-rf-end\/","title":{"rendered":"600LB Cast Steel Ball Valve,2 Inch,RF End"},"content":{"rendered":"<p>Design und Herstellung: API 6D, ASME B16.34 (BS5351), API 608, MSS-SP-72<\/p>\n<p>Face-to-Face-Abmessungen: ASME B16.10, API 6D<\/p>\n<p>Flanschanschlussma\u00dfe: ASME B 16.5<\/p>\n<p>BW-Anschlussma\u00dfe: ASME B16.25<\/p>\n<p>Test und Inspektion: API 598, API 6D<\/p>\n<p>Brandsicheres Design: API 607\/6FA<\/p>\n<p>Antistatisches Design und Anti-Blow-Out-Stamm<\/p>\n<p>Produktauswahl<\/p>\n<p>Geh\u00e4usematerial: Kohlenstoffstahl, Edelstahl, legierter Stahl<\/p>\n<p>Ausf\u00fchrung mit vollem Durchgang und reduziertem Durchgang<\/p>\n<p>Nenndurchmesser: 1\/2\u2033~10\u2033(DN15~DN250)<\/p>\n<p>Endverbindung: RF, RTJ, BW<\/p>\n<p>Druckbereich: Klasse 150\u2013600 (PN16\u2013PN100).<\/p>\n<p>Arbeitstemperatur: -46\u2103~+200\u2103<\/p>\n<p>Bedienung: Griff, Getriebe, elektrischer Antrieb usw<\/p>\n<p>&nbsp;<\/p>\n<table>\n<tbody>\n<tr>\n<td width=\"200\"><strong>Produktname<\/strong><\/td>\n<td width=\"481\">600LB Cast Steel Ball Valve,2 Inch,RF End<\/td>\n<\/tr>\n<tr>\n<td width=\"200\">1. Material<\/td>\n<td width=\"481\">WCB<\/td>\n<\/tr>\n<tr>\n<td width=\"200\">2. Gr\u00f6\u00dfe<\/td>\n<td width=\"481\">2&quot;<\/td>\n<\/tr>\n<tr>\n<td width=\"200\">4. Hafen<\/td>\n<td width=\"481\">Vollst\u00e4ndiger Port<\/td>\n<\/tr>\n<tr>\n<td width=\"200\">5. Arbeitsdruck<\/td>\n<td width=\"481\">600 Pfund<\/td>\n<\/tr>\n<tr>\n<td width=\"200\">6. Verbindung endet<\/td>\n<td width=\"481\">RF<\/td>\n<\/tr>\n<tr>\n<td width=\"200\">7. Arbeitstemperatur.<\/td>\n<td width=\"481\">-29~120 \u00b0C,<\/td>\n<\/tr>\n<tr>\n<td width=\"200\">8. Geeignetes Medium<\/td>\n<td width=\"481\">Wasser, Erdgas, \u00d6l und einige \u00e4tzende Fl\u00fcssigkeiten<\/td>\n<\/tr>\n<tr>\n<td width=\"200\">9. Betrieben<\/td>\n<td width=\"481\">Handrad<\/td>\n<\/tr>\n<tr>\n<td width=\"200\">10. Inspektion und Pr\u00fcfung<\/td>\n<td width=\"481\">Gem\u00e4\u00df API598<\/td>\n<\/tr>\n<tr>\n<td width=\"200\"><strong>Sendung<\/strong><\/td>\n<td width=\"481\"><\/td>\n<\/tr>\n<tr>\n<td width=\"200\">Lieferzeit<\/td>\n<td width=\"481\">30 Tage<\/td>\n<\/tr>\n<tr>\n<td width=\"200\">Paket<\/td>\n<td width=\"481\">Standard-Export-Sperrholzkiste<\/td>\n<\/tr>\n<tr>\n<td width=\"200\">Hafen<\/td>\n<td width=\"481\">Ningbo\/Shanghai, China<\/td>\n<\/tr>\n<tr>\n<td width=\"200\">Versandbedingungen<\/td>\n<td width=\"481\">Exw, FOB, CFR, CIF usw.<\/td>\n<\/tr>\n<tr>\n<td width=\"200\">Zahlungsbedingungen<\/td>\n<td width=\"481\">T\/T, Western Union, PayPal usw.<\/td>\n<\/tr>\n<tr>\n<td width=\"200\"><\/td>\n<td width=\"481\">30% Vorauszahlung, 70% Restbetrag vor dem Versand bezahlt<\/td>\n<\/tr>\n<tr>\n<td width=\"200\">Herkunftsland<\/td>\n<td width=\"481\">Stadt Wenzhou, China<\/td>\n<\/tr>\n<tr>\n<td width=\"200\">Produktionskapazit\u00e4t<\/td>\n<td width=\"481\">6000 Tonnen\/Jahr<\/td>\n<\/tr>\n<tr>\n<td width=\"200\">Mindestbestellmenge<\/td>\n<td width=\"481\">1 St\u00fcck\/Gr\u00f6\u00dfe<\/td>\n<\/tr>\n<\/tbody>\n<\/table>","protected":false},"excerpt":{"rendered":"<p>Model:Q41F-600LB-WCB-2&#8243;<\/p>\n<p>Our 600LB Cast Steel Floating Ball Valve With ANSI 600# full bore 2 piece Ball Valve. A WCB body and stainless steel 316 ball, with RPTFE seats for High Temperatures.<br \/>\nPrinzip des schwimmenden Kugelhahns aus Stahlguss: Dieser Kugelhahntyp verf\u00fcgt \u00fcber eine schwimmende Kugel, die von zwei Ventilsitzen getragen wird. Durch die Wirkung des mittleren Drucks kann die Kugel selbst eine gewisse Verschiebung erzeugen, um sie am Auslass auf den Sitzdichtring zu dr\u00fccken und so die Dichtheit am Auslass zu gew\u00e4hrleisten.<br \/>\nSchwimmender Kugelhahn wird haupts\u00e4chlich in Mittel- oder Niederdruckanwendungen eingesetzt.<\/p>\n<p>STV Valve Technology Group Co., Ltd is a professional leader China 600LB Cast Steel Floating Ball Valve, Floating Ball Valve,Floating Ball Valves Full Port,Cast Steel Floating Ball Valve,API6D Cast Steel Ball Valve ,2 Inch 600LB Flange End Ball Valve manufacturer with high quality and low price.To learn more about these valve Welcome to contact our sales@stvvalve.com<\/p>\n<p>&nbsp;<\/p>\n<p>&nbsp;<\/p>","protected":false},"featured_media":7413,"template":"","meta":[],"product_brand":[],"product_cat":[43,54,80,78],"product_tag":[2667,2666,530,2665,125,529],"class_list":{"0":"post-7412","1":"product","2":"type-product","3":"status-publish","4":"has-post-thumbnail","6":"product_cat-ball-valve","7":"product_cat-cast-steel-ball-valve","8":"product_cat-flange-ball-valve","9":"product_cat-floating-ball-valve","10":"product_tag-2-inch-600lb-flange-end-ball-valve-manufacturer","11":"product_tag-api6d-cast-steel-ball-valve","12":"product_tag-cast-steel-floating-ball-valve","13":"product_tag-china-600lb-cast-steel-floating-ball-valve","14":"product_tag-floating-ball-valve","15":"product_tag-floating-ball-valves-full-port","17":"first","18":"instock","19":"shipping-taxable","20":"product-type-simple"},"_links":{"self":[{"href":"https:\/\/www.stvvalves.com\/de\/wp-json\/wp\/v2\/product\/7412","targetHints":{"allow":["GET"]}}],"collection":[{"href":"https:\/\/www.stvvalves.com\/de\/wp-json\/wp\/v2\/product"}],"about":[{"href":"https:\/\/www.stvvalves.com\/de\/wp-json\/wp\/v2\/types\/product"}],"wp:featuredmedia":[{"embeddable":true,"href":"https:\/\/www.stvvalves.com\/de\/wp-json\/wp\/v2\/media\/7413"}],"wp:attachment":[{"href":"https:\/\/www.stvvalves.com\/de\/wp-json\/wp\/v2\/media?parent=7412"}],"wp:term":[{"taxonomy":"product_brand","embeddable":true,"href":"https:\/\/www.stvvalves.com\/de\/wp-json\/wp\/v2\/product_brand?post=7412"},{"taxonomy":"product_cat","embeddable":true,"href":"https:\/\/www.stvvalves.com\/de\/wp-json\/wp\/v2\/product_cat?post=7412"},{"taxonomy":"product_tag","embeddable":true,"href":"https:\/\/www.stvvalves.com\/de\/wp-json\/wp\/v2\/product_tag?post=7412"}],"curies":[{"name":"wp","href":"https:\/\/api.w.org\/{rel}","templated":true}]}}