{"id":7415,"date":"2024-05-28T20:26:07","date_gmt":"2024-05-28T12:26:07","guid":{"rendered":"https:\/\/www.stvvalves.com\/?post_type=product&#038;p=7415"},"modified":"2024-12-24T22:46:24","modified_gmt":"2024-12-24T14:46:24","slug":"cast-steel-swing-check-valve-900lb-14-inch-flange-end","status":"publish","type":"product","link":"https:\/\/www.stvvalves.com\/de\/products\/cast-steel-swing-check-valve-900lb-14-inch-flange-end\/","title":{"rendered":"Cast Steel Swing Check Valve 900LB,14 Inch,Flange End"},"content":{"rendered":"<p>Design und Herstellung: BS 1868, ASME B16.34, API 6D<\/p>\n<p>Inspektion und Test: API598, API600 oder API 6D<\/p>\n<p>Endflanschabmessungen: ASME B16.5 (f\u00fcr NPS \u2264 24, ASME B 16.47 Serie B, API 605, ASME B16.47 A-Serie, MSS SP-44 (f\u00fcr NPS &gt; 24)<\/p>\n<p>BW-Endabmessung: ASME B16.25<\/p>\n<p>Face-to-Face und End-to-End: ASME B16.10<\/p>\n<p>Druck-Temperatur-Bewertungen: ASME B16.34<\/p>\n<p>Wandst\u00e4rke: API 600, BS 1868<\/p>\n<p>Produktauswahl<\/p>\n<p>Geh\u00e4usematerial: Kohlenstoffstahl, Edelstahl, legierter Stahl, Bronze<\/p>\n<p>Nenndurchmesser: 1\/2\u2033~48\u2033(DN15~DN1200)<\/p>\n<p>Endverbindung: RF, RTJ, BW<\/p>\n<p>Druckbereich: Klasse 150\u20132500 (PN16\u2013PN420).<\/p>\n<p>Arbeitstemperatur: -196\u2103~+560\u2103<\/p>\n<table style=\"height: 339px;\" width=\"705\">\n<tbody>\n<tr>\n<td>Produktname:<\/td>\n<td>Cast Steel Swing Check Valve 900LB,14 Inch,Flange End<\/td>\n<\/tr>\n<tr>\n<td>Ventilk\u00f6rpermaterial:<\/td>\n<td>WCB<\/td>\n<\/tr>\n<tr>\n<td>Hafen<\/td>\n<td>Vollst\u00e4ndiger Port<\/td>\n<\/tr>\n<tr>\n<td>Mex working pressure:<\/td>\n<td>900 Pfund<\/td>\n<\/tr>\n<tr>\n<td>Max. Arbeitstemperatur:<\/td>\n<td>-29\u2013425 \u00b0C<\/td>\n<\/tr>\n<tr>\n<td>Verf\u00fcgbare Gr\u00f6\u00dfe:<\/td>\n<td>DN50-DN1000<\/td>\n<\/tr>\n<tr>\n<td>Verf\u00fcgbarer Anschluss:<\/td>\n<td>RF, BW, RTJ<\/td>\n<\/tr>\n<tr>\n<td>Standardm\u00e4\u00dfig lieferbar:<\/td>\n<td>ANSI<\/td>\n<\/tr>\n<tr>\n<td>Betrieben:<\/td>\n<td>\/<\/td>\n<\/tr>\n<tr>\n<td>Zertifikat:<\/td>\n<td>ISO, API600, API 6D<\/td>\n<\/tr>\n<tr>\n<td>Geeignetes Medium:<\/td>\n<td>\u00a0Wasser, Dampf, \u00d6l und Erdgas usw.<\/td>\n<\/tr>\n<\/tbody>\n<\/table>","protected":false},"excerpt":{"rendered":"<p>Model:H44H-900LB-14&#8243;<\/p>\n<p>STV Valve Technology Group Co., Ltd is a professional leader China ANSI Swing Check Valve,API 600 Swing Check Valve ,Cast Steel Swing Check Valve,BS1868 Swing Check Valve,14 Inch Flange End Swing Check Valve,Swing Check Valve,WCB Swing Check Valve,900LB Swing Check Valve,cast steel check valve,carbon steel check valve Manufacturer with high quality and competitive price.<\/p>\n<p>&nbsp;<\/p>\n<p>&nbsp;<\/p>","protected":false},"featured_media":7416,"template":"","meta":[],"product_brand":[],"product_cat":[83,46],"product_tag":[2669,2670,338,2340,2671,549,337,2668,152,336],"class_list":{"0":"post-7415","1":"product","2":"type-product","3":"status-publish","4":"has-post-thumbnail","6":"product_cat-cast-steel-check-valve","7":"product_cat-check-valves","8":"product_tag-14-inch-flange-end-swing-check-valve","9":"product_tag-900lb-swing-check-valve","10":"product_tag-api-600-swing-check-valve","11":"product_tag-bs1868-swing-check-valve","12":"product_tag-carbon-steel-check-valve-manufacturer","13":"product_tag-cast-steel-check-valve","14":"product_tag-cast-steel-swing-check-valve","15":"product_tag-china-ansi-swing-check-valve","16":"product_tag-swing-check-valve","17":"product_tag-wcb-swing-check-valve","19":"first","20":"instock","21":"shipping-taxable","22":"product-type-simple"},"_links":{"self":[{"href":"https:\/\/www.stvvalves.com\/de\/wp-json\/wp\/v2\/product\/7415","targetHints":{"allow":["GET"]}}],"collection":[{"href":"https:\/\/www.stvvalves.com\/de\/wp-json\/wp\/v2\/product"}],"about":[{"href":"https:\/\/www.stvvalves.com\/de\/wp-json\/wp\/v2\/types\/product"}],"wp:featuredmedia":[{"embeddable":true,"href":"https:\/\/www.stvvalves.com\/de\/wp-json\/wp\/v2\/media\/7416"}],"wp:attachment":[{"href":"https:\/\/www.stvvalves.com\/de\/wp-json\/wp\/v2\/media?parent=7415"}],"wp:term":[{"taxonomy":"product_brand","embeddable":true,"href":"https:\/\/www.stvvalves.com\/de\/wp-json\/wp\/v2\/product_brand?post=7415"},{"taxonomy":"product_cat","embeddable":true,"href":"https:\/\/www.stvvalves.com\/de\/wp-json\/wp\/v2\/product_cat?post=7415"},{"taxonomy":"product_tag","embeddable":true,"href":"https:\/\/www.stvvalves.com\/de\/wp-json\/wp\/v2\/product_tag?post=7415"}],"curies":[{"name":"wp","href":"https:\/\/api.w.org\/{rel}","templated":true}]}}