{"id":7461,"date":"2024-07-29T06:55:01","date_gmt":"2024-07-28T22:55:01","guid":{"rendered":"https:\/\/www.stvvalves.com\/?post_type=product&#038;p=7461"},"modified":"2025-09-05T10:30:22","modified_gmt":"2025-09-05T02:30:22","slug":"20-inch-swing-check-valve-300lb-wcb-rf-end","status":"publish","type":"product","link":"https:\/\/www.stvvalves.com\/de\/products\/20-inch-swing-check-valve-300lb-wcb-rf-end\/","title":{"rendered":"20 Inch Swing Check Valve,300LB,WCB,RF End"},"content":{"rendered":"<p>Design und Herstellung: BS 1868, ASME B16.34, API 6D<\/p>\n<p>Inspektion und Test: API598, API600 oder API 6D<\/p>\n<p>Endflanschabmessungen: ASME B16.5 (f\u00fcr NPS \u2264 24, ASME B 16.47 Serie B, API 605, ASME B16.47 A-Serie, MSS SP-44 (f\u00fcr NPS &gt; 24)<\/p>\n<p>BW-Endabmessung: ASME B16.25<\/p>\n<p>Face-to-Face und End-to-End: ASME B16.10<\/p>\n<p>Druck-Temperatur-Bewertungen: ASME B16.34<\/p>\n<p>Wandst\u00e4rke: API 600, BS 1868<\/p>\n<p>Produktauswahl<\/p>\n<p>Geh\u00e4usematerial: Kohlenstoffstahl, Edelstahl, legierter Stahl, Bronze<\/p>\n<p>Nenndurchmesser: 1\/2\u2033~48\u2033(DN15~DN1200)<\/p>\n<p>Endverbindung: RF, RTJ, BW<\/p>\n<p>Druckbereich: Klasse 150\u20132500 (PN16\u2013PN420).<\/p>\n<p>Arbeitstemperatur: -196\u2103~+560\u2103<\/p>\n<table>\n<tbody>\n<tr>\n<td width=\"200\"><strong>Produktname<\/strong><\/td>\n<td width=\"481\">20 Inch Swing Check Valve,300LB,WCB,RF End<\/td>\n<\/tr>\n<tr>\n<td width=\"200\">1. Material<\/td>\n<td width=\"481\">WCB<\/td>\n<\/tr>\n<tr>\n<td width=\"200\">2. Gr\u00f6\u00dfe<\/td>\n<td width=\"481\">20&quot;<\/td>\n<\/tr>\n<tr>\n<td width=\"200\">4. Hafen<\/td>\n<td width=\"481\">Vollst\u00e4ndiger Port<\/td>\n<\/tr>\n<tr>\n<td width=\"200\">5. Arbeitsdruck<\/td>\n<td width=\"481\">300 Pfund<\/td>\n<\/tr>\n<tr>\n<td width=\"200\">6. Verbindung endet<\/td>\n<td width=\"481\">RF<\/td>\n<\/tr>\n<tr>\n<td width=\"200\">7. Arbeitstemperatur.<\/td>\n<td width=\"481\">-29~425 \u00b0C,<\/td>\n<\/tr>\n<tr>\n<td width=\"200\">8. Geeignetes Medium<\/td>\n<td width=\"481\">Wasser, Erdgas, \u00d6l und einige \u00e4tzende Fl\u00fcssigkeiten<\/td>\n<\/tr>\n<tr>\n<td width=\"200\">9. Betrieben<\/td>\n<td width=\"481\">Getriebe<\/td>\n<\/tr>\n<tr>\n<td width=\"200\">10. Inspektion und Pr\u00fcfung<\/td>\n<td width=\"481\">Gem\u00e4\u00df API 598<\/td>\n<\/tr>\n<tr>\n<td width=\"200\"><strong>Sendung<\/strong><\/td>\n<td width=\"481\"><\/td>\n<\/tr>\n<tr>\n<td width=\"200\">Lieferzeit<\/td>\n<td width=\"481\">30 Tage<\/td>\n<\/tr>\n<tr>\n<td width=\"200\">Paket<\/td>\n<td width=\"481\">Standard-Export-Sperrholzkiste<\/td>\n<\/tr>\n<tr>\n<td width=\"200\">Hafen<\/td>\n<td width=\"481\">Ningbo\/Shanghai, China<\/td>\n<\/tr>\n<tr>\n<td width=\"200\">Versandbedingungen<\/td>\n<td width=\"481\">Exw, FOB, CFR, CIF usw.<\/td>\n<\/tr>\n<tr>\n<td width=\"200\">Zahlungsbedingungen<\/td>\n<td width=\"481\">T\/T, Western Union, PayPal usw.<\/td>\n<\/tr>\n<tr>\n<td width=\"200\"><\/td>\n<td width=\"481\">30% Vorauszahlung, 70% Restbetrag vor dem Versand bezahlt<\/td>\n<\/tr>\n<tr>\n<td width=\"200\">Herkunftsland<\/td>\n<td width=\"481\">Stadt Wenzhou, China<\/td>\n<\/tr>\n<tr>\n<td width=\"200\">Produktionskapazit\u00e4t<\/td>\n<td width=\"481\">6000 Tonnen\/Jahr<\/td>\n<\/tr>\n<tr>\n<td width=\"200\">Mindestbestellmenge<\/td>\n<td width=\"481\">10 St\u00fcck\/Gr\u00f6\u00dfe<\/td>\n<\/tr>\n<\/tbody>\n<\/table>","protected":false},"excerpt":{"rendered":"<p>STV Valve Technology Group Co., Ltd is a professional leader China Carbon Steel Swing Check Valve ,300LB swing check valve,ANSI swing check valve,WCB swing check valve,cast steel swing check valve,API 600 swing check valve,20 Inch swing check valve,Bolt Bonnet swing check valve, Flanged end swing check valve manufacturer with high quality and competitive price.<\/p>\n<p>&nbsp;<\/p>","protected":false},"featured_media":7462,"template":"","meta":[],"product_brand":[],"product_cat":[83,46],"product_tag":[2753,925,335,338,2232,337,2752,2754,336],"class_list":{"0":"post-7461","1":"product","2":"type-product","3":"status-publish","4":"has-post-thumbnail","6":"product_cat-cast-steel-check-valve","7":"product_cat-check-valves","8":"product_tag-20-inch-swing-check-valve","9":"product_tag-300lb-swing-check-valve","10":"product_tag-ansi-swing-check-valve","11":"product_tag-api-600-swing-check-valve","12":"product_tag-bolt-bonnet-swing-check-valve","13":"product_tag-cast-steel-swing-check-valve","14":"product_tag-china-carbon-steel-swing-check-valve","15":"product_tag-flanged-end-swing-check-valve-manufacturer","16":"product_tag-wcb-swing-check-valve","18":"first","19":"instock","20":"shipping-taxable","21":"product-type-simple"},"_links":{"self":[{"href":"https:\/\/www.stvvalves.com\/de\/wp-json\/wp\/v2\/product\/7461","targetHints":{"allow":["GET"]}}],"collection":[{"href":"https:\/\/www.stvvalves.com\/de\/wp-json\/wp\/v2\/product"}],"about":[{"href":"https:\/\/www.stvvalves.com\/de\/wp-json\/wp\/v2\/types\/product"}],"wp:featuredmedia":[{"embeddable":true,"href":"https:\/\/www.stvvalves.com\/de\/wp-json\/wp\/v2\/media\/7462"}],"wp:attachment":[{"href":"https:\/\/www.stvvalves.com\/de\/wp-json\/wp\/v2\/media?parent=7461"}],"wp:term":[{"taxonomy":"product_brand","embeddable":true,"href":"https:\/\/www.stvvalves.com\/de\/wp-json\/wp\/v2\/product_brand?post=7461"},{"taxonomy":"product_cat","embeddable":true,"href":"https:\/\/www.stvvalves.com\/de\/wp-json\/wp\/v2\/product_cat?post=7461"},{"taxonomy":"product_tag","embeddable":true,"href":"https:\/\/www.stvvalves.com\/de\/wp-json\/wp\/v2\/product_tag?post=7461"}],"curies":[{"name":"wp","href":"https:\/\/api.w.org\/{rel}","templated":true}]}}