{"id":7495,"date":"2024-08-05T19:11:05","date_gmt":"2024-08-05T11:11:05","guid":{"rendered":"https:\/\/www.stvvalves.com\/?post_type=product&#038;p=7495"},"modified":"2025-09-05T10:23:30","modified_gmt":"2025-09-05T02:23:30","slug":"1500lb-cf8c-swing-check-valve-8-inch-rtj-end","status":"publish","type":"product","link":"https:\/\/www.stvvalves.com\/de\/products\/1500lb-cf8c-swing-check-valve-8-inch-rtj-end\/","title":{"rendered":"1500LB CF8C Swing Check Valve,8 Inch,RTJ End"},"content":{"rendered":"<h2>Beschreibung<\/h2>\n<p>Products Name: 1500LB CF8C Swing Check Valve,8 Inch,RTJ End<\/p>\n<div class=\"row\">\n<div class=\"col-md-12\">Design: API 6D<br \/>\nK\u00f6rper: CF8C<br \/>\nNominal Size: 8Inch<br \/>\nNominal Class: 1500 LB<br \/>\nEnd Connection: RTJ Ends<br \/>\nVon Angesicht zu Angesicht: ASME B16.10<br \/>\nTest und Inspektion: API 598<\/div>\n<\/div>\n<p>Geh\u00e4usematerial: Titan, Duplex, Hastelloy C276\/B3, Monel, Alloys20, 4A, 5A, C95800, C95500, Monel, Alloy 20, F347, Super Duplex, Inconel usw.<br \/>\nHerstellungsstandards: API, ANSI, BS, DIN, JIS.<br \/>\nVentildruck: 150 LB bis 2500 LB (PN1,6\u201342 MPa).<br \/>\nGr\u00f6\u00dfenbereich des R\u00fcckschlagventils: 1\/2 bis 32 Zoll (DN15 bis DN800).<br \/>\nBetriebstemperatur: von -196 Grad Celsius bis 593 Grad Celsius.<br \/>\nAnschluss: Flansch, stumpfgeschwei\u00dft.<br \/>\nAbmessungen von Angesicht zu Angesicht: ANSI B16.10.<br \/>\nFlanschendma\u00df: ANSI B16.5<br \/>\nStumpfgeschwei\u00dfte Abmessungen: ANSI B16.25<br \/>\nDesign und Herstellung: BS1868<br \/>\nDrucktest: API598<\/p>\n<table>\n<tbody>\n<tr>\n<td width=\"200\"><strong><b>Produktname<\/b><\/strong><\/td>\n<td width=\"481\">1500LB CF8C Swing Check Valve,8 Inch,RTJ End<\/td>\n<\/tr>\n<tr>\n<td width=\"200\">1. Material<\/td>\n<td width=\"481\">CF8C<\/td>\n<\/tr>\n<tr>\n<td width=\"200\">2. Gr\u00f6\u00dfe<\/td>\n<td width=\"481\">8&quot;<\/td>\n<\/tr>\n<tr>\n<td width=\"200\">4. Hafen<\/td>\n<td width=\"481\">Vollst\u00e4ndiger Port<\/td>\n<\/tr>\n<tr>\n<td width=\"200\">5. Arbeitsdruck<\/td>\n<td width=\"481\">1500 Pfund<\/td>\n<\/tr>\n<tr>\n<td width=\"200\">6. Verbindung endet<\/td>\n<td width=\"481\">RTJ<\/td>\n<\/tr>\n<tr>\n<td width=\"200\">7. Arbeitstemperatur.<\/td>\n<td width=\"481\">-29~400 \u00b0C,<\/td>\n<\/tr>\n<tr>\n<td width=\"200\">8. Geeignetes Medium<\/td>\n<td width=\"481\">Wasser, Erdgas, \u00d6l und einige \u00e4tzende Fl\u00fcssigkeiten<\/td>\n<\/tr>\n<tr>\n<td width=\"200\">9. Betrieben<\/td>\n<td width=\"481\">\/<\/td>\n<\/tr>\n<tr>\n<td width=\"200\">10. Inspektion und Pr\u00fcfung<\/td>\n<td width=\"481\">Gem\u00e4\u00df API 598<\/td>\n<\/tr>\n<tr>\n<td width=\"200\"><strong><b>Sendung<\/b><\/strong><\/td>\n<td width=\"481\"><\/td>\n<\/tr>\n<tr>\n<td width=\"200\">Lieferzeit<\/td>\n<td width=\"481\">30 Tage<\/td>\n<\/tr>\n<tr>\n<td width=\"200\">Paket<\/td>\n<td width=\"481\">Standard-Export-Sperrholzkiste<\/td>\n<\/tr>\n<tr>\n<td width=\"200\">Hafen<\/td>\n<td width=\"481\">Ningbo\/Shanghai, China<\/td>\n<\/tr>\n<tr>\n<td width=\"200\">Versandbedingungen<\/td>\n<td width=\"481\">Exw, FOB, CFR, CIF usw.<\/td>\n<\/tr>\n<tr>\n<td width=\"200\">Zahlungsbedingungen<\/td>\n<td width=\"481\">T\/T, Western Union, PayPal usw.<\/td>\n<\/tr>\n<tr>\n<td width=\"200\"><\/td>\n<td width=\"481\">30% Vorauszahlung, 70% Restbetrag vor dem Versand bezahlt<\/td>\n<\/tr>\n<tr>\n<td width=\"200\">Herkunftsland<\/td>\n<td width=\"481\">Stadt Wenzhou, China<\/td>\n<\/tr>\n<tr>\n<td width=\"200\">Produktionskapazit\u00e4t<\/td>\n<td width=\"481\">6000 Tonnen\/Jahr<\/td>\n<\/tr>\n<tr>\n<td width=\"200\">Mindestbestellmenge<\/td>\n<td width=\"481\">10 St\u00fcck\/Gr\u00f6\u00dfe<\/td>\n<\/tr>\n<\/tbody>\n<\/table>","protected":false},"excerpt":{"rendered":"<p>Discover the robust 1500LB CF8C Swing Check Valve designed for optimal performance in high-pressure applications. This 8 inch valve features a reliable RTJ (Ring Type Joint) end, ensuring a secure and leak-proof connection. Ideal for a variety of industrial settings, our swing check valve offers durability and efficiency, providing peace of mind for your piping systems. Explore specifications, installation guidelines, and maintenance tips to maximize the longevity and functionality of your valve.<\/p>\n<p>STV Valve Technology Group Co., Ltd is a professional leader China CF8C Swing Check Valve, Pressure Seal CF8C Swing Check Valve, 8 Inch CF8C Swing Check Valve, CL1500 CF8C Swing Check Valve,Flange End CF8C Swing Check Valve Manufacturer with high quality and competitive price.<\/p>\n<p>F\u00fcr weitere Materialien und Details wenden Sie sich bitte an sales@stvvalve.com.<\/p>","protected":false},"featured_media":7496,"template":"","meta":[],"product_brand":[],"product_cat":[46,67],"product_tag":[2795,1697,2796,2797,2794],"class_list":{"0":"post-7495","1":"product","2":"type-product","3":"status-publish","4":"has-post-thumbnail","6":"product_cat-check-valves","7":"product_cat-stainless-steel-check-valve","8":"product_tag-8-inch-cf8c-swing-check-valve","9":"product_tag-china-cf8c-swing-check-valve","10":"product_tag-cl1500-cf8c-swing-check-valve","11":"product_tag-flange-end-cf8c-swing-check-valve-manufacturer","12":"product_tag-pressure-seal-cf8c-swing-check-valve","14":"first","15":"instock","16":"shipping-taxable","17":"product-type-simple"},"_links":{"self":[{"href":"https:\/\/www.stvvalves.com\/de\/wp-json\/wp\/v2\/product\/7495","targetHints":{"allow":["GET"]}}],"collection":[{"href":"https:\/\/www.stvvalves.com\/de\/wp-json\/wp\/v2\/product"}],"about":[{"href":"https:\/\/www.stvvalves.com\/de\/wp-json\/wp\/v2\/types\/product"}],"wp:featuredmedia":[{"embeddable":true,"href":"https:\/\/www.stvvalves.com\/de\/wp-json\/wp\/v2\/media\/7496"}],"wp:attachment":[{"href":"https:\/\/www.stvvalves.com\/de\/wp-json\/wp\/v2\/media?parent=7495"}],"wp:term":[{"taxonomy":"product_brand","embeddable":true,"href":"https:\/\/www.stvvalves.com\/de\/wp-json\/wp\/v2\/product_brand?post=7495"},{"taxonomy":"product_cat","embeddable":true,"href":"https:\/\/www.stvvalves.com\/de\/wp-json\/wp\/v2\/product_cat?post=7495"},{"taxonomy":"product_tag","embeddable":true,"href":"https:\/\/www.stvvalves.com\/de\/wp-json\/wp\/v2\/product_tag?post=7495"}],"curies":[{"name":"wp","href":"https:\/\/api.w.org\/{rel}","templated":true}]}}