{"id":7499,"date":"2024-08-18T19:28:42","date_gmt":"2024-08-18T11:28:42","guid":{"rendered":"https:\/\/www.stvvalves.com\/?post_type=product&#038;p=7499"},"modified":"2024-12-25T09:25:01","modified_gmt":"2024-12-25T01:25:01","slug":"cf8-swing-check-valve-16-inch-cl300-flange-end","status":"publish","type":"product","link":"https:\/\/www.stvvalves.com\/de\/products\/cf8-swing-check-valve-16-inch-cl300-flange-end\/","title":{"rendered":"CF8 Swing Check Valve,16 Inch,CL300,Flange End"},"content":{"rendered":"<p>Design-Merkmale:<br \/>\nDesignstandard gem\u00e4\u00df: BS1868, ASME B16.34, API 600<br \/>\nAbmessungen von Angesicht zu Angesicht: ANSI B16.10.<br \/>\nFlanschendma\u00df: ANSI B16.5<br \/>\nStumpfgeschwei\u00dfte Abmessungen: ANSI B16.25<br \/>\nDesign und Herstellung: BS1868<br \/>\nDrucktest: API598<\/p>\n<p>Kompakte und vern\u00fcnftige Produktstruktur, zuverl\u00e4ssige Dichtheit und gute Leistung;<\/p>\n<p>Glatter Fl\u00fcssigkeitsdurchgang und geringer Fl\u00fcssigkeitswiderstand;<\/p>\n<p>Schwingscheibe.<\/p>\n<p>Kann mit einem D\u00e4mpfungszylinder oder einer ausgeglichenen Scheibe ausgestattet werden.<\/p>\n<p>Glatter Fl\u00fcssigkeitsdurchgang und geringer Fl\u00fcssigkeitswiderstand.<\/p>\n<p>Produktauswahl<br \/>\nGeh\u00e4usematerial: WCB, A105, LCB, LC3, CF8, CF8M, CF3, CF3M, CF8C, CF10M, CG8M, WC1, WC6, WC9, F11 usw.<\/p>\n<p>Nenndurchmesser: 1\/2\u2033\uff5e60\u2033\uff08DN15~DN1500\uff09<\/p>\n<p>Druckbereich: Klasse 150 bis 2500 (PN10 bis PN420).<\/p>\n<p>Endanschluss: RF, RTJ, BW<\/p>\n<p>Arbeitstemperatur: -196\u2103~+560\u2103<\/p>\n<div>\n<p>&nbsp;<\/p>\n<table>\n<tbody>\n<tr>\n<td width=\"200\"><strong><b>Produktname<\/b><\/strong><\/td>\n<td width=\"481\">CF8 Swing Check Valve,16 Inch,CL300,Flange End<\/td>\n<\/tr>\n<tr>\n<td width=\"200\">1. Material<\/td>\n<td width=\"481\">CF8<\/td>\n<\/tr>\n<tr>\n<td width=\"200\">2. Gr\u00f6\u00dfe<\/td>\n<td width=\"481\">16 Zoll<\/td>\n<\/tr>\n<tr>\n<td width=\"200\">4. Hafen<\/td>\n<td width=\"481\">Vollst\u00e4ndiger Port<\/td>\n<\/tr>\n<tr>\n<td width=\"200\">5. Arbeitsdruck<\/td>\n<td width=\"481\">300 Pfund<\/td>\n<\/tr>\n<tr>\n<td width=\"200\">6. Verbindung endet<\/td>\n<td width=\"481\">RF<\/td>\n<\/tr>\n<tr>\n<td width=\"200\">7. Arbeitstemperatur.<\/td>\n<td width=\"481\">-29~250 \u00b0C,<\/td>\n<\/tr>\n<tr>\n<td width=\"200\">8. Geeignetes Medium<\/td>\n<td width=\"481\">Wasser, Erdgas, \u00d6l und einige \u00e4tzende Fl\u00fcssigkeiten<\/td>\n<\/tr>\n<tr>\n<td width=\"200\">9. Betrieben<\/td>\n<td width=\"481\">\/<\/td>\n<\/tr>\n<tr>\n<td width=\"200\">10. Inspektion und Pr\u00fcfung<\/td>\n<td width=\"481\">Gem\u00e4\u00df API 598<\/td>\n<\/tr>\n<tr>\n<td width=\"200\"><strong><b>Sendung<\/b><\/strong><\/td>\n<td width=\"481\"><\/td>\n<\/tr>\n<tr>\n<td width=\"200\">Lieferzeit<\/td>\n<td width=\"481\">30 Tage<\/td>\n<\/tr>\n<tr>\n<td width=\"200\">Paket<\/td>\n<td width=\"481\">Standard-Export-Sperrholzkiste<\/td>\n<\/tr>\n<tr>\n<td width=\"200\">Hafen<\/td>\n<td width=\"481\">Ningbo\/Shanghai, China<\/td>\n<\/tr>\n<tr>\n<td width=\"200\">Versandbedingungen<\/td>\n<td width=\"481\">Exw, FOB, CFR, CIF usw.<\/td>\n<\/tr>\n<tr>\n<td width=\"200\">Zahlungsbedingungen<\/td>\n<td width=\"481\">T\/T, Western Union, PayPal usw.<\/td>\n<\/tr>\n<tr>\n<td width=\"200\"><\/td>\n<td width=\"481\">30% Vorauszahlung, 70% Restbetrag vor dem Versand bezahlt<\/td>\n<\/tr>\n<tr>\n<td width=\"200\">Herkunftsland<\/td>\n<td width=\"481\">Stadt Wenzhou, China<\/td>\n<\/tr>\n<tr>\n<td width=\"200\">Produktionskapazit\u00e4t<\/td>\n<td width=\"481\">6000 Tonnen\/Jahr<\/td>\n<\/tr>\n<tr>\n<td width=\"200\">Mindestbestellmenge<\/td>\n<td width=\"481\">10 St\u00fcck\/Gr\u00f6\u00dfe<\/td>\n<\/tr>\n<\/tbody>\n<\/table>\n<\/div>","protected":false},"excerpt":{"rendered":"<p>STV Valve Technology Group Co., Ltd is a professional leader China CF8 Swing Check Valve, 16 Inch Swing Check Valve, CL300 Swing Check Valve,Flange End Swing Check Valve,Bolt Bonnet Swing Check Valve Manufacturer with high quality and competitive price.<\/p>\n<p>&nbsp;<\/p>","protected":false},"featured_media":7500,"template":"","meta":[],"product_brand":[],"product_cat":[46,67],"product_tag":[2799,2306,2798,2800,339],"class_list":{"0":"post-7499","1":"product","2":"type-product","3":"status-publish","4":"has-post-thumbnail","6":"product_cat-check-valves","7":"product_cat-stainless-steel-check-valve","8":"product_tag-16-inch-swing-check-valve","9":"product_tag-bolt-bonnet-swing-check-valve-manufacturer","10":"product_tag-china-cf8-swing-check-valve","11":"product_tag-cl300-swing-check-valve","12":"product_tag-flange-end-swing-check-valve","14":"first","15":"instock","16":"shipping-taxable","17":"product-type-simple"},"_links":{"self":[{"href":"https:\/\/www.stvvalves.com\/de\/wp-json\/wp\/v2\/product\/7499","targetHints":{"allow":["GET"]}}],"collection":[{"href":"https:\/\/www.stvvalves.com\/de\/wp-json\/wp\/v2\/product"}],"about":[{"href":"https:\/\/www.stvvalves.com\/de\/wp-json\/wp\/v2\/types\/product"}],"wp:featuredmedia":[{"embeddable":true,"href":"https:\/\/www.stvvalves.com\/de\/wp-json\/wp\/v2\/media\/7500"}],"wp:attachment":[{"href":"https:\/\/www.stvvalves.com\/de\/wp-json\/wp\/v2\/media?parent=7499"}],"wp:term":[{"taxonomy":"product_brand","embeddable":true,"href":"https:\/\/www.stvvalves.com\/de\/wp-json\/wp\/v2\/product_brand?post=7499"},{"taxonomy":"product_cat","embeddable":true,"href":"https:\/\/www.stvvalves.com\/de\/wp-json\/wp\/v2\/product_cat?post=7499"},{"taxonomy":"product_tag","embeddable":true,"href":"https:\/\/www.stvvalves.com\/de\/wp-json\/wp\/v2\/product_tag?post=7499"}],"curies":[{"name":"wp","href":"https:\/\/api.w.org\/{rel}","templated":true}]}}