{"id":7514,"date":"2024-08-20T22:55:50","date_gmt":"2024-08-20T14:55:50","guid":{"rendered":"https:\/\/www.stvvalves.com\/?post_type=product&#038;p=7514"},"modified":"2025-02-18T14:02:06","modified_gmt":"2025-02-18T06:02:06","slug":"900lb-cast-steel-globe-valve-3-inch-5-trim-flange-end","status":"publish","type":"product","link":"https:\/\/www.stvvalves.com\/de\/products\/900lb-cast-steel-globe-valve-3-inch-5-trim-flange-end\/","title":{"rendered":"900LB Cast Steel Globe Valve,3 Inch,5 Trim,Flange End"},"content":{"rendered":"<p>Anschl\u00fcsse: Flansch, Gewinde, Muffenschwei\u00dfen, Stumpfschwei\u00dfen<\/p>\n<p>Druckstufe: PN 1,0 bis 25 MPa, Klasse 150 bis 2500<\/p>\n<p>Gr\u00f6\u00dfe: DN15 bis 200 mm, NPS 1\/4\u2033 bis 20\u2033<\/p>\n<p>Temperatur: -198\u00b0C bis +450\u00b0C<\/p>\n<p>Design und Herstellung: ANSI B16.34, API 600, API 6D, API 603, BS 1414, BS 5352, DIN 3352<\/p>\n<p>Von Angesicht zu Angesicht (Ende zu Ende): ANSI B16.10, API 6D, ASME B16.10, EN 558, DIN 3202<\/p>\n<p>Flanschverbindung: 2\u2033 bis 24\u2033, ANSI B16.5, 26\u2033 bis 36\u2033, MSS-SP-44 bis API605<\/p>\n<p>Pr\u00fcfung und Inspektion: API 598, API 6D, DIN 3230<\/p>\n<p>Stumpfgeschwei\u00dftes Ende: ANSI B16.5<\/p>\n<p><strong>Teile und Materialien:<\/strong><\/p>\n<p>K\u00f6rper: Titan TA1, TA2, TA10, TC4, GR2, GR3, GR5, Duplex-Edelstahl, Super-Duplex-Edelstahl, Legierung<\/p>\n<p>20, CN7M, Hastelloy, Kohlenstoffstahl, WC6, WC9, C5, C12, LCB, CF3M<\/p>\n<p>Oberteil, Tor: Duplex-Edelstahl, Super-Duplex-Edelstahl, Legierung 20, CN7M, Hastelloy, Kohlenstoffstahl, WC6,<\/p>\n<p>WC9, C5, C12, LCB, CF3M, Titan TA1, TA2, TA10, TC4, GR2, GR3, GR5<\/p>\n<p>Besatz: Incoloy 800, Incoloy 800H, Incoloy 825, SS304, SS316, SS304L, SS316L, 13%Cr.Steel, Stellite, Hastelloy,<\/p>\n<p>Legierung 20, Duplex-Edelstahl, Super-Duplex-Edelstahl<\/p>\n<p>Stopfbuchspackung: Graphit, PTFE<\/p>\n<p>Endanschl\u00fcsse: Flansch, Muffenschwei\u00dfung, Stumpfschwei\u00dfung<\/p>\n<p>Bedienung: Handradbet\u00e4tigt, elektrisch bet\u00e4tigt, pneumatisch bet\u00e4tigt<\/p>\n<table>\n<tbody>\n<tr>\n<td width=\"200\"><strong>Produktname<\/strong><\/td>\n<td width=\"481\">900LB Cast Steel Globe Valve,3 Inch,5 Trim,Flange End<\/td>\n<\/tr>\n<tr>\n<td width=\"200\">1. Material<\/td>\n<td width=\"481\">WCB<\/td>\n<\/tr>\n<tr>\n<td width=\"200\">2. Gr\u00f6\u00dfe<\/td>\n<td width=\"481\">3&quot;<\/td>\n<\/tr>\n<tr>\n<td width=\"200\">4. Hafen<\/td>\n<td width=\"481\">Vollst\u00e4ndiger Port<\/td>\n<\/tr>\n<tr>\n<td width=\"200\">5. Arbeitsdruck<\/td>\n<td width=\"481\">900 Pfund<\/td>\n<\/tr>\n<tr>\n<td width=\"200\">6. Verbindung endet<\/td>\n<td width=\"481\">RF<\/td>\n<\/tr>\n<tr>\n<td width=\"200\">7. Arbeitstemperatur.<\/td>\n<td width=\"481\">-29~425 \u00b0C,<\/td>\n<\/tr>\n<tr>\n<td width=\"200\">8. Geeignetes Medium<\/td>\n<td width=\"481\">Wasser, Erdgas, \u00d6l und einige \u00e4tzende Fl\u00fcssigkeiten<\/td>\n<\/tr>\n<tr>\n<td width=\"200\">9. Betrieben<\/td>\n<td width=\"481\">\/<\/td>\n<\/tr>\n<tr>\n<td width=\"200\">10. Inspektion und Pr\u00fcfung<\/td>\n<td width=\"481\">Gem\u00e4\u00df API598<\/td>\n<\/tr>\n<tr>\n<td width=\"200\"><strong>Sendung<\/strong><\/td>\n<td width=\"481\"><\/td>\n<\/tr>\n<tr>\n<td width=\"200\">Lieferzeit<\/td>\n<td width=\"481\">30 Tage<\/td>\n<\/tr>\n<tr>\n<td width=\"200\">Paket<\/td>\n<td width=\"481\">Standard-Export-Sperrholzkiste<\/td>\n<\/tr>\n<tr>\n<td width=\"200\">Hafen<\/td>\n<td width=\"481\">Ningbo\/Shanghai, China<\/td>\n<\/tr>\n<tr>\n<td width=\"200\">Versandbedingungen<\/td>\n<td width=\"481\">Exw, FOB, CFR, CIF usw.<\/td>\n<\/tr>\n<tr>\n<td width=\"200\">Zahlungsbedingungen<\/td>\n<td width=\"481\">T\/T, Western Union, PayPal usw.<\/td>\n<\/tr>\n<tr>\n<td width=\"200\"><\/td>\n<td width=\"481\">30% Vorauszahlung, 70% Restbetrag vor dem Versand bezahlt<\/td>\n<\/tr>\n<tr>\n<td width=\"200\">Herkunftsland<\/td>\n<td width=\"481\">Stadt Wenzhou, China<\/td>\n<\/tr>\n<tr>\n<td width=\"200\">Produktionskapazit\u00e4t<\/td>\n<td width=\"481\">6000 Tonnen\/Jahr<\/td>\n<\/tr>\n<tr>\n<td width=\"200\">Mindestbestellmenge<\/td>\n<td width=\"481\">1 St\u00fcck\/Gr\u00f6\u00dfe<\/td>\n<\/tr>\n<\/tbody>\n<\/table>","protected":false},"excerpt":{"rendered":"<p>STV Valve Technology Group Co., Ltd is a professional leader China 900LB Bolted Bonnet Globe Valves,3 Inch 900LB Globe Valves,900LB Flanged RF Ends Globe Valves,900LB WCB globe valve,BS 1873 900LB Globe Valves,900 LB Globe Valves, API 598 900LB Globe Valves,API 600\u00a0 900LB Globe Valves,cast steel 900LB globe valve,5 trim 900LB Globe valve,carbon steel\u00a0 900LB globe valve Manufacturer with high quality and competitive price.<\/p>\n<p>&nbsp;<\/p>","protected":false},"featured_media":7515,"template":"","meta":[],"product_brand":[],"product_cat":[63,45],"product_tag":[2817,2824,1676,2818,2819,2821,2822,2820,2825,2823,2816],"class_list":{"0":"post-7514","1":"product","2":"type-product","3":"status-publish","4":"has-post-thumbnail","6":"product_cat-cast-steel-globe-valve","7":"product_cat-globe-valve","8":"product_tag-3-inch-900lb-globe-valves","9":"product_tag-5-trim-900lb-globe-valve","10":"product_tag-900-lb-globe-valves","11":"product_tag-900lb-flanged-rf-ends-globe-valves","12":"product_tag-900lb-wcb-globe-valve","13":"product_tag-api-598-900lb-globe-valves","14":"product_tag-api-600-900lb-globe-valves","15":"product_tag-bs-1873-900lb-globe-valves","16":"product_tag-carbon-steel-900lb-globe-valve-manufacturer","17":"product_tag-cast-steel-900lb-globe-valve","18":"product_tag-china-900lb-bolted-bonnet-globe-valves","20":"first","21":"instock","22":"shipping-taxable","23":"product-type-simple"},"_links":{"self":[{"href":"https:\/\/www.stvvalves.com\/de\/wp-json\/wp\/v2\/product\/7514","targetHints":{"allow":["GET"]}}],"collection":[{"href":"https:\/\/www.stvvalves.com\/de\/wp-json\/wp\/v2\/product"}],"about":[{"href":"https:\/\/www.stvvalves.com\/de\/wp-json\/wp\/v2\/types\/product"}],"wp:featuredmedia":[{"embeddable":true,"href":"https:\/\/www.stvvalves.com\/de\/wp-json\/wp\/v2\/media\/7515"}],"wp:attachment":[{"href":"https:\/\/www.stvvalves.com\/de\/wp-json\/wp\/v2\/media?parent=7514"}],"wp:term":[{"taxonomy":"product_brand","embeddable":true,"href":"https:\/\/www.stvvalves.com\/de\/wp-json\/wp\/v2\/product_brand?post=7514"},{"taxonomy":"product_cat","embeddable":true,"href":"https:\/\/www.stvvalves.com\/de\/wp-json\/wp\/v2\/product_cat?post=7514"},{"taxonomy":"product_tag","embeddable":true,"href":"https:\/\/www.stvvalves.com\/de\/wp-json\/wp\/v2\/product_tag?post=7514"}],"curies":[{"name":"wp","href":"https:\/\/api.w.org\/{rel}","templated":true}]}}