{"id":7516,"date":"2024-08-20T23:07:55","date_gmt":"2024-08-20T15:07:55","guid":{"rendered":"https:\/\/www.stvvalves.com\/?post_type=product&#038;p=7516"},"modified":"2024-12-24T15:21:11","modified_gmt":"2024-12-24T07:21:11","slug":"2500lb-cf8c-gate-valve-4-inch-bw-end","status":"publish","type":"product","link":"https:\/\/www.stvvalves.com\/de\/products\/2500lb-cf8c-gate-valve-4-inch-bw-end\/","title":{"rendered":"2500LB CF8C Gate Valve,4 Inch,BW End"},"content":{"rendered":"<p>Design und Herstellung: ANSI B16.34, API 600, API 6D, API 603, BS 1414, BS 5352, DIN 3352<\/p>\n<p>Von Angesicht zu Angesicht (Ende zu Ende): ANSI B16.10, API 6D, ASME B16.10, EN 558, DIN 3202<\/p>\n<p>Flanschverbindung: 2\u2033 bis 24\u2033, ANSI B16.5, 26\u2033 bis 36\u2033, MSS-SP-44 bis API605<\/p>\n<p>Pr\u00fcfung und Inspektion: API 598, API 6D, DIN 3230<\/p>\n<p>Stumpfgeschwei\u00dftes Ende: ANSI B16.5<\/p>\n<p><strong>Teile und Materialien:<\/strong><\/p>\n<p>K\u00f6rper: Titan TA1, TA2, TA10, TC4, GR2, GR3, GR5, Duplex-Edelstahl, Super-Duplex-Edelstahl, Legierung<\/p>\n<p>20, CN7M, Hastelloy, Kohlenstoffstahl, WC6, WC9, C5, C12, LCB, CF3M<\/p>\n<p>Oberteil, Tor: Duplex-Edelstahl, Super-Duplex-Edelstahl, Legierung 20, CN7M, Hastelloy, Kohlenstoffstahl, WC6,<\/p>\n<p>WC9, C5, C12, LCB, CF3M, Titan TA1, TA2, TA10, TC4, GR2, GR3, GR5<\/p>\n<p>Besatz: Incoloy 800, Incoloy 800H, Incoloy 825, SS304, SS316, SS304L, SS316L, 13%Cr.Steel, Stellite, Hastelloy,<\/p>\n<p>Legierung 20, Duplex-Edelstahl, Super-Duplex-Edelstahl<\/p>\n<p>Stopfbuchspackung: Graphit, PTFE<\/p>\n<p>Endanschl\u00fcsse: Flansch, Muffenschwei\u00dfung, Stumpfschwei\u00dfung<\/p>\n<p>Bedienung: Handradbet\u00e4tigt, elektrisch bet\u00e4tigt, pneumatisch bet\u00e4tigt<\/p>\n<table>\n<tbody>\n<tr>\n<td width=\"200\"><strong>Produktname<\/strong><\/td>\n<td width=\"481\">2500LB CF8C Gate Valve,4 Inch,BW End<\/td>\n<\/tr>\n<tr>\n<td width=\"200\">1. Material<\/td>\n<td width=\"481\">CF8C<\/td>\n<\/tr>\n<tr>\n<td width=\"200\">2. Gr\u00f6\u00dfe<\/td>\n<td width=\"481\">4&quot;<\/td>\n<\/tr>\n<tr>\n<td width=\"200\">4. Hafen<\/td>\n<td width=\"481\">Vollst\u00e4ndiger Port<\/td>\n<\/tr>\n<tr>\n<td width=\"200\">5. Arbeitsdruck<\/td>\n<td width=\"481\">2500 Pfund<\/td>\n<\/tr>\n<tr>\n<td width=\"200\">6. Verbindung endet<\/td>\n<td width=\"481\">BW<\/td>\n<\/tr>\n<tr>\n<td width=\"200\">7. Arbeitstemperatur.<\/td>\n<td width=\"481\">-29~425 \u00b0C,<\/td>\n<\/tr>\n<tr>\n<td width=\"200\">8. Geeignetes Medium<\/td>\n<td width=\"481\">Wasser, Erdgas, \u00d6l und einige \u00e4tzende Fl\u00fcssigkeiten<\/td>\n<\/tr>\n<tr>\n<td width=\"200\">9. Betrieben<\/td>\n<td width=\"481\">Getriebe<\/td>\n<\/tr>\n<tr>\n<td width=\"200\">10. Inspektion und Pr\u00fcfung<\/td>\n<td width=\"481\">Gem\u00e4\u00df API598<\/td>\n<\/tr>\n<tr>\n<td width=\"200\"><strong>Sendung<\/strong><\/td>\n<td width=\"481\"><\/td>\n<\/tr>\n<tr>\n<td width=\"200\">Lieferzeit<\/td>\n<td width=\"481\">30 Tage<\/td>\n<\/tr>\n<tr>\n<td width=\"200\">Paket<\/td>\n<td width=\"481\">Standard-Export-Sperrholzkiste<\/td>\n<\/tr>\n<tr>\n<td width=\"200\">Hafen<\/td>\n<td width=\"481\">Ningbo\/Shanghai, China<\/td>\n<\/tr>\n<tr>\n<td width=\"200\">Versandbedingungen<\/td>\n<td width=\"481\">Exw, FOB, CFR, CIF usw.<\/td>\n<\/tr>\n<tr>\n<td width=\"200\">Zahlungsbedingungen<\/td>\n<td width=\"481\">T\/T, Western Union, PayPal usw.<\/td>\n<\/tr>\n<tr>\n<td width=\"200\"><\/td>\n<td width=\"481\">30% Vorauszahlung, 70% Restbetrag vor dem Versand bezahlt<\/td>\n<\/tr>\n<tr>\n<td width=\"200\">Herkunftsland<\/td>\n<td width=\"481\">Stadt Wenzhou, China<\/td>\n<\/tr>\n<tr>\n<td width=\"200\">Produktionskapazit\u00e4t<\/td>\n<td width=\"481\">6000 Tonnen\/Jahr<\/td>\n<\/tr>\n<tr>\n<td width=\"200\">Mindestbestellmenge<\/td>\n<td width=\"481\">1 St\u00fcck\/Gr\u00f6\u00dfe<\/td>\n<\/tr>\n<\/tbody>\n<\/table>","protected":false},"excerpt":{"rendered":"<p>STV Valve Technology Group Co., Ltd is a professional leader 4 Inch 2500LB Gate Valve, API 600\u00a0 2500LB CF8C Gate Valve, ASTM A351 CF8C Gate Valve, 2500LB CF8C Gate Valve, BW End 2500LB CF8C ate Valve,Gear Operator CF8C Gate Valve Manufacturer in China, PSB 2500LB Gate Valve Factory.<\/p>","protected":false},"featured_media":7517,"template":"","meta":[],"product_brand":[],"product_cat":[44,60],"product_tag":[2828,2826,2827,1615,2829,2830,2831],"class_list":{"0":"post-7516","1":"product","2":"type-product","3":"status-publish","4":"has-post-thumbnail","6":"product_cat-gate-valve","7":"product_cat-stainless-steel-gate-valve","8":"product_tag-2500lb-cf8c-gate-valve","9":"product_tag-4-inch-2500lb-gate-valve","10":"product_tag-api-600-2500lb-cf8c-gate-valve","11":"product_tag-astm-a351-cf8c-gate-valve","12":"product_tag-bw-end-2500lb-cf8c-ate-valve","13":"product_tag-gear-operator-cf8c-gate-valve-manufacturer-in-china","14":"product_tag-psb-2500lb-gate-valve-factory","16":"first","17":"instock","18":"shipping-taxable","19":"product-type-simple"},"_links":{"self":[{"href":"https:\/\/www.stvvalves.com\/de\/wp-json\/wp\/v2\/product\/7516","targetHints":{"allow":["GET"]}}],"collection":[{"href":"https:\/\/www.stvvalves.com\/de\/wp-json\/wp\/v2\/product"}],"about":[{"href":"https:\/\/www.stvvalves.com\/de\/wp-json\/wp\/v2\/types\/product"}],"wp:featuredmedia":[{"embeddable":true,"href":"https:\/\/www.stvvalves.com\/de\/wp-json\/wp\/v2\/media\/7517"}],"wp:attachment":[{"href":"https:\/\/www.stvvalves.com\/de\/wp-json\/wp\/v2\/media?parent=7516"}],"wp:term":[{"taxonomy":"product_brand","embeddable":true,"href":"https:\/\/www.stvvalves.com\/de\/wp-json\/wp\/v2\/product_brand?post=7516"},{"taxonomy":"product_cat","embeddable":true,"href":"https:\/\/www.stvvalves.com\/de\/wp-json\/wp\/v2\/product_cat?post=7516"},{"taxonomy":"product_tag","embeddable":true,"href":"https:\/\/www.stvvalves.com\/de\/wp-json\/wp\/v2\/product_tag?post=7516"}],"curies":[{"name":"wp","href":"https:\/\/api.w.org\/{rel}","templated":true}]}}