{"id":7524,"date":"2024-08-22T12:20:04","date_gmt":"2024-08-22T04:20:04","guid":{"rendered":"https:\/\/www.stvvalves.com\/?post_type=product&#038;p=7524"},"modified":"2025-02-17T17:47:51","modified_gmt":"2025-02-17T09:47:51","slug":"300lb-c95800-basket-strainer-12-inch-s31803-screen-40-mesch-rf","status":"publish","type":"product","link":"https:\/\/www.stvvalves.com\/de\/products\/300lb-c95800-basket-strainer-12-inch-s31803-screen-40-mesch-rf\/","title":{"rendered":"300LB C95800 Basket Strainer,12 Inch,S31803 Screen,40 mesch, RF"},"content":{"rendered":"<p>Standards<br \/>\nDesign und Herstellung: API6D und ANSI B16.34<br \/>\nFace-to-Face-Abmessung: ASME B16.10<br \/>\nEndflanschabmessung: ASME B16.5<br \/>\nStumpfgeschwei\u00dfte Abmessungen: ASME B16.25<br \/>\nTest und Inspektion: API598<br \/>\nMaterial: C95800, C95400, C92200, C90500<br \/>\nTemperatur: -196 \u00b0C + 545 \u00b0C. Service: Meerwasser<\/p>\n<p>300LB C95800 Basket Strainer With S31803\u00a0 40 Mesh (mesh size is 40 mesh or 400 micron). Allows a large flow rate with minimal pressure drop. This basket strainer is great for petrochemical or other applications where straining needs to occur with as little as possible pressure drop. Much less than the equivalent size y strainer. All cast steel basket strainers are sand blasted then coated with a heat resistant primer. Designed to ANSI B16.34 with flanges to ANSI B16.5 and tested in accordance with API 598.<\/p>\n<table>\n<tbody>\n<tr>\n<td width=\"200\"><strong>Produktname<\/strong><\/td>\n<td width=\"481\">300LB C95800 Basket Strainer, S31803 Screen,40 mesch, RF<\/td>\n<\/tr>\n<tr>\n<td width=\"200\">1. Material<\/td>\n<td width=\"481\">C95800<\/td>\n<\/tr>\n<tr>\n<td width=\"200\">2. Gr\u00f6\u00dfe<\/td>\n<td width=\"481\">12&quot;<\/td>\n<\/tr>\n<tr>\n<td width=\"200\">4. Hafen<\/td>\n<td width=\"481\">Vollst\u00e4ndiger Port<\/td>\n<\/tr>\n<tr>\n<td width=\"200\">5. Arbeitsdruck<\/td>\n<td width=\"481\">3000lb<\/td>\n<\/tr>\n<tr>\n<td width=\"200\">6. Verbindung endet<\/td>\n<td width=\"481\">RF<\/td>\n<\/tr>\n<tr>\n<td width=\"200\">7. Arbeitstemperatur.<\/td>\n<td width=\"481\">-29~300 \u00b0C,<\/td>\n<\/tr>\n<tr>\n<td width=\"200\">8. Geeignetes Medium<\/td>\n<td width=\"481\">Wasser, Erdgas, \u00d6l und einige \u00e4tzende Fl\u00fcssigkeiten<\/td>\n<\/tr>\n<tr>\n<td width=\"200\">9. Betrieben<\/td>\n<td width=\"481\">\/<\/td>\n<\/tr>\n<tr>\n<td width=\"200\">10. Inspektion und Pr\u00fcfung<\/td>\n<td width=\"481\">Gem\u00e4\u00df API598<\/td>\n<\/tr>\n<tr>\n<td width=\"200\"><strong>Sendung<\/strong><\/td>\n<td width=\"481\"><\/td>\n<\/tr>\n<tr>\n<td width=\"200\">Lieferzeit<\/td>\n<td width=\"481\">30 Tage<\/td>\n<\/tr>\n<tr>\n<td width=\"200\">Paket<\/td>\n<td width=\"481\">Standard-Export-Sperrholzkiste<\/td>\n<\/tr>\n<tr>\n<td width=\"200\">Hafen<\/td>\n<td width=\"481\">Ningbo\/Shanghai, China<\/td>\n<\/tr>\n<tr>\n<td width=\"200\">Versandbedingungen<\/td>\n<td width=\"481\">Exw, FOB, CFR, CIF usw.<\/td>\n<\/tr>\n<tr>\n<td width=\"200\">Zahlungsbedingungen<\/td>\n<td width=\"481\">T\/T, Western Union, PayPal usw.<\/td>\n<\/tr>\n<tr>\n<td width=\"200\"><\/td>\n<td width=\"481\">30% Vorauszahlung, 70% Restbetrag vor dem Versand bezahlt<\/td>\n<\/tr>\n<tr>\n<td width=\"200\">Herkunftsland<\/td>\n<td width=\"481\">Stadt Wenzhou, China<\/td>\n<\/tr>\n<tr>\n<td width=\"200\">Produktionskapazit\u00e4t<\/td>\n<td width=\"481\">6000 Tonnen\/Jahr<\/td>\n<\/tr>\n<tr>\n<td width=\"200\">Mindestbestellmenge<\/td>\n<td width=\"481\">1 St\u00fcck\/Gr\u00f6\u00dfe<\/td>\n<\/tr>\n<\/tbody>\n<\/table>","protected":false},"excerpt":{"rendered":"<p>STV Valve Technology Group Co., Ltd is a professional leader China 300LB Basket Strainer , C95800 Basket Strainer,S31803 Screen Basket Strainer,40 mesch Basket Strainer,12 Inch C95800 Basket Strainer, RF C95800 Basket Strainer, Flanged\u00a0 C95800 Basket Strainer Manufacturer with high quality and competitive price.<\/p>","protected":false},"featured_media":7525,"template":"","meta":[],"product_brand":[],"product_cat":[48,85],"product_tag":[2843,2842,2840,2839,2845,2844,2841],"class_list":{"0":"post-7524","1":"product","2":"type-product","3":"status-publish","4":"has-post-thumbnail","6":"product_cat-y-strainer","7":"product_cat-stainless-steel-y-type-strainer","8":"product_tag-12-inch-c95800-basket-strainer","9":"product_tag-40-mesch-basket-strainer","10":"product_tag-c95800-basket-strainer","11":"product_tag-china-300lb-basket-strainer","12":"product_tag-flanged-c95800-basket-strainer-manufacturer","13":"product_tag-rf-c95800-basket-strainer","14":"product_tag-s31803-screen-basket-strainer","16":"first","17":"instock","18":"shipping-taxable","19":"product-type-simple"},"_links":{"self":[{"href":"https:\/\/www.stvvalves.com\/de\/wp-json\/wp\/v2\/product\/7524","targetHints":{"allow":["GET"]}}],"collection":[{"href":"https:\/\/www.stvvalves.com\/de\/wp-json\/wp\/v2\/product"}],"about":[{"href":"https:\/\/www.stvvalves.com\/de\/wp-json\/wp\/v2\/types\/product"}],"wp:featuredmedia":[{"embeddable":true,"href":"https:\/\/www.stvvalves.com\/de\/wp-json\/wp\/v2\/media\/7525"}],"wp:attachment":[{"href":"https:\/\/www.stvvalves.com\/de\/wp-json\/wp\/v2\/media?parent=7524"}],"wp:term":[{"taxonomy":"product_brand","embeddable":true,"href":"https:\/\/www.stvvalves.com\/de\/wp-json\/wp\/v2\/product_brand?post=7524"},{"taxonomy":"product_cat","embeddable":true,"href":"https:\/\/www.stvvalves.com\/de\/wp-json\/wp\/v2\/product_cat?post=7524"},{"taxonomy":"product_tag","embeddable":true,"href":"https:\/\/www.stvvalves.com\/de\/wp-json\/wp\/v2\/product_tag?post=7524"}],"curies":[{"name":"wp","href":"https:\/\/api.w.org\/{rel}","templated":true}]}}