{"id":7550,"date":"2024-09-01T09:08:39","date_gmt":"2024-09-01T01:08:39","guid":{"rendered":"https:\/\/www.stvvalves.com\/?post_type=product&#038;p=7550"},"modified":"2024-12-24T13:56:11","modified_gmt":"2024-12-24T05:56:11","slug":"astm-a182-f53-gate-valve-1-inch-1500lb-sw-end","status":"publish","type":"product","link":"https:\/\/www.stvvalves.com\/de\/products\/astm-a182-f53-gate-valve-1-inch-1500lb-sw-end\/","title":{"rendered":"ASTM A182 F53 Gate Valve,1 Inch,1500LB,SW End"},"content":{"rendered":"<p>1. Design und Herstellung: API 602<br \/>\n2. Konstruktionen: OS&amp;Y, verschraubte Haube, geschwei\u00dfte Haube und druckversiegelte Haube;<br \/>\n3. Bohrungstyp: Voller Anschluss<br \/>\n4. Size Range: 1\/4\u2033 to 4\u2033.<br \/>\n5. Druckstufen: ANSI 150, 300, 600, 900, 1500 und 2500LBS<br \/>\n6. Endanschl\u00fcsse: Flansch (RF, RTJ)<br \/>\nAndere Enden sind ebenfalls erh\u00e4ltlich: Mit Gewinde (Geschraubt, NPT), Stumpfschwei\u00dfung (BW), Muffenschwei\u00dfung (SW).<br \/>\n7. Materialien verf\u00fcgbar in: A105 (N), LF2, F5, F11, F22, F304, F316, F51, F53 oder gleichwertig;<br \/>\n8. F\u00fcr unterschiedliche Einsatzbedingungen stehen verschiedene Verkleidungsmaterialien zur Verf\u00fcgung<br \/>\n9. NACE MR 0175 auf Anfrage<br \/>\n10.Test und Inspektion: API598<\/p>\n<table>\n<tbody>\n<tr>\n<td width=\"200\"><strong><b>Produktname<\/b><\/strong><\/td>\n<td width=\"481\">ASTM A182 F53 Gate Valve,1 Inch,1500LB,SW End<\/td>\n<\/tr>\n<tr>\n<td width=\"200\">1. Material<\/td>\n<td width=\"481\">\u00a0F53<\/td>\n<\/tr>\n<tr>\n<td width=\"200\">2. Gr\u00f6\u00dfe<\/td>\n<td width=\"481\">1\u2033<\/td>\n<\/tr>\n<tr>\n<td width=\"200\">4. Hafen<\/td>\n<td width=\"481\">Reduzieranschluss<\/td>\n<\/tr>\n<tr>\n<td width=\"200\">5. Arbeitsdruck<\/td>\n<td width=\"481\">1500 Pfund<\/td>\n<\/tr>\n<tr>\n<td width=\"200\">6. Verbindung endet<\/td>\n<td width=\"481\">SW<\/td>\n<\/tr>\n<tr>\n<td width=\"200\">7. Arbeitstemperatur.<\/td>\n<td width=\"481\">-29~600 \u00b0C,<\/td>\n<\/tr>\n<tr>\n<td width=\"200\">8. Geeignetes Medium<\/td>\n<td width=\"481\">Wasser, Erdgas, \u00d6l und einige \u00e4tzende Fl\u00fcssigkeiten<\/td>\n<\/tr>\n<tr>\n<td width=\"200\">9. Betrieben<\/td>\n<td width=\"481\">Handrad<\/td>\n<\/tr>\n<tr>\n<td width=\"200\">10. Inspektion und Pr\u00fcfung<\/td>\n<td width=\"481\">Gem\u00e4\u00df API 598<\/td>\n<\/tr>\n<tr>\n<td width=\"200\"><strong><b>Sendung<\/b><\/strong><\/td>\n<td width=\"481\"><\/td>\n<\/tr>\n<tr>\n<td width=\"200\">Lieferzeit<\/td>\n<td width=\"481\">30 Tage<\/td>\n<\/tr>\n<tr>\n<td width=\"200\">Paket<\/td>\n<td width=\"481\">Standard-Export-Sperrholzkiste<\/td>\n<\/tr>\n<tr>\n<td width=\"200\">Hafen<\/td>\n<td width=\"481\">Ningbo\/Shanghai, China<\/td>\n<\/tr>\n<tr>\n<td width=\"200\">Versandbedingungen<\/td>\n<td width=\"481\">Exw, FOB, CFR, CIF usw.<\/td>\n<\/tr>\n<tr>\n<td width=\"200\">Zahlungsbedingungen<\/td>\n<td width=\"481\">T\/T, Western Union, PayPal usw.<\/td>\n<\/tr>\n<tr>\n<td width=\"200\"><\/td>\n<td width=\"481\">30% Vorauszahlung, 70% Restbetrag vor dem Versand bezahlt<\/td>\n<\/tr>\n<tr>\n<td width=\"200\">Herkunftsland<\/td>\n<td width=\"481\">Stadt Wenzhou, China<\/td>\n<\/tr>\n<tr>\n<td width=\"200\">Produktionskapazit\u00e4t<\/td>\n<td width=\"481\">6000 Tonnen\/Jahr<\/td>\n<\/tr>\n<tr>\n<td width=\"200\">Mindestbestellmenge<\/td>\n<td width=\"481\">10 St\u00fcck\/Gr\u00f6\u00dfe<\/td>\n<\/tr>\n<\/tbody>\n<\/table>","protected":false},"excerpt":{"rendered":"<p>STV Valve Technology Group Co., Ltd is a professional leader China F53 Forged Gate Valve, Small Size F53 Gate Valve, 1 Inch F53 Gate Valve,\u00a0 A182 F53 Gate Valve, API 602 F53 Gate Valve, Class 1500 LB F53 Gate Valve,SW End F53 Gate Valve, PSB F53 Gate Valve Manufacturer with high quality and competitive price.<\/p>","protected":false},"featured_media":7552,"template":"","meta":[],"product_brand":[],"product_cat":[44,59],"product_tag":[2897,2501,2898,2500,2899,2901,2896,2900],"class_list":{"0":"post-7550","1":"product","2":"type-product","3":"status-publish","4":"has-post-thumbnail","6":"product_cat-gate-valve","7":"product_cat-forged-steel-gate-valve","8":"product_tag-1-inch-f53-gate-valve","9":"product_tag-a182-f53-gate-valve","10":"product_tag-api-602-f53-gate-valve","11":"product_tag-china-f53-forged-gate-valve","12":"product_tag-class-1500-lb-f53-gate-valve","13":"product_tag-psb-f53-gate-valve-manufacturer","14":"product_tag-small-size-f53-gate-valve","15":"product_tag-sw-end-f53-gate-valve","17":"first","18":"instock","19":"shipping-taxable","20":"product-type-simple"},"_links":{"self":[{"href":"https:\/\/www.stvvalves.com\/de\/wp-json\/wp\/v2\/product\/7550","targetHints":{"allow":["GET"]}}],"collection":[{"href":"https:\/\/www.stvvalves.com\/de\/wp-json\/wp\/v2\/product"}],"about":[{"href":"https:\/\/www.stvvalves.com\/de\/wp-json\/wp\/v2\/types\/product"}],"wp:featuredmedia":[{"embeddable":true,"href":"https:\/\/www.stvvalves.com\/de\/wp-json\/wp\/v2\/media\/7552"}],"wp:attachment":[{"href":"https:\/\/www.stvvalves.com\/de\/wp-json\/wp\/v2\/media?parent=7550"}],"wp:term":[{"taxonomy":"product_brand","embeddable":true,"href":"https:\/\/www.stvvalves.com\/de\/wp-json\/wp\/v2\/product_brand?post=7550"},{"taxonomy":"product_cat","embeddable":true,"href":"https:\/\/www.stvvalves.com\/de\/wp-json\/wp\/v2\/product_cat?post=7550"},{"taxonomy":"product_tag","embeddable":true,"href":"https:\/\/www.stvvalves.com\/de\/wp-json\/wp\/v2\/product_tag?post=7550"}],"curies":[{"name":"wp","href":"https:\/\/api.w.org\/{rel}","templated":true}]}}