{"id":7560,"date":"2024-09-01T09:41:33","date_gmt":"2024-09-01T01:41:33","guid":{"rendered":"https:\/\/www.stvvalves.com\/?post_type=product&#038;p=7560"},"modified":"2024-12-24T23:08:32","modified_gmt":"2024-12-24T15:08:32","slug":"4a-swing-check-valve-8-inch-cl900-flange-end","status":"publish","type":"product","link":"https:\/\/www.stvvalves.com\/de\/products\/4a-swing-check-valve-8-inch-cl900-flange-end\/","title":{"rendered":"4A Swing Check Valve,8 Inch,CL900,Flange End"},"content":{"rendered":"<p>Design-Merkmale:<br \/>\nDesignstandard gem\u00e4\u00df: BS1868, ASME B16.34, API 600<br \/>\nAbmessungen von Angesicht zu Angesicht: ANSI B16.10.<br \/>\nFlanschendma\u00df: ANSI B16.5<br \/>\nStumpfgeschwei\u00dfte Abmessungen: ANSI B16.25<br \/>\nDesign und Herstellung: BS1868<br \/>\nDrucktest: API598<\/p>\n<p>Kompakte und vern\u00fcnftige Produktstruktur, zuverl\u00e4ssige Dichtheit und gute Leistung;<\/p>\n<p>Glatter Fl\u00fcssigkeitsdurchgang und geringer Fl\u00fcssigkeitswiderstand;<\/p>\n<p>Schwingscheibe.<\/p>\n<p>Kann mit einem D\u00e4mpfungszylinder oder einer ausgeglichenen Scheibe ausgestattet werden.<\/p>\n<p>Glatter Fl\u00fcssigkeitsdurchgang und geringer Fl\u00fcssigkeitswiderstand.<\/p>\n<p>Produktauswahl<br \/>\nBody material: Material: Duplex S31803\u3001Super Duplex S32750\u3001Super Duplex S32760<br \/>\n1A, 2A, 3A, 4A, 5A, 6A, 1B, 1C<br \/>\nCD4MCu, CD4MCuN, CD3MCuN, CE8MN, CD6MN, CD3MN, CE3MN, CD3MWCuN<\/p>\n<p>Druckbereich: Klasse 150 bis 2500 (PN10 bis PN420).<\/p>\n<p>Endanschluss: RF, RTJ, BW<\/p>\n<p>Arbeitstemperatur: -196\u2103~+560\u2103<\/p>\n<div>\n<p>&nbsp;<\/p>\n<table>\n<tbody>\n<tr>\n<td width=\"200\"><strong><b>Produktname<\/b><\/strong><\/td>\n<td width=\"481\">4A Swing Check Valve,8 Inch,CL900,Flange End<\/td>\n<\/tr>\n<tr>\n<td width=\"200\">1. Material<\/td>\n<td width=\"481\">4A<\/td>\n<\/tr>\n<tr>\n<td width=\"200\">2. Gr\u00f6\u00dfe<\/td>\n<td width=\"481\">8&quot;<\/td>\n<\/tr>\n<tr>\n<td width=\"200\">4. Hafen<\/td>\n<td width=\"481\">Vollst\u00e4ndiger Port<\/td>\n<\/tr>\n<tr>\n<td width=\"200\">5. Arbeitsdruck<\/td>\n<td width=\"481\">900 Pfund<\/td>\n<\/tr>\n<tr>\n<td width=\"200\">6. Verbindung endet<\/td>\n<td width=\"481\">RF<\/td>\n<\/tr>\n<tr>\n<td width=\"200\">7. Arbeitstemperatur.<\/td>\n<td width=\"481\">-29~250 \u00b0C,<\/td>\n<\/tr>\n<tr>\n<td width=\"200\">8. Geeignetes Medium<\/td>\n<td width=\"481\">Wasser, Erdgas, \u00d6l und einige \u00e4tzende Fl\u00fcssigkeiten<\/td>\n<\/tr>\n<tr>\n<td width=\"200\">9. Betrieben<\/td>\n<td width=\"481\">\/<\/td>\n<\/tr>\n<tr>\n<td width=\"200\">10. Inspektion und Pr\u00fcfung<\/td>\n<td width=\"481\">Gem\u00e4\u00df API 598<\/td>\n<\/tr>\n<tr>\n<td width=\"200\"><strong><b>Sendung<\/b><\/strong><\/td>\n<td width=\"481\"><\/td>\n<\/tr>\n<tr>\n<td width=\"200\">Lieferzeit<\/td>\n<td width=\"481\">30 Tage<\/td>\n<\/tr>\n<tr>\n<td width=\"200\">Paket<\/td>\n<td width=\"481\">Standard-Export-Sperrholzkiste<\/td>\n<\/tr>\n<tr>\n<td width=\"200\">Hafen<\/td>\n<td width=\"481\">Ningbo\/Shanghai, China<\/td>\n<\/tr>\n<tr>\n<td width=\"200\">Versandbedingungen<\/td>\n<td width=\"481\">Exw, FOB, CFR, CIF usw.<\/td>\n<\/tr>\n<tr>\n<td width=\"200\">Zahlungsbedingungen<\/td>\n<td width=\"481\">T\/T, Western Union, PayPal usw.<\/td>\n<\/tr>\n<tr>\n<td width=\"200\"><\/td>\n<td width=\"481\">30% Vorauszahlung, 70% Restbetrag vor dem Versand bezahlt<\/td>\n<\/tr>\n<tr>\n<td width=\"200\">Herkunftsland<\/td>\n<td width=\"481\">Stadt Wenzhou, China<\/td>\n<\/tr>\n<tr>\n<td width=\"200\">Produktionskapazit\u00e4t<\/td>\n<td width=\"481\">6000 Tonnen\/Jahr<\/td>\n<\/tr>\n<tr>\n<td width=\"200\">Mindestbestellmenge<\/td>\n<td width=\"481\">10 St\u00fcck\/Gr\u00f6\u00dfe<\/td>\n<\/tr>\n<\/tbody>\n<\/table>\n<\/div>","protected":false},"excerpt":{"rendered":"<p>STV Valve Technology Group Co., Ltd is a professional leader China 4A Swing Check Valve, 8 Inch 4A Swing Check Valve, CL900 4A Swing Check Valve,4A Flange End Swing Check Valve,Bolt Bonnet 4A Swing Check Valve Manufacturer with high quality and competitive price.<\/p>\n<p>&nbsp;<\/p>","protected":false},"featured_media":7561,"template":"","meta":[],"product_brand":[],"product_cat":[46,67],"product_tag":[2814,2812,2815,2811,2918],"class_list":{"0":"post-7560","1":"product","2":"type-product","3":"status-publish","4":"has-post-thumbnail","6":"product_cat-check-valves","7":"product_cat-stainless-steel-check-valve","8":"product_tag-4a-flange-end-swing-check-valve","9":"product_tag-8-inch-4a-swing-check-valve","10":"product_tag-bolt-bonnet-4a-swing-check-valve-manufacturer","11":"product_tag-china-4a-swing-check-valve","12":"product_tag-cl900-4a-swing-check-valve","14":"first","15":"instock","16":"shipping-taxable","17":"product-type-simple"},"_links":{"self":[{"href":"https:\/\/www.stvvalves.com\/de\/wp-json\/wp\/v2\/product\/7560","targetHints":{"allow":["GET"]}}],"collection":[{"href":"https:\/\/www.stvvalves.com\/de\/wp-json\/wp\/v2\/product"}],"about":[{"href":"https:\/\/www.stvvalves.com\/de\/wp-json\/wp\/v2\/types\/product"}],"wp:featuredmedia":[{"embeddable":true,"href":"https:\/\/www.stvvalves.com\/de\/wp-json\/wp\/v2\/media\/7561"}],"wp:attachment":[{"href":"https:\/\/www.stvvalves.com\/de\/wp-json\/wp\/v2\/media?parent=7560"}],"wp:term":[{"taxonomy":"product_brand","embeddable":true,"href":"https:\/\/www.stvvalves.com\/de\/wp-json\/wp\/v2\/product_brand?post=7560"},{"taxonomy":"product_cat","embeddable":true,"href":"https:\/\/www.stvvalves.com\/de\/wp-json\/wp\/v2\/product_cat?post=7560"},{"taxonomy":"product_tag","embeddable":true,"href":"https:\/\/www.stvvalves.com\/de\/wp-json\/wp\/v2\/product_tag?post=7560"}],"curies":[{"name":"wp","href":"https:\/\/api.w.org\/{rel}","templated":true}]}}