{"id":7570,"date":"2024-09-01T13:44:12","date_gmt":"2024-09-01T05:44:12","guid":{"rendered":"https:\/\/www.stvvalves.com\/?post_type=product&#038;p=7570"},"modified":"2024-12-24T13:51:26","modified_gmt":"2024-12-24T05:51:26","slug":"1500lb-lift-check-valve-a105-2-inch-rf-end","status":"publish","type":"product","link":"https:\/\/www.stvvalves.com\/de\/products\/1500lb-lift-check-valve-a105-2-inch-rf-end\/","title":{"rendered":"1500LB Lift Check Valve,A105,2 Inch,RF End"},"content":{"rendered":"<p>Design und Herstellung entsprechen BS5351, MSS SP-118<\/p>\n<p>Anschlussenden entsprechen:<\/p>\n<p>1. Die geschwei\u00dften Enden entsprechen ANSI B16.11<\/p>\n<p>2. Schraubenenden entsprechen ANSI B1.20.1<\/p>\n<p>3.Stumpfgeschwei\u00dfte Enden entsprechen ANSI B16.25<\/p>\n<p>4.Flanschenden entsprechen ANSI B16.5<\/p>\n<p>5.Test und Inspektion entsprechen: API 598<\/p>\n<p>Strukturmerkmale:<\/p>\n<p>Verschraubte Motorhaube, geschwei\u00dfte Motorhaube, druckdichte Motorhaube<\/p>\n<p>Geschmiedeter Stahl, Kolben-, Kugel- oder Schwingtyp<\/p>\n<p>Integrierter Geh\u00e4usesitz f\u00fcr Kolben- und Kugelr\u00fcckschlagventile<\/p>\n<p>Getrenntes Sitzringdesign f\u00fcr R\u00fcckschlagventile<\/p>\n<p>Spiralgewickelte Dichtung oder ovale Ringgelenkdichtung<\/p>\n<p>Reduzierter Durchgang oder voller Anschluss,<\/p>\n<p>T-Muster oder Y-Muster,<\/p>\n<p>Produktauswahl<\/p>\n<p>Geh\u00e4usematerial: A105,LF2,F5,F11,F22,304,304L,316,316L,F51,F91,20#,Inconel .Ect<\/p>\n<p>Nenndurchmesser: 1\/2\u2033~2\u2033(DN15~DN50)<\/p>\n<p>Endverbindung: THR, SW, BW, RF, RTJ<\/p>\n<p>Arbeitstemperatur: -196\u2103~+560\u2103<\/p>\n<p>&nbsp;<\/p>\n<table>\n<tbody>\n<tr>\n<td width=\"200\"><strong>Produktname<\/strong><\/td>\n<td width=\"481\">1500LB Lift Check Valve,A105,2 Inch,RF End<\/td>\n<\/tr>\n<tr>\n<td width=\"200\">1. Material<\/td>\n<td width=\"481\">A105<\/td>\n<\/tr>\n<tr>\n<td width=\"200\">2. Gr\u00f6\u00dfe<\/td>\n<td width=\"481\">2&quot;<\/td>\n<\/tr>\n<tr>\n<td width=\"200\">4. Hafen<\/td>\n<td width=\"481\">Reduzieranschluss<\/td>\n<\/tr>\n<tr>\n<td width=\"200\">5. Arbeitsdruck<\/td>\n<td width=\"481\">1500 Pfund<\/td>\n<\/tr>\n<tr>\n<td width=\"200\">6. Verbindung endet<\/td>\n<td width=\"481\">RF<\/td>\n<\/tr>\n<tr>\n<td width=\"200\">7. Arbeitstemperatur.<\/td>\n<td width=\"481\">-29~425 \u00b0C,<\/td>\n<\/tr>\n<tr>\n<td width=\"200\">8. Geeignetes Medium<\/td>\n<td width=\"481\">Wasser, Erdgas, \u00d6l und einige \u00e4tzende Fl\u00fcssigkeiten<\/td>\n<\/tr>\n<tr>\n<td width=\"200\">9. Betrieben<\/td>\n<td width=\"481\">\/<\/td>\n<\/tr>\n<tr>\n<td width=\"200\">10. Inspektion und Pr\u00fcfung<\/td>\n<td width=\"481\">Gem\u00e4\u00df API598<\/td>\n<\/tr>\n<tr>\n<td width=\"200\"><strong>Sendung<\/strong><\/td>\n<td width=\"481\"><\/td>\n<\/tr>\n<tr>\n<td width=\"200\">Lieferzeit<\/td>\n<td width=\"481\">30 Tage<\/td>\n<\/tr>\n<tr>\n<td width=\"200\">Paket<\/td>\n<td width=\"481\">Standard-Export-Sperrholzkiste<\/td>\n<\/tr>\n<tr>\n<td width=\"200\">Hafen<\/td>\n<td width=\"481\">Ningbo\/Shanghai, China<\/td>\n<\/tr>\n<tr>\n<td width=\"200\">Versandbedingungen<\/td>\n<td width=\"481\">Exw, FOB, CFR, CIF usw.<\/td>\n<\/tr>\n<tr>\n<td width=\"200\">Zahlungsbedingungen<\/td>\n<td width=\"481\">T\/T, Western Union, PayPal usw.<\/td>\n<\/tr>\n<tr>\n<td width=\"200\"><\/td>\n<td width=\"481\">30% Vorauszahlung, 70% Restbetrag vor dem Versand bezahlt<\/td>\n<\/tr>\n<tr>\n<td width=\"200\">Herkunftsland<\/td>\n<td width=\"481\">Stadt Wenzhou, China<\/td>\n<\/tr>\n<tr>\n<td width=\"200\">Produktionskapazit\u00e4t<\/td>\n<td width=\"481\">6000 Tonnen\/Jahr<\/td>\n<\/tr>\n<tr>\n<td width=\"200\">Mindestbestellmenge<\/td>\n<td width=\"481\">1 St\u00fcck\/Gr\u00f6\u00dfe<\/td>\n<\/tr>\n<\/tbody>\n<\/table>","protected":false},"excerpt":{"rendered":"<p>STV Valve Technology Group Co., Ltd is a professional leader\u00a0 China A105 1500LB Lift Check Valve,Pressure Seal Lift Check Valve , 2 Inch\u00a0 Lift Check Valve,\u00a0 API 602 Lift Check Valve, 1500LB Lift Check Valve,Flange End Lift Check Valve Manufacturer with high quality and competitive price.<\/p>","protected":false},"featured_media":7571,"template":"","meta":[],"product_brand":[],"product_cat":[46,66],"product_tag":[2715,2713,2714,2943,2716,2712],"class_list":{"0":"post-7570","1":"product","2":"type-product","3":"status-publish","4":"has-post-thumbnail","6":"product_cat-check-valves","7":"product_cat-swing-check-valve","8":"product_tag-1500lb-lift-check-valve","9":"product_tag-2-inch-lift-check-valve","10":"product_tag-api-602-lift-check-valve","11":"product_tag-china-a105-1500lb-lift-check-valve","12":"product_tag-flange-end-lift-check-valve-manufacturer","13":"product_tag-pressure-seal-lift-check-valve","15":"first","16":"instock","17":"shipping-taxable","18":"product-type-simple"},"_links":{"self":[{"href":"https:\/\/www.stvvalves.com\/de\/wp-json\/wp\/v2\/product\/7570","targetHints":{"allow":["GET"]}}],"collection":[{"href":"https:\/\/www.stvvalves.com\/de\/wp-json\/wp\/v2\/product"}],"about":[{"href":"https:\/\/www.stvvalves.com\/de\/wp-json\/wp\/v2\/types\/product"}],"wp:featuredmedia":[{"embeddable":true,"href":"https:\/\/www.stvvalves.com\/de\/wp-json\/wp\/v2\/media\/7571"}],"wp:attachment":[{"href":"https:\/\/www.stvvalves.com\/de\/wp-json\/wp\/v2\/media?parent=7570"}],"wp:term":[{"taxonomy":"product_brand","embeddable":true,"href":"https:\/\/www.stvvalves.com\/de\/wp-json\/wp\/v2\/product_brand?post=7570"},{"taxonomy":"product_cat","embeddable":true,"href":"https:\/\/www.stvvalves.com\/de\/wp-json\/wp\/v2\/product_cat?post=7570"},{"taxonomy":"product_tag","embeddable":true,"href":"https:\/\/www.stvvalves.com\/de\/wp-json\/wp\/v2\/product_tag?post=7570"}],"curies":[{"name":"wp","href":"https:\/\/api.w.org\/{rel}","templated":true}]}}