{"id":7578,"date":"2024-09-01T15:06:46","date_gmt":"2024-09-01T07:06:46","guid":{"rendered":"https:\/\/www.stvvalves.com\/?post_type=product&#038;p=7578"},"modified":"2024-12-25T10:37:17","modified_gmt":"2024-12-25T02:37:17","slug":"weld-bonnet-piston-check-valve-f304l-dn-25-1500lb-sw-end","status":"publish","type":"product","link":"https:\/\/www.stvvalves.com\/de\/products\/weld-bonnet-piston-check-valve-f304l-dn-25-1500lb-sw-end\/","title":{"rendered":"Weld Bonnet Piston Check Valve,F304L,DN 25,1500LB,SW End"},"content":{"rendered":"<p>Design und Herstellung entsprechen BS5351, MSS SP-118<\/p>\n<p>Anschlussenden entsprechen:<\/p>\n<p>1. Die geschwei\u00dften Enden entsprechen ANSI B16.11<\/p>\n<p>2. Schraubenenden entsprechen ANSI B1.20.1<\/p>\n<p>3.Stumpfgeschwei\u00dfte Enden entsprechen ANSI B16.25<\/p>\n<p>4.Flanschenden entsprechen ANSI B16.5<\/p>\n<p>5.Test und Inspektion entsprechen: API 598<\/p>\n<p>Strukturmerkmale:<\/p>\n<p>Verschraubte Motorhaube, geschwei\u00dfte Motorhaube, druckdichte Motorhaube<\/p>\n<p>Geschmiedeter Stahl, Kolben-, Kugel- oder Schwingtyp<\/p>\n<p>Integrierter Geh\u00e4usesitz f\u00fcr Kolben- und Kugelr\u00fcckschlagventile<\/p>\n<p>Getrenntes Sitzringdesign f\u00fcr R\u00fcckschlagventile<\/p>\n<p>Spiralgewickelte Dichtung oder ovale Ringgelenkdichtung<\/p>\n<p>Reduzierter Durchgang oder voller Anschluss,<\/p>\n<p>T-Muster oder Y-Muster,<\/p>\n<p>Produktauswahl<\/p>\n<p>Geh\u00e4usematerial: A105,LF2,F5,F11,F22,304,304L,316,316L,F51,F91,20#,Inconel .Ect<\/p>\n<p>Nenndurchmesser: 1\/2\u2033~2\u2033(DN15~DN50)<\/p>\n<p>Endverbindung: THR, SW, BW, RF, RTJ<\/p>\n<p>Arbeitstemperatur: -196\u2103~+560\u2103<\/p>\n<p>&nbsp;<\/p>\n<table>\n<tbody>\n<tr>\n<td width=\"200\"><strong>Produktname<\/strong><\/td>\n<td width=\"481\">Weld Bonnet Piston Check Valve,F304L,DN 25,1500LB,SW End<\/td>\n<\/tr>\n<tr>\n<td width=\"200\">1. Material<\/td>\n<td width=\"481\">F304L<\/td>\n<\/tr>\n<tr>\n<td width=\"200\">2. Gr\u00f6\u00dfe<\/td>\n<td width=\"481\">1&quot;<\/td>\n<\/tr>\n<tr>\n<td width=\"200\">4. Hafen<\/td>\n<td width=\"481\">Reduzieranschluss<\/td>\n<\/tr>\n<tr>\n<td width=\"200\">5. Arbeitsdruck<\/td>\n<td width=\"481\">1500 Pfund<\/td>\n<\/tr>\n<tr>\n<td width=\"200\">6. Verbindung endet<\/td>\n<td width=\"481\">SW<\/td>\n<\/tr>\n<tr>\n<td width=\"200\">7. Arbeitstemperatur.<\/td>\n<td width=\"481\">-29~425 \u00b0C,<\/td>\n<\/tr>\n<tr>\n<td width=\"200\">8. Geeignetes Medium<\/td>\n<td width=\"481\">Wasser, Erdgas, \u00d6l und einige \u00e4tzende Fl\u00fcssigkeiten<\/td>\n<\/tr>\n<tr>\n<td width=\"200\">9. Betrieben<\/td>\n<td width=\"481\">\/<\/td>\n<\/tr>\n<tr>\n<td width=\"200\">10. Inspektion und Pr\u00fcfung<\/td>\n<td width=\"481\">Gem\u00e4\u00df API598<\/td>\n<\/tr>\n<tr>\n<td width=\"200\"><strong>Sendung<\/strong><\/td>\n<td width=\"481\"><\/td>\n<\/tr>\n<tr>\n<td width=\"200\">Lieferzeit<\/td>\n<td width=\"481\">30 Tage<\/td>\n<\/tr>\n<tr>\n<td width=\"200\">Paket<\/td>\n<td width=\"481\">Standard-Export-Sperrholzkiste<\/td>\n<\/tr>\n<tr>\n<td width=\"200\">Hafen<\/td>\n<td width=\"481\">Ningbo\/Shanghai, China<\/td>\n<\/tr>\n<tr>\n<td width=\"200\">Versandbedingungen<\/td>\n<td width=\"481\">Exw, FOB, CFR, CIF usw.<\/td>\n<\/tr>\n<tr>\n<td width=\"200\">Zahlungsbedingungen<\/td>\n<td width=\"481\">T\/T, Western Union, PayPal usw.<\/td>\n<\/tr>\n<tr>\n<td width=\"200\"><\/td>\n<td width=\"481\">30% Vorauszahlung, 70% Restbetrag vor dem Versand bezahlt<\/td>\n<\/tr>\n<tr>\n<td width=\"200\">Herkunftsland<\/td>\n<td width=\"481\">Stadt Wenzhou, China<\/td>\n<\/tr>\n<tr>\n<td width=\"200\">Produktionskapazit\u00e4t<\/td>\n<td width=\"481\">6000 Tonnen\/Jahr<\/td>\n<\/tr>\n<tr>\n<td width=\"200\">Mindestbestellmenge<\/td>\n<td width=\"481\">1 St\u00fcck\/Gr\u00f6\u00dfe<\/td>\n<\/tr>\n<\/tbody>\n<\/table>","protected":false},"excerpt":{"rendered":"<div class=\"woocommerce-product-details__short-description\">\n<p>Modell: STV-H61H-800LB-A105N-11\/4\u2033<\/p>\n<p>STV Valve Technology Group Co., Ltd is a professional leader China Forged Steel Weld Bonnet Piston Check Valve,304 Weld Bonnet Piston Check Valve,DN 25 Weld Bonnet Piston Check Valve,SW End Weld Bonnet Piston Check Valve,Forged Steel Weld Bonnet Piston Check Valve,API 602 Weld Bonnet Piston Check Valve,2 Inch Weld Bonnet Piston Check Valve.<br \/>\nUm mehr \u00fcber diese Ventile zu erfahren, wenden Sie sich bitte an sales@stvvalve.com<\/p>\n<\/div>","protected":false},"featured_media":7579,"template":"","meta":[],"product_brand":[],"product_cat":[46,66],"product_tag":[2963,2958,2962,2957,2959,2961,2960],"class_list":{"0":"post-7578","1":"product","2":"type-product","3":"status-publish","4":"has-post-thumbnail","6":"product_cat-check-valves","7":"product_cat-swing-check-valve","8":"product_tag-2-inch-weld-bonnet-piston-check-valve","9":"product_tag-304-weld-bonnet-piston-check-valve","10":"product_tag-api-602-weld-bonnet-piston-check-valve","11":"product_tag-china-forged-steel-weld-bonnet-piston-check-valve","12":"product_tag-dn-25-weld-bonnet-piston-check-valve","13":"product_tag-forged-steel-weld-bonnet-piston-check-valve","14":"product_tag-sw-end-weld-bonnet-piston-check-valve","16":"first","17":"instock","18":"shipping-taxable","19":"product-type-simple"},"_links":{"self":[{"href":"https:\/\/www.stvvalves.com\/de\/wp-json\/wp\/v2\/product\/7578","targetHints":{"allow":["GET"]}}],"collection":[{"href":"https:\/\/www.stvvalves.com\/de\/wp-json\/wp\/v2\/product"}],"about":[{"href":"https:\/\/www.stvvalves.com\/de\/wp-json\/wp\/v2\/types\/product"}],"wp:featuredmedia":[{"embeddable":true,"href":"https:\/\/www.stvvalves.com\/de\/wp-json\/wp\/v2\/media\/7579"}],"wp:attachment":[{"href":"https:\/\/www.stvvalves.com\/de\/wp-json\/wp\/v2\/media?parent=7578"}],"wp:term":[{"taxonomy":"product_brand","embeddable":true,"href":"https:\/\/www.stvvalves.com\/de\/wp-json\/wp\/v2\/product_brand?post=7578"},{"taxonomy":"product_cat","embeddable":true,"href":"https:\/\/www.stvvalves.com\/de\/wp-json\/wp\/v2\/product_cat?post=7578"},{"taxonomy":"product_tag","embeddable":true,"href":"https:\/\/www.stvvalves.com\/de\/wp-json\/wp\/v2\/product_tag?post=7578"}],"curies":[{"name":"wp","href":"https:\/\/api.w.org\/{rel}","templated":true}]}}