{"id":7583,"date":"2024-09-01T15:56:20","date_gmt":"2024-09-01T07:56:20","guid":{"rendered":"https:\/\/www.stvvalves.com\/?post_type=product&#038;p=7583"},"modified":"2024-12-25T14:57:43","modified_gmt":"2024-12-25T06:57:43","slug":"hastelloy-c-276-globe-valve-dn40-800-lb-sw-api-602","status":"publish","type":"product","link":"https:\/\/www.stvvalves.com\/de\/products\/hastelloy-c-276-globe-valve-dn40-800-lb-sw-api-602\/","title":{"rendered":"Hastelloy C-276 Globe Valve,DN40,800 LB,SW,API 602"},"content":{"rendered":"<div>Products Name: Hastelloy C-276 Globe Valve,1\/2 Inch,800 LB,SW,API 602<\/div>\n<div>Designstandard: API602.<br \/>\nBody Material: Inconel 825<br \/>\nNenndurchmesser: 11\/2 Zoll (DN40).<br \/>\nDruck: Klasse 800.<br \/>\nEndanschluss: SW.<br \/>\nVon Angesicht zu Angesicht: ASME B16.10.<br \/>\nArbeitstemperatur: -29\u2103~+560\u2103.<br \/>\nFunktionsweise: Handrad.<br \/>\nTest und Inspektion: API 598.<\/div>\n<div class=\"headline headline-md\">\n<h2>Produktauswahl<\/h2>\n<\/div>\n<div>Geh\u00e4usematerial: A105, LF2, F5, F11, F22, 304, 304L, 316, 316L, F51, F91, 20#, Inconel usw<br \/>\nNormaler Durchmesser: 1\/2\u2033~2\u2033 (DN15~DN80).<br \/>\nEndanschluss: NPT, SW, Stumpfschwei\u00dfung, Flansch.<br \/>\nDruckbereich: 150 lbs ~ 2500 lbs (PN10 ~ PN420).<br \/>\nBedienung: Handrad, elektrischer, pneumatischer Antrieb<br \/>\nArbeitstemperatur: -196\u2103~ +560\u2103.<\/div>\n<div><\/div>\n<div>\n<table>\n<tbody>\n<tr>\n<td width=\"200\"><strong>Produktname<\/strong><\/td>\n<td width=\"481\">Hastelloy C-276 Globe Valve,1\/2 Inch,800 LB,SW,API 602<\/td>\n<\/tr>\n<tr>\n<td width=\"200\">1. Material<\/td>\n<td width=\"481\">Hastelloy C-276<\/td>\n<\/tr>\n<tr>\n<td width=\"200\">2. Gr\u00f6\u00dfe<\/td>\n<td width=\"481\">11\/2&quot;<\/td>\n<\/tr>\n<tr>\n<td width=\"200\">4. Hafen<\/td>\n<td width=\"481\">Reduzieranschluss<\/td>\n<\/tr>\n<tr>\n<td width=\"200\">5. Arbeitsdruck<\/td>\n<td width=\"481\">800 Pfund<\/td>\n<\/tr>\n<tr>\n<td width=\"200\">6. Verbindung endet<\/td>\n<td width=\"481\">SW<\/td>\n<\/tr>\n<tr>\n<td width=\"200\">7. Arbeitstemperatur.<\/td>\n<td width=\"481\">-29~560 \u00b0C,<\/td>\n<\/tr>\n<tr>\n<td width=\"200\">8. Geeignetes Medium<\/td>\n<td width=\"481\">Wasser, Erdgas, \u00d6l und einige \u00e4tzende Fl\u00fcssigkeiten<\/td>\n<\/tr>\n<tr>\n<td width=\"200\">9. Betrieben<\/td>\n<td width=\"481\">Handrad<\/td>\n<\/tr>\n<tr>\n<td width=\"200\">10. Inspektion und Pr\u00fcfung<\/td>\n<td width=\"481\">Gem\u00e4\u00df API598<\/td>\n<\/tr>\n<tr>\n<td width=\"200\"><strong>Sendung<\/strong><\/td>\n<td width=\"481\"><\/td>\n<\/tr>\n<tr>\n<td width=\"200\">Lieferzeit<\/td>\n<td width=\"481\">30 Tage<\/td>\n<\/tr>\n<tr>\n<td width=\"200\">Paket<\/td>\n<td width=\"481\">Standard-Export-Sperrholzkiste<\/td>\n<\/tr>\n<tr>\n<td width=\"200\">Hafen<\/td>\n<td width=\"481\">Ningbo\/Shanghai, China<\/td>\n<\/tr>\n<tr>\n<td width=\"200\">Versandbedingungen<\/td>\n<td width=\"481\">Exw, FOB, CFR, CIF usw.<\/td>\n<\/tr>\n<tr>\n<td width=\"200\">Zahlungsbedingungen<\/td>\n<td width=\"481\">T\/T, Western Union, PayPal usw.<\/td>\n<\/tr>\n<tr>\n<td width=\"200\"><\/td>\n<td width=\"481\">30% Vorauszahlung, 70% Restbetrag vor dem Versand bezahlt<\/td>\n<\/tr>\n<tr>\n<td width=\"200\">Herkunftsland<\/td>\n<td width=\"481\">Stadt Wenzhou, China<\/td>\n<\/tr>\n<tr>\n<td width=\"200\">Produktionskapazit\u00e4t<\/td>\n<td width=\"481\">6000 Tonnen\/Jahr<\/td>\n<\/tr>\n<tr>\n<td width=\"200\">Mindestbestellmenge<\/td>\n<td width=\"481\">1 St\u00fcck\/Gr\u00f6\u00dfe<\/td>\n<\/tr>\n<\/tbody>\n<\/table>\n<\/div>","protected":false},"excerpt":{"rendered":"<p>STV Valve Technology Group Co., Ltd is a professional leader China 800LB Hastelloy C-276 Globe Valve ,Hastelloy C-276 High Pressure Globe Valve ,11\/2 Inch Hastelloy C-276 Globe Valve,API 602 Hastelloy C-276 Globe Valve, ASTM A182 Hastelloy C-276 Forged Globe Valve,Hastelloy C-276 Globe Valve,Bolt Boneet\u00a0Hastelloy C-276 Globe Valve manufacturer with high quality and competitive price.<\/p>","protected":false},"featured_media":7584,"template":"","meta":[],"product_brand":[],"product_cat":[64,45],"product_tag":[2971,2972,2973,2975,2969,2974,2970],"class_list":{"0":"post-7583","1":"product","2":"type-product","3":"status-publish","4":"has-post-thumbnail","6":"product_cat-foreged-steel-globe-valve","7":"product_cat-globe-valve","8":"product_tag-11-2-inch-hastelloy-c-276-globe-valve","9":"product_tag-api-602-hastelloy-c-276-globe-valve","10":"product_tag-astm-a182-hastelloy-c-276-forged-globe-valve","11":"product_tag-bolt-boneet-hastelloy-c-276-globe-valve-manufacturer","12":"product_tag-china-800lb-hastelloy-c-276-globe-valve","13":"product_tag-hastelloy-c-276-globe-valve","14":"product_tag-hastelloy-c-276-high-pressure-globe-valve","16":"first","17":"instock","18":"shipping-taxable","19":"product-type-simple"},"_links":{"self":[{"href":"https:\/\/www.stvvalves.com\/de\/wp-json\/wp\/v2\/product\/7583","targetHints":{"allow":["GET"]}}],"collection":[{"href":"https:\/\/www.stvvalves.com\/de\/wp-json\/wp\/v2\/product"}],"about":[{"href":"https:\/\/www.stvvalves.com\/de\/wp-json\/wp\/v2\/types\/product"}],"wp:featuredmedia":[{"embeddable":true,"href":"https:\/\/www.stvvalves.com\/de\/wp-json\/wp\/v2\/media\/7584"}],"wp:attachment":[{"href":"https:\/\/www.stvvalves.com\/de\/wp-json\/wp\/v2\/media?parent=7583"}],"wp:term":[{"taxonomy":"product_brand","embeddable":true,"href":"https:\/\/www.stvvalves.com\/de\/wp-json\/wp\/v2\/product_brand?post=7583"},{"taxonomy":"product_cat","embeddable":true,"href":"https:\/\/www.stvvalves.com\/de\/wp-json\/wp\/v2\/product_cat?post=7583"},{"taxonomy":"product_tag","embeddable":true,"href":"https:\/\/www.stvvalves.com\/de\/wp-json\/wp\/v2\/product_tag?post=7583"}],"curies":[{"name":"wp","href":"https:\/\/api.w.org\/{rel}","templated":true}]}}