{"id":7585,"date":"2024-09-01T16:35:30","date_gmt":"2024-09-01T08:35:30","guid":{"rendered":"https:\/\/www.stvvalves.com\/?post_type=product&#038;p=7585"},"modified":"2024-12-24T13:47:51","modified_gmt":"2024-12-24T05:47:51","slug":"f5-forged-gate-valve-800lb-1-1-2-inch-sw-end","status":"publish","type":"product","link":"https:\/\/www.stvvalves.com\/de\/products\/f5-forged-gate-valve-800lb-1-1-2-inch-sw-end\/","title":{"rendered":"F5 Forged Gate Valve,800LB,11\/2 Inch SW End"},"content":{"rendered":"<p>1. Design und Herstellung: API 602<br \/>\n2. Konstruktionen: OS&amp;Y, verschraubte Haube, geschwei\u00dfte Haube und druckversiegelte Haube;<br \/>\n3. Bohrungstyp: Voller Anschluss<br \/>\n4. Size Range: 1\/4\u2033 to 4\u2033.<br \/>\n5. Druckstufen: ANSI 150, 300, 600, 900, 1500 und 2500LBS<br \/>\n6. Endanschl\u00fcsse: Flansch (RF, RTJ)<br \/>\nAndere Enden sind ebenfalls erh\u00e4ltlich: Mit Gewinde (Geschraubt, NPT), Stumpfschwei\u00dfung (BW), Muffenschwei\u00dfung (SW).<br \/>\n7. Materialien verf\u00fcgbar in: A105 (N), LF2, F5, F11, F22, F304, F316, F51, F53 oder gleichwertig;<br \/>\n8. F\u00fcr unterschiedliche Einsatzbedingungen stehen verschiedene Verkleidungsmaterialien zur Verf\u00fcgung<br \/>\n9. NACE MR 0175 auf Anfrage<br \/>\n10.Test und Inspektion: API598<\/p>\n<table>\n<tbody>\n<tr>\n<td width=\"200\"><strong><b>Produktname<\/b><\/strong><\/td>\n<td width=\"481\">F5 Forged Gate Valve,800LB,11\/2 Inch SW End<\/td>\n<\/tr>\n<tr>\n<td width=\"200\">1. Material<\/td>\n<td width=\"481\">F5<\/td>\n<\/tr>\n<tr>\n<td width=\"200\">2. Gr\u00f6\u00dfe<\/td>\n<td width=\"481\">11\/2\u2033 ( 40)<\/td>\n<\/tr>\n<tr>\n<td width=\"200\">4. Hafen<\/td>\n<td width=\"481\">Reduzieranschluss<\/td>\n<\/tr>\n<tr>\n<td width=\"200\">5. Arbeitsdruck<\/td>\n<td width=\"481\">800 Pfund<\/td>\n<\/tr>\n<tr>\n<td width=\"200\">6. Verbindung endet<\/td>\n<td width=\"481\">SW<\/td>\n<\/tr>\n<tr>\n<td width=\"200\">7. Arbeitstemperatur.<\/td>\n<td width=\"481\">-29~600 \u00b0C,<\/td>\n<\/tr>\n<tr>\n<td width=\"200\">8. Geeignetes Medium<\/td>\n<td width=\"481\">Wasser, Erdgas, \u00d6l und einige \u00e4tzende Fl\u00fcssigkeiten<\/td>\n<\/tr>\n<tr>\n<td width=\"200\">9. Betrieben<\/td>\n<td width=\"481\">Handrad<\/td>\n<\/tr>\n<tr>\n<td width=\"200\">10. Inspektion und Pr\u00fcfung<\/td>\n<td width=\"481\">Gem\u00e4\u00df API 598<\/td>\n<\/tr>\n<tr>\n<td width=\"200\"><strong><b>Sendung<\/b><\/strong><\/td>\n<td width=\"481\"><\/td>\n<\/tr>\n<tr>\n<td width=\"200\">Lieferzeit<\/td>\n<td width=\"481\">30 Tage<\/td>\n<\/tr>\n<tr>\n<td width=\"200\">Paket<\/td>\n<td width=\"481\">Standard-Export-Sperrholzkiste<\/td>\n<\/tr>\n<tr>\n<td width=\"200\">Hafen<\/td>\n<td width=\"481\">Ningbo\/Shanghai, China<\/td>\n<\/tr>\n<tr>\n<td width=\"200\">Versandbedingungen<\/td>\n<td width=\"481\">Exw, FOB, CFR, CIF usw.<\/td>\n<\/tr>\n<tr>\n<td width=\"200\">Zahlungsbedingungen<\/td>\n<td width=\"481\">T\/T, Western Union, PayPal usw.<\/td>\n<\/tr>\n<tr>\n<td width=\"200\"><\/td>\n<td width=\"481\">30% Vorauszahlung, 70% Restbetrag vor dem Versand bezahlt<\/td>\n<\/tr>\n<tr>\n<td width=\"200\">Herkunftsland<\/td>\n<td width=\"481\">Stadt Wenzhou, China<\/td>\n<\/tr>\n<tr>\n<td width=\"200\">Produktionskapazit\u00e4t<\/td>\n<td width=\"481\">6000 Tonnen\/Jahr<\/td>\n<\/tr>\n<tr>\n<td width=\"200\">Mindestbestellmenge<\/td>\n<td width=\"481\">10 St\u00fcck\/Gr\u00f6\u00dfe<\/td>\n<\/tr>\n<\/tbody>\n<\/table>","protected":false},"excerpt":{"rendered":"<p>STV Valve Technology Group Co., Ltd is a professional leader China F5 Forged Gate Valve, Small Size F5 Gate Valve, 11\/2 Inch F5 Gate Valve,\u00a0 A182 F5 Gate Valve, API 602 F5 Gate Valve, Class 800 LB F5 Gate Valve,Bolt Bonnet F5 Gate Valve Manufacturer with high quality and competitive price.<\/p>","protected":false},"featured_media":7586,"template":"","meta":[],"product_brand":[],"product_cat":[44,59],"product_tag":[2978,2979,2980,2982,2976,2981,2977],"class_list":{"0":"post-7585","1":"product","2":"type-product","3":"status-publish","4":"has-post-thumbnail","6":"product_cat-gate-valve","7":"product_cat-forged-steel-gate-valve","8":"product_tag-11-2-inch-f5-gate-valve","9":"product_tag-a182-f5-gate-valve","10":"product_tag-api-602-f5-gate-valve","11":"product_tag-bolt-bonnet-f5-gate-valve-manufacturer","12":"product_tag-china-f5-forged-gate-valve","13":"product_tag-class-800-lb-f5-gate-valve","14":"product_tag-small-size-f5-gate-valve","16":"first","17":"instock","18":"shipping-taxable","19":"product-type-simple"},"_links":{"self":[{"href":"https:\/\/www.stvvalves.com\/de\/wp-json\/wp\/v2\/product\/7585","targetHints":{"allow":["GET"]}}],"collection":[{"href":"https:\/\/www.stvvalves.com\/de\/wp-json\/wp\/v2\/product"}],"about":[{"href":"https:\/\/www.stvvalves.com\/de\/wp-json\/wp\/v2\/types\/product"}],"wp:featuredmedia":[{"embeddable":true,"href":"https:\/\/www.stvvalves.com\/de\/wp-json\/wp\/v2\/media\/7586"}],"wp:attachment":[{"href":"https:\/\/www.stvvalves.com\/de\/wp-json\/wp\/v2\/media?parent=7585"}],"wp:term":[{"taxonomy":"product_brand","embeddable":true,"href":"https:\/\/www.stvvalves.com\/de\/wp-json\/wp\/v2\/product_brand?post=7585"},{"taxonomy":"product_cat","embeddable":true,"href":"https:\/\/www.stvvalves.com\/de\/wp-json\/wp\/v2\/product_cat?post=7585"},{"taxonomy":"product_tag","embeddable":true,"href":"https:\/\/www.stvvalves.com\/de\/wp-json\/wp\/v2\/product_tag?post=7585"}],"curies":[{"name":"wp","href":"https:\/\/api.w.org\/{rel}","templated":true}]}}