{"id":7588,"date":"2024-09-06T23:21:09","date_gmt":"2024-09-06T15:21:09","guid":{"rendered":"https:\/\/www.stvvalves.com\/?post_type=product&#038;p=7588"},"modified":"2025-02-18T14:01:50","modified_gmt":"2025-02-18T06:01:50","slug":"y-type-forged-globe-valve-1500-lb-f11-sw-ends-1-inch","status":"publish","type":"product","link":"https:\/\/www.stvvalves.com\/de\/products\/y-type-forged-globe-valve-1500-lb-f11-sw-ends-1-inch\/","title":{"rendered":"Y Type Forged Globe Valve,1500 Lb, F11, Sw Ends, 1 Inch"},"content":{"rendered":"<p>Designstandard: API 602.<br \/>\nGeh\u00e4usematerial: F11<br \/>\nNenndurchmesser: 1 Zoll (DN25).<br \/>\nDruck: Klasse 1500.<br \/>\nEndanschluss: SW.<br \/>\nVon Angesicht zu Angesicht: ASME B16.10.<br \/>\nWorking Temperature: -29\u00baC~+540\u00baC.<br \/>\nFunktionsweise: Handrad.<br \/>\nTest und Inspektion: API 598.<\/p>\n<p>Produktauswahl<br \/>\nGeh\u00e4usematerial: A105,LF2,F5,F11,F22,304,304L,316,316L,F51,F91,20#,Inconel .Ect<br \/>\nNormaler Durchmesser: 1\/2\u2033~3\u2033 (DN15~DN80).<br \/>\nEndanschluss: NPT, SW, Stumpfschwei\u00dfung, Flansch.<br \/>\nDruckbereich: 150 lbs ~ 2500 lbs (PN10 ~ PN420).<br \/>\nBedienung: Handrad, elektrischer, pneumatischer Antrieb<br \/>\nArbeitstemperatur: -196 \u00b0C bis +560 \u00b0C.<\/p>\n<table>\n<tbody>\n<tr>\n<td width=\"200\"><strong>Produktname<\/strong><\/td>\n<td width=\"481\">Y Type Forged Globe Valve,1500 Lb, F11, Sw Ends, 1 Inch<\/td>\n<\/tr>\n<tr>\n<td width=\"200\">1. Material<\/td>\n<td width=\"481\">F11<\/td>\n<\/tr>\n<tr>\n<td width=\"200\">2. Gr\u00f6\u00dfe<\/td>\n<td width=\"481\">1&quot;<\/td>\n<\/tr>\n<tr>\n<td width=\"200\">4. Hafen<\/td>\n<td width=\"481\">Reduzieranschluss<\/td>\n<\/tr>\n<tr>\n<td width=\"200\">5. Arbeitsdruck<\/td>\n<td width=\"481\">1500 Pfund<\/td>\n<\/tr>\n<tr>\n<td width=\"200\">6. Verbindung endet<\/td>\n<td width=\"481\">SW<\/td>\n<\/tr>\n<tr>\n<td width=\"200\">7. Arbeitstemperatur.<\/td>\n<td width=\"481\">-29~540 \u00b0C,<\/td>\n<\/tr>\n<tr>\n<td width=\"200\">8. Geeignetes Medium<\/td>\n<td width=\"481\">Wasser, Erdgas, \u00d6l und einige \u00e4tzende Fl\u00fcssigkeiten<\/td>\n<\/tr>\n<tr>\n<td width=\"200\">9. Betrieben<\/td>\n<td width=\"481\">Handrad<\/td>\n<\/tr>\n<tr>\n<td width=\"200\">10. Inspektion und Pr\u00fcfung<\/td>\n<td width=\"481\">Gem\u00e4\u00df API598<\/td>\n<\/tr>\n<tr>\n<td width=\"200\"><strong>Sendung<\/strong><\/td>\n<td width=\"481\"><\/td>\n<\/tr>\n<tr>\n<td width=\"200\">Lieferzeit<\/td>\n<td width=\"481\">30 Tage<\/td>\n<\/tr>\n<tr>\n<td width=\"200\">Paket<\/td>\n<td width=\"481\">Standard-Export-Sperrholzkiste<\/td>\n<\/tr>\n<tr>\n<td width=\"200\">Hafen<\/td>\n<td width=\"481\">Ningbo\/Shanghai, China<\/td>\n<\/tr>\n<tr>\n<td width=\"200\">Versandbedingungen<\/td>\n<td width=\"481\">Exw, FOB, CFR, CIF usw.<\/td>\n<\/tr>\n<tr>\n<td width=\"200\">Zahlungsbedingungen<\/td>\n<td width=\"481\">T\/T, Western Union, PayPal usw.<\/td>\n<\/tr>\n<tr>\n<td width=\"200\"><\/td>\n<td width=\"481\">30% Vorauszahlung, 70% Restbetrag vor dem Versand bezahlt<\/td>\n<\/tr>\n<tr>\n<td width=\"200\">Herkunftsland<\/td>\n<td width=\"481\">Stadt Wenzhou, China<\/td>\n<\/tr>\n<tr>\n<td width=\"200\">Produktionskapazit\u00e4t<\/td>\n<td width=\"481\">6000 Tonnen\/Jahr<\/td>\n<\/tr>\n<tr>\n<td width=\"200\">Mindestbestellmenge<\/td>\n<td width=\"481\">1 St\u00fcck\/Gr\u00f6\u00dfe<\/td>\n<\/tr>\n<\/tbody>\n<\/table>","protected":false},"excerpt":{"rendered":"<p>Modell: STV-J65Y-A105N-2\u2033-1500LB<\/p>\n<p>Unser geschmiedetes Durchgangsventil vom Y-Typ bietet hervorragende Leistung in verschiedenen Anwendungen in der Chemie,<br \/>\nPetrochemie, Gas und verschiedene industrielle Anwendungen und ideal f\u00fcr nachgelagerte Anwendungen. Sie sind entworfen,<br \/>\nEntwickelt und hergestellt in strikter \u00dcbereinstimmung mit API, ASTM, ASME, ANSI und anderen anerkannten Standards.<br \/>\nOur forged Steel Valves are not only cha racterized by outstanding performance, reliability and quality, they\u2019re also known for their standard features normally optional in other brands.<\/p>\n<p>STV Valve Technology Group Co., Ltd is a professional leader China Y Type Forged Globe Valve ,Class 1500Lb Y Type Globe Valve ,Forged Y Type Globe Valve,Class 1500 Lb China 1500lb Y Type Forged Globe Valve Manufacture Globe Valve, API 602 Y Type Globe Valve,Sw Ends Y Type Globe Valve,A105N Y Type Globe Valve,PSB Y Type Globe Valve,1 Inch Y Type Globe Valve manufacturer with high quality and competitive price.<\/p>","protected":false},"featured_media":7589,"template":"","meta":[],"product_brand":[],"product_cat":[64,45],"product_tag":[2490,2488,2486,2483,2983,2495,2485,2489,2487],"class_list":{"0":"post-7588","1":"product","2":"type-product","3":"status-publish","4":"has-post-thumbnail","6":"product_cat-foreged-steel-globe-valve","7":"product_cat-globe-valve","8":"product_tag-1-inch-y-type-globe-valve-manufacturer","9":"product_tag-a105n-y-type-globe-valve","10":"product_tag-api-602-y-type-globe-valve","11":"product_tag-china-y-type-forged-globe-valve","12":"product_tag-class-1500-lb-china-1500lb-y-type-forged-globe-valve-manufacture-globe-valve","13":"product_tag-class-1500lb-y-type-globe-valve","14":"product_tag-forged-y-type-globe-valve","15":"product_tag-psb-y-type-globe-valve","16":"product_tag-sw-ends-y-type-globe-valve","18":"first","19":"instock","20":"shipping-taxable","21":"product-type-simple"},"_links":{"self":[{"href":"https:\/\/www.stvvalves.com\/de\/wp-json\/wp\/v2\/product\/7588","targetHints":{"allow":["GET"]}}],"collection":[{"href":"https:\/\/www.stvvalves.com\/de\/wp-json\/wp\/v2\/product"}],"about":[{"href":"https:\/\/www.stvvalves.com\/de\/wp-json\/wp\/v2\/types\/product"}],"wp:featuredmedia":[{"embeddable":true,"href":"https:\/\/www.stvvalves.com\/de\/wp-json\/wp\/v2\/media\/7589"}],"wp:attachment":[{"href":"https:\/\/www.stvvalves.com\/de\/wp-json\/wp\/v2\/media?parent=7588"}],"wp:term":[{"taxonomy":"product_brand","embeddable":true,"href":"https:\/\/www.stvvalves.com\/de\/wp-json\/wp\/v2\/product_brand?post=7588"},{"taxonomy":"product_cat","embeddable":true,"href":"https:\/\/www.stvvalves.com\/de\/wp-json\/wp\/v2\/product_cat?post=7588"},{"taxonomy":"product_tag","embeddable":true,"href":"https:\/\/www.stvvalves.com\/de\/wp-json\/wp\/v2\/product_tag?post=7588"}],"curies":[{"name":"wp","href":"https:\/\/api.w.org\/{rel}","templated":true}]}}