{"id":7590,"date":"2024-09-06T23:31:21","date_gmt":"2024-09-06T15:31:21","guid":{"rendered":"https:\/\/www.stvvalves.com\/?post_type=product&#038;p=7590"},"modified":"2024-12-24T22:44:20","modified_gmt":"2024-12-24T14:44:20","slug":"astm-a182-f11-forged-globe-valve-2-inch-1500-lb-sw-api-602","status":"publish","type":"product","link":"https:\/\/www.stvvalves.com\/de\/products\/astm-a182-f11-forged-globe-valve-2-inch-1500-lb-sw-api-602\/","title":{"rendered":"ASTM A182 F11 Forged Globe Valve,2 Inch,1500 LB,SW,API 602"},"content":{"rendered":"<div>Products Name: ASTM A182 F11 Forged Globe Valve,2 Inch,1500 LB,SW,API 602<\/div>\n<div>Designstandard: API602.<br \/>\nGeh\u00e4usematerial: F11<br \/>\nNenndurchmesser: 2 Zoll (DN50).<br \/>\nDruck: Klasse 1500.<br \/>\nEndanschluss: SW.<br \/>\nVon Angesicht zu Angesicht: ASME B16.10.<br \/>\nArbeitstemperatur: -29\u2103~+520\u2103.<br \/>\nFunktionsweise: Handrad.<br \/>\nTest und Inspektion: API 598.<\/div>\n<div class=\"headline headline-md\">\n<h2>Produktauswahl<\/h2>\n<\/div>\n<div>Geh\u00e4usematerial: A105, LF2, F5, F11, F22, 304, 304L, 316, 316L, F51, F91, 20#, Inconel usw<br \/>\nNormaler Durchmesser: 1\/2\u2033~2\u2033 (DN15~DN80).<br \/>\nEndanschluss: NPT, SW, Stumpfschwei\u00dfung, Flansch.<br \/>\nDruckbereich: 150 lbs ~ 2500 lbs (PN10 ~ PN420).<br \/>\nBedienung: Handrad, elektrischer, pneumatischer Antrieb<br \/>\nArbeitstemperatur: -196\u2103~ +560\u2103.<\/div>\n<div><\/div>\n<div>\n<table>\n<tbody>\n<tr>\n<td width=\"200\"><strong>Produktname<\/strong><\/td>\n<td width=\"481\">ASTM A182 F11 Forged Globe Valve,2 Inch,1500 LB,SW,API 602<\/td>\n<\/tr>\n<tr>\n<td width=\"200\">1. Material<\/td>\n<td width=\"481\">F11<\/td>\n<\/tr>\n<tr>\n<td width=\"200\">2. Gr\u00f6\u00dfe<\/td>\n<td width=\"481\">2&quot;<\/td>\n<\/tr>\n<tr>\n<td width=\"200\">4. Hafen<\/td>\n<td width=\"481\">Reduzieranschluss<\/td>\n<\/tr>\n<tr>\n<td width=\"200\">5. Arbeitsdruck<\/td>\n<td width=\"481\">1500 Pfund<\/td>\n<\/tr>\n<tr>\n<td width=\"200\">6. Verbindung endet<\/td>\n<td width=\"481\">SW<\/td>\n<\/tr>\n<tr>\n<td width=\"200\">7. Arbeitstemperatur.<\/td>\n<td width=\"481\">-29~520 \u00b0C,<\/td>\n<\/tr>\n<tr>\n<td width=\"200\">8. Geeignetes Medium<\/td>\n<td width=\"481\">Wasser, Erdgas, \u00d6l und einige \u00e4tzende Fl\u00fcssigkeiten<\/td>\n<\/tr>\n<tr>\n<td width=\"200\">9. Betrieben<\/td>\n<td width=\"481\">Handrad<\/td>\n<\/tr>\n<tr>\n<td width=\"200\">10. Inspektion und Pr\u00fcfung<\/td>\n<td width=\"481\">Gem\u00e4\u00df API598<\/td>\n<\/tr>\n<tr>\n<td width=\"200\"><strong>Sendung<\/strong><\/td>\n<td width=\"481\"><\/td>\n<\/tr>\n<tr>\n<td width=\"200\">Lieferzeit<\/td>\n<td width=\"481\">30 Tage<\/td>\n<\/tr>\n<tr>\n<td width=\"200\">Paket<\/td>\n<td width=\"481\">Standard-Export-Sperrholzkiste<\/td>\n<\/tr>\n<tr>\n<td width=\"200\">Hafen<\/td>\n<td width=\"481\">Ningbo\/Shanghai, China<\/td>\n<\/tr>\n<tr>\n<td width=\"200\">Versandbedingungen<\/td>\n<td width=\"481\">Exw, FOB, CFR, CIF usw.<\/td>\n<\/tr>\n<tr>\n<td width=\"200\">Zahlungsbedingungen<\/td>\n<td width=\"481\">T\/T, Western Union, PayPal usw.<\/td>\n<\/tr>\n<tr>\n<td width=\"200\"><\/td>\n<td width=\"481\">30% Vorauszahlung, 70% Restbetrag vor dem Versand bezahlt<\/td>\n<\/tr>\n<tr>\n<td width=\"200\">Herkunftsland<\/td>\n<td width=\"481\">Stadt Wenzhou, China<\/td>\n<\/tr>\n<tr>\n<td width=\"200\">Produktionskapazit\u00e4t<\/td>\n<td width=\"481\">6000 Tonnen\/Jahr<\/td>\n<\/tr>\n<tr>\n<td width=\"200\">Mindestbestellmenge<\/td>\n<td width=\"481\">1 St\u00fcck\/Gr\u00f6\u00dfe<\/td>\n<\/tr>\n<\/tbody>\n<\/table>\n<\/div>","protected":false},"excerpt":{"rendered":"<p>STV Valve Technology Group Co., Ltd is a professional leader China 1500LB F11 Globe Valve ,ASTM A182 F11 Forged Globe Valve,F11 High Pressure Globe Valve ,2 Inch F11 Steel Globe Valve,API 602 F11 Globe Valve, ASTM A182 F11 Forged Globe Valve,2 Inch 1500LB Globe Valve,Pressure Seal F11 Globe Valve manufacturer with high quality and competitive price.<\/p>","protected":false},"featured_media":7563,"template":"","meta":[],"product_brand":[],"product_cat":[64,45],"product_tag":[2988,2986,2987,1686,2984,2985,2989],"class_list":{"0":"post-7590","1":"product","2":"type-product","3":"status-publish","4":"has-post-thumbnail","6":"product_cat-foreged-steel-globe-valve","7":"product_cat-globe-valve","8":"product_tag-2-inch-1500lb-globe-valve","9":"product_tag-2-inch-f11-steel-globe-valve","10":"product_tag-api-602-f11-globe-valve","11":"product_tag-astm-a182-f11-forged-globe-valve","12":"product_tag-china-1500lb-f11-globe-valve","13":"product_tag-f11-high-pressure-globe-valve","14":"product_tag-pressure-seal-f11-globe-valve-manufacturer","16":"first","17":"instock","18":"shipping-taxable","19":"product-type-simple"},"_links":{"self":[{"href":"https:\/\/www.stvvalves.com\/de\/wp-json\/wp\/v2\/product\/7590","targetHints":{"allow":["GET"]}}],"collection":[{"href":"https:\/\/www.stvvalves.com\/de\/wp-json\/wp\/v2\/product"}],"about":[{"href":"https:\/\/www.stvvalves.com\/de\/wp-json\/wp\/v2\/types\/product"}],"wp:featuredmedia":[{"embeddable":true,"href":"https:\/\/www.stvvalves.com\/de\/wp-json\/wp\/v2\/media\/7563"}],"wp:attachment":[{"href":"https:\/\/www.stvvalves.com\/de\/wp-json\/wp\/v2\/media?parent=7590"}],"wp:term":[{"taxonomy":"product_brand","embeddable":true,"href":"https:\/\/www.stvvalves.com\/de\/wp-json\/wp\/v2\/product_brand?post=7590"},{"taxonomy":"product_cat","embeddable":true,"href":"https:\/\/www.stvvalves.com\/de\/wp-json\/wp\/v2\/product_cat?post=7590"},{"taxonomy":"product_tag","embeddable":true,"href":"https:\/\/www.stvvalves.com\/de\/wp-json\/wp\/v2\/product_tag?post=7590"}],"curies":[{"name":"wp","href":"https:\/\/api.w.org\/{rel}","templated":true}]}}