{"id":7634,"date":"2024-12-08T20:36:27","date_gmt":"2024-12-08T12:36:27","guid":{"rendered":"https:\/\/www.stvvalves.com\/?post_type=product&#038;p=7634"},"modified":"2024-12-09T09:30:09","modified_gmt":"2024-12-09T01:30:09","slug":"metal-seat-wafer-type-ball-valve-f316-6-inch-150lb","status":"publish","type":"product","link":"https:\/\/www.stvvalves.com\/de\/products\/metal-seat-wafer-type-ball-valve-f316-6-inch-150lb\/","title":{"rendered":"Metal Seat Wafer Type Ball Valve,F316,6 Inch,150LB"},"content":{"rendered":"<p>Produktauswahl<br \/>\n-Valve size: 1\/2\u2033 \u2013 10\u2033 (DN15-DN250)<br \/>\n-Druck: ANSI-Klasse 150-1500 (PN16-PN250)<br \/>\n-Temperature: -196\u2103 \u2013 500\u2103<br \/>\n-Geh\u00e4usematerialien: A105N, F304, F304L, F316, F316L, F11, F22, F51, F55<\/p>\n<p>Technische Spezifikationen<br \/>\n-Design: ASME 16.34\/API 6D<br \/>\n-Von Angesicht zu Angesicht: ASME B16.10<br \/>\n-BW-Ende: ASME B16.25<br \/>\n-Test: API 598\/BS 6755<br \/>\n-Brandschutztest: API 607\/API 6FA<br \/>\n-Spezial: NACE MR-01-75<\/p>\n<p>Design features:<br \/>\n1-piece Body<br \/>\n-Geschmiedeter oder gegossener Stahlk\u00f6rper<br \/>\n-Full port or Reduce port<br \/>\n-Anti-blowout Stem<br \/>\n-Gear Operation or Actuator Available<br \/>\n- Ausblassicherer Schaft<br \/>\n-Feuersicheres Design<br \/>\nOptional locking device<br \/>\nOptional ISO 5211 direct mounting pad<\/p>\n<table>\n<tbody>\n<tr>\n<td width=\"200\"><strong>Produktname<\/strong><\/td>\n<td width=\"481\">Metal Seat Wafer Type Ball Valve,F316,6 Inch,150LB<\/td>\n<\/tr>\n<tr>\n<td width=\"200\">1. Material<\/td>\n<td width=\"481\">F316<\/td>\n<\/tr>\n<tr>\n<td width=\"200\">2. Gr\u00f6\u00dfe<\/td>\n<td width=\"481\">6&quot;<\/td>\n<\/tr>\n<tr>\n<td width=\"200\">4. Hafen<\/td>\n<td width=\"481\">\u00a0Reduzieranschluss<\/td>\n<\/tr>\n<tr>\n<td width=\"200\">5. Arbeitsdruck<\/td>\n<td width=\"481\">150 Pfund<\/td>\n<\/tr>\n<tr>\n<td width=\"200\">6. Verbindung endet<\/td>\n<td width=\"481\">RF<\/td>\n<\/tr>\n<tr>\n<td width=\"200\">7. Arbeitstemperatur.<\/td>\n<td width=\"481\">-29~280\u00baC,<\/td>\n<\/tr>\n<tr>\n<td width=\"200\">8. Geeignetes Medium<\/td>\n<td width=\"481\">Wasser, Erdgas, \u00d6l und einige \u00e4tzende Fl\u00fcssigkeiten<\/td>\n<\/tr>\n<tr>\n<td width=\"200\">9. Betrieben<\/td>\n<td width=\"481\">Handrad<\/td>\n<\/tr>\n<tr>\n<td width=\"200\">10. Inspektion und Pr\u00fcfung<\/td>\n<td width=\"481\">Gem\u00e4\u00df API598<\/td>\n<\/tr>\n<tr>\n<td width=\"200\"><strong>Sendung<\/strong><\/td>\n<td width=\"481\"><\/td>\n<\/tr>\n<tr>\n<td width=\"200\">Lieferzeit<\/td>\n<td width=\"481\">30 Tage<\/td>\n<\/tr>\n<tr>\n<td width=\"200\">Paket<\/td>\n<td width=\"481\">Standard-Export-Sperrholzkiste<\/td>\n<\/tr>\n<tr>\n<td width=\"200\">Hafen<\/td>\n<td width=\"481\">Ningbo\/Shanghai, China<\/td>\n<\/tr>\n<tr>\n<td width=\"200\">Versandbedingungen<\/td>\n<td width=\"481\">Exw, FOB, CFR, CIF usw.<\/td>\n<\/tr>\n<tr>\n<td width=\"200\">Zahlungsbedingungen<\/td>\n<td width=\"481\">T\/T, Western Union, PayPal usw.<\/td>\n<\/tr>\n<tr>\n<td width=\"200\"><\/td>\n<td width=\"481\">30% Vorauszahlung, 70% Restbetrag vor dem Versand bezahlt<\/td>\n<\/tr>\n<tr>\n<td width=\"200\">Herkunftsland<\/td>\n<td width=\"481\">Stadt Wenzhou, China<\/td>\n<\/tr>\n<tr>\n<td width=\"200\">Produktionskapazit\u00e4t<\/td>\n<td width=\"481\">6000 Tonnen\/Jahr<\/td>\n<\/tr>\n<tr>\n<td width=\"200\">Mindestbestellmenge<\/td>\n<td width=\"481\">1 St\u00fcck\/Gr\u00f6\u00dfe<\/td>\n<\/tr>\n<\/tbody>\n<\/table>","protected":false},"excerpt":{"rendered":"<p>STV Valve Technology Group Co., Ltd is a professional leader China 150LB Forged Steel Wafer Ball Valve,1 PCS Type Forged Steel\u00a0 Ball Valve ,F316 Wafer Ball Valve,High Pressure Forged Steel Wafer Ball Valve,6 Inch Forged Steel Wafer Ball Valve,Metal Seat Wafer Type Ball Valve Manufacturer with high quality and competitive price<\/p>","protected":false},"featured_media":7635,"template":"","meta":[],"product_brand":[],"product_cat":[43,55],"product_tag":[2733,3034,3033,2734,2735,3035],"class_list":{"0":"post-7634","1":"product","2":"type-product","3":"status-publish","4":"has-post-thumbnail","6":"product_cat-ball-valve","7":"product_cat-forged-steel-ball-valve","8":"product_tag-1-pcs-type-forged-steel-ball-valve","9":"product_tag-6-inch-forged-steel-wafer-ball-valve","10":"product_tag-china-150lb-forged-steel-wafer-ball-valve","11":"product_tag-f316-wafer-ball-valve","12":"product_tag-high-pressure-forged-steel-wafer-ball-valve","13":"product_tag-metal-seat-wafer-type-ball-valve-manufacturer","15":"first","16":"instock","17":"shipping-taxable","18":"product-type-simple"},"_links":{"self":[{"href":"https:\/\/www.stvvalves.com\/de\/wp-json\/wp\/v2\/product\/7634","targetHints":{"allow":["GET"]}}],"collection":[{"href":"https:\/\/www.stvvalves.com\/de\/wp-json\/wp\/v2\/product"}],"about":[{"href":"https:\/\/www.stvvalves.com\/de\/wp-json\/wp\/v2\/types\/product"}],"wp:featuredmedia":[{"embeddable":true,"href":"https:\/\/www.stvvalves.com\/de\/wp-json\/wp\/v2\/media\/7635"}],"wp:attachment":[{"href":"https:\/\/www.stvvalves.com\/de\/wp-json\/wp\/v2\/media?parent=7634"}],"wp:term":[{"taxonomy":"product_brand","embeddable":true,"href":"https:\/\/www.stvvalves.com\/de\/wp-json\/wp\/v2\/product_brand?post=7634"},{"taxonomy":"product_cat","embeddable":true,"href":"https:\/\/www.stvvalves.com\/de\/wp-json\/wp\/v2\/product_cat?post=7634"},{"taxonomy":"product_tag","embeddable":true,"href":"https:\/\/www.stvvalves.com\/de\/wp-json\/wp\/v2\/product_tag?post=7634"}],"curies":[{"name":"wp","href":"https:\/\/api.w.org\/{rel}","templated":true}]}}