{"id":7817,"date":"2025-02-15T21:53:06","date_gmt":"2025-02-15T13:53:06","guid":{"rendered":"https:\/\/www.stvvalves.com\/?post_type=product&#038;p=7817"},"modified":"2025-02-15T21:53:08","modified_gmt":"2025-02-15T13:53:08","slug":"ta2-swing-check-valve-pn16-dn50-rf-end","status":"publish","type":"product","link":"https:\/\/www.stvvalves.com\/de\/products\/ta2-swing-check-valve-pn16-dn50-rf-end\/","title":{"rendered":"TA2 Swing Check Valve,PN16,DN50,RF END"},"content":{"rendered":"<p>Product name: TA2 Swing Check Valve,PN16,DN50,RF END<br \/>\nDesign: ASME B16.34.<br \/>\nMaterial: Titan TA2<br \/>\nNenngr\u00f6\u00dfe: 2 Zoll.<br \/>\nNenndruck: Class150 LB.<br \/>\nEndverbindung: RF.<br \/>\nVon Angesicht zu Angesicht: ASME B16.10.<br \/>\nTest und Inspektion: API 598.<\/p>\n<p>Anschl\u00fcsse: Flansch, Gewinde, Muffenschwei\u00dfen, Stumpfschwei\u00dfen<\/p>\n<p>Druckstufe: PN 1,0 bis 25 MPa, Klasse 150 bis 2500<\/p>\n<p>Gr\u00f6\u00dfe: DN15 bis 200 mm, NPS 1\/4\u2033 bis 20\u2033<\/p>\n<p>Temperatur: -198\u00b0C bis +450\u00b0C<\/p>\n<p>Design and Manufacture:DIN3352, EN558<\/p>\n<p>Face to face (end to end): EN 558,<\/p>\n<p>Flanged connection: DIN3202-F5\/F7<\/p>\n<p>Test and inspection: API598, ISO5208, DIN 3230<\/p>\n<p>Stumpfgeschwei\u00dftes Ende: ANSI B16.5<\/p>\n<p><strong>Teile und Materialien:<\/strong><\/p>\n<p>K\u00f6rper: Titan TA1, TA2, TA10, TC4, GR2, GR3, GR5, Duplex-Edelstahl, Super-Duplex-Edelstahl, Legierung<\/p>\n<p>20, CN7M, Hastelloy, Kohlenstoffstahl, WC6, WC9, C5, C12, LCB, CF3M<\/p>\n<p>Oberteil, Tor: Duplex-Edelstahl, Super-Duplex-Edelstahl, Legierung 20, CN7M, Hastelloy, Kohlenstoffstahl, WC6,<\/p>\n<p>WC9, C5, C12, LCB, CF3M, Titan TA1, TA2, TA10, TC4, GR2, GR3, GR5<\/p>\n<p>Besatz: Incoloy 800, Incoloy 800H, Incoloy 825, SS304, SS316, SS304L, SS316L, 13%Cr.Steel, Stellite, Hastelloy,<\/p>\n<p>Legierung 20, Duplex-Edelstahl, Super-Duplex-Edelstahl<\/p>\n<p>Stopfbuchspackung: Graphit, PTFE<\/p>\n<p>Endanschl\u00fcsse: Flansch, Muffenschwei\u00dfung, Stumpfschwei\u00dfung<\/p>\n<p>&nbsp;<\/p>\n<table>\n<tbody>\n<tr>\n<td width=\"200\"><strong>Produktname<\/strong><\/td>\n<td width=\"481\">TA2 Swing Check Valve,PN16,DN50,RF END<\/td>\n<\/tr>\n<tr>\n<td width=\"200\">1. Material<\/td>\n<td width=\"481\">Titan TA2<\/td>\n<\/tr>\n<tr>\n<td width=\"200\">2. Gr\u00f6\u00dfe<\/td>\n<td width=\"481\">2&quot;<\/td>\n<\/tr>\n<tr>\n<td width=\"200\">4. Hafen<\/td>\n<td width=\"481\">Vollst\u00e4ndiger Port<\/td>\n<\/tr>\n<tr>\n<td width=\"200\">5. Arbeitsdruck<\/td>\n<td width=\"481\">PN16<\/td>\n<\/tr>\n<tr>\n<td width=\"200\">6. Verbindung endet<\/td>\n<td width=\"481\">RF<\/td>\n<\/tr>\n<tr>\n<td width=\"200\">7. Arbeitstemperatur.<\/td>\n<td width=\"481\">-29~200 \u00b0C,<\/td>\n<\/tr>\n<tr>\n<td width=\"200\">8. Geeignetes Medium<\/td>\n<td width=\"481\">Wasser, Erdgas, \u00d6l und einige \u00e4tzende Fl\u00fcssigkeiten<\/td>\n<\/tr>\n<tr>\n<td width=\"200\">9. Betrieben<\/td>\n<td width=\"481\">\/<\/td>\n<\/tr>\n<tr>\n<td width=\"200\">10. Inspektion und Pr\u00fcfung<\/td>\n<td width=\"481\">Gem\u00e4\u00df API598<\/td>\n<\/tr>\n<tr>\n<td width=\"200\"><strong>Sendung<\/strong><\/td>\n<td width=\"481\"><\/td>\n<\/tr>\n<tr>\n<td width=\"200\">Lieferzeit<\/td>\n<td width=\"481\">30 Tage<\/td>\n<\/tr>\n<tr>\n<td width=\"200\">Paket<\/td>\n<td width=\"481\">Standard-Export-Sperrholzkiste<\/td>\n<\/tr>\n<tr>\n<td width=\"200\">Hafen<\/td>\n<td width=\"481\">Ningbo\/Shanghai, China<\/td>\n<\/tr>\n<tr>\n<td width=\"200\">Versandbedingungen<\/td>\n<td width=\"481\">Exw, FOB, CFR, CIF usw.<\/td>\n<\/tr>\n<tr>\n<td width=\"200\">Zahlungsbedingungen<\/td>\n<td width=\"481\">T\/T, Western Union, PayPal usw.<\/td>\n<\/tr>\n<tr>\n<td width=\"200\"><\/td>\n<td width=\"481\">30% Vorauszahlung, 70% Restbetrag vor dem Versand bezahlt<\/td>\n<\/tr>\n<tr>\n<td width=\"200\">Herkunftsland<\/td>\n<td width=\"481\">Stadt Wenzhou, China<\/td>\n<\/tr>\n<tr>\n<td width=\"200\">Produktionskapazit\u00e4t<\/td>\n<td width=\"481\">6000 Tonnen\/Jahr<\/td>\n<\/tr>\n<tr>\n<td width=\"200\">Mindestbestellmenge<\/td>\n<td width=\"481\">1 St\u00fcck\/Gr\u00f6\u00dfe<\/td>\n<\/tr>\n<\/tbody>\n<\/table>","protected":false},"excerpt":{"rendered":"<p>STV Valve Technology Group Co., Ltd is a professional leader China \u00a0TA2 Swing Check Valve,PN16 \u00a0TA2 Swing Check Valve,DN50 \u00a0TA2 Swing Check Valve,Flange End \u00a0TA2 Swing Check Valve ,RF END \u00a0TA2 Swing Check Valve,DIN3352 \u00a0TA2 Swing Check Valve Manufacturer with high quality and competitive price<\/p>","protected":false},"featured_media":7818,"template":"","meta":[],"product_brand":[],"product_cat":[46,67],"product_tag":[3117,3122,3119,3120,3118,3121],"class_list":{"0":"post-7817","1":"product","2":"type-product","3":"status-publish","4":"has-post-thumbnail","6":"product_cat-check-valves","7":"product_cat-stainless-steel-check-valve","8":"product_tag-china-ta2-swing-check-valve","9":"product_tag-din3352-ta2-swing-check-valve-manufacturer","10":"product_tag-dn50-ta2-swing-check-valve","11":"product_tag-flange-end-ta2-swing-check-valve","12":"product_tag-pn16-ta2-swing-check-valve","13":"product_tag-rf-end-ta2-swing-check-valve","15":"first","16":"instock","17":"shipping-taxable","18":"product-type-simple"},"_links":{"self":[{"href":"https:\/\/www.stvvalves.com\/de\/wp-json\/wp\/v2\/product\/7817","targetHints":{"allow":["GET"]}}],"collection":[{"href":"https:\/\/www.stvvalves.com\/de\/wp-json\/wp\/v2\/product"}],"about":[{"href":"https:\/\/www.stvvalves.com\/de\/wp-json\/wp\/v2\/types\/product"}],"wp:featuredmedia":[{"embeddable":true,"href":"https:\/\/www.stvvalves.com\/de\/wp-json\/wp\/v2\/media\/7818"}],"wp:attachment":[{"href":"https:\/\/www.stvvalves.com\/de\/wp-json\/wp\/v2\/media?parent=7817"}],"wp:term":[{"taxonomy":"product_brand","embeddable":true,"href":"https:\/\/www.stvvalves.com\/de\/wp-json\/wp\/v2\/product_brand?post=7817"},{"taxonomy":"product_cat","embeddable":true,"href":"https:\/\/www.stvvalves.com\/de\/wp-json\/wp\/v2\/product_cat?post=7817"},{"taxonomy":"product_tag","embeddable":true,"href":"https:\/\/www.stvvalves.com\/de\/wp-json\/wp\/v2\/product_tag?post=7817"}],"curies":[{"name":"wp","href":"https:\/\/api.w.org\/{rel}","templated":true}]}}