{"id":7819,"date":"2025-02-16T09:12:35","date_gmt":"2025-02-16T01:12:35","guid":{"rendered":"https:\/\/www.stvvalves.com\/?post_type=product&#038;p=7819"},"modified":"2025-09-05T09:49:42","modified_gmt":"2025-09-05T01:49:42","slug":"astm-a351-cf8m-check-valve-20-in-600lb-lug-api-594","status":"publish","type":"product","link":"https:\/\/www.stvvalves.com\/de\/products\/astm-a351-cf8m-check-valve-20-in-600lb-lug-api-594\/","title":{"rendered":"ASTM A351 CF8M Check Valve, 20 IN, 600LB, LUG, API 594"},"content":{"rendered":"<p>Kurze Baul\u00e4nge, nur 1\/4\u20131\/8 der L\u00e4nge eines herk\u00f6mmlichen R\u00fcckschlagventils mit Flansch;<\/p>\n<p>Geringes Volumen, geringes Gewicht, nur 1\/4 bis 1\/20 des herk\u00f6mmlichen R\u00fcckschlagventils mit Flansch;<\/p>\n<p>Schnelles Schlie\u00dfen der Ventilscheibe, geringer Wasserschlagdruck;<\/p>\n<p>Anwendbar und einfach zu installieren f\u00fcr vertikale oder horizontale Rohrleitungen;<\/p>\n<p>Glatter Str\u00f6mungskanal und geringer Fl\u00fcssigkeitswiderstand;<\/p>\n<p>Flexible Wirkung und gute Dichtleistung;<\/p>\n<p>Schmaler Ventilhub und geringer Schlie\u00dfsto\u00df;<\/p>\n<p>Integrierte Struktur, einfach und kompakt, in sch\u00f6ner Form;<\/p>\n<p>Lange Lebensdauer und gute Zuverl\u00e4ssigkeit.<\/p>\n<p>Hauptparameterspezifikation<\/p>\n<p>Design und Herstellung: API594, API 6D;<br \/>\nVon Angesicht zu Angesicht und von Ende zu Ende: API594, API6D, DIN3202;<br \/>\nDruck-Temperatur-Bewertung: ASME B16.34, DIN2410;<br \/>\nInspektion und Test: API598<br \/>\nRohrflansch: ,ASME B16.5,DIN2543~2548,API605,ASME B16.47.<\/p>\n<p>Produktauswahl<\/p>\n<p>Body material: WCB,LCB,WC6,WC9,CF8,CF8M,CF3,CF3M, alloy steel,bronze<\/p>\n<p>Nominal diameter:1.5\u2033~48\u2033(DN40~DN1200)<\/p>\n<p>Endverbindung: RF, RTJ, BW<\/p>\n<p>Druckbereich: Klasse 150\u20132500 (PN16\u2013PN420).<\/p>\n<p>Arbeitstemperatur: -196\u2103~+560\u2103<\/p>\n<p>&nbsp;<\/p>\n<table>\n<tbody>\n<tr>\n<td width=\"200\"><strong>Produktname<\/strong><\/td>\n<td width=\"481\">ASTM A351 CF8M Check Valve, 20 IN, 600LB, LUG, API 594<\/td>\n<\/tr>\n<tr>\n<td width=\"200\">1. Material<\/td>\n<td width=\"481\">CF8M<\/td>\n<\/tr>\n<tr>\n<td width=\"200\">2. Gr\u00f6\u00dfe<\/td>\n<td width=\"481\">20&quot;<\/td>\n<\/tr>\n<tr>\n<td width=\"200\">4. Hafen<\/td>\n<td width=\"481\">Vollst\u00e4ndiger Port<\/td>\n<\/tr>\n<tr>\n<td width=\"200\">5. Arbeitsdruck<\/td>\n<td width=\"481\">600 Pfund<\/td>\n<\/tr>\n<tr>\n<td width=\"200\">6. Verbindung endet<\/td>\n<td width=\"481\">Lug<\/td>\n<\/tr>\n<tr>\n<td width=\"200\">7. Arbeitstemperatur.<\/td>\n<td width=\"481\">-29~300 \u00b0C,<\/td>\n<\/tr>\n<tr>\n<td width=\"200\">8. Geeignetes Medium<\/td>\n<td width=\"481\">Wasser, Erdgas, \u00d6l und einige \u00e4tzende Fl\u00fcssigkeiten<\/td>\n<\/tr>\n<tr>\n<td width=\"200\">9. Betrieben<\/td>\n<td width=\"481\">\/<\/td>\n<\/tr>\n<tr>\n<td width=\"200\">10. Inspektion und Pr\u00fcfung<\/td>\n<td width=\"481\">Gem\u00e4\u00df API598<\/td>\n<\/tr>\n<tr>\n<td width=\"200\"><strong>Sendung<\/strong><\/td>\n<td width=\"481\"><\/td>\n<\/tr>\n<tr>\n<td width=\"200\">Lieferzeit<\/td>\n<td width=\"481\">30 Tage<\/td>\n<\/tr>\n<tr>\n<td width=\"200\">Paket<\/td>\n<td width=\"481\">Standard-Export-Sperrholzkiste<\/td>\n<\/tr>\n<tr>\n<td width=\"200\">Hafen<\/td>\n<td width=\"481\">Ningbo\/Shanghai, China<\/td>\n<\/tr>\n<tr>\n<td width=\"200\">Versandbedingungen<\/td>\n<td width=\"481\">Exw, FOB, CFR, CIF usw.<\/td>\n<\/tr>\n<tr>\n<td width=\"200\">Zahlungsbedingungen<\/td>\n<td width=\"481\">T\/T, Western Union, PayPal usw.<\/td>\n<\/tr>\n<tr>\n<td width=\"200\"><\/td>\n<td width=\"481\">30% Vorauszahlung, 70% Restbetrag vor dem Versand bezahlt<\/td>\n<\/tr>\n<tr>\n<td width=\"200\">Herkunftsland<\/td>\n<td width=\"481\">Stadt Wenzhou, China<\/td>\n<\/tr>\n<tr>\n<td width=\"200\">Produktionskapazit\u00e4t<\/td>\n<td width=\"481\">6000 Tonnen\/Jahr<\/td>\n<\/tr>\n<tr>\n<td width=\"200\">Mindestbestellmenge<\/td>\n<td width=\"481\">1 St\u00fcck\/Gr\u00f6\u00dfe<\/td>\n<\/tr>\n<\/tbody>\n<\/table>","protected":false},"excerpt":{"rendered":"<p>STV Valve Technology Group Co., Ltd is a professional leader China ASTM A351 CF8M Check Valve ,Lug Type Dual Plate Swing Check Valve,Dual Plate Lug Type Check Valve,Lug and Wafer Check Valves,CF8M Lug Type Dual Plate Wafer Check Valve,Dual Plate Check Valve API 594,20 inch API 594 Dual Plate Check Valve,600LB Lug Type Dual Plate Check Valve Manufacturer With High Quality And Low Price.To lear<\/p>","protected":false},"featured_media":7820,"template":"","meta":[],"product_brand":[],"product_cat":[46,84],"product_tag":[3126,3127,3125,3123,498,501,499,3124],"class_list":{"0":"post-7819","1":"product","2":"type-product","3":"status-publish","4":"has-post-thumbnail","6":"product_cat-check-valves","7":"product_cat-wafer-check-valve","8":"product_tag-20-inch-api-594-dual-plate-check-valve","9":"product_tag-600lb-lug-type-dual-plate-check-valve-manufacture","10":"product_tag-cf8m-lug-type-dual-plate-wafer-check-valve","11":"product_tag-china-astm-a351-cf8m-check-valve","12":"product_tag-dual-plate-check-valve-api-594","13":"product_tag-dual-plate-lug-type-check-valve","14":"product_tag-lug-and-wafer-check-valves","15":"product_tag-lug-type-dual-plate-swing-check-valve","17":"first","18":"instock","19":"featured","20":"shipping-taxable","21":"product-type-simple"},"_links":{"self":[{"href":"https:\/\/www.stvvalves.com\/de\/wp-json\/wp\/v2\/product\/7819","targetHints":{"allow":["GET"]}}],"collection":[{"href":"https:\/\/www.stvvalves.com\/de\/wp-json\/wp\/v2\/product"}],"about":[{"href":"https:\/\/www.stvvalves.com\/de\/wp-json\/wp\/v2\/types\/product"}],"wp:featuredmedia":[{"embeddable":true,"href":"https:\/\/www.stvvalves.com\/de\/wp-json\/wp\/v2\/media\/7820"}],"wp:attachment":[{"href":"https:\/\/www.stvvalves.com\/de\/wp-json\/wp\/v2\/media?parent=7819"}],"wp:term":[{"taxonomy":"product_brand","embeddable":true,"href":"https:\/\/www.stvvalves.com\/de\/wp-json\/wp\/v2\/product_brand?post=7819"},{"taxonomy":"product_cat","embeddable":true,"href":"https:\/\/www.stvvalves.com\/de\/wp-json\/wp\/v2\/product_cat?post=7819"},{"taxonomy":"product_tag","embeddable":true,"href":"https:\/\/www.stvvalves.com\/de\/wp-json\/wp\/v2\/product_tag?post=7819"}],"curies":[{"name":"wp","href":"https:\/\/api.w.org\/{rel}","templated":true}]}}