{"id":7821,"date":"2025-02-16T09:27:20","date_gmt":"2025-02-16T01:27:20","guid":{"rendered":"https:\/\/www.stvvalves.com\/?post_type=product&#038;p=7821"},"modified":"2025-02-27T15:43:52","modified_gmt":"2025-02-27T07:43:52","slug":"monel-400-gate-valve-800lb-3-4-inch-npt-end","status":"publish","type":"product","link":"https:\/\/www.stvvalves.com\/de\/products\/monel-400-gate-valve-800lb-3-4-inch-npt-end\/","title":{"rendered":"Monel 400 Gate Valve,800LB,3\/4 Inch,NPT End"},"content":{"rendered":"<p>Design-Merkmale<br \/>\n1. Voller Port oder konventioneller Port<br \/>\n2. Au\u00dfenschraube und Joch (OS&amp;Y)<br \/>\n3. Zweiteilige selbstausrichtende Stopfbuchse<br \/>\n4. Verschraubte Motorhaube mit Spiraldichtung, geschwei\u00dfte Motorhaube mit Gewinde und Dichtung oder Motorhaube mit Gewinde und Druckdichtung<br \/>\n5. Integrierter R\u00fccksitz<br \/>\n6.Available in ANSI 150-2500LB, sizes: 1\/4\u2033 to 4\u2033.<br \/>\n7.Materials:A105N,LF2,F304,F316,F11,F22,F5,F91,MONEL400,Alloy Steel Ect.<br \/>\n8. Temperaturbereich: 0 \u00b0C bis 600 \u00b0C.<br \/>\n9.Port: Reduzierer-Port und Voll-Port.<br \/>\n10.Endverbindung: NPT, BW, SW, RF, RTJ.<\/p>\n<table>\n<tbody>\n<tr>\n<td width=\"200\"><strong><b>Produktname<\/b><\/strong><\/td>\n<td width=\"481\">Monel 400 Gate Valve,800LB,3\/4 Inch,NPT End<\/td>\n<\/tr>\n<tr>\n<td width=\"200\">1. Material<\/td>\n<td width=\"481\">Monel 400<\/td>\n<\/tr>\n<tr>\n<td width=\"200\">2. Gr\u00f6\u00dfe<\/td>\n<td width=\"481\">3\/4&quot;<\/td>\n<\/tr>\n<tr>\n<td width=\"200\">4. Hafen<\/td>\n<td width=\"481\">Reduzieranschluss<\/td>\n<\/tr>\n<tr>\n<td width=\"200\">5. Arbeitsdruck<\/td>\n<td width=\"481\">800 Pfund<\/td>\n<\/tr>\n<tr>\n<td width=\"200\">6. Verbindung endet<\/td>\n<td width=\"481\">NPT End<\/td>\n<\/tr>\n<tr>\n<td width=\"200\">7. Arbeitstemperatur.<\/td>\n<td width=\"481\">-29~425 \u00b0C,<\/td>\n<\/tr>\n<tr>\n<td width=\"200\">8. Geeignetes Medium<\/td>\n<td width=\"481\">Wasser, Erdgas, \u00d6l und einige \u00e4tzende Fl\u00fcssigkeiten<\/td>\n<\/tr>\n<tr>\n<td width=\"200\">9. Betrieben<\/td>\n<td width=\"481\">Handrad<\/td>\n<\/tr>\n<tr>\n<td width=\"200\">10. Inspektion und Pr\u00fcfung<\/td>\n<td width=\"481\">Gem\u00e4\u00df API 598<\/td>\n<\/tr>\n<tr>\n<td width=\"200\"><strong><b>Sendung<\/b><\/strong><\/td>\n<td width=\"481\"><\/td>\n<\/tr>\n<tr>\n<td width=\"200\">Lieferzeit<\/td>\n<td width=\"481\">30 Tage<\/td>\n<\/tr>\n<tr>\n<td width=\"200\">Paket<\/td>\n<td width=\"481\">Standard-Export-Sperrholzkiste<\/td>\n<\/tr>\n<tr>\n<td width=\"200\">Hafen<\/td>\n<td width=\"481\">Ningbo\/Shanghai, China<\/td>\n<\/tr>\n<tr>\n<td width=\"200\">Versandbedingungen<\/td>\n<td width=\"481\">Exw, FOB, CFR, CIF usw.<\/td>\n<\/tr>\n<tr>\n<td width=\"200\">Zahlungsbedingungen<\/td>\n<td width=\"481\">T\/T, Western Union, PayPal usw.<\/td>\n<\/tr>\n<tr>\n<td width=\"200\"><\/td>\n<td width=\"481\">30% Vorauszahlung, 70% Restbetrag vor dem Versand bezahlt<\/td>\n<\/tr>\n<tr>\n<td width=\"200\">Herkunftsland<\/td>\n<td width=\"481\">Stadt Wenzhou, China<\/td>\n<\/tr>\n<tr>\n<td width=\"200\">Produktionskapazit\u00e4t<\/td>\n<td width=\"481\">6000 Tonnen\/Jahr<\/td>\n<\/tr>\n<tr>\n<td width=\"200\">Mindestbestellmenge<\/td>\n<td width=\"481\">10 St\u00fcck\/Gr\u00f6\u00dfe<\/td>\n<\/tr>\n<\/tbody>\n<\/table>","protected":false},"excerpt":{"rendered":"<p>STV Valve Technology Group Co., Ltd is a professional leader China Monel 400 Gate Valve ,800LB Monel 400 Gate Valve,3\/4 Inch Monel 400 Gate Valve,NPT End Monel 400 Gate Valve,Bolt Bonnet Monel 400 Gate Valve,API 602 Monel 400 Gate Valve Manufacturer With High Quality And Low Price.To lear<\/p>\n<p>&nbsp;<\/p>\n<p>&nbsp;<\/p>","protected":false},"featured_media":7845,"template":"","meta":[],"product_brand":[],"product_cat":[59,44],"product_tag":[3163,3162,3166,3165,3161,3164],"class_list":{"0":"post-7821","1":"product","2":"type-product","3":"status-publish","4":"has-post-thumbnail","6":"product_cat-forged-steel-gate-valve","7":"product_cat-gate-valve","8":"product_tag-3-4-inch-monel-400-gate-valve","9":"product_tag-800lb-monel-400-gate-valve","10":"product_tag-api-602-monel-400-gate-valve-manufacturer","11":"product_tag-bolt-bonnet-monel-400-gate-valve","12":"product_tag-china-monel-400-gate-valve","13":"product_tag-npt-end-monel-400-gate-valve","15":"first","16":"instock","17":"shipping-taxable","18":"product-type-simple"},"_links":{"self":[{"href":"https:\/\/www.stvvalves.com\/de\/wp-json\/wp\/v2\/product\/7821","targetHints":{"allow":["GET"]}}],"collection":[{"href":"https:\/\/www.stvvalves.com\/de\/wp-json\/wp\/v2\/product"}],"about":[{"href":"https:\/\/www.stvvalves.com\/de\/wp-json\/wp\/v2\/types\/product"}],"wp:featuredmedia":[{"embeddable":true,"href":"https:\/\/www.stvvalves.com\/de\/wp-json\/wp\/v2\/media\/7845"}],"wp:attachment":[{"href":"https:\/\/www.stvvalves.com\/de\/wp-json\/wp\/v2\/media?parent=7821"}],"wp:term":[{"taxonomy":"product_brand","embeddable":true,"href":"https:\/\/www.stvvalves.com\/de\/wp-json\/wp\/v2\/product_brand?post=7821"},{"taxonomy":"product_cat","embeddable":true,"href":"https:\/\/www.stvvalves.com\/de\/wp-json\/wp\/v2\/product_cat?post=7821"},{"taxonomy":"product_tag","embeddable":true,"href":"https:\/\/www.stvvalves.com\/de\/wp-json\/wp\/v2\/product_tag?post=7821"}],"curies":[{"name":"wp","href":"https:\/\/api.w.org\/{rel}","templated":true}]}}