{"id":7822,"date":"2025-02-16T09:28:11","date_gmt":"2025-02-16T01:28:11","guid":{"rendered":"https:\/\/www.stvvalves.com\/?post_type=product&#038;p=7822"},"modified":"2025-02-16T09:40:52","modified_gmt":"2025-02-16T01:40:52","slug":"astm-a352-lcc-lug-check-valve-20-in-600lb-api-594","status":"publish","type":"product","link":"https:\/\/www.stvvalves.com\/de\/products\/astm-a352-lcc-lug-check-valve-20-in-600lb-api-594\/","title":{"rendered":"ASTM A352 LCC Lug Check Valve, 20 IN, 600LB, API 594"},"content":{"rendered":"<p>Kurze Baul\u00e4nge, nur 1\/4\u20131\/8 der L\u00e4nge eines herk\u00f6mmlichen R\u00fcckschlagventils mit Flansch;<\/p>\n<p>Geringes Volumen, geringes Gewicht, nur 1\/4 bis 1\/20 des herk\u00f6mmlichen R\u00fcckschlagventils mit Flansch;<\/p>\n<p>Schnelles Schlie\u00dfen der Ventilscheibe, geringer Wasserschlagdruck;<\/p>\n<p>Anwendbar und einfach zu installieren f\u00fcr vertikale oder horizontale Rohrleitungen;<\/p>\n<p>Glatter Str\u00f6mungskanal und geringer Fl\u00fcssigkeitswiderstand;<\/p>\n<p>Flexible Wirkung und gute Dichtleistung;<\/p>\n<p>Schmaler Ventilhub und geringer Schlie\u00dfsto\u00df;<\/p>\n<p>Integrierte Struktur, einfach und kompakt, in sch\u00f6ner Form;<\/p>\n<p>Lange Lebensdauer und gute Zuverl\u00e4ssigkeit.<\/p>\n<p>Hauptparameterspezifikation<\/p>\n<p>Design und Herstellung: API594, API 6D;<br \/>\nVon Angesicht zu Angesicht und von Ende zu Ende: API594, API6D, DIN3202;<br \/>\nDruck-Temperatur-Bewertung: ASME B16.34, DIN2410;<br \/>\nInspektion und Test: API598<br \/>\nRohrflansch: ,ASME B16.5,DIN2543~2548,API605,ASME B16.47.<\/p>\n<p>Produktauswahl<\/p>\n<p>Body material: WCB,LCB,WC6,WC9,CF8,CF8M,CF3,CF3M, alloy steel,bronze<\/p>\n<p>Nominal diameter:1.5\u2033~48\u2033(DN40~DN1200)<\/p>\n<p>Endverbindung: RF, RTJ, BW<\/p>\n<p>Druckbereich: Klasse 150\u20132500 (PN16\u2013PN420).<\/p>\n<p>Arbeitstemperatur: -196\u2103~+560\u2103<\/p>\n<p>&nbsp;<\/p>\n<table>\n<tbody>\n<tr>\n<td width=\"200\"><strong>Produktname<\/strong><\/td>\n<td width=\"481\">\u00a0ASTM A352 LCC Lug Check Valve, 20 IN, 600LB, API 594<\/td>\n<\/tr>\n<tr>\n<td width=\"200\">1. Material<\/td>\n<td width=\"481\">LCC<\/td>\n<\/tr>\n<tr>\n<td width=\"200\">2. Gr\u00f6\u00dfe<\/td>\n<td width=\"481\">20&quot;<\/td>\n<\/tr>\n<tr>\n<td width=\"200\">4. Hafen<\/td>\n<td width=\"481\">Vollst\u00e4ndiger Port<\/td>\n<\/tr>\n<tr>\n<td width=\"200\">5. Arbeitsdruck<\/td>\n<td width=\"481\">600 Pfund<\/td>\n<\/tr>\n<tr>\n<td width=\"200\">6. Verbindung endet<\/td>\n<td width=\"481\">Lug<\/td>\n<\/tr>\n<tr>\n<td width=\"200\">7. Arbeitstemperatur.<\/td>\n<td width=\"481\">-29~343\u00baC,<\/td>\n<\/tr>\n<tr>\n<td width=\"200\">8. Geeignetes Medium<\/td>\n<td width=\"481\">Wasser, Erdgas, \u00d6l und einige \u00e4tzende Fl\u00fcssigkeiten<\/td>\n<\/tr>\n<tr>\n<td width=\"200\">9. Betrieben<\/td>\n<td width=\"481\">\/<\/td>\n<\/tr>\n<tr>\n<td width=\"200\">10. Inspektion und Pr\u00fcfung<\/td>\n<td width=\"481\">Gem\u00e4\u00df API598<\/td>\n<\/tr>\n<tr>\n<td width=\"200\"><strong>Sendung<\/strong><\/td>\n<td width=\"481\"><\/td>\n<\/tr>\n<tr>\n<td width=\"200\">Lieferzeit<\/td>\n<td width=\"481\">30 Tage<\/td>\n<\/tr>\n<tr>\n<td width=\"200\">Paket<\/td>\n<td width=\"481\">Standard-Export-Sperrholzkiste<\/td>\n<\/tr>\n<tr>\n<td width=\"200\">Hafen<\/td>\n<td width=\"481\">Ningbo\/Shanghai, China<\/td>\n<\/tr>\n<tr>\n<td width=\"200\">Versandbedingungen<\/td>\n<td width=\"481\">Exw, FOB, CFR, CIF usw.<\/td>\n<\/tr>\n<tr>\n<td width=\"200\">Zahlungsbedingungen<\/td>\n<td width=\"481\">T\/T, Western Union, PayPal usw.<\/td>\n<\/tr>\n<tr>\n<td width=\"200\"><\/td>\n<td width=\"481\">30% Vorauszahlung, 70% Restbetrag vor dem Versand bezahlt<\/td>\n<\/tr>\n<tr>\n<td width=\"200\">Herkunftsland<\/td>\n<td width=\"481\">Stadt Wenzhou, China<\/td>\n<\/tr>\n<tr>\n<td width=\"200\">Produktionskapazit\u00e4t<\/td>\n<td width=\"481\">6000 Tonnen\/Jahr<\/td>\n<\/tr>\n<tr>\n<td width=\"200\">Mindestbestellmenge<\/td>\n<td width=\"481\">1 St\u00fcck\/Gr\u00f6\u00dfe<\/td>\n<\/tr>\n<\/tbody>\n<\/table>","protected":false},"excerpt":{"rendered":"<p>STV Valve Technology Group Co., Ltd is a professional leader ASTM A352 LCC Lug Check Valve Manufacture,STV also known as the ASTM A351 CF8M Check Valve, 20 IN, 600LB, LUG, API 594 ,STV offers a reliable solution for your industrial needs. This valve, designed with precision and adherence to ASTM standards, ensures optimal performance and longevity. With its robust construction and adherence to API 594 specifications, this valve is a dependable choice for critical applications in various industries.<\/p>","protected":false},"featured_media":7824,"template":"","meta":[],"product_brand":[],"product_cat":[46,84],"product_tag":[3132,3133,3131,3128,3130,498,499,3129],"class_list":{"0":"post-7822","1":"product","2":"type-product","3":"status-publish","4":"has-post-thumbnail","6":"product_cat-check-valves","7":"product_cat-wafer-check-valve","8":"product_tag-20-inch-astm-a352-lcc-lug-check-valve","9":"product_tag-600lb-astm-a352-lcc-lug-check-valve-manufacturer","10":"product_tag-cf8m-disc-dual-plate-wafer-check-valve","11":"product_tag-china-astm-a352-lcc-lug-check-valve","12":"product_tag-dual-plate-astm-a352-lcc-lug-check-valve","13":"product_tag-dual-plate-check-valve-api-594","14":"product_tag-lug-and-wafer-check-valves","15":"product_tag-lug-type-astm-a352-lcc-lug-check-valve","17":"first","18":"instock","19":"shipping-taxable","20":"product-type-simple"},"_links":{"self":[{"href":"https:\/\/www.stvvalves.com\/de\/wp-json\/wp\/v2\/product\/7822","targetHints":{"allow":["GET"]}}],"collection":[{"href":"https:\/\/www.stvvalves.com\/de\/wp-json\/wp\/v2\/product"}],"about":[{"href":"https:\/\/www.stvvalves.com\/de\/wp-json\/wp\/v2\/types\/product"}],"wp:featuredmedia":[{"embeddable":true,"href":"https:\/\/www.stvvalves.com\/de\/wp-json\/wp\/v2\/media\/7824"}],"wp:attachment":[{"href":"https:\/\/www.stvvalves.com\/de\/wp-json\/wp\/v2\/media?parent=7822"}],"wp:term":[{"taxonomy":"product_brand","embeddable":true,"href":"https:\/\/www.stvvalves.com\/de\/wp-json\/wp\/v2\/product_brand?post=7822"},{"taxonomy":"product_cat","embeddable":true,"href":"https:\/\/www.stvvalves.com\/de\/wp-json\/wp\/v2\/product_cat?post=7822"},{"taxonomy":"product_tag","embeddable":true,"href":"https:\/\/www.stvvalves.com\/de\/wp-json\/wp\/v2\/product_tag?post=7822"}],"curies":[{"name":"wp","href":"https:\/\/api.w.org\/{rel}","templated":true}]}}