{"id":7832,"date":"2025-02-16T17:50:58","date_gmt":"2025-02-16T09:50:58","guid":{"rendered":"https:\/\/www.stvvalves.com\/?post_type=product&#038;p=7832"},"modified":"2025-02-27T15:09:54","modified_gmt":"2025-02-27T07:09:54","slug":"cast-steel-basket-strainer-astm-a216-wcb3-in150lbrf-end","status":"publish","type":"product","link":"https:\/\/www.stvvalves.com\/de\/products\/cast-steel-basket-strainer-astm-a216-wcb3-in150lbrf-end\/","title":{"rendered":"Cast Steel Basket Strainer, ASTM A216 WCB,3 IN,150LB,RF END"},"content":{"rendered":"<p>The basket type strainer is designed according to ASME B16.34 standards, with a WCB body and a nominal size of 16 inches. It is classified as Class 150 and features RF Flanged ends for connection. The face to face dimensions adhere to the manufacturer&#8217;s standard specifications, ensuring quality and precision. Test and inspection procedures are conducted in compliance with API 598 regulations, maintaining the highest standards of performance and safety.<\/p>\n<p>Siebkorb<br \/>\nKurze Einleitung:<br \/>\nDer Schmutzf\u00e4nger kann an allen Arten von Rohrleitungen eingesetzt werden, um granulierte Fremdstoffe und gesammelte Verunreinigungen aufzufangen. Es kann den Abstand im Medium verbessern und die Lebensdauer von Ventilen und anderen Ger\u00e4ten verl\u00e4ngern. Es ist f\u00fcr Wasser, Erd\u00f6l und Dampf geeignet.<br \/>\nHauptteil &amp; Material<br \/>\nK\u00f6rper: Kohlenstoffstahl<br \/>\nNetz: Edelstahl<br \/>\nTechnische Spezifikation<br \/>\nNenndurchmesser: 15 ~ 500 mm<br \/>\nNenndruck: 0,6\u20135,0 MPa<br \/>\nWir liefern gegossene und geschwei\u00dfte Siebk\u00f6rbe<br \/>\n1) Sizes: 1\/2 \u2013 24\u2033<br \/>\n2) Nenndruck: 150 lb, 300 lb, 600 lb<br \/>\n3) Suitable temperature: -196oC \u2013 600oC<br \/>\n4) Geeignetes Medium: Wasser, Gas, \u00d6l, Dampf usw.<br \/>\n5) Geh\u00e4usematerial: A106\/WCB, WCC, WC6, WC9, LCB, LCC, SS304\/CF8, SS316\/CF8M, 304L\/CF3, SS316L\/CF3M<br \/>\n6) Sieb: Edelstahl (SS304\/SS316)<br \/>\n7) Endanschluss: FF, RF, THD, BW<br \/>\n8, Form des Einlasses\/Auslasses: Flansch\/Innendraht\/Au\u00dfendraht\/Schnelle Installation<br \/>\n9, Form der Abdeckungskompression: Bolzen\/Schnellbolzen<br \/>\n10, geeignete Viskosit\u00e4t (cp): 1-30000<br \/>\n11, Form des Korbes: Stanzmasche\/Einschichtmasche\/Verbundmasche<\/p>\n<h2>Beschreibung<\/h2>\n<p>Design: ASME B16.34.<br \/>\nMaterial: ASTM A216 WCB.<br \/>\nNenngr\u00f6\u00dfe: 3 Zoll.<br \/>\nNenndruck: Klasse 150 LB.<br \/>\nEndverbindung: RF.<br \/>\nVon Angesicht zu Angesicht: ASME B16.10.<br \/>\nTest und Inspektion: API 598.<\/p>\n<p>Produktauswahl:<br \/>\nGeh\u00e4usematerial: Kohlenstoffstahl, Edelstahl, legierter Stahl.<br \/>\nNormaler Durchmesser: 1\/2 \u2013 48 Zoll (DN15 \u2013 DN1200).<br \/>\nEndanschluss: BW, Flansch.<br \/>\nDruckbereich: 150 \u2013 2500 LB (PN16 \u2013 PN420).<br \/>\nArbeitstemperatur: -196\u2103 \u2013 +573\u2103.<\/p>\n<table>\n<tbody>\n<tr>\n<td width=\"200\"><strong>Produktname<\/strong><\/td>\n<td width=\"481\">Cast Steel Basket Strainer, ASTM A216 WCB,3 IN,150LB,RF END<\/td>\n<\/tr>\n<tr>\n<td width=\"200\">1. Material<\/td>\n<td width=\"481\">WCB<\/td>\n<\/tr>\n<tr>\n<td width=\"200\">2. Gr\u00f6\u00dfe<\/td>\n<td width=\"481\">3&quot;<\/td>\n<\/tr>\n<tr>\n<td width=\"200\">4. Hafen<\/td>\n<td width=\"481\">Vollst\u00e4ndiger Port<\/td>\n<\/tr>\n<tr>\n<td width=\"200\">5. Arbeitsdruck<\/td>\n<td width=\"481\">150 Pfund<\/td>\n<\/tr>\n<tr>\n<td width=\"200\">6. Verbindung endet<\/td>\n<td width=\"481\">RF<\/td>\n<\/tr>\n<tr>\n<td width=\"200\">7. Arbeitstemperatur.<\/td>\n<td width=\"481\">-29~425 \u00b0C,<\/td>\n<\/tr>\n<tr>\n<td width=\"200\">8. Geeignetes Medium<\/td>\n<td width=\"481\">Wasser, Erdgas, \u00d6l und einige \u00e4tzende Fl\u00fcssigkeiten<\/td>\n<\/tr>\n<tr>\n<td width=\"200\">9. Betrieben<\/td>\n<td width=\"481\">\/<\/td>\n<\/tr>\n<tr>\n<td width=\"200\">10. Inspektion und Pr\u00fcfung<\/td>\n<td width=\"481\">API 598<\/td>\n<\/tr>\n<tr>\n<td width=\"200\"><strong>Sendung<\/strong><\/td>\n<td width=\"481\"><\/td>\n<\/tr>\n<tr>\n<td width=\"200\">Lieferzeit<\/td>\n<td width=\"481\">30 Tage<\/td>\n<\/tr>\n<tr>\n<td width=\"200\">Paket<\/td>\n<td width=\"481\">Standard-Export-Sperrholzkiste<\/td>\n<\/tr>\n<tr>\n<td width=\"200\">Hafen<\/td>\n<td width=\"481\">Ningbo\/Shanghai, China<\/td>\n<\/tr>\n<tr>\n<td width=\"200\">Versandbedingungen<\/td>\n<td width=\"481\">Exw, FOB, CFR, CIF usw.<\/td>\n<\/tr>\n<tr>\n<td width=\"200\">Zahlungsbedingungen<\/td>\n<td width=\"481\">T\/T, Western Union, PayPal usw.<\/td>\n<\/tr>\n<tr>\n<td width=\"200\"><\/td>\n<td width=\"481\">30% Vorauszahlung, 70% Restbetrag vor dem Versand bezahlt<\/td>\n<\/tr>\n<tr>\n<td width=\"200\">Herkunftsland<\/td>\n<td width=\"481\">Stadt Wenzhou, China<\/td>\n<\/tr>\n<tr>\n<td width=\"200\">Produktionskapazit\u00e4t<\/td>\n<td width=\"481\">6000 Tonnen\/Jahr<\/td>\n<\/tr>\n<tr>\n<td width=\"200\">Mindestbestellmenge<\/td>\n<td width=\"481\">1 St\u00fcck\/Gr\u00f6\u00dfe<\/td>\n<\/tr>\n<\/tbody>\n<\/table>\n<p>&nbsp;<\/p>","protected":false},"excerpt":{"rendered":"<p>STV Valve Technology Group Co., Ltd is a professional leader China Cast Steel Basket Strainer, ASTM A216 WCB Basket Strainer,3 IN Basket Strainer,150LB Basket Strainer,RF END Basket Strainer Manufacturer with high quality and competitive price.<\/p>","protected":false},"featured_media":7831,"template":"","meta":[],"product_brand":[],"product_cat":[72,48],"product_tag":[2404,3144,3143,3142,3145],"class_list":{"0":"post-7832","1":"product","2":"type-product","3":"status-publish","4":"has-post-thumbnail","6":"product_cat-cast-steel-y-type-strainer","7":"product_cat-y-strainer","8":"product_tag-150lb-basket-strainer","9":"product_tag-3-in-basket-strainer","10":"product_tag-astm-a216-wcb-basket-strainer","11":"product_tag-china-cast-steel-basket-strainer","12":"product_tag-rf-end-basket-strainer-manufacturer","14":"first","15":"instock","16":"shipping-taxable","17":"product-type-simple"},"_links":{"self":[{"href":"https:\/\/www.stvvalves.com\/de\/wp-json\/wp\/v2\/product\/7832","targetHints":{"allow":["GET"]}}],"collection":[{"href":"https:\/\/www.stvvalves.com\/de\/wp-json\/wp\/v2\/product"}],"about":[{"href":"https:\/\/www.stvvalves.com\/de\/wp-json\/wp\/v2\/types\/product"}],"wp:featuredmedia":[{"embeddable":true,"href":"https:\/\/www.stvvalves.com\/de\/wp-json\/wp\/v2\/media\/7831"}],"wp:attachment":[{"href":"https:\/\/www.stvvalves.com\/de\/wp-json\/wp\/v2\/media?parent=7832"}],"wp:term":[{"taxonomy":"product_brand","embeddable":true,"href":"https:\/\/www.stvvalves.com\/de\/wp-json\/wp\/v2\/product_brand?post=7832"},{"taxonomy":"product_cat","embeddable":true,"href":"https:\/\/www.stvvalves.com\/de\/wp-json\/wp\/v2\/product_cat?post=7832"},{"taxonomy":"product_tag","embeddable":true,"href":"https:\/\/www.stvvalves.com\/de\/wp-json\/wp\/v2\/product_tag?post=7832"}],"curies":[{"name":"wp","href":"https:\/\/api.w.org\/{rel}","templated":true}]}}