{"id":7891,"date":"2025-02-20T13:23:00","date_gmt":"2025-02-20T05:23:00","guid":{"rendered":"https:\/\/www.stvvalves.com\/?post_type=product&#038;p=7891"},"modified":"2025-02-20T13:29:13","modified_gmt":"2025-02-20T05:29:13","slug":"scs13-flange-ball-valve-iso5211-mounting-pad-4-inch-rf-end","status":"publish","type":"product","link":"https:\/\/www.stvvalves.com\/de\/products\/scs13-flange-ball-valve-iso5211-mounting-pad-4-inch-rf-end\/","title":{"rendered":"SCS13 Flange Ball Valve,ISO5211 Mounting Pad,4 Inch,RF End"},"content":{"rendered":"<p>Designstandard: JIS B2071.<br \/>\nBody material: SCS13.<br \/>\nNominal diameter: 4 Inch.<br \/>\nDruck: JIS10K.<br \/>\nEnd connection;RF.<br \/>\nVon Angesicht zu Angesicht: JIS B2002.<br \/>\nArbeitstemperatur: -29\u00b0C~+200\u00b0C.<br \/>\nPr\u00fcfung und Inspektion: JIS B2003.<br \/>\nProduktauswahl<br \/>\nGeh\u00e4usematerial: Kohlenstoffstahl, Edelstahl, legierter Stahl.<br \/>\nNormaler Durchmesser: 1\/2\u2033~8\u2033 (DN15~DN200).<br \/>\nEndverbindung: JIS B2220<br \/>\nDruckbereich: JIS10K-JIS20K<br \/>\nBedienung: Hebel, Getriebe, elektrisch, pneumatisch, elektrohydraulischer Aktuator, Gas-\u00fcber-\u00d6l-Aktuator.<br \/>\nArbeitstemperatur: -46 \u00b0C bis +200 \u00b0C.<br \/>\nAntistatisches Ger\u00e4t und feuerfestes Ger\u00e4t (Option)<br \/>\nMit ISO 5211-Montagepad (Option)<\/p>\n<table>\n<tbody>\n<tr>\n<td width=\"200\"><strong><b>Produktname<\/b><\/strong><\/td>\n<td width=\"481\">SCS13 Flange Ball Valve,ISO5211 Mounting Pad,4 Inch,RF End<\/td>\n<\/tr>\n<tr>\n<td width=\"200\">1. Material<\/td>\n<td width=\"481\">SS304\/316\/304L\/316L (CF8\/CF8M\/CF3\/CF3M), WCB usw<\/td>\n<\/tr>\n<tr>\n<td width=\"200\">2. Gr\u00f6\u00dfe<\/td>\n<td width=\"481\">1\/2\u2033~8\u2033 &#039; ( 15A~200A)<\/td>\n<\/tr>\n<tr>\n<td width=\"200\">4. Hafen<\/td>\n<td width=\"481\">Vollst\u00e4ndiger Port<\/td>\n<\/tr>\n<tr>\n<td width=\"200\">5. Arbeitsdruck<\/td>\n<td width=\"481\">JIS10K~20K<\/td>\n<\/tr>\n<tr>\n<td width=\"200\">6. Verbindung endet<\/td>\n<td width=\"481\">FF<\/td>\n<\/tr>\n<tr>\n<td width=\"200\">7. Arbeitstemperatur.<\/td>\n<td width=\"481\">-29~180 \u00b0C,<\/td>\n<\/tr>\n<tr>\n<td width=\"200\">8. Geeignetes Medium<\/td>\n<td width=\"481\">Wasser, Erdgas, \u00d6l und einige \u00e4tzende Fl\u00fcssigkeiten<\/td>\n<\/tr>\n<tr>\n<td width=\"200\">9. Betrieben<\/td>\n<td width=\"481\">Handrad<\/td>\n<\/tr>\n<tr>\n<td width=\"200\">10. Inspektion und Pr\u00fcfung<\/td>\n<td width=\"481\">Gem\u00e4\u00df JIS B2003<\/td>\n<\/tr>\n<tr>\n<td width=\"200\"><strong><b>Sendung<\/b><\/strong><\/td>\n<td width=\"481\"><\/td>\n<\/tr>\n<tr>\n<td width=\"200\">Lieferzeit<\/td>\n<td width=\"481\">30 Tage<\/td>\n<\/tr>\n<tr>\n<td width=\"200\">Paket<\/td>\n<td width=\"481\">Standard-Export-Sperrholzkiste<\/td>\n<\/tr>\n<tr>\n<td width=\"200\">Hafen<\/td>\n<td width=\"481\">Ningbo\/Shanghai, China<\/td>\n<\/tr>\n<tr>\n<td width=\"200\">Versandbedingungen<\/td>\n<td width=\"481\">Exw, FOB, CFR, CIF usw.<\/td>\n<\/tr>\n<tr>\n<td width=\"200\">Zahlungsbedingungen<\/td>\n<td width=\"481\">T\/T, Western Union, PayPal usw.<\/td>\n<\/tr>\n<tr>\n<td width=\"200\"><\/td>\n<td width=\"481\">30% Vorauszahlung, 70% Restbetrag vor dem Versand bezahlt<\/td>\n<\/tr>\n<tr>\n<td width=\"200\">Herkunftsland<\/td>\n<td width=\"481\">Stadt Wenzhou, China<\/td>\n<\/tr>\n<tr>\n<td width=\"200\">Produktionskapazit\u00e4t<\/td>\n<td width=\"481\">6000 Tonnen\/Jahr<\/td>\n<\/tr>\n<tr>\n<td width=\"200\">Mindestbestellmenge<\/td>\n<td width=\"481\">10 St\u00fcck\/Gr\u00f6\u00dfe<\/td>\n<\/tr>\n<\/tbody>\n<\/table>","protected":false},"excerpt":{"rendered":"<p>Model:STV-Q41F-JIS10K-DN100-SCS13<br \/>\nSTV Valve Technology Group Co., Ltd is a professional leader China SCS13 Flange Ball Valve, JIS 10K Flanged Ball Valve,ISO5211 Mounting Pad Flange Ball valve,100A Ball valve,RF End SCS13 Flange Ball Valve,SCS13 Ball Valve Manufacture with high quality and competitive price.<\/p>\n<p>Unser JIS 10K-Flanschkugelhahn mit Direktmontage verf\u00fcgt \u00fcber ein hochwertiges Feingussgeh\u00e4use und -ende. Sie sind in den Gr\u00f6\u00dfen 1\/2 bis 8 Zoll erh\u00e4ltlich und haben einen regul\u00e4ren Anschluss. Ein hervorragender Leckschutz wird durch den Einsatz unseres patentierten \u201ePyramiden\u201c-Stammdichtungssystems erreicht, das in der Grafik unten dargestellt ist. Dieses fortschrittliche System sch\u00fctzt vor Verschlei\u00df und Leckagen, die bei herk\u00f6mmlichen Kugelh\u00e4hnen auftreten. Zweiteiliges Geh\u00e4use, schwimmende Kugel, voller Durchgang, ausblassicherer Schaft. Feuersicheres Design. Antistatische Vorrichtungen f\u00fcr den Kugelschaftk\u00f6rper.<\/p>\n<p>Erh\u00e4ltlich mit PN16\/40- und ANSI 150-Flanschoptionen und in Gr\u00f6\u00dfen von 1\/2\u2033 bis 8\u2033.<br \/>\nMit einem direkt montierten ISO 5211-Bet\u00e4tigungspad sind diese Ventile einfach zu bet\u00e4tigen.<\/p>\n<p>&nbsp;<\/p>\n<p>&nbsp;<\/p>","protected":false},"featured_media":7892,"template":"","meta":[],"product_brand":[],"product_cat":[43,80,53],"product_tag":[3202,3199,3201,3200,3203,3204],"class_list":{"0":"post-7891","1":"product","2":"type-product","3":"status-publish","4":"has-post-thumbnail","6":"product_cat-ball-valve","7":"product_cat-flange-ball-valve","8":"product_cat-stainless-steel-ball-valve","9":"product_tag-100a-ball-valve","10":"product_tag-china-scs13-flange-ball-valve","11":"product_tag-iso5211-mounting-pad-flange-ball-valve","12":"product_tag-jis-10k-flanged-ball-valve","13":"product_tag-rf-end-scs13-flange-ball-valve","14":"product_tag-scs13-ball-valve-manufacture","16":"first","17":"instock","18":"shipping-taxable","19":"product-type-simple"},"_links":{"self":[{"href":"https:\/\/www.stvvalves.com\/de\/wp-json\/wp\/v2\/product\/7891","targetHints":{"allow":["GET"]}}],"collection":[{"href":"https:\/\/www.stvvalves.com\/de\/wp-json\/wp\/v2\/product"}],"about":[{"href":"https:\/\/www.stvvalves.com\/de\/wp-json\/wp\/v2\/types\/product"}],"wp:featuredmedia":[{"embeddable":true,"href":"https:\/\/www.stvvalves.com\/de\/wp-json\/wp\/v2\/media\/7892"}],"wp:attachment":[{"href":"https:\/\/www.stvvalves.com\/de\/wp-json\/wp\/v2\/media?parent=7891"}],"wp:term":[{"taxonomy":"product_brand","embeddable":true,"href":"https:\/\/www.stvvalves.com\/de\/wp-json\/wp\/v2\/product_brand?post=7891"},{"taxonomy":"product_cat","embeddable":true,"href":"https:\/\/www.stvvalves.com\/de\/wp-json\/wp\/v2\/product_cat?post=7891"},{"taxonomy":"product_tag","embeddable":true,"href":"https:\/\/www.stvvalves.com\/de\/wp-json\/wp\/v2\/product_tag?post=7891"}],"curies":[{"name":"wp","href":"https:\/\/api.w.org\/{rel}","templated":true}]}}