{"id":7922,"date":"2025-02-24T09:28:51","date_gmt":"2025-02-24T01:28:51","guid":{"rendered":"https:\/\/www.stvvalves.com\/?post_type=product&#038;p=7922"},"modified":"2025-02-24T09:42:16","modified_gmt":"2025-02-24T01:42:16","slug":"ggg40-knife-gate-valve-wafer-type-dn800-pn16-gear-box","status":"publish","type":"product","link":"https:\/\/www.stvvalves.com\/de\/products\/ggg40-knife-gate-valve-wafer-type-dn800-pn16-gear-box\/","title":{"rendered":"GGG40 Knife Gate Valve, Wafer Type,DN800,PN16, Gear Box"},"content":{"rendered":"<p>GGG40 Knife Gate Valve, Wafer Type,DN800,PN16, Gear Box<br \/>\nRate: PN16<\/p>\n<p>Gr\u00f6\u00dfe: NPS2-48 (DN50-DN1200)<\/p>\n<p>Anschluss: Wafer-Typ, Flanschtyp, Lug-Typ, geschwei\u00dfter Typ<\/p>\n<p>Dichtungstyp: Weich oder Metall<\/p>\n<p>Material: GGG40-A356, CF8-A351, CF8M-A351<\/p>\n<p>Bet\u00e4tigungsart: Handrad, Kettenrad, Kegelradgetriebe, elektrisch, pneumatisch.<\/p>\n<p>1. Das Ventil verf\u00fcgt \u00fcber ein integriertes Design mit geringem Fl\u00fcssigkeitswiderstand und flexiblem Betrieb.<\/p>\n<p>2. Der Schraubenantrieb des manuellen Messerschiebers \u00fcbernimmt die Konstruktion eines Doppelebenenlagers, wodurch die \u00dcbertragungsreibungskraft stark reduziert wird, sodass das Ventil leicht und einfach ge\u00f6ffnet werden kann.<\/p>\n<p>3, unter Verwendung einer beweglichen Plattenschieber-Dichtungssitzdichtung und VERWENDUNG eines vorgespannten O-Rings mit Vorspannkraft, um den Dichtungssitz nahe an der Scheibe zu halten, wird die Leckagemenge stark reduziert und der Verschlei\u00df des Dichtungspaars bei Langzeitgebrauch verringert automatische Kompensationsfunktion zur Verbesserung der Lebensdauer.<\/p>\n<p>4. Feste F\u00fchrungsklaue, kein Rillendesign, keine Medienansammlung oder Kartenwiderstand.<\/p>\n<p>5. Der Sitz kann je nach den Anforderungen des Mediums und der Bedingungen angepasst werden. W\u00e4hlen Sie zwischen harter Metalldichtung oder weicher Dichtung: Der St\u00f6\u00dfel \u00fcbernimmt eine verchromte Oberfl\u00e4che oder eine Ionennitrierungsbehandlung, wodurch der St\u00f6\u00dfel verschlei\u00dffester wird und die Lebensdauer der Dichtfl\u00e4che verl\u00e4ngert wird. Weich Dichtung optionaler PTFE-Sitz oder verbesserter PTFE-Sitz oder Tripropylen, Butylkautschuk, gute Abdichtung, korrosionsbest\u00e4ndig.<\/p>\n<p>6. Breites Spektrum an Medienanpassungen: gute Dichtleistung und wirtschaftliche Praktikabilit\u00e4t, Betrieb<\/p>\n<table>\n<tbody>\n<tr>\n<td width=\"200\"><strong>Produktname<\/strong><\/td>\n<td width=\"481\">GGG40 Knife Gate Valve, Wafer Type,DN800,PN16, Gear Box<\/td>\n<\/tr>\n<tr>\n<td width=\"200\">1. Material<\/td>\n<td width=\"481\">DI<\/td>\n<\/tr>\n<tr>\n<td width=\"200\">2. Gr\u00f6\u00dfe<\/td>\n<td width=\"481\">32 Zoll<\/td>\n<\/tr>\n<tr>\n<td width=\"200\">4. Hafen<\/td>\n<td width=\"481\">Vollst\u00e4ndiger Port<\/td>\n<\/tr>\n<tr>\n<td width=\"200\">5. Arbeitsdruck<\/td>\n<td width=\"481\">PN16<\/td>\n<\/tr>\n<tr>\n<td width=\"200\">6. Verbindung endet<\/td>\n<td width=\"481\">WAFER<\/td>\n<\/tr>\n<tr>\n<td width=\"200\">7. Arbeitstemperatur.<\/td>\n<td width=\"481\">-29~120 \u00b0C,<\/td>\n<\/tr>\n<tr>\n<td width=\"200\">8. Geeignetes Medium<\/td>\n<td width=\"481\">Wasser, Erdgas, \u00d6l und einige \u00e4tzende Fl\u00fcssigkeiten<\/td>\n<\/tr>\n<tr>\n<td width=\"200\">9. Betrieben<\/td>\n<td width=\"481\">Handrad<\/td>\n<\/tr>\n<tr>\n<td width=\"200\">10. Inspektion und Pr\u00fcfung<\/td>\n<td width=\"481\">Gem\u00e4\u00df API598<\/td>\n<\/tr>\n<tr>\n<td width=\"200\"><strong>Sendung<\/strong><\/td>\n<td width=\"481\"><\/td>\n<\/tr>\n<tr>\n<td width=\"200\">Lieferzeit<\/td>\n<td width=\"481\">30 Tage<\/td>\n<\/tr>\n<tr>\n<td width=\"200\">Paket<\/td>\n<td width=\"481\">Standard-Export-Sperrholzkiste<\/td>\n<\/tr>\n<tr>\n<td width=\"200\">Hafen<\/td>\n<td width=\"481\">Ningbo\/Shanghai, China<\/td>\n<\/tr>\n<tr>\n<td width=\"200\">Versandbedingungen<\/td>\n<td width=\"481\">Exw, FOB, CFR, CIF usw.<\/td>\n<\/tr>\n<tr>\n<td width=\"200\">Zahlungsbedingungen<\/td>\n<td width=\"481\">T\/T, Western Union, PayPal usw.<\/td>\n<\/tr>\n<tr>\n<td width=\"200\"><\/td>\n<td width=\"481\">30% Vorauszahlung, 70% Restbetrag vor dem Versand bezahlt<\/td>\n<\/tr>\n<tr>\n<td width=\"200\">Herkunftsland<\/td>\n<td width=\"481\">Stadt Wenzhou, China<\/td>\n<\/tr>\n<tr>\n<td width=\"200\">Produktionskapazit\u00e4t<\/td>\n<td width=\"481\">6000 Tonnen\/Jahr<\/td>\n<\/tr>\n<tr>\n<td width=\"200\">Mindestbestellmenge<\/td>\n<td width=\"481\">1 St\u00fcck\/Gr\u00f6\u00dfe<\/td>\n<\/tr>\n<\/tbody>\n<\/table>\n<p>&nbsp;<\/p>","protected":false},"excerpt":{"rendered":"<p>Model:STV-PZ73X-PN16-GGG40-DN800<br \/>\nSTV Valve Technology Group Co., Ltd is a professional leader China Ductile Iron GGG40 Knife Gate Valve, GGG40\/GGG50 knife gate valve,epdm seat knife gate valve pn16,Wafer Knife Gate Valve,DN800 GGG40 Knife Gate Valve, DN80 GGG40 Knife Gate Valve,PN16 GGG40 Knife Gate Valve,Gear Box Operator Wafer Knife Gate Valve manufacturer with high quality and low price.<br \/>\nUm mehr \u00fcber diese Ventile zu erfahren, wenden Sie sich bitte an sales@stvvalve.com<\/p>\n<p>GGG40-Absperrschieber sind in verschiedenen Ausf\u00fchrungen erh\u00e4ltlich, mit einteiligem und zweiteiligem Geh\u00e4use, steigender und nicht steigender Spindel, unidirektionalen und bidirektionalen Strukturen, elastischen und metallischen Sitzringen sowie Ausf\u00fchrungen ohne und mit verschraubter Haube. Bei optionalen Ausf\u00fchrungen k\u00f6nnte der Ablenkkegel den Fluss der Schleifschl\u00e4mme umleiten und den Ventilsitz vor Abrieb sch\u00fctzen. Die V-Anschlussscheibe und die Durchgangsleitungskonstruktion werden je nach Kundenwunsch zur Drosselung verwendet<\/p>\n<p>Zu unseren Servicebranchen f\u00fcr Messerschieber geh\u00f6ren: Energie, Petrochemie, Metallurgie, Chemie, Bergbau, Papierherstellung, Umweltschutz, Biochemie, Pharmazie, \u00d6l, Elektrizit\u00e4t, Druck und F\u00e4rberei, Leichtindustrie, Lebensmittel, Tabak, Zucker, Getr\u00e4nke und andere Bereiche.<\/p>\n<p>&nbsp;<\/p>\n<p>&nbsp;<\/p>","protected":false},"featured_media":7923,"template":"","meta":[],"product_brand":[],"product_cat":[44,62],"product_tag":[3268,903,3270,3269,3272,901,3271,146],"class_list":{"0":"post-7922","1":"product","2":"type-product","3":"status-publish","4":"has-post-thumbnail","6":"product_cat-gate-valve","7":"product_cat-knife-gate-valve","8":"product_tag-china-ductile-iron-ggg40-knife-gate-valve","9":"product_tag-dn80-ggg40-knife-gate-valve","10":"product_tag-dn800-ggg40-knife-gate-valve","11":"product_tag-epdm-seat-knife-gate-valve-pn16","12":"product_tag-gear-box-operator-wafer-knife-gate-valve-manufacturer","13":"product_tag-ggg40-ggg50-knife-gate-valve","14":"product_tag-pn16-ggg40-knife-gate-valve","15":"product_tag-wafer-knife-gate-valve","17":"first","18":"instock","19":"shipping-taxable","20":"product-type-simple"},"_links":{"self":[{"href":"https:\/\/www.stvvalves.com\/de\/wp-json\/wp\/v2\/product\/7922","targetHints":{"allow":["GET"]}}],"collection":[{"href":"https:\/\/www.stvvalves.com\/de\/wp-json\/wp\/v2\/product"}],"about":[{"href":"https:\/\/www.stvvalves.com\/de\/wp-json\/wp\/v2\/types\/product"}],"wp:featuredmedia":[{"embeddable":true,"href":"https:\/\/www.stvvalves.com\/de\/wp-json\/wp\/v2\/media\/7923"}],"wp:attachment":[{"href":"https:\/\/www.stvvalves.com\/de\/wp-json\/wp\/v2\/media?parent=7922"}],"wp:term":[{"taxonomy":"product_brand","embeddable":true,"href":"https:\/\/www.stvvalves.com\/de\/wp-json\/wp\/v2\/product_brand?post=7922"},{"taxonomy":"product_cat","embeddable":true,"href":"https:\/\/www.stvvalves.com\/de\/wp-json\/wp\/v2\/product_cat?post=7922"},{"taxonomy":"product_tag","embeddable":true,"href":"https:\/\/www.stvvalves.com\/de\/wp-json\/wp\/v2\/product_tag?post=7922"}],"curies":[{"name":"wp","href":"https:\/\/api.w.org\/{rel}","templated":true}]}}