{"id":7925,"date":"2025-02-24T09:46:39","date_gmt":"2025-02-24T01:46:39","guid":{"rendered":"https:\/\/www.stvvalves.com\/?post_type=product&#038;p=7925"},"modified":"2025-02-27T15:42:14","modified_gmt":"2025-02-27T07:42:14","slug":"f51-flanged-globe-valve-1-inch-300lb-rf-end","status":"publish","type":"product","link":"https:\/\/www.stvvalves.com\/de\/products\/f51-flanged-globe-valve-1-inch-300lb-rf-end\/","title":{"rendered":"F51 Flanged Globe Valve,1 Inch,300LB,RF End"},"content":{"rendered":"<div class=\"headline headline-md\">\n<h2>Produktdetail<\/h2>\n<\/div>\n<div>Designstandard: API602.<br \/>\nBody Material: F51<br \/>\nNenndurchmesser: 1 Zoll (DN25).<br \/>\nPressure: Class 300.<br \/>\nEndverbindung: RF.<br \/>\nVon Angesicht zu Angesicht: ASME B16.10.<br \/>\nArbeitstemperatur: -29\u2103~+560\u2103.<br \/>\nFunktionsweise: Handrad.<br \/>\nTest und Inspektion: API 598.<\/div>\n<div class=\"headline headline-md\">\n<h2>Produktauswahl<\/h2>\n<\/div>\n<div>Geh\u00e4usematerial: A105, LF2, F5, F11, F22, 304, 304L, 316, 316L, F51, F91, 20#, Inconel usw<br \/>\nNormaler Durchmesser: 1\/2\u2033~2\u2033 (DN15~DN80).<br \/>\nEndanschluss: NPT, SW, Stumpfschwei\u00dfung, Flansch.<br \/>\nDruckbereich: 150 lbs ~ 2500 lbs (PN10 ~ PN420).<br \/>\nBedienung: Handrad, elektrischer, pneumatischer Antrieb<br \/>\nArbeitstemperatur: -196\u2103~ +560\u2103.<\/div>\n<div><\/div>\n<div>\n<table>\n<tbody>\n<tr>\n<td width=\"200\"><strong>Produktname<\/strong><\/td>\n<td width=\"481\">F51 Flanged Globe Valve,1 Inch,300LB,RF End<\/td>\n<\/tr>\n<tr>\n<td width=\"200\">1. Material<\/td>\n<td width=\"481\">F51<\/td>\n<\/tr>\n<tr>\n<td width=\"200\">2. Gr\u00f6\u00dfe<\/td>\n<td width=\"481\">1&quot;<\/td>\n<\/tr>\n<tr>\n<td width=\"200\">4. Hafen<\/td>\n<td width=\"481\">Reduzieranschluss<\/td>\n<\/tr>\n<tr>\n<td width=\"200\">5. Arbeitsdruck<\/td>\n<td width=\"481\">300 Pfund<\/td>\n<\/tr>\n<tr>\n<td width=\"200\">6. Verbindung endet<\/td>\n<td width=\"481\">RF<\/td>\n<\/tr>\n<tr>\n<td width=\"200\">7. Arbeitstemperatur.<\/td>\n<td width=\"481\">-29~425 \u00b0C,<\/td>\n<\/tr>\n<tr>\n<td width=\"200\">8. Geeignetes Medium<\/td>\n<td width=\"481\">Wasser, Erdgas, \u00d6l und einige \u00e4tzende Fl\u00fcssigkeiten<\/td>\n<\/tr>\n<tr>\n<td width=\"200\">9. Betrieben<\/td>\n<td width=\"481\">Handrad<\/td>\n<\/tr>\n<tr>\n<td width=\"200\">10. Inspektion und Pr\u00fcfung<\/td>\n<td width=\"481\">Gem\u00e4\u00df API598<\/td>\n<\/tr>\n<tr>\n<td width=\"200\"><strong>Sendung<\/strong><\/td>\n<td width=\"481\"><\/td>\n<\/tr>\n<tr>\n<td width=\"200\">Lieferzeit<\/td>\n<td width=\"481\">30 Tage<\/td>\n<\/tr>\n<tr>\n<td width=\"200\">Paket<\/td>\n<td width=\"481\">Standard-Export-Sperrholzkiste<\/td>\n<\/tr>\n<tr>\n<td width=\"200\">Hafen<\/td>\n<td width=\"481\">Ningbo\/Shanghai, China<\/td>\n<\/tr>\n<tr>\n<td width=\"200\">Versandbedingungen<\/td>\n<td width=\"481\">Exw, FOB, CFR, CIF usw.<\/td>\n<\/tr>\n<tr>\n<td width=\"200\">Zahlungsbedingungen<\/td>\n<td width=\"481\">T\/T, Western Union, PayPal usw.<\/td>\n<\/tr>\n<tr>\n<td width=\"200\"><\/td>\n<td width=\"481\">30% Vorauszahlung, 70% Restbetrag vor dem Versand bezahlt<\/td>\n<\/tr>\n<tr>\n<td width=\"200\">Herkunftsland<\/td>\n<td width=\"481\">Stadt Wenzhou, China<\/td>\n<\/tr>\n<tr>\n<td width=\"200\">Produktionskapazit\u00e4t<\/td>\n<td width=\"481\">6000 Tonnen\/Jahr<\/td>\n<\/tr>\n<tr>\n<td width=\"200\">Mindestbestellmenge<\/td>\n<td width=\"481\">1 St\u00fcck\/Gr\u00f6\u00dfe<\/td>\n<\/tr>\n<\/tbody>\n<\/table>\n<\/div>","protected":false},"excerpt":{"rendered":"<p>Model:STV-J41Y-300LB-DN50-F51<\/p>\n<p>The shape of the API 602\u00a0 Globe Valve opening and closing member and the valve flow passage allows the valve to have a certain flow characteristic. This must be taken into consideration when selecting a valve.<\/p>\n<p>STV Valve Technology Group Co., Ltd is a professional leader China F51 Flanged Globe Valve ,High Pressure Globe Valve ,Forged F51 Globe Valve,API 602 F51 Globe Valve, API 602 Forged Steel Globe Valve,300LB F51 Globe Valve,1 Inch F51 Globe Valve manufacturer with high quality and competitive price.<\/p>\n<p>&nbsp;<\/p>","protected":false},"featured_media":7926,"template":"","meta":[],"product_brand":[],"product_cat":[64,45],"product_tag":[3277,3276,3275,2326,3273,3274,199],"class_list":{"0":"post-7925","1":"product","2":"type-product","3":"status-publish","4":"has-post-thumbnail","6":"product_cat-foreged-steel-globe-valve","7":"product_cat-globe-valve","8":"product_tag-1-inch-f51-globe-valve-manufacturer","9":"product_tag-300lb-f51-globe-valve","10":"product_tag-api-602-f51-globe-valve","11":"product_tag-api-602-forged-steel-globe-valve","12":"product_tag-china-f51-flanged-globe-valve","13":"product_tag-forged-f51-globe-valve","14":"product_tag-high-pressure-globe-valve","16":"first","17":"instock","18":"shipping-taxable","19":"product-type-simple"},"_links":{"self":[{"href":"https:\/\/www.stvvalves.com\/de\/wp-json\/wp\/v2\/product\/7925","targetHints":{"allow":["GET"]}}],"collection":[{"href":"https:\/\/www.stvvalves.com\/de\/wp-json\/wp\/v2\/product"}],"about":[{"href":"https:\/\/www.stvvalves.com\/de\/wp-json\/wp\/v2\/types\/product"}],"wp:featuredmedia":[{"embeddable":true,"href":"https:\/\/www.stvvalves.com\/de\/wp-json\/wp\/v2\/media\/7926"}],"wp:attachment":[{"href":"https:\/\/www.stvvalves.com\/de\/wp-json\/wp\/v2\/media?parent=7925"}],"wp:term":[{"taxonomy":"product_brand","embeddable":true,"href":"https:\/\/www.stvvalves.com\/de\/wp-json\/wp\/v2\/product_brand?post=7925"},{"taxonomy":"product_cat","embeddable":true,"href":"https:\/\/www.stvvalves.com\/de\/wp-json\/wp\/v2\/product_cat?post=7925"},{"taxonomy":"product_tag","embeddable":true,"href":"https:\/\/www.stvvalves.com\/de\/wp-json\/wp\/v2\/product_tag?post=7925"}],"curies":[{"name":"wp","href":"https:\/\/api.w.org\/{rel}","templated":true}]}}