{"id":7938,"date":"2025-02-27T14:57:07","date_gmt":"2025-02-27T06:57:07","guid":{"rendered":"https:\/\/www.stvvalves.com\/?post_type=product&#038;p=7938"},"modified":"2025-02-27T15:02:19","modified_gmt":"2025-02-27T07:02:19","slug":"api-600-wedge-gate-valve-astm-a352-lcb-4-inch-300-lb","status":"publish","type":"product","link":"https:\/\/www.stvvalves.com\/de\/products\/api-600-wedge-gate-valve-astm-a352-lcb-4-inch-300-lb\/","title":{"rendered":"API 600 Wedge Gate Valve , ASTM A352 LCB, 4 Inch, 300 LB"},"content":{"rendered":"<p>Design and Manufacture\uff1a API600,ASME B16.34,API 6D<\/p>\n<p>Inspektion und Test: API598, API600 oder API 6D<\/p>\n<p>Endflanschabmessungen: ASME B16.5 (f\u00fcr NPS \u2264 24, ASME B 16.47 Serie B, API 605, ASME B16.47 A-Serie, MSS SP-44 (f\u00fcr NPS &gt; 24)<\/p>\n<p>BW-Endabmessung: ASME B16.25<\/p>\n<p>Face-to-Face und End-to-End: ASME B16.10<\/p>\n<p>Druck-Temperatur-Bewertungen: ASME B16.34<\/p>\n<p>Wandst\u00e4rke: API 600, BS 1868<\/p>\n<p>Produktauswahl<\/p>\n<p>Body material: WCB, LCB, LCC, CF8, CF8M, CF3, CF3M, , LCB, WC6, WC9, C12, C5<\/p>\n<p>Nenndurchmesser: 1\/2\u2033~48\u2033(DN15~DN1200)<\/p>\n<p>Endverbindung: RF, RTJ, BW<\/p>\n<p>Druckbereich: Klasse 150\u20132500 (PN16\u2013PN420).<\/p>\n<p>Arbeitstemperatur: -196\u2103~+560\u2103<\/p>\n<p>&nbsp;<\/p>\n<table width=\"751\">\n<tbody>\n<tr>\n<td>Produktname:<\/td>\n<td>API 600 Wedge Gate Valve , ASTM A352 LCB, 4 Inch, 300 LB<\/td>\n<\/tr>\n<tr>\n<td>1.Material:<\/td>\n<td>LCB<\/td>\n<\/tr>\n<tr>\n<td>2.Gr\u00f6\u00dfe:<\/td>\n<td>4<\/td>\n<\/tr>\n<tr>\n<td>3.Port:<\/td>\n<td>VOLL<\/td>\n<\/tr>\n<tr>\n<td>4. Arbeitstemperatur:<\/td>\n<td>-29 \u00b0C-343 \u00b0C<\/td>\n<\/tr>\n<tr>\n<td>5. Verbindungsende:<\/td>\n<td>RF<\/td>\n<\/tr>\n<tr>\n<td>6.Arbeitsdruck:<\/td>\n<td>150 Pfund<\/td>\n<\/tr>\n<tr>\n<td>7. Geeignetes Medium:<\/td>\n<td>Wasser, Erdgas, \u00d6l und einige \u00e4tzende Fl\u00fcssigkeiten<\/td>\n<\/tr>\n<tr>\n<td>8.Bedienung:<\/td>\n<td>\/<\/td>\n<\/tr>\n<tr>\n<td>9. Inspektion und Pr\u00fcfung<\/td>\n<td>Gem\u00e4\u00df API 598<\/td>\n<\/tr>\n<tr>\n<td>Zertifikat:<\/td>\n<td>ISO, CE\/API 6D<\/td>\n<\/tr>\n<tr>\n<td><strong>Sendung<\/strong><\/td>\n<td><\/td>\n<\/tr>\n<tr>\n<td>Lieferzeit<\/td>\n<td>30 Tage<\/td>\n<\/tr>\n<tr>\n<td>Paket<\/td>\n<td>Standard-Export-Sperrholzkiste<\/td>\n<\/tr>\n<tr>\n<td>Hafen<\/td>\n<td>Ningbo\/Shanghai, China<\/td>\n<\/tr>\n<tr>\n<td>Versandbedingungen<\/td>\n<td>Exw, FOB, CFR, CIF usw.<\/td>\n<\/tr>\n<tr>\n<td>Zahlungsbedingungen<\/td>\n<td>T\/T, Western Union, PayPal usw.<\/td>\n<\/tr>\n<tr>\n<td><\/td>\n<td>30% Vorauszahlung, 70% Restbetrag vor dem Versand bezahlt<\/td>\n<\/tr>\n<tr>\n<td>Herkunftsland<\/td>\n<td>Stadt Wenzhou, China<\/td>\n<\/tr>\n<tr>\n<td>Produktionskapazit\u00e4t<\/td>\n<td>6000 Tonnen\/Jahr<\/td>\n<\/tr>\n<tr>\n<td>Mindestbestellmenge<\/td>\n<td>10 St\u00fcck\/Gr\u00f6\u00dfe<\/td>\n<\/tr>\n<\/tbody>\n<\/table>","protected":false},"excerpt":{"rendered":"<p>STV Valve Technology Group Co., Ltd is China API 600 Wedge Gate Valve, ASTM A352 LCB Bolt Bonnet Gate Valve, Api600 A352 LCB Bolt Bonnet Gate Valve, 4 Inch A352 LCC Bolt Bonnet Gate Valve, Class 300 LB A352 LCB Bolt Bonnet Gate Valve, RF Flange A352 LCB Bolt Bonnet Gate Valve, API 598 A352 LCB Bolt Bonnet Gate Valve manufacturer with high quality and low price.<\/p>\n<p>&nbsp;<\/p>\n<p>&nbsp;<\/p>","protected":false},"featured_media":7939,"template":"","meta":[],"product_brand":[],"product_cat":[44,58],"product_tag":[2785,3306,3303,3302,3301,3304,3305],"class_list":{"0":"post-7938","1":"product","2":"type-product","3":"status-publish","4":"has-post-thumbnail","6":"product_cat-gate-valve","7":"product_cat-cast-steel-gate-valve","8":"product_tag-4-inch-a352-lcc-bolt-bonnet-gate-valve","9":"product_tag-api-598-a352-lcb-bolt-bonnet-gate-valve-manufacturer","10":"product_tag-api600-a352-lcb-bolt-bonnet-gate-valve","11":"product_tag-astm-a352-lcb-bolt-bonnet-gate-valve","12":"product_tag-china-api-600-wedge-gate-valve","13":"product_tag-class-300-lb-a352-lcb-bolt-bonnet-gate-valve","14":"product_tag-rf-flange-a352-lcb-bolt-bonnet-gate-valve","16":"first","17":"instock","18":"shipping-taxable","19":"product-type-simple"},"_links":{"self":[{"href":"https:\/\/www.stvvalves.com\/de\/wp-json\/wp\/v2\/product\/7938","targetHints":{"allow":["GET"]}}],"collection":[{"href":"https:\/\/www.stvvalves.com\/de\/wp-json\/wp\/v2\/product"}],"about":[{"href":"https:\/\/www.stvvalves.com\/de\/wp-json\/wp\/v2\/types\/product"}],"wp:featuredmedia":[{"embeddable":true,"href":"https:\/\/www.stvvalves.com\/de\/wp-json\/wp\/v2\/media\/7939"}],"wp:attachment":[{"href":"https:\/\/www.stvvalves.com\/de\/wp-json\/wp\/v2\/media?parent=7938"}],"wp:term":[{"taxonomy":"product_brand","embeddable":true,"href":"https:\/\/www.stvvalves.com\/de\/wp-json\/wp\/v2\/product_brand?post=7938"},{"taxonomy":"product_cat","embeddable":true,"href":"https:\/\/www.stvvalves.com\/de\/wp-json\/wp\/v2\/product_cat?post=7938"},{"taxonomy":"product_tag","embeddable":true,"href":"https:\/\/www.stvvalves.com\/de\/wp-json\/wp\/v2\/product_tag?post=7938"}],"curies":[{"name":"wp","href":"https:\/\/api.w.org\/{rel}","templated":true}]}}