{"id":7940,"date":"2025-02-27T15:15:25","date_gmt":"2025-02-27T07:15:25","guid":{"rendered":"https:\/\/www.stvvalves.com\/?post_type=product&#038;p=7940"},"modified":"2025-02-27T15:42:05","modified_gmt":"2025-02-27T07:42:05","slug":"api602-gate-valve-astm-a105n-800-lb-21-2-sw-end","status":"publish","type":"product","link":"https:\/\/www.stvvalves.com\/de\/products\/api602-gate-valve-astm-a105n-800-lb-21-2-sw-end\/","title":{"rendered":"API602 Gate Valve,ASTM A105N,800 LB,21\/2&#8243;,SW END"},"content":{"rendered":"<h2>API602 Gate Valve,ASTM A105N,800 LB,21\/2&#8243;,SW END<\/h2>\n<p>Design and manufacture conform to BS 5352,API602<\/p>\n<p>Anschlussenden entsprechen:<\/p>\n<p>1. Die geschwei\u00dften Enden entsprechen ANSI B16.11<\/p>\n<p>2. Schraubenenden entsprechen ANSI B1.20.1<\/p>\n<p>3..Stumpfgeschwei\u00dfte Enden entsprechen ANSI B16.25<\/p>\n<p>Tests und Inspektionen entsprechen: API 598<\/p>\n<p>1) Produktinformationen: Die gelieferten Ventile werden haupts\u00e4chlich f\u00fcr Wasser, Luft, \u00d6l, Gas verwendet<br \/>\n2) Verbindungstyp: Flanschtyp, Muffenschwei\u00dftyp, Stumpfschwei\u00dftyp, Schraubentyp<br \/>\n3) Material:<br \/>\na) K\u00f6rper: A105, LF2, F11, F22, F304, F316, F304L, F316L<br \/>\nb) Scheibe: A105, LF2, F11, F22, F304, F316, F304L, F316L<br \/>\nc) Vorbau: F6a, F11, F22, F304, F316, F304L, F316L<br \/>\nd) Motorhaube: A105, LF2, F11, F22, F304, F316, F304L, F316L<br \/>\n4) Gr\u00f6\u00dfe: 15\u201350 mm\/1\/2\u2033 \u2013 2\u2033<br \/>\n5) Druckstufe: PN16~PN100, 150Lb~2500Lb<br \/>\n6) Beschichtung: Beschichtung nach Kundenwunsch<br \/>\n7) Paket: Holzkisten<\/p>\n<table>\n<tbody>\n<tr>\n<td width=\"200\"><strong><b>Produktname<\/b><\/strong><\/td>\n<td width=\"481\">API602 Gate Valve,ASTM A105N,800 LB,21\/2&#8243;,SW END<\/td>\n<\/tr>\n<tr>\n<td width=\"200\">1. Material<\/td>\n<td width=\"481\">A105N<\/td>\n<\/tr>\n<tr>\n<td width=\"200\">2. Gr\u00f6\u00dfe<\/td>\n<td width=\"481\">21\/2 Zoll<\/td>\n<\/tr>\n<tr>\n<td width=\"200\">4. Hafen<\/td>\n<td width=\"481\">Reduzieranschluss<\/td>\n<\/tr>\n<tr>\n<td width=\"200\">5. Arbeitsdruck<\/td>\n<td width=\"481\">800 Pfund<\/td>\n<\/tr>\n<tr>\n<td width=\"200\">6. Verbindung endet<\/td>\n<td width=\"481\">SW<\/td>\n<\/tr>\n<tr>\n<td width=\"200\">7. Arbeitstemperatur.<\/td>\n<td width=\"481\">-29~425 \u00b0C,<\/td>\n<\/tr>\n<tr>\n<td width=\"200\">8. Geeignetes Medium<\/td>\n<td width=\"481\">Wasser, Erdgas, \u00d6l und einige \u00e4tzende Fl\u00fcssigkeiten<\/td>\n<\/tr>\n<tr>\n<td width=\"200\">9. Betrieben<\/td>\n<td width=\"481\">Handrad<\/td>\n<\/tr>\n<tr>\n<td width=\"200\">10. Inspektion und Pr\u00fcfung<\/td>\n<td width=\"481\">Gem\u00e4\u00df API 598<\/td>\n<\/tr>\n<tr>\n<td width=\"200\"><strong><b>Sendung<\/b><\/strong><\/td>\n<td width=\"481\"><\/td>\n<\/tr>\n<tr>\n<td width=\"200\">Lieferzeit<\/td>\n<td width=\"481\">30 Tage<\/td>\n<\/tr>\n<tr>\n<td width=\"200\">Paket<\/td>\n<td width=\"481\">Standard-Export-Sperrholzkiste<\/td>\n<\/tr>\n<tr>\n<td width=\"200\">Hafen<\/td>\n<td width=\"481\">Ningbo\/Shanghai, China<\/td>\n<\/tr>\n<tr>\n<td width=\"200\">Versandbedingungen<\/td>\n<td width=\"481\">Exw, FOB, CFR, CIF usw.<\/td>\n<\/tr>\n<tr>\n<td width=\"200\">Zahlungsbedingungen<\/td>\n<td width=\"481\">T\/T, Western Union, PayPal usw.<\/td>\n<\/tr>\n<tr>\n<td width=\"200\"><\/td>\n<td width=\"481\">30% Vorauszahlung, 70% Restbetrag vor dem Versand bezahlt<\/td>\n<\/tr>\n<tr>\n<td width=\"200\">Herkunftsland<\/td>\n<td width=\"481\">Stadt Wenzhou, China<\/td>\n<\/tr>\n<tr>\n<td width=\"200\">Produktionskapazit\u00e4t<\/td>\n<td width=\"481\">6000 Tonnen\/Jahr<\/td>\n<\/tr>\n<tr>\n<td width=\"200\">Mindestbestellmenge<\/td>\n<td width=\"481\">10 St\u00fcck\/Gr\u00f6\u00dfe<\/td>\n<\/tr>\n<\/tbody>\n<\/table>","protected":false},"excerpt":{"rendered":"<p>STV Valve Technology Group Co., Ltd is a professional leader China API602 Gate Valve, 800Lb 21\/2 Inch Gate Valve,Bolt Bonnet 21\/2 Inch Gate Valve,ASTM A105N 21\/2 Inch Gate Valve,Forged Steel Pressure Seal Bonnet Gate valve,China API 602 21\/2 Inch Gate Valve ,SW END API602 Gate ValveManufacturer with high quality and competitive price.<\/p>\n<p>&nbsp;<\/p>","protected":false},"featured_media":7941,"template":"","meta":[],"product_brand":[],"product_cat":[59,44],"product_tag":[3308,3310,3309,3311,3307,661,3312],"class_list":{"0":"post-7940","1":"product","2":"type-product","3":"status-publish","4":"has-post-thumbnail","6":"product_cat-forged-steel-gate-valve","7":"product_cat-gate-valve","8":"product_tag-800lb-21-2-inch-gate-valve","9":"product_tag-astm-a105n-21-2-inch-gate-valve","10":"product_tag-bolt-bonnet-21-2-inch-gate-valve","11":"product_tag-china-api-602-21-2-inch-gate-valve","12":"product_tag-china-api602-gate-valve","13":"product_tag-forged-steel-pressure-seal-bonnet-gate-valve","14":"product_tag-sw-end-api602-gate-valvemanufacturer","16":"first","17":"instock","18":"shipping-taxable","19":"product-type-simple"},"_links":{"self":[{"href":"https:\/\/www.stvvalves.com\/de\/wp-json\/wp\/v2\/product\/7940","targetHints":{"allow":["GET"]}}],"collection":[{"href":"https:\/\/www.stvvalves.com\/de\/wp-json\/wp\/v2\/product"}],"about":[{"href":"https:\/\/www.stvvalves.com\/de\/wp-json\/wp\/v2\/types\/product"}],"wp:featuredmedia":[{"embeddable":true,"href":"https:\/\/www.stvvalves.com\/de\/wp-json\/wp\/v2\/media\/7941"}],"wp:attachment":[{"href":"https:\/\/www.stvvalves.com\/de\/wp-json\/wp\/v2\/media?parent=7940"}],"wp:term":[{"taxonomy":"product_brand","embeddable":true,"href":"https:\/\/www.stvvalves.com\/de\/wp-json\/wp\/v2\/product_brand?post=7940"},{"taxonomy":"product_cat","embeddable":true,"href":"https:\/\/www.stvvalves.com\/de\/wp-json\/wp\/v2\/product_cat?post=7940"},{"taxonomy":"product_tag","embeddable":true,"href":"https:\/\/www.stvvalves.com\/de\/wp-json\/wp\/v2\/product_tag?post=7940"}],"curies":[{"name":"wp","href":"https:\/\/api.w.org\/{rel}","templated":true}]}}