{"id":7983,"date":"2025-03-17T21:31:00","date_gmt":"2025-03-17T13:31:00","guid":{"rendered":"https:\/\/www.stvvalves.com\/?post_type=product&#038;p=7983"},"modified":"2025-03-17T21:34:23","modified_gmt":"2025-03-17T13:34:23","slug":"monel-400-piston-check-valve-150lb-dn20-bspp-end","status":"publish","type":"product","link":"https:\/\/www.stvvalves.com\/de\/products\/monel-400-piston-check-valve-150lb-dn20-bspp-end\/","title":{"rendered":"Monel 400 Piston Check Valve,150LB,DN20,BSPP End"},"content":{"rendered":"<p>Monel 400 Piston Check Valve,150LB,DN20,BSPP End<br \/>\nDesign: API 602<br \/>\nBody: Monel 400<br \/>\nNominal Size: 1\/2 Inch<br \/>\nNominal Class: 2500LB<br \/>\nEndanschluss: SW<br \/>\nVon Angesicht zu Angesicht: Herstellung<br \/>\nTest und Inspektion: API 598<br \/>\nNenndurchmesser: 1\/4 Zoll \u2013 4 Zoll<br \/>\nDesigntemperatur: -196\u2103 \u2013 573\u2103<br \/>\nAuslegungsdruck: Klasse 150 LB \u2013 Klasse 2500 LB<br \/>\nMaterial: ASTM A105, ASTM A182 F304, ASTM A182 F304L, ASTM A182 F316, ASTM A182 F316L, ASTM A350 LF2, ASTM A182 F11, ASTM A182 F22, ASTM A182 F5, ASTM A182 F51, ASTM A182 F321.Monel 400<br \/>\nDesignstandard: API 602, BS 5352<br \/>\nVon Angesicht zu Angesicht: Herstellungsstandard, ASME B16.10<br \/>\nAnschlussende: NPT, SW, BW, Flansch<br \/>\nTeststandard: API 598, ISO 5208<br \/>\nOperation: X<br \/>\nAnwendung: Kraftwerk, Erd\u00f6l, Chemieingenieurwesen<\/p>\n<table>\n<tbody>\n<tr>\n<td width=\"200\"><strong><b>Produktname<\/b><\/strong><\/td>\n<td width=\"481\">Monel 400 Piston Check Valve,150LB,DN20,BSPP End<\/td>\n<\/tr>\n<tr>\n<td width=\"200\">1. Material<\/td>\n<td width=\"481\">Monel 400<\/td>\n<\/tr>\n<tr>\n<td width=\"200\">2. Gr\u00f6\u00dfe<\/td>\n<td width=\"481\">3\/4&quot;<\/td>\n<\/tr>\n<tr>\n<td width=\"200\">4. Hafen<\/td>\n<td width=\"481\">Reduzieranschluss<\/td>\n<\/tr>\n<tr>\n<td width=\"200\">5. Arbeitsdruck<\/td>\n<td width=\"481\">150 Pfund<\/td>\n<\/tr>\n<tr>\n<td width=\"200\">6. Verbindung endet<\/td>\n<td width=\"481\">BSPP End<\/td>\n<\/tr>\n<tr>\n<td width=\"200\">7. Arbeitstemperatur.<\/td>\n<td width=\"481\">-29~425 \u00b0C,<\/td>\n<\/tr>\n<tr>\n<td width=\"200\">8. Geeignetes Medium<\/td>\n<td width=\"481\">Wasser, Erdgas, \u00d6l und einige \u00e4tzende Fl\u00fcssigkeiten<\/td>\n<\/tr>\n<tr>\n<td width=\"200\">9. Betrieben<\/td>\n<td width=\"481\">X<\/td>\n<\/tr>\n<tr>\n<td width=\"200\">10. Inspektion und Pr\u00fcfung<\/td>\n<td width=\"481\">Gem\u00e4\u00df API 598<\/td>\n<\/tr>\n<tr>\n<td width=\"200\"><strong><b>Sendung<\/b><\/strong><\/td>\n<td width=\"481\"><\/td>\n<\/tr>\n<tr>\n<td width=\"200\">Lieferzeit<\/td>\n<td width=\"481\">30 Tage<\/td>\n<\/tr>\n<tr>\n<td width=\"200\">Paket<\/td>\n<td width=\"481\">Standard-Export-Sperrholzkiste<\/td>\n<\/tr>\n<tr>\n<td width=\"200\">Hafen<\/td>\n<td width=\"481\">Ningbo\/Shanghai, China<\/td>\n<\/tr>\n<tr>\n<td width=\"200\">Versandbedingungen<\/td>\n<td width=\"481\">Exw, FOB, CFR, CIF usw.<\/td>\n<\/tr>\n<tr>\n<td width=\"200\">Zahlungsbedingungen<\/td>\n<td width=\"481\">T\/T, Western Union, PayPal usw.<\/td>\n<\/tr>\n<tr>\n<td width=\"200\"><\/td>\n<td width=\"481\">30% Vorauszahlung, 70% Restbetrag vor dem Versand bezahlt<\/td>\n<\/tr>\n<tr>\n<td width=\"200\">Herkunftsland<\/td>\n<td width=\"481\">Stadt Wenzhou, China<\/td>\n<\/tr>\n<tr>\n<td width=\"200\">Produktionskapazit\u00e4t<\/td>\n<td width=\"481\">6000 Tonnen\/Jahr<\/td>\n<\/tr>\n<tr>\n<td width=\"200\">Mindestbestellmenge<\/td>\n<td width=\"481\">10 St\u00fcck\/Gr\u00f6\u00dfe<\/td>\n<\/tr>\n<\/tbody>\n<\/table>","protected":false},"excerpt":{"rendered":"<p>STV Valve Technology Group Co., Ltd is a professional leader China Monel 400 Piston Check Valve, 150LB Monel 400 Piston Check Valve,3\/4 Inch\u00a0 Monel 400 Piston Check Valve,\u00a0 API 602 Monel 400 Piston Check Valve, Bolt Bonnet Monel 400 Piston Check Valve,BSPP End Monel 400 Piston Check Valve Manufacturer with high quality and competitive price.<\/p>\n<p>&nbsp;<\/p>\n<p>&nbsp;<\/p>\n<p>&nbsp;<\/p>","protected":false},"featured_media":7984,"template":"","meta":[],"product_brand":[],"product_cat":[46,66],"product_tag":[3343,3344,3157,3345,3346,3160],"class_list":{"0":"post-7983","1":"product","2":"type-product","3":"status-publish","4":"has-post-thumbnail","6":"product_cat-check-valves","7":"product_cat-swing-check-valve","8":"product_tag-150lb-monel-400-piston-check-valve","9":"product_tag-3-4-inch-monel-400-piston-check-valve","10":"product_tag-api-602-monel-400-piston-check-valve","11":"product_tag-bolt-bonnet-monel-400-piston-check-valve","12":"product_tag-bspp-end-monel-400-piston-check-valve-manufacturer","13":"product_tag-china-monel-400-piston-check-valve","15":"first","16":"instock","17":"shipping-taxable","18":"product-type-simple"},"_links":{"self":[{"href":"https:\/\/www.stvvalves.com\/de\/wp-json\/wp\/v2\/product\/7983","targetHints":{"allow":["GET"]}}],"collection":[{"href":"https:\/\/www.stvvalves.com\/de\/wp-json\/wp\/v2\/product"}],"about":[{"href":"https:\/\/www.stvvalves.com\/de\/wp-json\/wp\/v2\/types\/product"}],"wp:featuredmedia":[{"embeddable":true,"href":"https:\/\/www.stvvalves.com\/de\/wp-json\/wp\/v2\/media\/7984"}],"wp:attachment":[{"href":"https:\/\/www.stvvalves.com\/de\/wp-json\/wp\/v2\/media?parent=7983"}],"wp:term":[{"taxonomy":"product_brand","embeddable":true,"href":"https:\/\/www.stvvalves.com\/de\/wp-json\/wp\/v2\/product_brand?post=7983"},{"taxonomy":"product_cat","embeddable":true,"href":"https:\/\/www.stvvalves.com\/de\/wp-json\/wp\/v2\/product_cat?post=7983"},{"taxonomy":"product_tag","embeddable":true,"href":"https:\/\/www.stvvalves.com\/de\/wp-json\/wp\/v2\/product_tag?post=7983"}],"curies":[{"name":"wp","href":"https:\/\/api.w.org\/{rel}","templated":true}]}}