{"id":8029,"date":"2025-04-27T08:14:21","date_gmt":"2025-04-27T00:14:21","guid":{"rendered":"https:\/\/www.stvvalves.com\/?post_type=product&#038;p=8029"},"modified":"2025-04-27T16:22:49","modified_gmt":"2025-04-27T08:22:49","slug":"pn63-lift-check-valve-lf2-2-inch-api602-rf-end","status":"publish","type":"product","link":"https:\/\/www.stvvalves.com\/de\/products\/pn63-lift-check-valve-lf2-2-inch-api602-rf-end\/","title":{"rendered":"PN63 Lift Check Valve, LF2,2 Inch,API602, RF End"},"content":{"rendered":"<p>PN63 Lift Check Valve, LF2,2 Inch,API602, RF End<\/p>\n<p>Design: API 602<br \/>\nBody: LF2<br \/>\nNenngr\u00f6\u00dfe: 2 Zoll<br \/>\nNominal Class:PN63<br \/>\nEndverbindung: RF<br \/>\nVon Angesicht zu Angesicht: Herstellung<br \/>\nTest und Inspektion: API 598<br \/>\nNenndurchmesser: 1\/4 Zoll \u2013 4 Zoll<br \/>\nDesigntemperatur: -196\u2103 \u2013 573\u2103<br \/>\nAuslegungsdruck: Klasse 150 LB \u2013 Klasse 2500 LB<br \/>\nMaterial: ASTM A105, ASTM A182 F304, ASTM A182 F304L, ASTM A182 F316, ASTM A182 F316L, ASTM A350 LF2, ASTM A182 F11, ASTM A182 F22, ASTM A182 F5, ASTM A182 F51, ASTM A182 F321.<br \/>\nDesignstandard: API 602, BS 5352<br \/>\nVon Angesicht zu Angesicht: Herstellungsstandard, ASME B16.10<br \/>\nAnschlussende: NPT, SW, BW, Flansch<br \/>\nTeststandard: API 598, ISO 5208<br \/>\nOperation: X<br \/>\nAnwendung: Kraftwerk, Erd\u00f6l, Chemieingenieurwesen<\/p>\n<table>\n<tbody>\n<tr>\n<td width=\"200\"><strong><b>Produktname<\/b><\/strong><\/td>\n<td width=\"481\">PN63 Lift Check Valve, LF2,2 Inch,API602, RF End<\/td>\n<\/tr>\n<tr>\n<td width=\"200\">1. Material<\/td>\n<td width=\"481\">LF2<\/td>\n<\/tr>\n<tr>\n<td width=\"200\">2. Gr\u00f6\u00dfe<\/td>\n<td width=\"481\">2&quot;<\/td>\n<\/tr>\n<tr>\n<td width=\"200\">4. Hafen<\/td>\n<td width=\"481\">Reduzieranschluss<\/td>\n<\/tr>\n<tr>\n<td width=\"200\">5. Arbeitsdruck<\/td>\n<td width=\"481\">PN63<\/td>\n<\/tr>\n<tr>\n<td width=\"200\">6. Verbindung endet<\/td>\n<td width=\"481\">RF-Ende<\/td>\n<\/tr>\n<tr>\n<td width=\"200\">7. Arbeitstemperatur.<\/td>\n<td width=\"481\">-29~425 \u00b0C,<\/td>\n<\/tr>\n<tr>\n<td width=\"200\">8. Geeignetes Medium<\/td>\n<td width=\"481\">Wasser, Erdgas, \u00d6l und einige \u00e4tzende Fl\u00fcssigkeiten<\/td>\n<\/tr>\n<tr>\n<td width=\"200\">9. Betrieben<\/td>\n<td width=\"481\">X<\/td>\n<\/tr>\n<tr>\n<td width=\"200\">10. Inspektion und Pr\u00fcfung<\/td>\n<td width=\"481\">Gem\u00e4\u00df API 598<\/td>\n<\/tr>\n<tr>\n<td width=\"200\"><strong><b>Sendung<\/b><\/strong><\/td>\n<td width=\"481\"><\/td>\n<\/tr>\n<tr>\n<td width=\"200\">Lieferzeit<\/td>\n<td width=\"481\">30 Tage<\/td>\n<\/tr>\n<tr>\n<td width=\"200\">Paket<\/td>\n<td width=\"481\">Standard-Export-Sperrholzkiste<\/td>\n<\/tr>\n<tr>\n<td width=\"200\">Hafen<\/td>\n<td width=\"481\">Ningbo\/Shanghai, China<\/td>\n<\/tr>\n<tr>\n<td width=\"200\">Versandbedingungen<\/td>\n<td width=\"481\">Exw, FOB, CFR, CIF usw.<\/td>\n<\/tr>\n<tr>\n<td width=\"200\">Zahlungsbedingungen<\/td>\n<td width=\"481\">T\/T, Western Union, PayPal usw.<\/td>\n<\/tr>\n<tr>\n<td width=\"200\"><\/td>\n<td width=\"481\">30% Vorauszahlung, 70% Restbetrag vor dem Versand bezahlt<\/td>\n<\/tr>\n<tr>\n<td width=\"200\">Herkunftsland<\/td>\n<td width=\"481\">Stadt Wenzhou, China<\/td>\n<\/tr>\n<tr>\n<td width=\"200\">Produktionskapazit\u00e4t<\/td>\n<td width=\"481\">6000 Tonnen\/Jahr<\/td>\n<\/tr>\n<tr>\n<td width=\"200\">Mindestbestellmenge<\/td>\n<td width=\"481\">10 St\u00fcck\/Gr\u00f6\u00dfe<\/td>\n<\/tr>\n<\/tbody>\n<\/table>","protected":false},"excerpt":{"rendered":"<p>STV Valve Technology Group Co., Ltd is a professional leader China PN63 Lift Check Valve Manufacture,LF2 PN63 Lift Check Valve , 2 Inch PN63 Lift Check Valve,API602PN63 Lift Check Valve,RF END PN63 Lift Check Valve Manufacture with high quality and competitive price.<\/p>","protected":false},"featured_media":8030,"template":"","meta":[],"product_brand":[],"product_cat":[46,66],"product_tag":[3422,3423,3420,3421,3424],"class_list":{"0":"post-8029","1":"product","2":"type-product","3":"status-publish","4":"has-post-thumbnail","6":"product_cat-check-valves","7":"product_cat-swing-check-valve","8":"product_tag-2-inch-pn63-lift-check-valve","9":"product_tag-api602pn63-lift-check-valve","10":"product_tag-china-pn63-lift-check-valve-manufacture","11":"product_tag-lf2-pn63-lift-check-valve","12":"product_tag-rf-end-pn63-lift-check-valve-manufacture","14":"first","15":"instock","16":"shipping-taxable","17":"product-type-simple"},"_links":{"self":[{"href":"https:\/\/www.stvvalves.com\/de\/wp-json\/wp\/v2\/product\/8029","targetHints":{"allow":["GET"]}}],"collection":[{"href":"https:\/\/www.stvvalves.com\/de\/wp-json\/wp\/v2\/product"}],"about":[{"href":"https:\/\/www.stvvalves.com\/de\/wp-json\/wp\/v2\/types\/product"}],"wp:featuredmedia":[{"embeddable":true,"href":"https:\/\/www.stvvalves.com\/de\/wp-json\/wp\/v2\/media\/8030"}],"wp:attachment":[{"href":"https:\/\/www.stvvalves.com\/de\/wp-json\/wp\/v2\/media?parent=8029"}],"wp:term":[{"taxonomy":"product_brand","embeddable":true,"href":"https:\/\/www.stvvalves.com\/de\/wp-json\/wp\/v2\/product_brand?post=8029"},{"taxonomy":"product_cat","embeddable":true,"href":"https:\/\/www.stvvalves.com\/de\/wp-json\/wp\/v2\/product_cat?post=8029"},{"taxonomy":"product_tag","embeddable":true,"href":"https:\/\/www.stvvalves.com\/de\/wp-json\/wp\/v2\/product_tag?post=8029"}],"curies":[{"name":"wp","href":"https:\/\/api.w.org\/{rel}","templated":true}]}}