{"id":8044,"date":"2025-05-20T20:06:01","date_gmt":"2025-05-20T12:06:01","guid":{"rendered":"https:\/\/www.stvvalves.com\/?post_type=product&#038;p=8044"},"modified":"2025-05-20T20:23:31","modified_gmt":"2025-05-20T12:23:31","slug":"astm-a890-4a-globe-valve-6-inch-900-lb-rf-end","status":"publish","type":"product","link":"https:\/\/www.stvvalves.com\/de\/products\/astm-a890-4a-globe-valve-6-inch-900-lb-rf-end\/","title":{"rendered":"ASTM A890 4A Globe Valve,6 Inch,900 LB,RF End"},"content":{"rendered":"<p>ASTM A890 4A Globe Valve,6 Inch,900 LB,RF End<\/p>\n<div class=\"row\">\n<div class=\"col-md-12\">Design: ASME B16.34<br \/>\nBody: ASTM A995 4A<br \/>\nNenngr\u00f6\u00dfe: 6 Zoll<br \/>\nNominal Class: 900 LB<br \/>\nEndverbindung: RF-Enden<br \/>\nVon Angesicht zu Angesicht: ASME B16.10<\/div>\n<\/div>\n<p>Gr\u00f6\u00dfe: von 2\u2033 bis 36\u2033<br \/>\nDruck: 150 \u2013 2500LB<br \/>\nMaterial: Duplex S31803, Super Duplex S32750, Super Duplex S32760<br \/>\n1A, 2A, 3A, 4A, 5A, 6A, 1B, 1C<br \/>\nCD4MCu, CD4MCuN, CD3MCuN, CE8MN, CD6MN, CD3MN, CE3MN, CD3MWCuN<br \/>\nF51, F53, F55, F6Design- und Produktionsstandard: API 600, API6D und ASME B16.34<br \/>\nAbstand zwischen den Flanschen: API 6D, ASME B16.10<br \/>\nAnschluss gem\u00e4\u00df Norm: ANSI B16.5, ASME B16.47, ANSI B16.25<br \/>\nTeststandard: API598<br \/>\nMedium: Das Ventil ist f\u00fcr verschiedene Medien geeignet, darunter Wasser, Dampf, \u00d6l, Gas, Benzinprodukte, Salpeters\u00e4ure, Essigs\u00e4ure usw.<br \/>\nArbeitstemperatur: von -46 \u00b0C oder -50 \u00b0C (Edelstahlkonstruktionen) und -29 \u00b0C oder -46 \u00b0C (Kohlenstoffstahlkonstruktionen) bis 600 \u00b0C<\/p>\n<table>\n<tbody>\n<tr>\n<td width=\"200\"><strong><b>Produktname<\/b><\/strong><\/td>\n<td width=\"481\">ASTM A890 4A Globe Valve,6 Inch,900 LB,RF End<\/td>\n<\/tr>\n<tr>\n<td width=\"200\">1. Material<\/td>\n<td width=\"481\">ASTM A890 4A<\/td>\n<\/tr>\n<tr>\n<td width=\"200\">2. Gr\u00f6\u00dfe<\/td>\n<td width=\"481\">6&quot;<\/td>\n<\/tr>\n<tr>\n<td width=\"200\">4. Hafen<\/td>\n<td width=\"481\">Vollst\u00e4ndiger Port<\/td>\n<\/tr>\n<tr>\n<td width=\"200\">5. Arbeitsdruck<\/td>\n<td width=\"481\">900 Pfund<\/td>\n<\/tr>\n<tr>\n<td width=\"200\">6. Verbindung endet<\/td>\n<td width=\"481\">RF<\/td>\n<\/tr>\n<tr>\n<td width=\"200\">7. Arbeitstemperatur.<\/td>\n<td width=\"481\">-29~250 \u00b0C,<\/td>\n<\/tr>\n<tr>\n<td width=\"200\">8. Geeignetes Medium<\/td>\n<td width=\"481\">Wasser, Erdgas, \u00d6l und einige \u00e4tzende Fl\u00fcssigkeiten<\/td>\n<\/tr>\n<tr>\n<td width=\"200\">9. Betrieben<\/td>\n<td width=\"481\">Handrad<\/td>\n<\/tr>\n<tr>\n<td width=\"200\">10. Inspektion und Pr\u00fcfung<\/td>\n<td width=\"481\">Gem\u00e4\u00df API 598<\/td>\n<\/tr>\n<tr>\n<td width=\"200\"><strong><b>Sendung<\/b><\/strong><\/td>\n<td width=\"481\"><\/td>\n<\/tr>\n<tr>\n<td width=\"200\">Lieferzeit<\/td>\n<td width=\"481\">30 Tage<\/td>\n<\/tr>\n<tr>\n<td width=\"200\">Paket<\/td>\n<td width=\"481\">Standard-Export-Sperrholzkiste<\/td>\n<\/tr>\n<tr>\n<td width=\"200\">Hafen<\/td>\n<td width=\"481\">Ningbo\/Shanghai, China<\/td>\n<\/tr>\n<tr>\n<td width=\"200\">Versandbedingungen<\/td>\n<td width=\"481\">Exw, FOB, CFR, CIF usw.<\/td>\n<\/tr>\n<tr>\n<td width=\"200\">Zahlungsbedingungen<\/td>\n<td width=\"481\">T\/T, Western Union, PayPal usw.<\/td>\n<\/tr>\n<tr>\n<td width=\"200\"><\/td>\n<td width=\"481\">30% Vorauszahlung, 70% Restbetrag vor dem Versand bezahlt<\/td>\n<\/tr>\n<tr>\n<td width=\"200\">Herkunftsland<\/td>\n<td width=\"481\">Stadt Wenzhou, China<\/td>\n<\/tr>\n<tr>\n<td width=\"200\">Produktionskapazit\u00e4t<\/td>\n<td width=\"481\">6000 Tonnen\/Jahr<\/td>\n<\/tr>\n<tr>\n<td width=\"200\">Mindestbestellmenge<\/td>\n<td width=\"481\">10 St\u00fcck\/Gr\u00f6\u00dfe<\/td>\n<\/tr>\n<\/tbody>\n<\/table>\n<div data-hveid=\"CEMQAQ\" data-ved=\"2ahUKEwimotLfg7KNAxW7cmwGHblBO1EQj7gIegQIQxAB\">\n<div class=\"dnXCYb\" tabindex=\"0\" role=\"button\" aria-controls=\"_4XIsaOatK7vlseMPuYPtiQU_54\" aria-expanded=\"true\">\n<div class=\"JlqpRe\"><span class=\"JCzEY tNxQIb\"><span class=\"CSkcDe\">What is ASTM A890 4A material?<\/span><\/span><\/div>\n<div class=\"p8Jhnd\">\n<div class=\"aj35ze\"><\/div>\n<\/div>\n<\/div>\n<\/div>\n<div id=\"_4XIsaOatK7vlseMPuYPtiQU_54\" class=\"bCOlv\" data-ved=\"2ahUKEwimotLfg7KNAxW7cmwGHblBO1EQ7NUEegQIQxAE\">\n<div class=\"IZE3Td\">\n<div class=\"r2fjmd t0bRye Sbgr0\" data-hveid=\"CEMQBQ\" data-ved=\"2ahUKEwimotLfg7KNAxW7cmwGHblBO1EQu04oAHoECEMQBQ\">\n<div id=\"4XIsaOatK7vlseMPuYPtiQU__64\">\n<div class=\"wDYxhc NFQFxe viOShc LKPcQc\" data-md=\"25\">\n<div class=\"HwtpBd gsrt PZPZlf kTOYnf\" role=\"heading\" aria-level=\"2\" data-hveid=\"CEsQAA\" data-ved=\"2ahUKEwimotLfg7KNAxW7cmwGHblBO1EQtwcoAHoECEsQAA\">\n<div class=\"Z0LcW AZCkJd d2J77b t2b5Cf\" data-tts=\"answers\" data-tts-text=\"wrought super duplex stainless steel\">\n<div class=\"IZ6rdc\">\n<div data-hveid=\"CAQQAQ\" data-ved=\"2ahUKEwiRopyNhLKNAxVXSGcHHe8GOxYQj7gIegQIBBAB\">\n<div class=\"dnXCYb\" tabindex=\"0\" role=\"button\" aria-controls=\"_QXMsaNH9EdeQnesP743ssQE_2\" aria-expanded=\"true\">\n<div class=\"L3Ezfd\" data-ved=\"2ahUKEwiRopyNhLKNAxVXSGcHHe8GOxYQuk56BAgEEAI\"><\/div>\n<\/div>\n<\/div>\n<div id=\"_QXMsaNH9EdeQnesP743ssQE_2\" class=\"bCOlv\" data-ved=\"2ahUKEwiRopyNhLKNAxVXSGcHHe8GOxYQ7NUEegQIBBAE\">\n<div class=\"IZE3Td\">\n<div class=\"r2fjmd t0bRye Sbgr0\" data-hveid=\"CAQQBQ\" data-ved=\"2ahUKEwiRopyNhLKNAxVXSGcHHe8GOxYQu04oAHoECAQQBQ\">\n<div id=\"QXMsaNH9EdeQnesP743ssQE__6\">\n<div class=\"wDYxhc\" data-md=\"61\">\n<div class=\"LGOjhe\" data-attrid=\"wa:\/description\" data-hveid=\"CAkQAA\"><span class=\"BxUVEf ILfuVd\" lang=\"en\"><span class=\"hgKElc\"><b>Duplex stainless steel<\/b>\u00a0is an alloy with a two-phase metallurgical structure consisting of austenite and ferrite in almost equal parts. The content composition of duplex steel has a higher level of chromium and molybdenum, lower nickel and a percentage of nitrogen between 0.05 to 0.50%.<\/span><\/span><\/div>\n<\/div>\n<\/div>\n<\/div>\n<\/div>\n<\/div>\n<\/div>\n<\/div>\n<div class=\"yxAsKe\"><\/div>\n<\/div>\n<\/div>\n<\/div>\n<div id=\"4XIsaOatK7vlseMPuYPtiQU__65\">\n<div class=\"wDYxhc\" data-md=\"61\">\n<div class=\"LGOjhe\" data-attrid=\"wa:\/description\" data-hveid=\"CEkQAA\"><span class=\"NA6bn BxUVEf ILfuVd\" lang=\"en\"><span class=\"hgKElc\">ASTM A890 CD3Mn or Grade 4A is\u00a0<b>the nearest equivalent grade to the wrought super duplex stainless steel UNS S32205<\/b>. It is also designated as ASTM A995 and ASME SA351\/995 grade CD3Mn or 4A, also written as J92205 or X2CrNiMoN22<\/span><\/span><\/div>\n<div data-attrid=\"wa:\/description\" data-hveid=\"CEkQAA\"><\/div>\n<div data-attrid=\"wa:\/description\" data-hveid=\"CEkQAA\">\n<div data-hveid=\"CAIQAQ\" data-ved=\"2ahUKEwi3pLD4g7KNAxVjTGwGHdVFK_4Qj7gIegQIAhAB\">\n<div class=\"dnXCYb\" tabindex=\"0\" role=\"button\" aria-controls=\"_FXMsaPfFI-OYseMP1Yut8Q8_3\" aria-expanded=\"true\">\n<div class=\"JlqpRe\"><span class=\"JCzEY tNxQIb\"><span class=\"CSkcDe\">What is the difference between A890 4A and A995 4A?<\/span><\/span><\/div>\n<div class=\"p8Jhnd\">\n<div class=\"aj35ze\"><\/div>\n<\/div>\n<div class=\"L3Ezfd\" data-ved=\"2ahUKEwi3pLD4g7KNAxVjTGwGHdVFK_4Quk56BAgCEAI\"><\/div>\n<\/div>\n<\/div>\n<div id=\"_FXMsaPfFI-OYseMP1Yut8Q8_3\" class=\"bCOlv\" data-ved=\"2ahUKEwi3pLD4g7KNAxVjTGwGHdVFK_4Q7NUEegQIAhAE\">\n<div class=\"IZE3Td\">\n<div class=\"r2fjmd t0bRye Sbgr0\" data-hveid=\"CAIQBQ\" data-ved=\"2ahUKEwi3pLD4g7KNAxVjTGwGHdVFK_4Qu04oAHoECAIQBQ\">\n<div id=\"FXMsaPfFI-OYseMP1Yut8Q8__3\">\n<div class=\"wDYxhc\" data-md=\"61\">\n<div class=\"LGOjhe\" data-attrid=\"wa:\/description\" data-hveid=\"CAcQAA\"><span class=\"ILfuVd\" lang=\"en\"><span class=\"hgKElc\"><b>A995 includes fewer grades (1B, 2A, 3A, 4A, 5A, and 6A) than A890<\/b>\u00a0(1A, 1B, 1C, 2A, 3A, 4A, 5A, and 6A), and the composition limits for the common alloys are listed with higher precision in many cases. A995 requires that weld repairs be made using procedures and welders qualified per ASTM A488. A890 does not<\/span><\/span><\/div>\n<\/div>\n<\/div>\n<\/div>\n<\/div>\n<\/div>\n<\/div>\n<\/div>\n<\/div>\n<\/div>\n<\/div>\n<\/div>","protected":false},"excerpt":{"rendered":"<p>STV Valve Technology Group Co., Ltd is a professional leader 4A Duplex Globe Valve ,900LB 4A Duplex Globe Valve,Bolt Bonnet Globe Valve,6 Inch Duplex Globe Valve,\u00a0 Hand Wheel 4A Globe Valve,A890 4A Globe Valve Manufacture.<\/p>","protected":false},"featured_media":8045,"template":"","meta":[],"product_brand":[],"product_cat":[45,189],"product_tag":[2307,3451,3450,2806,1110,2805],"class_list":{"0":"post-8044","1":"product","2":"type-product","3":"status-publish","4":"has-post-thumbnail","6":"product_cat-globe-valve","7":"product_cat-stainless-steel-globe-valve","8":"product_tag-4a-duplex-globe-valve","9":"product_tag-6-inch-duplex-globe-valve","10":"product_tag-900lb-4a-duplex-globe-valve","11":"product_tag-a890-4a-globe-valve-manufacture","12":"product_tag-bolt-bonnet-globe-valve","13":"product_tag-hand-wheel-4a-globe-valve","15":"first","16":"instock","17":"shipping-taxable","18":"product-type-simple"},"_links":{"self":[{"href":"https:\/\/www.stvvalves.com\/de\/wp-json\/wp\/v2\/product\/8044","targetHints":{"allow":["GET"]}}],"collection":[{"href":"https:\/\/www.stvvalves.com\/de\/wp-json\/wp\/v2\/product"}],"about":[{"href":"https:\/\/www.stvvalves.com\/de\/wp-json\/wp\/v2\/types\/product"}],"wp:featuredmedia":[{"embeddable":true,"href":"https:\/\/www.stvvalves.com\/de\/wp-json\/wp\/v2\/media\/8045"}],"wp:attachment":[{"href":"https:\/\/www.stvvalves.com\/de\/wp-json\/wp\/v2\/media?parent=8044"}],"wp:term":[{"taxonomy":"product_brand","embeddable":true,"href":"https:\/\/www.stvvalves.com\/de\/wp-json\/wp\/v2\/product_brand?post=8044"},{"taxonomy":"product_cat","embeddable":true,"href":"https:\/\/www.stvvalves.com\/de\/wp-json\/wp\/v2\/product_cat?post=8044"},{"taxonomy":"product_tag","embeddable":true,"href":"https:\/\/www.stvvalves.com\/de\/wp-json\/wp\/v2\/product_tag?post=8044"}],"curies":[{"name":"wp","href":"https:\/\/api.w.org\/{rel}","templated":true}]}}